{"id":10,"date":"2023-04-17T15:00:18","date_gmt":"2023-04-17T15:00:18","guid":{"rendered":"https:\/\/fundacionperiodismo.org\/cambio-climatico-bolivia\/?page_id=10"},"modified":"2023-05-10T22:03:02","modified_gmt":"2023-05-10T22:03:02","slug":"herramientas","status":"publish","type":"page","link":"https:\/\/fundacionperiodismo.org\/cambio-climatico-bolivia\/herramientas\/","title":{"rendered":"Herramientas"},"content":{"rendered":"<body><p>Un verdad que incomoda, alerta de una amenaza que es real<\/p>\n<p><a href=\"https:\/\/www.documaniatv.com\/naturaleza\/al-gore-una-verdad-incomoda-video_417669111.html\">https:\/\/www.documaniatv.com\/naturaleza\/al-gore-una-verdad-incomoda-video_417669111.html<\/a><\/p>\n<p><span class=\"yt-core-attributed-string yt-core-attributed-string--white-space-pre-wrap\" role=\"text\">Documental Producido por Leonardo DiCaprio, Dirigido por Fisher Stevens, que trata de mostrar el devastador efecto del cambio clim\u00e1tico. Todos tenemos un papel que desempe\u00f1ar en el cambio clim\u00e1tico. Aqu\u00ed hay algunas maneras de aligerar su impacto.<\/span><\/p>\n<p><a href=\"https:\/\/www.youtube.com\/watch?v=IEKfr90o678\">https:\/\/www.youtube.com\/watch?v=IEKfr90o678<\/a><\/p>\n<p>El cambio clim\u00e1tico hace referencia a la variaci\u00f3n a largo plazo de las temperaturas y los patrones clim\u00e1ticos del planeta, atribuida principalmente a la actividad humana, en especial, al uso de combustibles f\u00f3siles.<\/p>\n<p><a href=\"https:\/\/www.youtube.com\/watch?v=OXmeH6s9ffI\">https:\/\/www.youtube.com\/watch?v=OXmeH6s9ffI<\/a><\/p>\n<\/body>","protected":false},"excerpt":{"rendered":"<p>Un verdad que incomoda, alerta de una amenaza que es real https:\/\/www.documaniatv.com\/naturaleza\/al-gore-una-verdad-incomoda-video_417669111.html Documental Producido por Leonardo DiCaprio, Dirigido por Fisher Stevens, que trata de mostrar el devastador efecto del cambio clim\u00e1tico. Todos tenemos un papel que desempe\u00f1ar en el cambio clim\u00e1tico. Aqu\u00ed hay algunas maneras de aligerar su impacto. https:\/\/www.youtube.com\/watch?v=IEKfr90o678 El cambio clim\u00e1tico hace referencia [&hellip;]<\/p>\n","protected":false},"author":1,"featured_media":0,"parent":0,"menu_order":0,"comment_status":"closed","ping_status":"closed","template":"","meta":{"om_disable_all_campaigns":false,"_monsterinsights_skip_tracking":false,"_monsterinsights_sitenote_active":false,"_monsterinsights_sitenote_note":"","_monsterinsights_sitenote_category":0,"_uf_show_specific_survey":0,"_uf_disable_surveys":false,"footnotes":""},"class_list":["post-10","page","type-page","status-publish","hentry"],"aioseo_notices":[],"jetpack_sharing_enabled":true,"_links":{"self":[{"href":"https:\/\/fundacionperiodismo.org\/cambio-climatico-bolivia\/wp-json\/wp\/v2\/pages\/10","targetHints":{"allow":["GET"]}}],"collection":[{"href":"https:\/\/fundacionperiodismo.org\/cambio-climatico-bolivia\/wp-json\/wp\/v2\/pages"}],"about":[{"href":"https:\/\/fundacionperiodismo.org\/cambio-climatico-bolivia\/wp-json\/wp\/v2\/types\/page"}],"author":[{"embeddable":true,"href":"https:\/\/fundacionperiodismo.org\/cambio-climatico-bolivia\/wp-json\/wp\/v2\/users\/1"}],"replies":[{"embeddable":true,"href":"https:\/\/fundacionperiodismo.org\/cambio-climatico-bolivia\/wp-json\/wp\/v2\/comments?post=10"}],"version-history":[{"count":2,"href":"https:\/\/fundacionperiodismo.org\/cambio-climatico-bolivia\/wp-json\/wp\/v2\/pages\/10\/revisions"}],"predecessor-version":[{"id":84,"href":"https:\/\/fundacionperiodismo.org\/cambio-climatico-bolivia\/wp-json\/wp\/v2\/pages\/10\/revisions\/84"}],"wp:attachment":[{"href":"https:\/\/fundacionperiodismo.org\/cambio-climatico-bolivia\/wp-json\/wp\/v2\/media?parent=10"}],"curies":[{"name":"wp","href":"https:\/\/api.w.org\/{rel}","templated":true}]}}