{"id":34,"date":"2023-04-17T19:12:22","date_gmt":"2023-04-17T19:12:22","guid":{"rendered":"https:\/\/fundacionperiodismo.org\/cambio-climatico-bolivia\/?page_id=34"},"modified":"2023-05-10T21:30:40","modified_gmt":"2023-05-10T21:30:40","slug":"capacitadores","status":"publish","type":"page","link":"https:\/\/fundacionperiodismo.org\/cambio-climatico-bolivia\/capacitadores\/","title":{"rendered":"Capacitadores"},"content":{"rendered":"<body><p><\/p>\n<h6><strong><img data-recalc-dims=\"1\" decoding=\"async\" class=\"wp-image-76 alignright\" src=\"https:\/\/i0.wp.com\/fundacionperiodismo.org\/cambio-climatico-bolivia\/wp-content\/uploads\/2023\/05\/1.jpg?resize=370%2C370&#038;ssl=1\" alt=\"\" width=\"370\" height=\"370\" loading=\"lazy\" srcset=\"https:\/\/i0.wp.com\/fundacionperiodismo.org\/cambio-climatico-bolivia\/wp-content\/uploads\/2023\/05\/1.jpg?resize=300%2C300&amp;ssl=1 300w, https:\/\/i0.wp.com\/fundacionperiodismo.org\/cambio-climatico-bolivia\/wp-content\/uploads\/2023\/05\/1.jpg?resize=1024%2C1024&amp;ssl=1 1024w, https:\/\/i0.wp.com\/fundacionperiodismo.org\/cambio-climatico-bolivia\/wp-content\/uploads\/2023\/05\/1.jpg?resize=150%2C150&amp;ssl=1 150w, https:\/\/i0.wp.com\/fundacionperiodismo.org\/cambio-climatico-bolivia\/wp-content\/uploads\/2023\/05\/1.jpg?resize=768%2C768&amp;ssl=1 768w, https:\/\/i0.wp.com\/fundacionperiodismo.org\/cambio-climatico-bolivia\/wp-content\/uploads\/2023\/05\/1.jpg?resize=696%2C696&amp;ssl=1 696w, https:\/\/i0.wp.com\/fundacionperiodismo.org\/cambio-climatico-bolivia\/wp-content\/uploads\/2023\/05\/1.jpg?resize=1068%2C1068&amp;ssl=1 1068w, https:\/\/i0.wp.com\/fundacionperiodismo.org\/cambio-climatico-bolivia\/wp-content\/uploads\/2023\/05\/1.jpg?resize=420%2C420&amp;ssl=1 420w, https:\/\/i0.wp.com\/fundacionperiodismo.org\/cambio-climatico-bolivia\/wp-content\/uploads\/2023\/05\/1.jpg?w=1080&amp;ssl=1 1080w\" sizes=\"auto, (max-width: 370px) 100vw, 370px\" \/> Capacitador<\/strong><\/h6>\n<h6><strong>Eduardo Franco<\/strong><\/h6>\n<h6>Es abogado especializado en medio ambiente y conservaci\u00f3n. Ha sido parte de distintas organizaciones ambientales y redes a nivel nacional e internacional. Su pasi\u00f3n por la naturaleza me acerc\u00f3 al periodismo, y como periodista de investigaci\u00f3n ambiental haescrito sobre bosques, cr\u00edmenes ambientales, tr\u00e1fico de vida silvestre, la explotaci\u00f3n de recursos naturales, aspectos ind\u00edgenas, adem\u00e1s de otros temas ambientales en Am\u00e9rica Latina. Mis investigaciones han sido publicadas en National Geographic, Mongabay, Mongabay Latam, O Eco, adem\u00e1s de distintos peri\u00f3dicos y revistas en Bolivia.<\/h6>\n<p>El a\u00f1o 2016 fund\u00f3 www.raibolivia.org, una plataforma de noticias sobre medio ambiente, conservaci\u00f3n y ciencia ambiental de Bolivia y Am\u00e9rica Latina. Un proyecto de la Fundaci\u00f3n Blue Foresta, una organizaci\u00f3n boliviana sin fines de lucro con la misi\u00f3n de inspirar el cuidado de la biodiversidad por medio del periodismo ambiental y la divulgaci\u00f3n cient\u00edfica.<\/p>\n<h6>Su trabajo period\u00edstico me llev\u00f3 a recorrer cinco continentes y a palpar de cerca las realidades de las comunidades y los pueblos ind\u00edgenas. Algo que lo motiv\u00f3 a crear el Fondo Socioambiental Semilla, en el a\u00f1o 2019. Este fondo apoya soluciones de las comunidades vulnerables y contribuye a fortalecer su capacidad de promover la conservaci\u00f3n de sus ecosistemas.<\/h6>\n<p>Se titul\u00f3 como abogado en la Universidad Privada de Santa Cruz de la Sierra, tiene una Maestr\u00eda en Cambio Clim\u00e1tico por la Universidad Europea del Atl\u00e1ntico, y cuenta con estudios de postgrado en Derecho Ambiental, Gesti\u00f3n y Conservaci\u00f3n de \u00c1reas Naturales, y Escritura Creativa.<\/p>\n<h6><strong><img data-recalc-dims=\"1\" decoding=\"async\" class=\"wp-image-77 alignleft\" src=\"https:\/\/i0.wp.com\/fundacionperiodismo.org\/cambio-climatico-bolivia\/wp-content\/uploads\/2023\/05\/2.jpg?resize=360%2C360&#038;ssl=1\" alt=\"\" width=\"360\" height=\"360\" loading=\"lazy\" srcset=\"https:\/\/i0.wp.com\/fundacionperiodismo.org\/cambio-climatico-bolivia\/wp-content\/uploads\/2023\/05\/2.jpg?resize=300%2C300&amp;ssl=1 300w, https:\/\/i0.wp.com\/fundacionperiodismo.org\/cambio-climatico-bolivia\/wp-content\/uploads\/2023\/05\/2.jpg?resize=1024%2C1024&amp;ssl=1 1024w, https:\/\/i0.wp.com\/fundacionperiodismo.org\/cambio-climatico-bolivia\/wp-content\/uploads\/2023\/05\/2.jpg?resize=150%2C150&amp;ssl=1 150w, https:\/\/i0.wp.com\/fundacionperiodismo.org\/cambio-climatico-bolivia\/wp-content\/uploads\/2023\/05\/2.jpg?resize=768%2C768&amp;ssl=1 768w, https:\/\/i0.wp.com\/fundacionperiodismo.org\/cambio-climatico-bolivia\/wp-content\/uploads\/2023\/05\/2.jpg?resize=696%2C696&amp;ssl=1 696w, https:\/\/i0.wp.com\/fundacionperiodismo.org\/cambio-climatico-bolivia\/wp-content\/uploads\/2023\/05\/2.jpg?resize=1068%2C1068&amp;ssl=1 1068w, https:\/\/i0.wp.com\/fundacionperiodismo.org\/cambio-climatico-bolivia\/wp-content\/uploads\/2023\/05\/2.jpg?resize=420%2C420&amp;ssl=1 420w, https:\/\/i0.wp.com\/fundacionperiodismo.org\/cambio-climatico-bolivia\/wp-content\/uploads\/2023\/05\/2.jpg?w=1080&amp;ssl=1 1080w\" sizes=\"auto, (max-width: 360px) 100vw, 360px\" \/><\/strong><\/h6>\n<h6><strong>Capacitador<\/strong><\/h6>\n<h6><strong>Je<\/strong><strong>s\u00fas Vargas<\/strong><\/h6>\n<h6>Es fact-checker y editor en Bolivia Verifica.\u00a0 Es licenciado en Comunicaci\u00f3n Social de la Universidad Cat\u00f3lica Boliviana-Tarija, con especializaciones en Periodismo para el Desarrollo Latinoamericano y Periodismo Digital en el Instituto Tecnol\u00f3gico de Monterrey (TEC) de M\u00e9xico, y de la Escuela Internacional de Alta Gesti\u00f3n (EIAG). Hizo sus pasant\u00edas en periodismo en la Red Multimedios de Monterrey, M\u00e9xico.<\/h6>\n<h6>Fue cronista, editor, jefe de informaciones y director en el peri\u00f3dico Nuevo Sur de Tarija, Bolivia. Fue jefe de Redacci\u00f3n en el Peri\u00f3dico de Tarija.<\/h6>\n<h6>Destacado por el peri\u00f3dico El Deber en el a\u00f1o 2013 entre los 17 comunicadores \u201corgullo de Bolivia\u201d. Ganador del primer lugar del premio nacional Eduardo Abaroa 2016 en periodismo cultural, con el reportaje \u201cLos restos guardados del hombre m\u00e1s primitivo de Bolivia\u201d. Recibi\u00f3 menci\u00f3n honor\u00edfica en el concurso nacional de reportajes period\u00edsticos \u201cSin Censura Previa\u201d, organizado por la Red Unitas y la Fundaci\u00f3n Para el Periodismo con el reportaje \u201cTariqu\u00eda, en nombre del desarrollo\u201d.<\/h6>\n<h6>En el 2017 fue invitado por el programa de Liderazgo de Visitantes Internacionales del Departamento de Estado de Estados Unidos, dando charlas en institutos, escuelas y universidades de ese pa\u00eds sobre periodismo y narcotr\u00e1fico en Latinoam\u00e9rica.<\/h6>\n<h6>Es docente de las materias de Periodismo en la Carrera de Comunicaci\u00f3n Social en la UCB-Tarija.<\/h6>\n<h6>Tambi\u00e9n es director de Contenidos de la revista digital Verdad con Tinta.Con la revista Verdad con Tinta, gan\u00f3 proyectos de apoyo al periodismo independiente de Google Iniciative, Connectas, el Consorcio para apoyar el Periodismo Independiente en la Regi\u00f3n (CAPIR), la Red Ambiental de Informaci\u00f3n (RAI), Mongabay Latam, Sembramedia y la Fundaci\u00f3n para el Periodismo.<\/h6>\n<p>\u00a0<\/p>\n<p><strong>Coordinaci\u00f3n general<\/strong><\/p>\n<h6><strong><img data-recalc-dims=\"1\" decoding=\"async\" class=\"wp-image-78 alignright\" src=\"https:\/\/i0.wp.com\/fundacionperiodismo.org\/cambio-climatico-bolivia\/wp-content\/uploads\/2023\/05\/3.jpg?resize=348%2C348&#038;ssl=1\" alt=\"\" width=\"348\" height=\"348\" loading=\"lazy\" srcset=\"https:\/\/i0.wp.com\/fundacionperiodismo.org\/cambio-climatico-bolivia\/wp-content\/uploads\/2023\/05\/3.jpg?resize=300%2C300&amp;ssl=1 300w, https:\/\/i0.wp.com\/fundacionperiodismo.org\/cambio-climatico-bolivia\/wp-content\/uploads\/2023\/05\/3.jpg?resize=1024%2C1024&amp;ssl=1 1024w, https:\/\/i0.wp.com\/fundacionperiodismo.org\/cambio-climatico-bolivia\/wp-content\/uploads\/2023\/05\/3.jpg?resize=150%2C150&amp;ssl=1 150w, https:\/\/i0.wp.com\/fundacionperiodismo.org\/cambio-climatico-bolivia\/wp-content\/uploads\/2023\/05\/3.jpg?resize=768%2C768&amp;ssl=1 768w, https:\/\/i0.wp.com\/fundacionperiodismo.org\/cambio-climatico-bolivia\/wp-content\/uploads\/2023\/05\/3.jpg?resize=696%2C696&amp;ssl=1 696w, https:\/\/i0.wp.com\/fundacionperiodismo.org\/cambio-climatico-bolivia\/wp-content\/uploads\/2023\/05\/3.jpg?resize=1068%2C1068&amp;ssl=1 1068w, https:\/\/i0.wp.com\/fundacionperiodismo.org\/cambio-climatico-bolivia\/wp-content\/uploads\/2023\/05\/3.jpg?resize=420%2C420&amp;ssl=1 420w, https:\/\/i0.wp.com\/fundacionperiodismo.org\/cambio-climatico-bolivia\/wp-content\/uploads\/2023\/05\/3.jpg?w=1080&amp;ssl=1 1080w\" sizes=\"auto, (max-width: 348px) 100vw, 348px\" \/><\/strong><\/h6>\n<p><strong>Tania Frank Torrez<\/strong><\/p>\n<p>Coordinadora Acad\u00e9mica de la Fundaci\u00f3n para el Periodismo<\/p>\n<p>Comunicaci\u00f3n Social, periodista, productora de noticias con 15 a\u00f1os de experiencia trabaj\u00f3 en Medios de Comunicaci\u00f3n Red PAT, Red UNO, RTP en Bolivia. Actualmente es colaboradora permanente DW.<\/p>\n<p>Tienes estudios de Diplomada en Periodismo con Enfoque de G\u00e9nero, Periodismo Pol\u00edtica , Periodismo Digital, Periodismo y Marketing, cursos de capacitaci\u00f3n en Alfabetizaci\u00f3n medi\u00e1tica.<\/p>\n<p>Es becaria del programa de capacitaci\u00f3n internacional avanzado ITP \u201cAutorregulaci\u00f3n de Medios en un Marco Democr\u00e1tico\u201d La Agencia Sueca de Cooperaci\u00f3n Internacional para el Desarrollo.<\/p>\n<p>\u00a0<\/p>\n<\/body>","protected":false},"excerpt":{"rendered":"<p>Capacitador Eduardo Franco Es abogado especializado en medio ambiente y conservaci\u00f3n. Ha sido parte de distintas organizaciones ambientales y redes a nivel nacional e internacional. Su pasi\u00f3n por la naturaleza me acerc\u00f3 al periodismo, y como periodista de investigaci\u00f3n ambiental haescrito sobre bosques, cr\u00edmenes ambientales, tr\u00e1fico de vida silvestre, la explotaci\u00f3n de recursos naturales, aspectos [&hellip;]<\/p>\n","protected":false},"author":1,"featured_media":0,"parent":0,"menu_order":0,"comment_status":"closed","ping_status":"closed","template":"","meta":{"om_disable_all_campaigns":false,"_monsterinsights_skip_tracking":false,"_monsterinsights_sitenote_active":false,"_monsterinsights_sitenote_note":"","_monsterinsights_sitenote_category":0,"_uf_show_specific_survey":0,"_uf_disable_surveys":false,"footnotes":""},"class_list":["post-34","page","type-page","status-publish","hentry"],"aioseo_notices":[],"jetpack_sharing_enabled":true,"_links":{"self":[{"href":"https:\/\/fundacionperiodismo.org\/cambio-climatico-bolivia\/wp-json\/wp\/v2\/pages\/34","targetHints":{"allow":["GET"]}}],"collection":[{"href":"https:\/\/fundacionperiodismo.org\/cambio-climatico-bolivia\/wp-json\/wp\/v2\/pages"}],"about":[{"href":"https:\/\/fundacionperiodismo.org\/cambio-climatico-bolivia\/wp-json\/wp\/v2\/types\/page"}],"author":[{"embeddable":true,"href":"https:\/\/fundacionperiodismo.org\/cambio-climatico-bolivia\/wp-json\/wp\/v2\/users\/1"}],"replies":[{"embeddable":true,"href":"https:\/\/fundacionperiodismo.org\/cambio-climatico-bolivia\/wp-json\/wp\/v2\/comments?post=34"}],"version-history":[{"count":3,"href":"https:\/\/fundacionperiodismo.org\/cambio-climatico-bolivia\/wp-json\/wp\/v2\/pages\/34\/revisions"}],"predecessor-version":[{"id":79,"href":"https:\/\/fundacionperiodismo.org\/cambio-climatico-bolivia\/wp-json\/wp\/v2\/pages\/34\/revisions\/79"}],"wp:attachment":[{"href":"https:\/\/fundacionperiodismo.org\/cambio-climatico-bolivia\/wp-json\/wp\/v2\/media?parent=34"}],"curies":[{"name":"wp","href":"https:\/\/api.w.org\/{rel}","templated":true}]}}