{"id":11291,"date":"2022-07-25T21:30:36","date_gmt":"2022-07-25T21:30:36","guid":{"rendered":"https:\/\/fundacionperiodismo.org\/derecho-informacion-comunicacion\/?page_id=11291"},"modified":"2022-07-25T21:39:40","modified_gmt":"2022-07-25T21:39:40","slug":"descripcion-del-proyecto","status":"publish","type":"page","link":"https:\/\/fundacionperiodismo.org\/derecho-informacion-comunicacion\/descripcion-del-proyecto\/","title":{"rendered":"Descripci\u00f3n del proyecto"},"content":{"rendered":"<body><p>Bolivia es el \u00fanico pa\u00eds en Sudam\u00e9rica que no tiene Ley de Acceso a la Informaci\u00f3n y es uno de los pa\u00edses de la regi\u00f3n con m\u00e1s alto \u00edndice de percepci\u00f3n de corrupci\u00f3n. Esta realidad es consecuencia de la debilidad del periodismo que no fiscaliza al Estado no s\u00f3lo porque no desea enfrentarse al gobierno, sino tambi\u00e9n porque los periodistas no tienen los conocimientos ni las herramientas para investigar. Este proyecto parte de la premisa de que para aplicar la Ley de Acceso a la Informaci\u00f3n y precautelar la libertad de expresi\u00f3n es necesario tener periodistas capacitados en t\u00e9cnicas de la investigaci\u00f3n y en derechos humanos. Es por ello que propone impulsar una campa\u00f1a de sensibilizaci\u00f3n para impulsar la formulaci\u00f3n de una Ley el Acceso a la informaci\u00f3n con periodistas, parlamentarios y sociedad civil y, paralelamente, formar periodistas especializados en investigaci\u00f3n (periodismo de datos y digital), libertad de expresi\u00f3n, equidad de g\u00e9nero y lucha contra la Pandemia del Covid 19.<\/p>\n<p>El acceso a la informaci\u00f3n puede definirse como el derecho a buscar, recibir y difundir informaci\u00f3n producida por los organismos p\u00fablicos. Es parte integrante del derecho fundamental a la libertad de expresi\u00f3n, reconocido por el art\u00edculo 19 de la <a href=\"https:\/\/www.ohchr.org\/en\/udhr\/pages\/introduction.aspx\">Declaraci\u00f3n Universal de Derechos Humanos(link is external)<\/a>\u00a0de 1948, el cual establece que el derecho fundamental a la libertad de expresi\u00f3n comprende la libertad de \u201cbuscar, recibir y difundir informaci\u00f3n e ideas a trav\u00e9s de cualquier medio de comunicaci\u00f3n e independientemente de las fronteras\u201d.<\/p>\n<p>\u00a0<\/p>\n<p>\u00a0<\/p>\n<\/body>","protected":false},"excerpt":{"rendered":"<p>Bolivia es el \u00fanico pa\u00eds en Sudam\u00e9rica que no tiene Ley de Acceso a la Informaci\u00f3n y es uno de los pa\u00edses de la regi\u00f3n con m\u00e1s alto \u00edndice de percepci\u00f3n de corrupci\u00f3n. Esta realidad es consecuencia de la debilidad del periodismo que no fiscaliza al Estado no s\u00f3lo porque no desea enfrentarse al gobierno, [&hellip;]<\/p>\n","protected":false},"author":1,"featured_media":0,"parent":0,"menu_order":0,"comment_status":"closed","ping_status":"closed","template":"","meta":{"om_disable_all_campaigns":false,"footnotes":""},"class_list":["post-11291","page","type-page","status-publish"],"yoast_head":"<!-- This site is optimized with the Yoast SEO plugin v27.3 - https:\/\/yoast.com\/product\/yoast-seo-wordpress\/ -->\n<title>Descripci\u00f3n del proyecto - Derecho a la Informaci\u00f3n y Comunicaci\u00f3n<\/title>\n<meta name=\"robots\" content=\"index, follow, max-snippet:-1, max-image-preview:large, max-video-preview:-1\" \/>\n<link rel=\"canonical\" href=\"https:\/\/fundacionperiodismo.org\/derecho-informacion-comunicacion\/descripcion-del-proyecto\/\" \/>\n<meta property=\"og:locale\" content=\"es_ES\" \/>\n<meta property=\"og:type\" content=\"article\" \/>\n<meta property=\"og:title\" content=\"Descripci\u00f3n del proyecto - Derecho a la Informaci\u00f3n y Comunicaci\u00f3n\" \/>\n<meta property=\"og:description\" content=\"Bolivia es el \u00fanico pa\u00eds en Sudam\u00e9rica que no tiene Ley de Acceso a la Informaci\u00f3n y es uno de los pa\u00edses de la regi\u00f3n con m\u00e1s alto \u00edndice de percepci\u00f3n de corrupci\u00f3n. Esta realidad es consecuencia de la debilidad del periodismo que no fiscaliza al Estado no s\u00f3lo porque no desea enfrentarse al gobierno, [&hellip;]\" \/>\n<meta property=\"og:url\" content=\"https:\/\/fundacionperiodismo.org\/derecho-informacion-comunicacion\/descripcion-del-proyecto\/\" \/>\n<meta property=\"og:site_name\" content=\"Derecho a la Informaci\u00f3n y Comunicaci\u00f3n\" \/>\n<meta property=\"article:publisher\" content=\"https:\/\/www.facebook.com\/FundacionParaelPeriodismo\/\" \/>\n<meta property=\"article:modified_time\" content=\"2022-07-25T21:39:40+00:00\" \/>\n<meta name=\"twitter:card\" content=\"summary_large_image\" \/>\n<meta name=\"twitter:site\" content=\"@Fperiodismo\" \/>\n<meta name=\"twitter:label1\" content=\"Tiempo de lectura\" \/>\n\t<meta name=\"twitter:data1\" content=\"1 minuto\" \/>\n<script type=\"application\/ld+json\" class=\"yoast-schema-graph\">{\"@context\":\"https:\\\/\\\/schema.org\",\"@graph\":[{\"@type\":\"WebPage\",\"@id\":\"https:\\\/\\\/fundacionperiodismo.org\\\/derecho-informacion-comunicacion\\\/descripcion-del-proyecto\\\/\",\"url\":\"https:\\\/\\\/fundacionperiodismo.org\\\/derecho-informacion-comunicacion\\\/descripcion-del-proyecto\\\/\",\"name\":\"Descripci\u00f3n del proyecto - Derecho a la Informaci\u00f3n y Comunicaci\u00f3n\",\"isPartOf\":{\"@id\":\"https:\\\/\\\/fundacionperiodismo.org\\\/derecho-informacion-comunicacion\\\/#website\"},\"datePublished\":\"2022-07-25T21:30:36+00:00\",\"dateModified\":\"2022-07-25T21:39:40+00:00\",\"breadcrumb\":{\"@id\":\"https:\\\/\\\/fundacionperiodismo.org\\\/derecho-informacion-comunicacion\\\/descripcion-del-proyecto\\\/#breadcrumb\"},\"inLanguage\":\"es\",\"potentialAction\":[{\"@type\":\"ReadAction\",\"target\":[\"https:\\\/\\\/fundacionperiodismo.org\\\/derecho-informacion-comunicacion\\\/descripcion-del-proyecto\\\/\"]}]},{\"@type\":\"BreadcrumbList\",\"@id\":\"https:\\\/\\\/fundacionperiodismo.org\\\/derecho-informacion-comunicacion\\\/descripcion-del-proyecto\\\/#breadcrumb\",\"itemListElement\":[{\"@type\":\"ListItem\",\"position\":1,\"name\":\"Portada\",\"item\":\"https:\\\/\\\/fundacionperiodismo.org\\\/derecho-informacion-comunicacion\\\/\"},{\"@type\":\"ListItem\",\"position\":2,\"name\":\"Descripci\u00f3n del proyecto\"}]},{\"@type\":\"WebSite\",\"@id\":\"https:\\\/\\\/fundacionperiodismo.org\\\/derecho-informacion-comunicacion\\\/#website\",\"url\":\"https:\\\/\\\/fundacionperiodismo.org\\\/derecho-informacion-comunicacion\\\/\",\"name\":\"Derecho a la Informaci\u00f3n y Comunicaci\u00f3n\",\"description\":\"Reflexionar a la opini\u00f3n p\u00fablica sobre la aprobaci\u00f3n de la Ley de Acceso a la Informaci\u00f3n\",\"publisher\":{\"@id\":\"https:\\\/\\\/fundacionperiodismo.org\\\/derecho-informacion-comunicacion\\\/#organization\"},\"potentialAction\":[{\"@type\":\"SearchAction\",\"target\":{\"@type\":\"EntryPoint\",\"urlTemplate\":\"https:\\\/\\\/fundacionperiodismo.org\\\/derecho-informacion-comunicacion\\\/?s={search_term_string}\"},\"query-input\":{\"@type\":\"PropertyValueSpecification\",\"valueRequired\":true,\"valueName\":\"search_term_string\"}}],\"inLanguage\":\"es\"},{\"@type\":\"Organization\",\"@id\":\"https:\\\/\\\/fundacionperiodismo.org\\\/derecho-informacion-comunicacion\\\/#organization\",\"name\":\"Derecho a la Informaci\u00f3n y Comunicaci\u00f3n\",\"url\":\"https:\\\/\\\/fundacionperiodismo.org\\\/derecho-informacion-comunicacion\\\/\",\"logo\":{\"@type\":\"ImageObject\",\"inLanguage\":\"es\",\"@id\":\"https:\\\/\\\/fundacionperiodismo.org\\\/derecho-informacion-comunicacion\\\/#\\\/schema\\\/logo\\\/image\\\/\",\"url\":\"https:\\\/\\\/i0.wp.com\\\/fundacionperiodismo.org\\\/derecho-informacion-comunicacion\\\/wp-content\\\/uploads\\\/2022\\\/07\\\/logo-DIC.png?fit=656%2C330&ssl=1\",\"contentUrl\":\"https:\\\/\\\/i0.wp.com\\\/fundacionperiodismo.org\\\/derecho-informacion-comunicacion\\\/wp-content\\\/uploads\\\/2022\\\/07\\\/logo-DIC.png?fit=656%2C330&ssl=1\",\"width\":656,\"height\":330,\"caption\":\"Derecho a la Informaci\u00f3n y Comunicaci\u00f3n\"},\"image\":{\"@id\":\"https:\\\/\\\/fundacionperiodismo.org\\\/derecho-informacion-comunicacion\\\/#\\\/schema\\\/logo\\\/image\\\/\"},\"sameAs\":[\"https:\\\/\\\/www.facebook.com\\\/FundacionParaelPeriodismo\\\/\",\"https:\\\/\\\/x.com\\\/Fperiodismo\"]}]}<\/script>\n<!-- \/ Yoast SEO plugin. -->","yoast_head_json":{"title":"Descripci\u00f3n del proyecto - Derecho a la Informaci\u00f3n y Comunicaci\u00f3n","robots":{"index":"index","follow":"follow","max-snippet":"max-snippet:-1","max-image-preview":"max-image-preview:large","max-video-preview":"max-video-preview:-1"},"canonical":"https:\/\/fundacionperiodismo.org\/derecho-informacion-comunicacion\/descripcion-del-proyecto\/","og_locale":"es_ES","og_type":"article","og_title":"Descripci\u00f3n del proyecto - Derecho a la Informaci\u00f3n y Comunicaci\u00f3n","og_description":"Bolivia es el \u00fanico pa\u00eds en Sudam\u00e9rica que no tiene Ley de Acceso a la Informaci\u00f3n y es uno de los pa\u00edses de la regi\u00f3n con m\u00e1s alto \u00edndice de percepci\u00f3n de corrupci\u00f3n. Esta realidad es consecuencia de la debilidad del periodismo que no fiscaliza al Estado no s\u00f3lo porque no desea enfrentarse al gobierno, [&hellip;]","og_url":"https:\/\/fundacionperiodismo.org\/derecho-informacion-comunicacion\/descripcion-del-proyecto\/","og_site_name":"Derecho a la Informaci\u00f3n y Comunicaci\u00f3n","article_publisher":"https:\/\/www.facebook.com\/FundacionParaelPeriodismo\/","article_modified_time":"2022-07-25T21:39:40+00:00","twitter_card":"summary_large_image","twitter_site":"@Fperiodismo","twitter_misc":{"Tiempo de lectura":"1 minuto"},"schema":{"@context":"https:\/\/schema.org","@graph":[{"@type":"WebPage","@id":"https:\/\/fundacionperiodismo.org\/derecho-informacion-comunicacion\/descripcion-del-proyecto\/","url":"https:\/\/fundacionperiodismo.org\/derecho-informacion-comunicacion\/descripcion-del-proyecto\/","name":"Descripci\u00f3n del proyecto - Derecho a la Informaci\u00f3n y Comunicaci\u00f3n","isPartOf":{"@id":"https:\/\/fundacionperiodismo.org\/derecho-informacion-comunicacion\/#website"},"datePublished":"2022-07-25T21:30:36+00:00","dateModified":"2022-07-25T21:39:40+00:00","breadcrumb":{"@id":"https:\/\/fundacionperiodismo.org\/derecho-informacion-comunicacion\/descripcion-del-proyecto\/#breadcrumb"},"inLanguage":"es","potentialAction":[{"@type":"ReadAction","target":["https:\/\/fundacionperiodismo.org\/derecho-informacion-comunicacion\/descripcion-del-proyecto\/"]}]},{"@type":"BreadcrumbList","@id":"https:\/\/fundacionperiodismo.org\/derecho-informacion-comunicacion\/descripcion-del-proyecto\/#breadcrumb","itemListElement":[{"@type":"ListItem","position":1,"name":"Portada","item":"https:\/\/fundacionperiodismo.org\/derecho-informacion-comunicacion\/"},{"@type":"ListItem","position":2,"name":"Descripci\u00f3n del proyecto"}]},{"@type":"WebSite","@id":"https:\/\/fundacionperiodismo.org\/derecho-informacion-comunicacion\/#website","url":"https:\/\/fundacionperiodismo.org\/derecho-informacion-comunicacion\/","name":"Derecho a la Informaci\u00f3n y Comunicaci\u00f3n","description":"Reflexionar a la opini\u00f3n p\u00fablica sobre la aprobaci\u00f3n de la Ley de Acceso a la Informaci\u00f3n","publisher":{"@id":"https:\/\/fundacionperiodismo.org\/derecho-informacion-comunicacion\/#organization"},"potentialAction":[{"@type":"SearchAction","target":{"@type":"EntryPoint","urlTemplate":"https:\/\/fundacionperiodismo.org\/derecho-informacion-comunicacion\/?s={search_term_string}"},"query-input":{"@type":"PropertyValueSpecification","valueRequired":true,"valueName":"search_term_string"}}],"inLanguage":"es"},{"@type":"Organization","@id":"https:\/\/fundacionperiodismo.org\/derecho-informacion-comunicacion\/#organization","name":"Derecho a la Informaci\u00f3n y Comunicaci\u00f3n","url":"https:\/\/fundacionperiodismo.org\/derecho-informacion-comunicacion\/","logo":{"@type":"ImageObject","inLanguage":"es","@id":"https:\/\/fundacionperiodismo.org\/derecho-informacion-comunicacion\/#\/schema\/logo\/image\/","url":"https:\/\/i0.wp.com\/fundacionperiodismo.org\/derecho-informacion-comunicacion\/wp-content\/uploads\/2022\/07\/logo-DIC.png?fit=656%2C330&ssl=1","contentUrl":"https:\/\/i0.wp.com\/fundacionperiodismo.org\/derecho-informacion-comunicacion\/wp-content\/uploads\/2022\/07\/logo-DIC.png?fit=656%2C330&ssl=1","width":656,"height":330,"caption":"Derecho a la Informaci\u00f3n y Comunicaci\u00f3n"},"image":{"@id":"https:\/\/fundacionperiodismo.org\/derecho-informacion-comunicacion\/#\/schema\/logo\/image\/"},"sameAs":["https:\/\/www.facebook.com\/FundacionParaelPeriodismo\/","https:\/\/x.com\/Fperiodismo"]}]}},"jetpack_sharing_enabled":true,"_links":{"self":[{"href":"https:\/\/fundacionperiodismo.org\/derecho-informacion-comunicacion\/wp-json\/wp\/v2\/pages\/11291","targetHints":{"allow":["GET"]}}],"collection":[{"href":"https:\/\/fundacionperiodismo.org\/derecho-informacion-comunicacion\/wp-json\/wp\/v2\/pages"}],"about":[{"href":"https:\/\/fundacionperiodismo.org\/derecho-informacion-comunicacion\/wp-json\/wp\/v2\/types\/page"}],"author":[{"embeddable":true,"href":"https:\/\/fundacionperiodismo.org\/derecho-informacion-comunicacion\/wp-json\/wp\/v2\/users\/1"}],"replies":[{"embeddable":true,"href":"https:\/\/fundacionperiodismo.org\/derecho-informacion-comunicacion\/wp-json\/wp\/v2\/comments?post=11291"}],"version-history":[{"count":0,"href":"https:\/\/fundacionperiodismo.org\/derecho-informacion-comunicacion\/wp-json\/wp\/v2\/pages\/11291\/revisions"}],"wp:attachment":[{"href":"https:\/\/fundacionperiodismo.org\/derecho-informacion-comunicacion\/wp-json\/wp\/v2\/media?parent=11291"}],"curies":[{"name":"wp","href":"https:\/\/api.w.org\/{rel}","templated":true}]}}