{"id":110,"date":"2021-10-21T00:40:43","date_gmt":"2021-10-21T00:40:43","guid":{"rendered":"https:\/\/fundacionperiodismo.org\/derechos-humano-al-agua-y-saneamiento\/?page_id=110"},"modified":"2021-10-21T00:40:43","modified_gmt":"2021-10-21T00:40:43","slug":"presentacion","status":"publish","type":"page","link":"https:\/\/fundacionperiodismo.org\/derechos-humano-al-agua-y-saneamiento\/presentacion\/","title":{"rendered":"Presentaci\u00f3n"},"content":{"rendered":"<p><strong>Introducci\u00f3n<\/strong><\/p>\n<p>El agua y el saneamiento son derechos humanos reconocidos por Naciones Unidas y para una buena parte de los habitantes del planeta son comodidades tan comunes, que ya no les damos importancia.<\/p>\n<p>El abordaje integral que plantea la perspectiva del Derecho Humano al Agua y el Derecho Humano al Saneamiento como enfoques diferenciados, implica tambi\u00e9n un tratamiento diferenciado desde c\u00f3mo se comunican las noticias sobre Agua y Saneamiento, escapando de una comunicaci\u00f3n que solo se centra en lo cuantitativo y no tiene en cuenta otros aspectos cualitativos que ayudan a entender y a comprender.<\/p>\n<p>Este espacio surge de la necesidad de reflexionar acerca del c\u00f3mo se cuentan, se visibilizan y difunden desde los diferentes medios de comunicaci\u00f3n, las noticias relativas al Agua y al Saneamiento. En ese sentido la Fundaci\u00f3n para el Periodismo (FPP) con el apoyo de la Cooperaci\u00f3n Espa\u00f1ola \u2013 AECID, el Fondo de Cooperaci\u00f3n para Agua y Saneamiento y\u00a0 la Uni\u00f3n Europea\u00a0 desarrollar\u00e1 el curso: Periodismo con perspectiva del Derecho Humano al Agua y el Saneamiento<\/p>\n<p><strong>Contexto Bolivia- Cooperaci\u00f3n Espa\u00f1ola<\/strong><\/p>\n<p>A partir de un compromiso compartido entre la\u00a0 \u2013 AECID, la Uni\u00f3n Europea, y el Banco Interamericano de Desarrollo \u2013 BID se han desarrollado en Bolivia varios programas de agua y saneamiento en zonas rurales y periurbanas que han llevado agua o saneamiento a un 5% de la poblaci\u00f3n boliviana.<\/p>\n<p>En la actualidad se est\u00e1n ejecutando dos programas en zonas periurbanas, el APAAP \u2013 Apoyo al Programa de Agua y Alcantarillado Peri urbano y el GIAAU \u2013 Gesti\u00f3n Integral del Agua en \u00c1reas Urbanas.<\/p>\n<p>Las acciones de estos programas inciden en dos componentes:<\/p>\n<p>Adaptaci\u00f3n al Cambio Clim\u00e1tico (ACC): cuyo objetivo es apoyar la inclusi\u00f3n de medidas tendiente sobre todo evidenciar los efectos\u00a0 extremos como las sequ\u00edas y las inundaciones, promoviendo pol\u00edticas de inversi\u00f3n en el sector de agua y saneamiento.<\/p>\n<p>Gesti\u00f3n Integral del Recurso H\u00eddrico (GIRH): cuyo objetivo es incidir en el desarrollo de pol\u00edticas e inversiones del sector a trav\u00e9s de la promoci\u00f3n de soluciones adaptadas a las necesidades y capacidades de las poblaciones, con una especial incidencia en el saneamiento y en la gesti\u00f3n del agua.<\/p>\n<p><strong>Objetivo general del Curso<\/strong><\/p>\n<p>Promover acciones de comunicaci\u00f3n y educaci\u00f3n con enfoque desde el Derecho Humano al Agua y Saneamiento, para generar la Cultura del Cuidado del Agua y el Saneamiento, desde el uso racional de los recursos h\u00eddricos.<\/p>\n<p><strong>Objetivos espec\u00edficos<\/strong><\/p>\n<p>&#8211; Fortalecer las acciones de comunicaci\u00f3n con un enfoque del Derecho Humano al Agua y Saneamiento y la Cultura del Cuidado del Agua y el Saneamiento.<\/p>\n<p>&#8211; Proporcionar herramientas conceptuales y pr\u00e1cticas para elaborar informes Period\u00edsticas con enfoque del Derecho Humano al Agua y Saneamiento; y para promover la Cultura del Cuidado del Agua y el Saneamiento.<\/p>\n<p><strong>Capacitadores<\/strong><\/p>\n<p><img loading=\"lazy\" decoding=\"async\" class=\"size-medium wp-image-111 alignleft\" src=\"https:\/\/fundacionperiodismo.org\/derechos-humano-al-agua-y-saneamiento\/wp-content\/uploads\/2021\/10\/izarraga-300x300.jpeg\" alt=\"\" width=\"300\" height=\"300\" srcset=\"https:\/\/fundacionperiodismo.org\/derechos-humano-al-agua-y-saneamiento\/wp-content\/uploads\/2021\/10\/izarraga.jpeg 300w, https:\/\/fundacionperiodismo.org\/derechos-humano-al-agua-y-saneamiento\/wp-content\/uploads\/2021\/10\/izarraga-150x150.jpeg 150w\" sizes=\"auto, (max-width: 300px) 100vw, 300px\" \/><\/p>\n<p><strong>Ander Izagirre,\u00a0<\/strong>es periodista y escritor del Pa\u00eds Vasco, Espa\u00f1a, especializado en cr\u00f3nicas internacionales. Ha publicado sus reportajes en diversos medios como El Pa\u00eds, CNN, Jot Down, La Repubblica, Ecos, El Diario Vasco, National Geographic, Pie Izquierdo, Alta\u00efr, Popoli\u2026<\/p>\n<p>Es autor de libros como \u00abPlomo en los bolsillos\u00bb, \u00abRegreso a Chern\u00f3bil\u00bb, \u00abLos s\u00f3tanos del mundo\u00bb o \u00abPotos\u00ed\u00bb, una cr\u00f3nica sobre las minas del Cerro Rico, traducida a cuatro idiomas, por la que recibi\u00f3 el Premio Euskadi de Literatura en 2017 y el English Pen Award en 2018. Tambi\u00e9n le concedieron el Premio Europeo de Prensa en 2015 por su reportaje \u201cAs\u00ed se fabrican guerrilleros muertos\u201d sobre cr\u00edmenes militares durante el conflicto colombiano.<\/p>\n<p><img loading=\"lazy\" decoding=\"async\" class=\"size-full wp-image-112 alignright\" src=\"https:\/\/fundacionperiodismo.org\/derechos-humano-al-agua-y-saneamiento\/wp-content\/uploads\/2021\/10\/freire.png\" alt=\"\" width=\"253\" height=\"300\" \/><\/p>\n<p><strong>Arantxa Freire<\/strong><\/p>\n<p>Cuenta con quince a\u00f1os de experiencia en cooperaci\u00f3n internacional. Ha vivido en Am\u00e9rica Latina y en Espa\u00f1a y ha trabajado e diversas ONG o agencias como Unicef, Watu, Ayuda en Acci\u00f3n, Intervida o la Agencia Espa\u00f1ola para la Cooperaci\u00f3n Internacional.<\/p>\n<p>Cree en las posibilidades de la comunicaci\u00f3n para el cambio social.<\/p>\n<p>&#8211; Experta en comunicaci\u00f3n estrat\u00e9gica para el cambio social<\/p>\n<p>&#8211; Es comunicadora en un programa de la Uni\u00f3n Europea con Am\u00e9rica Latina<\/p>\n<p>&#8211; Licenciada en Ciencias de la Informaci\u00f3n<\/p>\n<p>&#8211; Ha impartido clases en el curso de Comunicaci\u00f3n para Otro Mundo Posible<\/p>\n<p><img loading=\"lazy\" decoding=\"async\" class=\"size-full wp-image-113 alignleft\" src=\"https:\/\/fundacionperiodismo.org\/derechos-humano-al-agua-y-saneamiento\/wp-content\/uploads\/2021\/10\/paola_cortes.jpg\" alt=\"\" width=\"294\" height=\"300\" \/><\/p>\n<p><strong>Paola Doris Corte\u0301s Martinez<\/strong><\/p>\n<p>Abogada titulada en la Universidad Cato\u0301lica Boliviana \u00abSan Pablo\u00bb (UCB), Ma\u0301ster en Derecho Ambiental y Recursos Naturales de la Universidad de Castilla La Mancha-Espan\u0303a (UCLM) y la Universidad Mayor de San Andre\u0301s (UMSA). Ma\u0301ster en Derecho Administrativo de la Universidad Simo\u0301n Boli\u0301var. Taller posgradual sobre Litigacio\u0301n Estrate\u0301gica en Cambio Clima\u0301tico de la Escuela de Leyes (Law School) de la Universidad de Columbia \u2013 Columbia University. Diplomatura en Litigio estrate\u0301gico para la defensa y proteccio\u0301n del derecho a un medio ambiente sano del Instituto Interamericano de Derecho Humanos (IIDH). Diplomatura con grado de excelencia en Educacio\u0301n Superior de la Universidad Pinar del Ri\u0301o-Cuba, Diplomatura en Derecho Administrativo de la Universidad Mayor de San Andre\u0301s (UMSA), Diplomatura en Administracio\u0301n y Gestio\u0301n Pu\u0301blica de la Universidad Privada del Valle. Abogada especialista en diferentes instituciones estatales en el a\u0301rea de Derecho Ambiental y Recursos Naturales (Superintendencia de Recursos Naturales, el Ministerio de Medio Ambiente y Agua, Entidad Ejecutora de proyectos de Medio Ambiente y Agua). Asesora de Presidencia de la Asamblea Legislativa Plurinacional. Ex Directora del Ilustre Colegio de Abogados de La Paz-Bolivia. Consultora en Legislacio\u0301n Ambiental y Asesora juri\u0301dica en Derecho Ambiental, Derechos Humanos y Cambio Clima\u0301tico. Actual Directora Ejecutiva del Centro Boliviano de Derecho Ambiental y Cambio Clima\u0301tico, Fundadora y actual Presidenta del Directorio de la Asociacio\u0301n Boliviana de Abogados Ambientalistas. Autora de varios arti\u0301culos de opinio\u0301n y acade\u0301micos en las a\u0301reas de su especialidad. Par acade\u0301mico de la Law Review de la Universidad Cato\u0301lica Boliviana \u2013 UCB, Columnista. Docente, Investigadora y Conferencista en Derecho Ambiental, Cambio Clima\u0301tico, Derechos Humanos, Derechos de la Madre Tierra y Litigio Estrate\u0301gico. Miembro-Representante en Bolivia de LACLIMA LAWYERS \u2013 Latin American Climate Lawyers. Miembro-Representante de la LIMAA- Liga<\/p>\n<p><img loading=\"lazy\" decoding=\"async\" class=\"size-medium wp-image-114 alignright\" src=\"https:\/\/fundacionperiodismo.org\/derechos-humano-al-agua-y-saneamiento\/wp-content\/uploads\/2021\/10\/rafael-300x300.jpg\" alt=\"\" width=\"300\" height=\"300\" srcset=\"https:\/\/fundacionperiodismo.org\/derechos-humano-al-agua-y-saneamiento\/wp-content\/uploads\/2021\/10\/rafael.jpg 300w, https:\/\/fundacionperiodismo.org\/derechos-humano-al-agua-y-saneamiento\/wp-content\/uploads\/2021\/10\/rafael-150x150.jpg 150w\" sizes=\"auto, (max-width: 300px) 100vw, 300px\" \/><\/p>\n<p><strong>Rafael Alberto Sag\u00e1rnaga L\u00f3pez<\/strong><\/p>\n<p>Es periodista con estudios realizados en las universidades Mayor de San Andr\u00e9s, San Sim\u00f3n y Andina. Ha sido periodista y editor de los diarios La Raz\u00f3n, La Prensa,\u00a0 Los Tiempos y El Nacional. Se ha dedicado especialmente a realizar cr\u00f3nicas y reportajes en las revistas dominicales y las secciones de investigaci\u00f3n de los diarios mencionados. Tambi\u00e9n fue Director Ejecutivo del Diario El Nacional y la revista D\u00eda D, ha trabajado para los semanarios Pulso, El Semanario y el mensuario Pie Izquierdo, as\u00ed como para la red televisiva ATB y la red radial Erbol. Ha realizado coberturas especiales en todos los departamentos de Bolivia as\u00ed como en Chile, Per\u00fa, Paraguay, Brasil, Cuba y Espa\u00f1a. Sus trabajos han sido reproducidos por diversos medios impresos y cibern\u00e9ticos tanto a nivel nacional como internacional. Actualmente trabaja en\u00a0 la revista OH! del diario Los Tiempos. Tambi\u00e9n ejerce la funci\u00f3n de editor adjunto de la revista Pie Izquierdo y escribe para la publicaci\u00f3n suiza Un Seul Monde. Ha obtenido reconocimientos y distinciones por parte de Conservaci\u00f3n Internacional (CI), la Fundaci\u00f3n Unir, la Alcald\u00eda Municipal de La Paz y la Comisi\u00f3n de Medio Ambiente de la C\u00e1mara de Diputados. Destacan especialmente entre \u00e9stos los premios nacional y latinoamericano sobre Biodiversidad, organizados por CI, que gan\u00f3 el a\u00f1o 2007.<\/p>\n<p><img loading=\"lazy\" decoding=\"async\" class=\"size-full wp-image-115 alignleft\" src=\"https:\/\/fundacionperiodismo.org\/derechos-humano-al-agua-y-saneamiento\/wp-content\/uploads\/2021\/10\/luis.png\" alt=\"\" width=\"227\" height=\"235\" \/><\/p>\n<p><strong>Luis Sivila<\/strong><\/p>\n<p>Es Ingeniero Civil, especialista con m\u00e1s de 25 a\u00f1os de experiencia en agua y saneamiento con postgrados en Proyectos para el Desarrollo, Medio Ambiente y Educaci\u00f3n Superior. Desarroll\u00f3 actividades de Asesor T\u00e9cnico en diferentes programas de la cooperaci\u00f3n internacional como el PROSABAR, proyecto del Banco Mundial, Agua Para Peque\u00f1as Comunidades APPC, del BID y KfW, Programas Sectoriales de agua y saneamiento de la Cooperaci\u00f3n Danesa al Desarrollo. Desde los programas de la Cooperaci\u00f3n T\u00e9cnica Alemana GIZ, brind\u00f3 asesoramiento t\u00e9cnico al Viceministerio de Agua Potable y Saneamiento B\u00e1sico VAPSB en temas relacionados con el mejoramiento de la calidad de proyectos, generaci\u00f3n de pol\u00edticas p\u00fablicas, implementaci\u00f3n de procesos de planificaci\u00f3n mediante estrategias de saneamiento inclusivo para todos, propuestas de descentralizaci\u00f3n de procesos cr\u00edticos en el ciclo de proyectos.<\/p>\n<p>Asisti\u00f3 t\u00e9cnicamente al Gobierno Departamental de Santa Cruz y los municipios del \u00e1rea metropolitana en temas de Saneamiento y un an\u00e1lisis sectorial en el \u00e1rea metropolitana; elaborando una agenda de futuros pasos a seguir para alcanzar los indicadores ODS.<\/p>\n<p>Sus conocimientos sobre aspectos competenciales del Sector Agua y Saneamiento le ayudaron a trabajar con el Banco Mundial en procesos de an\u00e1lisis y propuestas de pol\u00edticas p\u00fablicas con gobiernos municipales.<\/p>\n<p>Investigador sobre los avances de los ODS6 en am\u00e9rica latina a trav\u00e9s del Observatorio para Am\u00e9rica Latina y El Caribe de Agua y Saneamiento (OLAS).<\/p>\n<p>Fue director ejecutivo de la Autoridad de Fiscalizaci\u00f3n y Control Social de Agua Potable y Saneamiento B\u00e1sico AAPS, entidad reguladora de las Entidades Prestadoras de Servicios de Agua y Saneamiento EPSAs.<\/p>\n<p>Sus capacidades en procesos de capacitaci\u00f3n sobre aspectos de fortalecimiento institucional, en proyectos de desarrollo, han sido complementados con la formaci\u00f3n en especialidades de Medio Ambiente, Competencias para el Asesoramiento (COMPAS), facilitaci\u00f3n de talleres. Su rol de Asesor Sist\u00e9mico le ha permitido conocer con solvencia a las Instituciones de diferentes sectores y apoyar en el cumplimiento de sus roles descritos en la legislaci\u00f3n boliviana.<\/p>\n","protected":false},"excerpt":{"rendered":"<p>Introducci\u00f3n El agua y el saneamiento son derechos humanos reconocidos por Naciones Unidas y para una buena parte de los habitantes del planeta son comodidades &hellip;<\/p>\n","protected":false},"author":2,"featured_media":0,"parent":0,"menu_order":0,"comment_status":"closed","ping_status":"closed","template":"","meta":{"footnotes":""},"class_list":["post-110","page","type-page","status-publish","hentry"],"_links":{"self":[{"href":"https:\/\/fundacionperiodismo.org\/derechos-humano-al-agua-y-saneamiento\/wp-json\/wp\/v2\/pages\/110","targetHints":{"allow":["GET"]}}],"collection":[{"href":"https:\/\/fundacionperiodismo.org\/derechos-humano-al-agua-y-saneamiento\/wp-json\/wp\/v2\/pages"}],"about":[{"href":"https:\/\/fundacionperiodismo.org\/derechos-humano-al-agua-y-saneamiento\/wp-json\/wp\/v2\/types\/page"}],"author":[{"embeddable":true,"href":"https:\/\/fundacionperiodismo.org\/derechos-humano-al-agua-y-saneamiento\/wp-json\/wp\/v2\/users\/2"}],"replies":[{"embeddable":true,"href":"https:\/\/fundacionperiodismo.org\/derechos-humano-al-agua-y-saneamiento\/wp-json\/wp\/v2\/comments?post=110"}],"version-history":[{"count":1,"href":"https:\/\/fundacionperiodismo.org\/derechos-humano-al-agua-y-saneamiento\/wp-json\/wp\/v2\/pages\/110\/revisions"}],"predecessor-version":[{"id":116,"href":"https:\/\/fundacionperiodismo.org\/derechos-humano-al-agua-y-saneamiento\/wp-json\/wp\/v2\/pages\/110\/revisions\/116"}],"wp:attachment":[{"href":"https:\/\/fundacionperiodismo.org\/derechos-humano-al-agua-y-saneamiento\/wp-json\/wp\/v2\/media?parent=110"}],"curies":[{"name":"wp","href":"https:\/\/api.w.org\/{rel}","templated":true}]}}