{"id":2163,"date":"2023-11-11T17:12:00","date_gmt":"2023-11-11T17:12:00","guid":{"rendered":"https:\/\/fundacionperiodismo.org\/diplomado-digital-2021\/?page_id=2163"},"modified":"2024-11-11T17:13:25","modified_gmt":"2024-11-11T17:13:25","slug":"nha-cai-w88-ct","status":"publish","type":"page","link":"https:\/\/fundacionperiodismo.org\/diplomado-digital-2021\/nha-cai-w88-ct\/","title":{"rendered":"Nh\u00e0 c\u00e1i W88 CT"},"content":{"rendered":"\n<p>Nh\u00e0 c\u00e1i W88 l\u00e0 m\u1ed9t trong nh\u1eefng nh\u00e0 c\u00e1i h\u00e0ng \u0111\u1ea7u t\u1ea1i Vi\u1ec7t Nam, cung c\u1ea5p \u0111a d\u1ea1ng c\u00e1c d\u1ecbch v\u1ee5 c\u00e1 c\u01b0\u1ee3c v\u00e0 tr\u00f2 ch\u01a1i tr\u1ef1c tuy\u1ebfn. V\u1edbi nhi\u1ec1u n\u0103m ho\u1ea1t \u0111\u1ed9ng trong l\u0129nh v\u1ef1c n\u00e0y, W88 \u0111\u00e3 x\u00e2y d\u1ef1ng \u0111\u01b0\u1ee3c uy t\u00edn v\u1eefng ch\u1eafc v\u00e0 thu h\u00fat m\u1ed9t l\u01b0\u1ee3ng l\u1edbn ng\u01b0\u1eddi ch\u01a1i. Ch\u00fang ta s\u1ebd c\u00f9ng kh\u00e1m ph\u00e1 s\u00e2u h\u01a1n v\u1ec1 nh\u00e0 c\u00e1i <em><strong><a href=\"https:\/\/w88ct.com\/\">W88ct<\/a><\/strong><\/em> qua b\u00e0i vi\u1ebft d\u01b0\u1edbi \u0111\u00e2y.<\/p>\n\n\n\n<p class=\"has-text-align-center\"><img data-recalc-dims=\"1\" decoding=\"async\" src=\"https:\/\/i0.wp.com\/w88ct.com\/wp-content\/uploads\/2024\/10\/logo-iwin.webp?w=640&#038;ssl=1\"><br>\u0110\u1ecdc th\u00eam &#8211; <em><strong><a href=\"https:\/\/w88ct.com\/\">nh\u00e0 c\u00e1i W88<\/a><\/strong><\/em><\/p>\n\n\n\n<h2 class=\"wp-block-heading\">T\u1ed5ng quan v\u1ec1 nh\u00e0 c\u00e1i W88<\/h2>\n\n\n\n<figure class=\"wp-block-image\"><img data-recalc-dims=\"1\" decoding=\"async\" src=\"https:\/\/i0.wp.com\/planshopify.com\/vi\/images\/1711556108_1.png?w=640&#038;ssl=1\" alt=\"Nh\u00e0 c\u00e1i W88\"\/><\/figure>\n\n\n\n<p>Nh\u00e0 c\u00e1i W88 kh\u00f4ng ch\u1ec9 n\u1ed5i ti\u1ebfng v\u1edbi c\u00e1c d\u1ecbch v\u1ee5 c\u00e1 c\u01b0\u1ee3c th\u1ec3 thao m\u00e0 c\u00f2n cung c\u1ea5p nhi\u1ec1u lo\u1ea1i h\u00ecnh gi\u1ea3i tr\u00ed kh\u00e1c nhau, t\u1eeb casino tr\u1ef1c tuy\u1ebfn \u0111\u1ebfn x\u1ed5 s\u1ed1. S\u1ef1 \u0111a d\u1ea1ng n\u00e0y kh\u00f4ng ch\u1ec9 \u0111\u00e1p \u1ee9ng nhu c\u1ea7u c\u1ee7a ng\u01b0\u1eddi ch\u01a1i m\u00e0 c\u00f2n t\u1ea1o ra m\u1ed9t m\u00f4i tr\u01b0\u1eddng gi\u1ea3i tr\u00ed phong ph\u00fa.<\/p>\n\n\n\n<h3 class=\"wp-block-heading\">L\u1ecbch s\u1eed h\u00ecnh th\u00e0nh v\u00e0 ph\u00e1t tri\u1ec3n<\/h3>\n\n\n\n<p>Nh\u00e0 c\u00e1i W88 \u0111\u01b0\u1ee3c th\u00e0nh l\u1eadp v\u00e0o cu\u1ed1i nh\u1eefng n\u0103m 2000 v\u00e0 nhanh ch\u00f3ng ph\u00e1t tri\u1ec3n th\u00e0nh m\u1ed9t trong nh\u1eefng nh\u00e0 c\u00e1i h\u00e0ng \u0111\u1ea7u t\u1ea1i ch\u00e2u \u00c1.<\/p>\n\n\n\n<p>W88 kh\u00f4ng ng\u1eebng m\u1edf r\u1ed9ng th\u1ecb tr\u01b0\u1eddng v\u00e0 c\u1ea3i thi\u1ec7n d\u1ecbch v\u1ee5 \u0111\u1ec3 \u0111\u00e1p \u1ee9ng nhu c\u1ea7u ng\u00e0y c\u00e0ng cao c\u1ee7a ng\u01b0\u1eddi ch\u01a1i. H\u1ecd li\u00ean t\u1ee5c c\u1eadp nh\u1eadt c\u00f4ng ngh\u1ec7 m\u1edbi v\u00e0 ph\u00e2n t\u00edch th\u1ecb tr\u01b0\u1eddng \u0111\u1ec3 duy tr\u00ec v\u1ecb th\u1ebf c\u1ea1nh tranh.<\/p>\n\n\n\n<p>V\u1edbi m\u1ee5c ti\u00eau mang l\u1ea1i tr\u1ea3i nghi\u1ec7m t\u1ed1t nh\u1ea5t cho ng\u01b0\u1eddi d\u00f9ng, W88 c\u0169ng \u0111\u00e3 thi\u1ebft l\u1eadp nhi\u1ec1u h\u1ee3p t\u00e1c v\u1edbi c\u00e1c \u0111\u1ed1i t\u00e1c uy t\u00edn. \u0110i\u1ec1u n\u00e0y kh\u00f4ng ch\u1ec9 gi\u00fap h\u1ecd n\u00e2ng cao ch\u1ea5t l\u01b0\u1ee3ng d\u1ecbch v\u1ee5 m\u00e0 c\u00f2n c\u1ee7ng c\u1ed1 ni\u1ec1m tin t\u1eeb kh\u00e1ch h\u00e0ng.<\/p>\n\n\n\n<h3 class=\"wp-block-heading\">C\u00e1c s\u1ea3n ph\u1ea9m c\u00e1 c\u01b0\u1ee3c n\u1ed5i b\u1eadt<\/h3>\n\n\n\n<p>W88 cung c\u1ea5p r\u1ea5t nhi\u1ec1u s\u1ea3n ph\u1ea9m c\u00e1 c\u01b0\u1ee3c h\u1ea5p d\u1eabn, bao g\u1ed3m:<\/p>\n\n\n\n<ul class=\"wp-block-list\">\n<li>C\u00e1 c\u01b0\u1ee3c th\u1ec3 thao<\/li>\n\n\n\n<li>Casino tr\u1ef1c tuy\u1ebfn<\/li>\n\n\n\n<li>Tr\u00f2 ch\u01a1i slot<\/li>\n\n\n\n<li>X\u1ed5 s\u1ed1<\/li>\n<\/ul>\n\n\n\n<p>M\u1ed7i s\u1ea3n ph\u1ea9m \u0111\u1ec1u c\u00f3 nh\u1eefng \u0111\u1eb7c \u0111i\u1ec3m ri\u00eang nh\u01b0ng \u0111\u1ec1u h\u01b0\u1edbng t\u1edbi vi\u1ec7c mang l\u1ea1i tr\u1ea3i nghi\u1ec7m t\u1ed1t nh\u1ea5t cho ng\u01b0\u1eddi ch\u01a1i.<\/p>\n\n\n\n<p>C\u00e1 c\u01b0\u1ee3c th\u1ec3 thao l\u00e0 m\u1ed9t trong nh\u1eefng l\u0129nh v\u1ef1c m\u1ea1nh nh\u1ea5t c\u1ee7a W88. T\u1ea1i \u0111\u00e2y, ng\u01b0\u1eddi ch\u01a1i c\u00f3 th\u1ec3 \u0111\u1eb7t c\u01b0\u1ee3c v\u00e0o h\u00e0ng tr\u0103m s\u1ef1 ki\u1ec7n th\u1ec3 thao kh\u00e1c nhau, t\u1eeb b\u00f3ng \u0111\u00e1, b\u00f3ng r\u1ed5 \u0111\u1ebfn c\u1ea3 c\u00e1c m\u00f4n th\u1ec3 thao \u00edt ph\u1ed5 bi\u1ebfn h\u01a1n.<\/p>\n\n\n\n<p>Casino tr\u1ef1c tuy\u1ebfn c\u1ee7a W88 c\u0169ng r\u1ea5t \u0111\u00e1ng ch\u00fa \u00fd v\u1edbi nhi\u1ec1u tr\u00f2 ch\u01a1i n\u1ed5i ti\u1ebfng nh\u01b0 baccarat, blackjack, v\u00e0 roulette. Nh\u1eefng tr\u00f2 ch\u01a1i n\u00e0y \u0111\u01b0\u1ee3c t\u1ed5 ch\u1ee9c v\u1edbi \u0111\u1ed9 b\u1ea3o m\u1eadt cao v\u00e0 ph\u01b0\u01a1ng th\u1ee9c ch\u01a1i hi\u1ec7n \u0111\u1ea1i, h\u1ee9a h\u1eb9n mang l\u1ea1i c\u1ea3m gi\u00e1c nh\u01b0 \u0111ang \u1edf m\u1ed9t s\u00f2ng b\u00e0i th\u1ef1c th\u1ee5.<\/p>\n\n\n\n<h2 class=\"wp-block-heading\">Nh\u1eefng \u01b0u \u0111i\u1ec3m v\u01b0\u1ee3t tr\u1ed9i c\u1ee7a nh\u00e0 c\u00e1i W88<\/h2>\n\n\n\n<figure class=\"wp-block-image\"><img data-recalc-dims=\"1\" decoding=\"async\" src=\"https:\/\/i0.wp.com\/cokreation.winterthur.ch\/rails\/active_storage\/representations\/redirect\/eyJfcmFpbHMiOnsibWVzc2FnZSI6IkJBaHBBaVViIiwiZXhwIjpudWxsLCJwdXIiOiJibG9iX2lkIn19--bfcbe8ce07a31407ce2b2404d39147aa78439c5a\/eyJfcmFpbHMiOnsibWVzc2FnZSI6IkJBaDdCem9MWm05eWJXRjBTU0lJY0c1bkJqb0dSVlE2RTNKbGMybDZaVjkwYjE5bWFXeHNXd2RwQWhnQ2FRS0FBZz09IiwiZXhwIjpudWxsLCJwdXIiOiJ2YXJpYXRpb24ifX0%3D--b19e50913b220aea89aee202ad35f05ffb2b28b8\/84%20.png?w=640&#038;ssl=1\" alt=\"Nh\u00e0 c\u00e1i W88\"\/><\/figure>\n\n\n\n<p>Khi nh\u1eafc \u0111\u1ebfn nh\u00e0 c\u00e1i W88, kh\u00f4ng th\u1ec3 kh\u00f4ng n\u00f3i \u0111\u1ebfn nh\u1eefng \u01b0u \u0111i\u1ec3m n\u1ed5i b\u1eadt khi\u1ebfn cho n\u00f3 tr\u1edf th\u00e0nh l\u1ef1a ch\u1ecdn h\u00e0ng \u0111\u1ea7u c\u1ee7a nhi\u1ec1u ng\u01b0\u1eddi ch\u01a1i.<\/p>\n\n\n\n<h3 class=\"wp-block-heading\">Giao di\u1ec7n th\u00e2n thi\u1ec7n v\u00e0 d\u1ec5 s\u1eed d\u1ee5ng<\/h3>\n\n\n\n<p>Giao di\u1ec7n c\u1ee7a W88 \u0111\u01b0\u1ee3c thi\u1ebft k\u1ebf r\u1ea5t chuy\u00ean nghi\u1ec7p v\u00e0 d\u1ec5 s\u1eed d\u1ee5ng. Ng\u01b0\u1eddi ch\u01a1i m\u1edbi c\u00f3 th\u1ec3 d\u1ec5 d\u00e0ng l\u00e0m quen v\u1edbi c\u00e1ch th\u1ee9c ho\u1ea1t \u0111\u1ed9ng c\u1ee7a nh\u00e0 c\u00e1i m\u00e0 kh\u00f4ng g\u1eb7p nhi\u1ec1u kh\u00f3 kh\u0103n.<\/p>\n\n\n\n<p>Thi\u1ebft k\u1ebf giao di\u1ec7n kh\u00f4ng ch\u1ec9 th\u00e2n thi\u1ec7n m\u00e0 c\u00f2n t\u1ed1i \u01b0u h\u00f3a cho c\u1ea3 m\u00e1y t\u00ednh v\u00e0 thi\u1ebft b\u1ecb di \u0111\u1ed9ng. \u0110i\u1ec1u n\u00e0y gi\u00fap ng\u01b0\u1eddi ch\u01a1i c\u00f3 th\u1ec3 truy c\u1eadp b\u1ea5t k\u1ef3 l\u00fac n\u00e0o v\u00e0 \u1edf \u0111\u00e2u m\u00e0 kh\u00f4ng c\u1ea7n ph\u1ea3i lo l\u1eafng v\u1ec1 v\u1ea5n \u0111\u1ec1 k\u1ef9 thu\u1eadt.<\/p>\n\n\n\n<p>B\u00ean c\u1ea1nh \u0111\u00f3, t\u1ed1c \u0111\u1ed9 t\u1ea3i trang nhanh c\u0169ng l\u00e0 m\u1ed9t trong nh\u1eefng \u0111i\u1ec3m c\u1ed9ng l\u1edbn, gi\u00fap ng\u01b0\u1eddi ch\u01a1i tr\u1ea3i nghi\u1ec7m m\u01b0\u1ee3t m\u00e0 h\u01a1n.<\/p>\n\n\n\n<h3 class=\"wp-block-heading\">Ch\u01b0\u01a1ng tr\u00ecnh khuy\u1ebfn m\u00e3i h\u1ea5p d\u1eabn<\/h3>\n\n\n\n<p>Nh\u00e0 c\u00e1i W88 th\u01b0\u1eddng xuy\u00ean tung ra nhi\u1ec1u ch\u01b0\u01a1ng tr\u00ecnh khuy\u1ebfn m\u00e3i h\u1ea5p d\u1eabn d\u00e0nh cho c\u1ea3 ng\u01b0\u1eddi ch\u01a1i m\u1edbi v\u00e0 ng\u01b0\u1eddi ch\u01a1i c\u0169.<\/p>\n\n\n\n<p>Ng\u01b0\u1eddi ch\u01a1i m\u1edbi c\u00f3 th\u1ec3 nh\u1eadn \u0111\u01b0\u1ee3c kho\u1ea3n th\u01b0\u1edfng ch\u00e0o m\u1eebng ngay khi \u0111\u0103ng k\u00fd t\u00e0i kho\u1ea3n v\u00e0 n\u1ea1p ti\u1ec1n l\u1ea7n \u0111\u1ea7u. Trong khi \u0111\u00f3, nh\u1eefng ng\u01b0\u1eddi ch\u01a1i l\u00e2u n\u0103m c\u0169ng kh\u00f4ng b\u1ecb b\u1ecf qu\u00ean v\u1edbi c\u00e1c ch\u01b0\u01a1ng tr\u00ecnh ho\u00e0n ti\u1ec1n, t\u0103ng t\u1ef7 l\u1ec7 c\u01b0\u1ee3c ho\u1eb7c c\u00e1c gi\u1ea3i \u0111\u1ea5u h\u1ea5p d\u1eabn.<\/p>\n\n\n\n<p>\u0110i\u1ec1u n\u00e0y t\u1ea1o ra \u0111\u1ed9ng l\u1ef1c l\u1edbn \u0111\u1ec3 ng\u01b0\u1eddi ch\u01a1i quay l\u1ea1i v\u00e0 th\u1eed v\u1eadn may c\u1ee7a m\u00ecnh.<\/p>\n\n\n\n<h3 class=\"wp-block-heading\">\u0110\u1ed9 an to\u00e0n v\u00e0 b\u1ea3o m\u1eadt cao<\/h3>\n\n\n\n<p>M\u1ed9t trong nh\u1eefng y\u1ebfu t\u1ed1 m\u00e0 ng\u01b0\u1eddi ch\u01a1i lu\u00f4n quan t\u00e2m l\u00e0 \u0111\u1ed9 an to\u00e0n v\u00e0 b\u1ea3o m\u1eadt khi tham gia c\u00e1 c\u01b0\u1ee3c tr\u1ef1c tuy\u1ebfn. W88 hi\u1ec3u r\u00f5 \u0111i\u1ec1u n\u00e0y v\u00e0 \u0111\u00e3 \u0111\u1ea7u t\u01b0 r\u1ea5t nhi\u1ec1u v\u00e0o h\u1ec7 th\u1ed1ng b\u1ea3o m\u1eadt.<\/p>\n\n\n\n<p>H\u1ec7 th\u1ed1ng b\u1ea3o m\u1eadt c\u1ee7a W88 s\u1eed d\u1ee5ng c\u00f4ng ngh\u1ec7 m\u00e3 h\u00f3a hi\u1ec7n \u0111\u1ea1i, \u0111\u1ea3m b\u1ea3o r\u1eb1ng th\u00f4ng tin c\u00e1 nh\u00e2n v\u00e0 t\u00e0i ch\u00ednh c\u1ee7a ng\u01b0\u1eddi ch\u01a1i \u0111\u01b0\u1ee3c b\u1ea3o v\u1ec7 an to\u00e0n nh\u1ea5t.<\/p>\n\n\n\n<p>B\u00ean c\u1ea1nh \u0111\u00f3, W88 c\u0169ng c\u00f3 gi\u1ea5y ph\u00e9p ho\u1ea1t \u0111\u1ed9ng t\u1eeb c\u00e1c c\u01a1 quan qu\u1ea3n l\u00fd uy t\u00edn, minh ch\u1ee9ng cho t\u00ednh h\u1ee3p ph\u00e1p v\u00e0 \u0111\u1ed9 tin c\u1eady c\u1ee7a nh\u00e0 c\u00e1i.<\/p>\n\n\n\n<h2 class=\"wp-block-heading\">Kinh nghi\u1ec7m ch\u01a1i t\u1ea1i nh\u00e0 c\u00e1i W88<\/h2>\n\n\n\n<figure class=\"wp-block-image\"><img data-recalc-dims=\"1\" decoding=\"async\" src=\"https:\/\/i0.wp.com\/gvntheglobalschool.com\/en777-19.png?w=640&#038;ssl=1\" alt=\"Nh\u00e0 c\u00e1i W88\"\/><\/figure>\n\n\n\n<p>\u0110\u1ec3 c\u00f3 th\u1ec3 t\u1eadn h\u01b0\u1edfng tr\u1ecdn v\u1eb9n nh\u1eefng tr\u1ea3i nghi\u1ec7m t\u1ea1i nh\u00e0 c\u00e1i W88, ng\u01b0\u1eddi ch\u01a1i c\u1ea7n c\u00f3 m\u1ed9t s\u1ed1 kinh nghi\u1ec7m nh\u1ea5t \u0111\u1ecbnh.<\/p>\n\n\n\n<h3 class=\"wp-block-heading\">Ch\u1ecdn tr\u00f2 ch\u01a1i ph\u00f9 h\u1ee3p<\/h3>\n\n\n\n<p>Vi\u1ec7c ch\u1ecdn tr\u00f2 ch\u01a1i ph\u00f9 h\u1ee3p v\u1edbi b\u1ea3n th\u00e2n l\u00e0 r\u1ea5t quan tr\u1ecdng. N\u1ebfu b\u1ea1n l\u00e0 ng\u01b0\u1eddi y\u00eau th\u00edch s\u1ef1 h\u1ed3i h\u1ed9p v\u00e0 mu\u1ed1n th\u1eed s\u1ee9c m\u00ecnh v\u1edbi kh\u1ea3 n\u0103ng \u0111o\u00e1n k\u1ebft qu\u1ea3, c\u00e1 c\u01b0\u1ee3c th\u1ec3 thao s\u1ebd l\u00e0 l\u1ef1a ch\u1ecdn h\u1ee3p l\u00fd.<\/p>\n\n\n\n<p>Tuy nhi\u00ean, n\u1ebfu b\u1ea1n th\u00edch s\u1ef1 nh\u1eb9 nh\u00e0ng v\u00e0 th\u01b0 gi\u00e3n h\u01a1n, c\u00e1c tr\u00f2 ch\u01a1i casino nh\u01b0 baccarat hay slot c\u00f3 th\u1ec3 l\u00e0 l\u1ef1a ch\u1ecdn tuy\u1ec7t v\u1eddi.<\/p>\n\n\n\n<p>Tr\u01b0\u1edbc khi b\u1eaft \u0111\u1ea7u ch\u01a1i, h\u00e3y nghi\u00ean c\u1ee9u k\u1ef9 v\u1ec1 lu\u1eadt ch\u01a1i v\u00e0 c\u00e1ch t\u00ednh \u0111i\u1ec3m \u0111\u1ec3 tr\u00e1nh nh\u1eefng sai s\u00f3t kh\u00f4ng \u0111\u00e1ng c\u00f3.<\/p>\n\n\n\n<h3 class=\"wp-block-heading\">Qu\u1ea3n l\u00fd ng\u00e2n s\u00e1ch hi\u1ec7u qu\u1ea3<\/h3>\n\n\n\n<p>Qu\u1ea3n l\u00fd ng\u00e2n s\u00e1ch l\u00e0 m\u1ed9t y\u1ebfu t\u1ed1 c\u1ef1c k\u1ef3 quan tr\u1ecdng khi tham gia c\u00e1 c\u01b0\u1ee3c. B\u1ea1n n\u00ean x\u00e1c \u0111\u1ecbnh tr\u01b0\u1edbc s\u1ed1 ti\u1ec1n m\u00e0 m\u00ecnh c\u00f3 th\u1ec3 chi ti\u00eau cho vi\u1ec7c ch\u01a1i game.<\/p>\n\n\n\n<p>Khi \u0111\u00e3 c\u00f3 ng\u00e2n s\u00e1ch c\u1ee5 th\u1ec3, h\u00e3y tu\u00e2n th\u1ee7 nghi\u00eam ng\u1eb7t v\u00e0 kh\u00f4ng n\u00ean \u0111\u1ec3 c\u1ea3m x\u00fac chi ph\u1ed1i quy\u1ebft \u0111\u1ecbnh c\u1ee7a m\u00ecnh.<\/p>\n\n\n\n<p>N\u1ebfu thua li\u00ean ti\u1ebfp, \u0111\u1eebng v\u1ed9i v\u00e0ng g\u1ee1 g\u1ea1c b\u1eb1ng c\u00e1ch \u0111\u1eb7t c\u01b0\u1ee3c l\u1edbn h\u01a1n. Thay v\u00e0o \u0111\u00f3, h\u00e3y b\u00ecnh t\u0129nh suy ngh\u0129 v\u00e0 \u0111\u1eb7t c\u01b0\u1ee3c theo c\u00e1ch th\u00f4ng minh h\u01a1n.<\/p>\n\n\n\n<h3 class=\"wp-block-heading\">T\u00ecm hi\u1ec3u v\u00e0 c\u1eadp nh\u1eadt th\u00f4ng tin<\/h3>\n\n\n\n<p>Vi\u1ec7c t\u00ecm hi\u1ec3u v\u00e0 c\u1eadp nh\u1eadt th\u00f4ng tin v\u1ec1 c\u00e1c s\u1ef1 ki\u1ec7n th\u1ec3 thao hay c\u00e1c tr\u00f2 ch\u01a1i t\u1ea1i W88 s\u1ebd gi\u00fap b\u1ea1n c\u00f3 c\u00e1i nh\u00ecn t\u1ed5ng quan v\u00e0 \u0111\u01b0a ra quy\u1ebft \u0111\u1ecbnh c\u00e1 c\u01b0\u1ee3c ch\u00ednh x\u00e1c h\u01a1n.<\/p>\n\n\n\n<p>C\u00f3 nhi\u1ec1u ngu\u1ed3n th\u00f4ng tin h\u1eefu \u00edch c\u00f3 th\u1ec3 gi\u00fap b\u1ea1n ph\u00e2n t\u00edch t\u00ecnh hu\u1ed1ng, t\u1eeb c\u00e1c trang web th\u1ec3 thao \u0111\u1ebfn c\u00e1c di\u1ec5n \u0111\u00e0n \u0111\u00e1nh gi\u00e1 v\u1ec1 nh\u00e0 c\u00e1i.<\/p>\n\n\n\n<p>Ngo\u00e0i ra, vi\u1ec7c theo d\u00f5i c\u00e1c xu h\u01b0\u1edbng c\u00e1 c\u01b0\u1ee3c c\u0169ng c\u00f3 th\u1ec3 gi\u00fap b\u1ea1n \u0111i\u1ec1u ch\u1ec9nh chi\u1ebfn l\u01b0\u1ee3c c\u1ee7a m\u00ecnh m\u1ed9t c\u00e1ch h\u1ee3p l\u00fd.<\/p>\n\n\n\n<h2 class=\"wp-block-heading\">C\u00e1c c\u00e2u h\u1ecfi th\u01b0\u1eddng g\u1eb7p v\u1ec1 nh\u00e0 c\u00e1i W88<\/h2>\n\n\n\n<h3 class=\"wp-block-heading\">Nh\u00e0 c\u00e1i W88 c\u00f3 h\u1ee3p ph\u00e1p kh\u00f4ng?<\/h3>\n\n\n\n<p>Nh\u00e0 c\u00e1i W88 ho\u1ea1t \u0111\u1ed9ng v\u1edbi gi\u1ea5y ph\u00e9p h\u1ee3p ph\u00e1p t\u1eeb c\u00e1c c\u01a1 quan qu\u1ea3n l\u00fd uy t\u00edn, do \u0111\u00f3 c\u00f3 th\u1ec3 coi l\u00e0 h\u1ee3p ph\u00e1p trong nhi\u1ec1u khu v\u1ef1c.<\/p>\n\n\n\n<h3 class=\"wp-block-heading\">L\u00e0m th\u1ebf n\u00e0o \u0111\u1ec3 \u0111\u0103ng k\u00fd t\u00e0i kho\u1ea3n t\u1ea1i W88?<\/h3>\n\n\n\n<p>\u0110\u1ec3 \u0111\u0103ng k\u00fd t\u00e0i kho\u1ea3n, b\u1ea1n ch\u1ec9 c\u1ea7n truy c\u1eadp v\u00e0o website c\u1ee7a W88, \u0111i\u1ec1n \u0111\u1ea7y \u0111\u1ee7 th\u00f4ng tin c\u00e1 nh\u00e2n v\u00e0 l\u00e0m theo h\u01b0\u1edbng d\u1eabn.<\/p>\n\n\n\n<h3 class=\"wp-block-heading\">C\u00f3 nh\u1eefng ph\u01b0\u01a1ng th\u1ee9c n\u1ea1p\/r\u00fat ti\u1ec1n n\u00e0o t\u1ea1i W88?<\/h3>\n\n\n\n<p>W88 h\u1ed7 tr\u1ee3 nhi\u1ec1u ph\u01b0\u01a1ng th\u1ee9c n\u1ea1p\/r\u00fat ti\u1ec1n kh\u00e1c nhau nh\u01b0 chuy\u1ec3n kho\u1ea3n ng\u00e2n h\u00e0ng, v\u00ed \u0111i\u1ec7n t\u1eed v\u00e0 th\u1ebb t\u00edn d\u1ee5ng.<\/p>\n\n\n\n<h3 class=\"wp-block-heading\">Kh\u00e1ch h\u00e0ng c\u00f3 th\u1ec3 li\u00ean h\u1ec7 v\u1edbi b\u1ed9 ph\u1eadn h\u1ed7 tr\u1ee3 c\u1ee7a W88 qua \u0111\u00e2u?<\/h3>\n\n\n\n<p>B\u1ea1n c\u00f3 th\u1ec3 li\u00ean h\u1ec7 v\u1edbi b\u1ed9 ph\u1eadn h\u1ed7 tr\u1ee3 kh\u00e1ch h\u00e0ng c\u1ee7a W88 qua live chat, email ho\u1eb7c s\u1ed1 \u0111i\u1ec7n tho\u1ea1i \u0111\u01b0\u1ee3c cung c\u1ea5p tr\u00ean website.<\/p>\n\n\n\n<h3 class=\"wp-block-heading\">W88 c\u00f3 khuy\u1ebfn m\u00e3i g\u00ec cho ng\u01b0\u1eddi ch\u01a1i m\u1edbi kh\u00f4ng?<\/h3>\n\n\n\n<p>C\u00f3, W88 th\u01b0\u1eddng xuy\u00ean c\u00f3 c\u00e1c ch\u01b0\u01a1ng tr\u00ecnh khuy\u1ebfn m\u00e3i h\u1ea5p d\u1eabn d\u00e0nh cho ng\u01b0\u1eddi ch\u01a1i m\u1edbi, bao g\u1ed3m th\u01b0\u1edfng ch\u00e0o m\u1eebng v\u00e0 ho\u00e0n ti\u1ec1n.<\/p>\n\n\n\n<h2 class=\"wp-block-heading\">K\u1ebft lu\u1eadn<\/h2>\n\n\n\n<p>Nh\u00e0 c\u00e1i W88 kh\u00f4ng ch\u1ec9 \u0111\u01a1n thu\u1ea7n l\u00e0 m\u1ed9t \u0111\u1ecba ch\u1ec9 c\u00e1 c\u01b0\u1ee3c tr\u1ef1c tuy\u1ebfn m\u00e0 c\u00f2n l\u00e0 m\u1ed9t n\u1ec1n t\u1ea3ng gi\u1ea3i tr\u00ed \u0111a d\u1ea1ng v\u1edbi nhi\u1ec1u s\u1ea3n ph\u1ea9m h\u1ea5p d\u1eabn. V\u1edbi nh\u1eefng \u01b0u \u0111i\u1ec3m n\u1ed5i b\u1eadt nh\u01b0 giao di\u1ec7n th\u00e2n thi\u1ec7n, ch\u01b0\u01a1ng tr\u00ecnh khuy\u1ebfn m\u00e3i h\u1ea5p d\u1eabn, v\u00e0 \u0111\u1ed9 an to\u00e0n cao, W88 x\u1ee9ng \u0111\u00e1ng l\u00e0 l\u1ef1a ch\u1ecdn h\u00e0ng \u0111\u1ea7u cho c\u00e1c t\u00edn \u0111\u1ed3 c\u00e1 c\u01b0\u1ee3c. Vi\u1ec7c trang b\u1ecb cho m\u00ecnh nh\u1eefng ki\u1ebfn th\u1ee9c v\u00e0 kinh nghi\u1ec7m tr\u01b0\u1edbc khi tham gia s\u1ebd gi\u00fap b\u1ea1n c\u00f3 nh\u1eefng tr\u1ea3i nghi\u1ec7m th\u00fa v\u1ecb v\u00e0 th\u1eafng l\u1ee3i h\u01a1n t\u1ea1i nh\u00e0 c\u00e1i W88.<\/p>\n","protected":false},"excerpt":{"rendered":"<p>Nh\u00e0 c\u00e1i W88 l\u00e0 m\u1ed9t trong nh\u1eefng nh\u00e0 c\u00e1i h\u00e0ng \u0111\u1ea7u t\u1ea1i Vi\u1ec7t Nam, cung c\u1ea5p \u0111a d\u1ea1ng c\u00e1c d\u1ecbch v\u1ee5 c\u00e1 c\u01b0\u1ee3c v\u00e0 tr\u00f2 ch\u01a1i tr\u1ef1c tuy\u1ebfn. V\u1edbi nhi\u1ec1u n\u0103m ho\u1ea1t \u0111\u1ed9ng trong l\u0129nh v\u1ef1c n\u00e0y, W88 \u0111\u00e3 x\u00e2y d\u1ef1ng \u0111\u01b0\u1ee3c uy t\u00edn v\u1eefng ch\u1eafc v\u00e0 thu h\u00fat m\u1ed9t l\u01b0\u1ee3ng l\u1edbn ng\u01b0\u1eddi ch\u01a1i. Ch\u00fang [&hellip;]<\/p>\n","protected":false},"author":22,"featured_media":0,"parent":0,"menu_order":0,"comment_status":"closed","ping_status":"closed","template":"","meta":{"om_disable_all_campaigns":false,"footnotes":""},"class_list":["post-2163","page","type-page","status-publish","hentry"],"jetpack_sharing_enabled":true,"_links":{"self":[{"href":"https:\/\/fundacionperiodismo.org\/diplomado-digital-2021\/wp-json\/wp\/v2\/pages\/2163","targetHints":{"allow":["GET"]}}],"collection":[{"href":"https:\/\/fundacionperiodismo.org\/diplomado-digital-2021\/wp-json\/wp\/v2\/pages"}],"about":[{"href":"https:\/\/fundacionperiodismo.org\/diplomado-digital-2021\/wp-json\/wp\/v2\/types\/page"}],"author":[{"embeddable":true,"href":"https:\/\/fundacionperiodismo.org\/diplomado-digital-2021\/wp-json\/wp\/v2\/users\/22"}],"replies":[{"embeddable":true,"href":"https:\/\/fundacionperiodismo.org\/diplomado-digital-2021\/wp-json\/wp\/v2\/comments?post=2163"}],"version-history":[{"count":1,"href":"https:\/\/fundacionperiodismo.org\/diplomado-digital-2021\/wp-json\/wp\/v2\/pages\/2163\/revisions"}],"predecessor-version":[{"id":2164,"href":"https:\/\/fundacionperiodismo.org\/diplomado-digital-2021\/wp-json\/wp\/v2\/pages\/2163\/revisions\/2164"}],"wp:attachment":[{"href":"https:\/\/fundacionperiodismo.org\/diplomado-digital-2021\/wp-json\/wp\/v2\/media?parent=2163"}],"curies":[{"name":"wp","href":"https:\/\/api.w.org\/{rel}","templated":true}]}}