{"id":427,"date":"2017-08-03T17:01:30","date_gmt":"2017-08-03T17:01:30","guid":{"rendered":"https:\/\/fundacionperiodismo.org\/educamedios\/?page_id=427"},"modified":"2022-06-17T20:04:54","modified_gmt":"2022-06-17T20:04:54","slug":"galeria-de-fotos-reportajes-moviles","status":"publish","type":"page","link":"https:\/\/fundacionperiodismo.org\/educamedios\/galeria-de-fotos-reportajes-moviles\/","title":{"rendered":"Galer\u00eda de fotos: Reportajes m\u00f3viles"},"content":{"rendered":"<!-- Widget Shortcode --><div id=\"rpwe_widget-27\" class=\"widget rpwe_widget recent-posts-extended widget-shortcode area-arbitrary \"><div  class=\"rpwe-block\"><ul class=\"rpwe-ul\"><li class=\"rpwe-li rpwe-clearfix\"><a class=\"rpwe-img\" href=\"https:\/\/fundacionperiodismo.org\/educamedios\/premiacion-2017-periodista-por-un-dia-y-reportajes-moviles\/\" target=\"_self\"><img class=\"rpwe-aligncenter rpwe-thumb\" src=\"https:\/\/fundacionperiodismo.org\/educamedios\/wp-content\/uploads\/2017\/11\/DSC0534-220x150.jpg\" alt=\"Premiaci\u00f3n 2017 &#8211; Periodista por un d\u00eda y Reportajes m\u00f3viles\" height=\"150\" width=\"220\" loading=\"lazy\" decoding=\"async\"><\/a><h3 class=\"rpwe-title\"><a href=\"https:\/\/fundacionperiodismo.org\/educamedios\/premiacion-2017-periodista-por-un-dia-y-reportajes-moviles\/\" target=\"_self\">Premiaci\u00f3n 2017 &#8211; Periodista por un d\u00eda y Reportajes m\u00f3viles<\/a><\/h3><\/li><li class=\"rpwe-li rpwe-clearfix\"><a class=\"rpwe-img\" href=\"https:\/\/fundacionperiodismo.org\/educamedios\/galeria-de-fotos-reportajes-moviles-2017\/\" target=\"_self\"><img class=\"rpwe-aligncenter rpwe-thumb\" src=\"https:\/\/fundacionperiodismo.org\/educamedios\/wp-content\/uploads\/2017\/11\/20170324_182254-220x150.jpg\" alt=\"Galer\u00eda de fotos &#8211; Reportajes m\u00f3viles 2017\" height=\"150\" width=\"220\" loading=\"lazy\" decoding=\"async\"><\/a><h3 class=\"rpwe-title\"><a href=\"https:\/\/fundacionperiodismo.org\/educamedios\/galeria-de-fotos-reportajes-moviles-2017\/\" target=\"_self\">Galer\u00eda de fotos &#8211; Reportajes m\u00f3viles 2017<\/a><\/h3><\/li><li class=\"rpwe-li rpwe-clearfix\"><a class=\"rpwe-img\" href=\"https:\/\/fundacionperiodismo.org\/educamedios\/galeria-de-fotos-reportajes-moviles-2016\/\" target=\"_self\"><img class=\"rpwe-aligncenter rpwe-thumb\" src=\"https:\/\/fundacionperiodismo.org\/educamedios\/wp-content\/uploads\/2017\/11\/20160923_175143-220x150.jpg\" alt=\"Galer\u00eda de fotos &#8211; Reportajes m\u00f3viles 2016\" height=\"150\" width=\"220\" loading=\"lazy\" decoding=\"async\"><\/a><h3 class=\"rpwe-title\"><a href=\"https:\/\/fundacionperiodismo.org\/educamedios\/galeria-de-fotos-reportajes-moviles-2016\/\" target=\"_self\">Galer\u00eda de fotos &#8211; Reportajes m\u00f3viles 2016<\/a><\/h3><\/li><\/ul><\/div><!-- Generated by http:\/\/wordpress.org\/plugins\/recent-posts-widget-extended\/ --><\/div><!-- \/Widget Shortcode -->\n","protected":false},"excerpt":{"rendered":"","protected":false},"author":1,"featured_media":0,"parent":0,"menu_order":0,"comment_status":"closed","ping_status":"closed","template":"","meta":{"footnotes":""},"class_list":["post-427","page","type-page","status-publish","hentry"],"_links":{"self":[{"href":"https:\/\/fundacionperiodismo.org\/educamedios\/wp-json\/wp\/v2\/pages\/427","targetHints":{"allow":["GET"]}}],"collection":[{"href":"https:\/\/fundacionperiodismo.org\/educamedios\/wp-json\/wp\/v2\/pages"}],"about":[{"href":"https:\/\/fundacionperiodismo.org\/educamedios\/wp-json\/wp\/v2\/types\/page"}],"author":[{"embeddable":true,"href":"https:\/\/fundacionperiodismo.org\/educamedios\/wp-json\/wp\/v2\/users\/1"}],"replies":[{"embeddable":true,"href":"https:\/\/fundacionperiodismo.org\/educamedios\/wp-json\/wp\/v2\/comments?post=427"}],"version-history":[{"count":2,"href":"https:\/\/fundacionperiodismo.org\/educamedios\/wp-json\/wp\/v2\/pages\/427\/revisions"}],"predecessor-version":[{"id":1031,"href":"https:\/\/fundacionperiodismo.org\/educamedios\/wp-json\/wp\/v2\/pages\/427\/revisions\/1031"}],"wp:attachment":[{"href":"https:\/\/fundacionperiodismo.org\/educamedios\/wp-json\/wp\/v2\/media?parent=427"}],"curies":[{"name":"wp","href":"https:\/\/api.w.org\/{rel}","templated":true}]}}