{"id":57,"date":"2017-05-19T19:36:08","date_gmt":"2017-05-19T19:36:08","guid":{"rendered":"https:\/\/fundacionperiodismo.org\/educamedios\/?page_id=57"},"modified":"2025-08-21T20:38:03","modified_gmt":"2025-08-21T20:38:03","slug":"periodista-por-un-dia","status":"publish","type":"page","link":"https:\/\/fundacionperiodismo.org\/educamedios\/periodista-por-un-dia\/","title":{"rendered":"Periodista por un d\u00eda"},"content":{"rendered":"<h3 class=\"rpwe-title\"><a href=\"https:\/\/fundacionperiodismo.org\/educamedios\/tag\/periodista2017\/\" target=\"_self\">Periodista por un d\u00eda 2017<\/a><\/h3>\n<h3 class=\"rpwe-title\"><a href=\"https:\/\/fundacionperiodismo.org\/educamedios\/tag\/periodista2015\/\" target=\"_self\">Periodista por un d\u00eda 2015<\/a><\/h3>\n<h3 class=\"rpwe-title\"><a href=\"https:\/\/fundacionperiodismo.org\/educamedios\/tag\/periodista2014\/\" target=\"_self\">Periodista por un d\u00eda 2014<\/a><\/h3>\n<h3 class=\"rpwe-title\"><a href=\"https:\/\/fundacionperiodismo.org\/educamedios\/tag\/periodista2013\/\" target=\"_self\">Periodista por un d\u00eda 2013<\/a><\/h3>\n","protected":false},"excerpt":{"rendered":"<p>Periodista por un d\u00eda 2017 Periodista por un d\u00eda 2015 Periodista por un d\u00eda 2014 Periodista por un d\u00eda 2013<\/p>\n","protected":false},"author":1,"featured_media":0,"parent":0,"menu_order":0,"comment_status":"closed","ping_status":"closed","template":"","meta":{"footnotes":""},"class_list":["post-57","page","type-page","status-publish","hentry"],"_links":{"self":[{"href":"https:\/\/fundacionperiodismo.org\/educamedios\/wp-json\/wp\/v2\/pages\/57","targetHints":{"allow":["GET"]}}],"collection":[{"href":"https:\/\/fundacionperiodismo.org\/educamedios\/wp-json\/wp\/v2\/pages"}],"about":[{"href":"https:\/\/fundacionperiodismo.org\/educamedios\/wp-json\/wp\/v2\/types\/page"}],"author":[{"embeddable":true,"href":"https:\/\/fundacionperiodismo.org\/educamedios\/wp-json\/wp\/v2\/users\/1"}],"replies":[{"embeddable":true,"href":"https:\/\/fundacionperiodismo.org\/educamedios\/wp-json\/wp\/v2\/comments?post=57"}],"version-history":[{"count":7,"href":"https:\/\/fundacionperiodismo.org\/educamedios\/wp-json\/wp\/v2\/pages\/57\/revisions"}],"predecessor-version":[{"id":2035,"href":"https:\/\/fundacionperiodismo.org\/educamedios\/wp-json\/wp\/v2\/pages\/57\/revisions\/2035"}],"wp:attachment":[{"href":"https:\/\/fundacionperiodismo.org\/educamedios\/wp-json\/wp\/v2\/media?parent=57"}],"curies":[{"name":"wp","href":"https:\/\/api.w.org\/{rel}","templated":true}]}}