{"id":59,"date":"2017-05-19T19:36:25","date_gmt":"2017-05-19T19:36:25","guid":{"rendered":"https:\/\/fundacionperiodismo.org\/educamedios\/?page_id=59"},"modified":"2025-08-27T16:28:25","modified_gmt":"2025-08-27T16:28:25","slug":"la-entrevista-que-siempre-sone","status":"publish","type":"page","link":"https:\/\/fundacionperiodismo.org\/educamedios\/la-entrevista-que-siempre-sone\/","title":{"rendered":"La entrevista que siempre so\u00f1\u00e9"},"content":{"rendered":"<h3 class=\"rpwe-title\"><a href=\"https:\/\/fundacionperiodismo.org\/educamedios\/tag\/entrevista2022\" target=\"_self\">La Entrevista que siempre so\u00f1\u00e9 2022<\/a><\/h3>\n<h3 class=\"rpwe-title\"><a href=\"https:\/\/fundacionperiodismo.org\/educamedios\/tag\/entrevista2021\" target=\"_self\">LA ENTREVISTA QUE SIEMPRE SO\u00d1E \u2013 2021<\/a><\/h3>\n<h3 class=\"rpwe-title\"><a href=\"https:\/\/fundacionperiodismo.org\/educamedios\/tag\/entrevista2020\" target=\"_self\">LA ENTREVISTA QUE SIEMPRE SO\u00d1E \u2013 2020<\/a><\/h3>\n<h3 class=\"rpwe-title\"><a href=\"https:\/\/fundacionperiodismo.org\/educamedios\/tag\/entrevista2019\" target=\"_self\">LA ENTREVISTA QUE SIEMPRE SO\u00d1E \u2013 2019<\/a><\/h3>\n<h3 class=\"rpwe-title\"><a href=\"https:\/\/fundacionperiodismo.org\/educamedios\/tag\/entrevista2015\" target=\"_self\">La entrevista que siempre so\u00f1\u00e9 2016<\/a><\/h3>\n<h3 class=\"rpwe-title\"><a href=\"https:\/\/fundacionperiodismo.org\/educamedios\/tag\/entrevista2015\" target=\"_self\">La entrevista que siempre so\u00f1\u00e9 2015<\/a><\/h3>\n<h3 class=\"rpwe-title\"><a href=\"https:\/\/fundacionperiodismo.org\/educamedios\/tag\/entrevista2014\" target=\"_self\">La entrevista que siempre so\u00f1\u00e9 2014<\/a><\/h3>\n<h3 class=\"rpwe-title\"><a href=\"https:\/\/fundacionperiodismo.org\/educamedios\/tag\/entrevista2013\/\" target=\"_self\">La entrevista que siempre so\u00f1\u00e9 2013<\/a><\/h3>\n<h3 class=\"rpwe-title\"><a href=\"https:\/\/fundacionperiodismo.org\/educamedios\/tag\/entrevista2012\/\" target=\"_self\">La entrevista que siempre so\u00f1\u00e9 2012<\/a><\/h3>\n<p>&nbsp;<\/p>\n","protected":false},"excerpt":{"rendered":"<p>La Entrevista que siempre so\u00f1\u00e9 2022 LA ENTREVISTA QUE SIEMPRE SO\u00d1E \u2013 2021 LA ENTREVISTA QUE SIEMPRE SO\u00d1E \u2013 2020 LA ENTREVISTA QUE SIEMPRE SO\u00d1E \u2013 2019 La entrevista que siempre so\u00f1\u00e9 2016 La entrevista que siempre so\u00f1\u00e9 2015 La entrevista que siempre so\u00f1\u00e9 2014 La entrevista que siempre so\u00f1\u00e9 2013 La entrevista que siempre&#8230;<\/p>\n","protected":false},"author":1,"featured_media":0,"parent":0,"menu_order":0,"comment_status":"closed","ping_status":"closed","template":"","meta":{"footnotes":""},"class_list":["post-59","page","type-page","status-publish","hentry"],"_links":{"self":[{"href":"https:\/\/fundacionperiodismo.org\/educamedios\/wp-json\/wp\/v2\/pages\/59","targetHints":{"allow":["GET"]}}],"collection":[{"href":"https:\/\/fundacionperiodismo.org\/educamedios\/wp-json\/wp\/v2\/pages"}],"about":[{"href":"https:\/\/fundacionperiodismo.org\/educamedios\/wp-json\/wp\/v2\/types\/page"}],"author":[{"embeddable":true,"href":"https:\/\/fundacionperiodismo.org\/educamedios\/wp-json\/wp\/v2\/users\/1"}],"replies":[{"embeddable":true,"href":"https:\/\/fundacionperiodismo.org\/educamedios\/wp-json\/wp\/v2\/comments?post=59"}],"version-history":[{"count":9,"href":"https:\/\/fundacionperiodismo.org\/educamedios\/wp-json\/wp\/v2\/pages\/59\/revisions"}],"predecessor-version":[{"id":2113,"href":"https:\/\/fundacionperiodismo.org\/educamedios\/wp-json\/wp\/v2\/pages\/59\/revisions\/2113"}],"wp:attachment":[{"href":"https:\/\/fundacionperiodismo.org\/educamedios\/wp-json\/wp\/v2\/media?parent=59"}],"curies":[{"name":"wp","href":"https:\/\/api.w.org\/{rel}","templated":true}]}}