{"id":66,"date":"2017-05-19T21:23:08","date_gmt":"2017-05-19T21:23:08","guid":{"rendered":"https:\/\/fundacionperiodismo.org\/educamedios\/?page_id=66"},"modified":"2025-08-21T21:15:05","modified_gmt":"2025-08-21T21:15:05","slug":"jornadas-de-alfabetizacion-en-medios","status":"publish","type":"page","link":"https:\/\/fundacionperiodismo.org\/educamedios\/jornadas-de-alfabetizacion-en-medios\/","title":{"rendered":"Jornadas de alfabetizaci\u00f3n en medios"},"content":{"rendered":"<h3 class=\"rpwe-title\"><\/h3>\n<h3 class=\"rpwe-title\"><a href=\"https:\/\/fundacionperiodismo.org\/educamedios\/tag\/jornadas2019\" target=\"_self\">Alfabetizaci\u00f3n en Medios 2019<\/a><\/h3>\n<h3 class=\"rpwe-title\"><a href=\"https:\/\/fundacionperiodismo.org\/educamedios\/tag\/jornadas2017\" target=\"_self\">Alfabetizaci\u00f3n en Medios 2017<\/a><\/h3>\n<h3 class=\"rpwe-title\"><a href=\"https:\/\/fundacionperiodismo.org\/educamedios\/tag\/jornadas2015\/\" target=\"_self\">Alfabetizaci\u00f3n en Medios 2015<\/a><\/h3>\n<h3 class=\"rpwe-title\"><a href=\"https:\/\/fundacionperiodismo.org\/educamedios\/tag\/jornadas2014\" target=\"_self\">Alfabetizaci\u00f3n en medios 2014<\/a><\/h3>\n<h3 class=\"rpwe-title\"><a href=\"https:\/\/fundacionperiodismo.org\/educamedios\/tag\/jornadas2012\" target=\"_self\">Alfabetizaci\u00f3n en Medios 2012<\/a><\/h3>\n","protected":false},"excerpt":{"rendered":"<p>Alfabetizaci\u00f3n en Medios 2019 Alfabetizaci\u00f3n en Medios 2017 Alfabetizaci\u00f3n en Medios 2015 Alfabetizaci\u00f3n en medios 2014 Alfabetizaci\u00f3n en Medios 2012<\/p>\n","protected":false},"author":1,"featured_media":0,"parent":0,"menu_order":0,"comment_status":"closed","ping_status":"closed","template":"","meta":{"footnotes":""},"class_list":["post-66","page","type-page","status-publish","hentry"],"_links":{"self":[{"href":"https:\/\/fundacionperiodismo.org\/educamedios\/wp-json\/wp\/v2\/pages\/66","targetHints":{"allow":["GET"]}}],"collection":[{"href":"https:\/\/fundacionperiodismo.org\/educamedios\/wp-json\/wp\/v2\/pages"}],"about":[{"href":"https:\/\/fundacionperiodismo.org\/educamedios\/wp-json\/wp\/v2\/types\/page"}],"author":[{"embeddable":true,"href":"https:\/\/fundacionperiodismo.org\/educamedios\/wp-json\/wp\/v2\/users\/1"}],"replies":[{"embeddable":true,"href":"https:\/\/fundacionperiodismo.org\/educamedios\/wp-json\/wp\/v2\/comments?post=66"}],"version-history":[{"count":7,"href":"https:\/\/fundacionperiodismo.org\/educamedios\/wp-json\/wp\/v2\/pages\/66\/revisions"}],"predecessor-version":[{"id":2052,"href":"https:\/\/fundacionperiodismo.org\/educamedios\/wp-json\/wp\/v2\/pages\/66\/revisions\/2052"}],"wp:attachment":[{"href":"https:\/\/fundacionperiodismo.org\/educamedios\/wp-json\/wp\/v2\/media?parent=66"}],"curies":[{"name":"wp","href":"https:\/\/api.w.org\/{rel}","templated":true}]}}