{"id":7,"date":"2017-05-10T18:58:33","date_gmt":"2017-05-10T18:58:33","guid":{"rendered":"https:\/\/fundacionperiodismo.org\/educamedios\/?page_id=7"},"modified":"2017-05-12T20:56:50","modified_gmt":"2017-05-12T20:56:50","slug":"quienes-somos","status":"publish","type":"page","link":"https:\/\/fundacionperiodismo.org\/educamedios\/quienes-somos\/","title":{"rendered":"\u00bfQui\u00e9nes somos?"},"content":{"rendered":"<p>La Fundaci\u00f3n para el Periodismo (FPP) con el decidido apoyo del European Journalism Centre ha fijado como una de sus metas, dise\u00f1ar e ejecutar programas pedag\u00f3gicos que estimulen a los estudiantes de Bolivia a tener un pensamiento cr\u00edtico\u00a0 que refuerce positivamente la necesidad de forjar una personalidad creadora. Para acercarse a ese prop\u00f3sito, va desarrollando un programa de Alfabetizaci\u00f3n en Medios que busca a trav\u00e9s de\u00a0 la ense\u00f1anza, la construcci\u00f3n de una sociedad mejor y m\u00e1s solidaria.<\/p>\n<p>En la FPP entendemos que Alfabetizaci\u00f3n en Medios es buscar una respuesta a c\u00f3mo enfrentar y aprovechar los importantes cambios que la tecnolog\u00eda est\u00e1 imponiendo en la vida diaria de las personas; y a trav\u00e9s de este programa, proponemos llegar a las aulas para encaminar a los j\u00f3venes a que adquieran habilidades para su \u00f3ptimo desarrollo en un mundo altamente tecnificado.<\/p>\n<p>En este intento, la FPP ha logrado firmar un acuerdo fundamental con el Ministerio de Educaci\u00f3n del Estado Plurinacional de Bolivia, en el que uno de sus objetivos es propiciar talleres de capacitaci\u00f3n para maestros, en el uso de t\u00e9cnicas pedag\u00f3gicas de la alfabetizaci\u00f3n medi\u00e1tica.<\/p>\n<p>Este es el marco en el que la FPP y el EJC proponen a la sociedad boliviana, la alfabetizaci\u00f3n medi\u00e1tica: una herramienta \u00fatil, din\u00e1mica y accesible para mejorar la calidad de la ense\u00f1anza y lograr ciudadanos mejor informados y conscientes de sus derechos y obligaciones.<\/p>\n","protected":false},"excerpt":{"rendered":"<p>La Fundaci\u00f3n para el Periodismo (FPP) con el decidido apoyo del European Journalism Centre ha fijado como una de sus metas, dise\u00f1ar e ejecutar programas pedag\u00f3gicos que estimulen a los estudiantes de Bolivia a tener un pensamiento cr\u00edtico\u00a0 que refuerce positivamente la necesidad de forjar una personalidad creadora. Para acercarse a ese prop\u00f3sito, va desarrollando&#8230;<\/p>\n","protected":false},"author":1,"featured_media":0,"parent":0,"menu_order":0,"comment_status":"closed","ping_status":"closed","template":"","meta":{"footnotes":""},"class_list":["post-7","page","type-page","status-publish","hentry"],"_links":{"self":[{"href":"https:\/\/fundacionperiodismo.org\/educamedios\/wp-json\/wp\/v2\/pages\/7","targetHints":{"allow":["GET"]}}],"collection":[{"href":"https:\/\/fundacionperiodismo.org\/educamedios\/wp-json\/wp\/v2\/pages"}],"about":[{"href":"https:\/\/fundacionperiodismo.org\/educamedios\/wp-json\/wp\/v2\/types\/page"}],"author":[{"embeddable":true,"href":"https:\/\/fundacionperiodismo.org\/educamedios\/wp-json\/wp\/v2\/users\/1"}],"replies":[{"embeddable":true,"href":"https:\/\/fundacionperiodismo.org\/educamedios\/wp-json\/wp\/v2\/comments?post=7"}],"version-history":[{"count":2,"href":"https:\/\/fundacionperiodismo.org\/educamedios\/wp-json\/wp\/v2\/pages\/7\/revisions"}],"predecessor-version":[{"id":27,"href":"https:\/\/fundacionperiodismo.org\/educamedios\/wp-json\/wp\/v2\/pages\/7\/revisions\/27"}],"wp:attachment":[{"href":"https:\/\/fundacionperiodismo.org\/educamedios\/wp-json\/wp\/v2\/media?parent=7"}],"curies":[{"name":"wp","href":"https:\/\/api.w.org\/{rel}","templated":true}]}}