{"id":734,"date":"2017-10-25T13:57:59","date_gmt":"2017-10-25T13:57:59","guid":{"rendered":"https:\/\/fundacionperiodismo.org\/educamedios\/?page_id=734"},"modified":"2022-06-17T20:09:23","modified_gmt":"2022-06-17T20:09:23","slug":"otros-videos","status":"publish","type":"page","link":"https:\/\/fundacionperiodismo.org\/educamedios\/otros-videos\/","title":{"rendered":"Otros videos"},"content":{"rendered":"<section id=\"huge_it_videogallery_content_3\" class=\"gallery-video-content\"\r\n         data-gallery-video-id=\"3\" data-gallery-video-perpage=\"5\">\r\n    <div id=\"huge_it_videogallery_container_3\"\r\n         class=\"huge_it_videogallery_container super-list variable-sizes clearfix view-content-popup\"\r\n         data-show-center=\"off\"\r\n         data-image-behaviour=\"resize\">\r\n        <div id=\"huge_it_videogallery_container_moving_3\">\r\n            <input type=\"hidden\" class=\"pagenum\" value=\"1\"\/>\r\n            <input type=\"hidden\" id=\"total\" value=\"1\"\/>\r\n                            <div\r\n                    class=\"video-element_3 video-element \"\r\n                    id=\"huge_it_videogallery_pupup_element_32_child\" tabindex=\"0\"\r\n                    data-symbol=\"Documental Alfabetizaci\u00f3n en Medios 2018\"\r\n                    data-category=\"alkaline-earth\">\r\n                    <div class=\"image-block_3 image-block\">\r\n                        \r\n\r\n                            <img decoding=\"async\" src=\"\/\/img.youtube.com\/vi\/vDoOnQAW7Ck\/mqdefault.jpg\" alt=\"\"\/>\r\n                                                                            <div class=\"videogallery-image-overlay\"><a href=\"#32\"><\/a><\/div>\r\n                    <\/div>\r\n                                            <div class=\"title-block_3\">\r\n                            <h3>Documental Alfabetizaci\u00f3n en Medios 2018<\/h3>\r\n                                                                                                                <\/div>\r\n                                    <\/div>\r\n                                <div\r\n                    class=\"video-element_3 video-element \"\r\n                    id=\"huge_it_videogallery_pupup_element_23_child\" tabindex=\"0\"\r\n                    data-symbol=\"Reportaje ganador \"Auto incrustado en la ruta del telef\u00e9rico\"\"\r\n                    data-category=\"alkaline-earth\">\r\n                    <div class=\"image-block_3 image-block\">\r\n                        \r\n\r\n                            <img decoding=\"async\" src=\"\/\/img.youtube.com\/vi\/c9zhcFhrDMM\/mqdefault.jpg\" alt=\"\"\/>\r\n                                                                            <div class=\"videogallery-image-overlay\"><a href=\"#23\"><\/a><\/div>\r\n                    <\/div>\r\n                                            <div class=\"title-block_3\">\r\n                            <h3>Reportaje ganador \"Auto incrustado en la ruta del telef\u00e9rico\"<\/h3>\r\n                                                                                                                <\/div>\r\n                                    <\/div>\r\n                                <div\r\n                    class=\"video-element_3 video-element \"\r\n                    id=\"huge_it_videogallery_pupup_element_22_child\" tabindex=\"0\"\r\n                    data-symbol=\"La Fundaci\u00f3n Para el Periodismo presenta a los ganadores\"\r\n                    data-category=\"alkaline-earth\">\r\n                    <div class=\"image-block_3 image-block\">\r\n                        \r\n\r\n                            <img decoding=\"async\" src=\"\/\/img.youtube.com\/vi\/Vr8gnMAlQ7M\/mqdefault.jpg\" alt=\"\"\/>\r\n                                                                            <div class=\"videogallery-image-overlay\"><a href=\"#22\"><\/a><\/div>\r\n                    <\/div>\r\n                                            <div class=\"title-block_3\">\r\n                            <h3>La Fundaci\u00f3n Para el Periodismo presenta a los ganadores<\/h3>\r\n                                                                                                                <\/div>\r\n                                    <\/div>\r\n                                <div\r\n                    class=\"video-element_3 video-element \"\r\n                    id=\"huge_it_videogallery_pupup_element_19_child\" tabindex=\"0\"\r\n                    data-symbol=\"Video de Marcelo Bielsa\"\r\n                    data-category=\"alkaline-earth\">\r\n                    <div class=\"image-block_3 image-block\">\r\n                        \r\n\r\n                            <img decoding=\"async\" src=\"\/\/img.youtube.com\/vi\/O8Cql0YS_ks\/mqdefault.jpg\" alt=\"\"\/>\r\n                                                                            <div class=\"videogallery-image-overlay\"><a href=\"#19\"><\/a><\/div>\r\n                    <\/div>\r\n                                            <div class=\"title-block_3\">\r\n                            <h3>Video de Marcelo Bielsa<\/h3>\r\n                                                                                                                <\/div>\r\n                                    <\/div>\r\n                        <\/div>\r\n        <div style=\"clear:both;\"><\/div>\r\n    <\/div>\r\n    <\/section>\r\n<ul id=\"huge_it_videogallery_popup_list_3\" class=\"hg_video_popup\">\r\n            <li class=\"pupup-element\" id=\"huge_it_videogallery_pupup_element_32\">\r\n            <div class=\"heading-navigation\">\r\n                <div style=\"display: inline-block; float: left;\">\r\n                    <div class=\"left-change\"><a href=\"#0\"\r\n                                                data-popupid=\"#32\"><<\/a><\/div>\r\n                    <div class=\"right-change\"><a href=\"#2\"\r\n                                                 data-popupid=\"#32\">><\/a><\/div>\r\n                <\/div>\r\n                                <a href=\"#close\" class=\"close\"><\/a>\r\n                <div style=\"clear:both;\"><\/div>\r\n            <\/div>\r\n            <div class=\"popup-wrapper_3 popup-wrapper\">\r\n                <div class=\"image-block_3 image-block\">\r\n                                            <div class=\"hg_iframe_class\">\r\n                            <div class=\"hg_iframe_class_sub\"><\/div>\r\n                            <iframe class=\"hg_iframe_class\"\r\n                                    src=\"\/\/www.youtube.com\/embed\/vDoOnQAW7Ck\" style=\"border: 0;\"\r\n                                    allowfullscreen><\/iframe>\r\n                        <\/div>\r\n                                                            <\/div>\r\n                <div class=\"right-block\">\r\n                    <h3\r\n                        class=\"title\">Documental Alfabetizaci\u00f3n en Medios 2018<\/h3>                                            <div\r\n                            class=\"description\">Documental Alfabetizaci\u00f3n en Medios 2018<\/div>                                                                                    <div style=\"clear:both;\"><\/div>\r\n                <\/div>\r\n                <div style=\"clear:both;\"><\/div>\r\n            <\/div>\r\n        <\/li>\r\n                <li class=\"pupup-element\" id=\"huge_it_videogallery_pupup_element_23\">\r\n            <div class=\"heading-navigation\">\r\n                <div style=\"display: inline-block; float: left;\">\r\n                    <div class=\"left-change\"><a href=\"#1\"\r\n                                                data-popupid=\"#23\"><<\/a><\/div>\r\n                    <div class=\"right-change\"><a href=\"#3\"\r\n                                                 data-popupid=\"#23\">><\/a><\/div>\r\n                <\/div>\r\n                                <a href=\"#close\" class=\"close\"><\/a>\r\n                <div style=\"clear:both;\"><\/div>\r\n            <\/div>\r\n            <div class=\"popup-wrapper_3 popup-wrapper\">\r\n                <div class=\"image-block_3 image-block\">\r\n                                            <div class=\"hg_iframe_class\">\r\n                            <div class=\"hg_iframe_class_sub\"><\/div>\r\n                            <iframe class=\"hg_iframe_class\"\r\n                                    src=\"\/\/www.youtube.com\/embed\/c9zhcFhrDMM\" style=\"border: 0;\"\r\n                                    allowfullscreen><\/iframe>\r\n                        <\/div>\r\n                                                            <\/div>\r\n                <div class=\"right-block\">\r\n                    <h3\r\n                        class=\"title\">Reportaje ganador \"Auto incrustado en la ruta del telef\u00e9rico\"<\/h3>                                            <div\r\n                            class=\"description\">Estudiantes del Colegio Sagrados Corazones fueron los ganadores del concurso \u201cPeriodista por un d\u00eda\u201d de la Fundaci\u00f3n Para el Periodismo. El reportaje ganador trata sobre el auto incrustado en la ruta de la l\u00ednea roja del telef\u00e9rico.\r\nwww.atb.com.bo<\/div>                                                                                    <div style=\"clear:both;\"><\/div>\r\n                <\/div>\r\n                <div style=\"clear:both;\"><\/div>\r\n            <\/div>\r\n        <\/li>\r\n                <li class=\"pupup-element\" id=\"huge_it_videogallery_pupup_element_22\">\r\n            <div class=\"heading-navigation\">\r\n                <div style=\"display: inline-block; float: left;\">\r\n                    <div class=\"left-change\"><a href=\"#2\"\r\n                                                data-popupid=\"#22\"><<\/a><\/div>\r\n                    <div class=\"right-change\"><a href=\"#4\"\r\n                                                 data-popupid=\"#22\">><\/a><\/div>\r\n                <\/div>\r\n                                <a href=\"#close\" class=\"close\"><\/a>\r\n                <div style=\"clear:both;\"><\/div>\r\n            <\/div>\r\n            <div class=\"popup-wrapper_3 popup-wrapper\">\r\n                <div class=\"image-block_3 image-block\">\r\n                                            <div class=\"hg_iframe_class\">\r\n                            <div class=\"hg_iframe_class_sub\"><\/div>\r\n                            <iframe class=\"hg_iframe_class\"\r\n                                    src=\"\/\/www.youtube.com\/embed\/Vr8gnMAlQ7M\" style=\"border: 0;\"\r\n                                    allowfullscreen><\/iframe>\r\n                        <\/div>\r\n                                                            <\/div>\r\n                <div class=\"right-block\">\r\n                    <h3\r\n                        class=\"title\">La Fundaci\u00f3n Para el Periodismo presenta a los ganadores<\/h3>                                            <div\r\n                            class=\"description\"><\/div>                                                                                    <div style=\"clear:both;\"><\/div>\r\n                <\/div>\r\n                <div style=\"clear:both;\"><\/div>\r\n            <\/div>\r\n        <\/li>\r\n                <li class=\"pupup-element\" id=\"huge_it_videogallery_pupup_element_19\">\r\n            <div class=\"heading-navigation\">\r\n                <div style=\"display: inline-block; float: left;\">\r\n                    <div class=\"left-change\"><a href=\"#3\"\r\n                                                data-popupid=\"#19\"><<\/a><\/div>\r\n                    <div class=\"right-change\"><a href=\"#5\"\r\n                                                 data-popupid=\"#19\">><\/a><\/div>\r\n                <\/div>\r\n                                <a href=\"#close\" class=\"close\"><\/a>\r\n                <div style=\"clear:both;\"><\/div>\r\n            <\/div>\r\n            <div class=\"popup-wrapper_3 popup-wrapper\">\r\n                <div class=\"image-block_3 image-block\">\r\n                                            <div class=\"hg_iframe_class\">\r\n                            <div class=\"hg_iframe_class_sub\"><\/div>\r\n                            <iframe class=\"hg_iframe_class\"\r\n                                    src=\"\/\/www.youtube.com\/embed\/O8Cql0YS_ks\" style=\"border: 0;\"\r\n                                    allowfullscreen><\/iframe>\r\n                        <\/div>\r\n                                                            <\/div>\r\n                <div class=\"right-block\">\r\n                    <h3\r\n                        class=\"title\">Video de Marcelo Bielsa<\/h3>                                            <div\r\n                            class=\"description\">Video de Marcelo Bielsa<\/div>                                                                                    <div style=\"clear:both;\"><\/div>\r\n                <\/div>\r\n                <div style=\"clear:both;\"><\/div>\r\n            <\/div>\r\n        <\/li>\r\n        <\/ul><style>\r\n#huge_it_videogallery_content_3 a{\r\n\tborder:0;\r\n}\r\n\r\n#huge_it_videogallery_content_3 #huge_it_videogallery_container_3 .video-element_3 {\r\n\twidth: 100%;\r\n\tmax-width:279px;\r\n\theight:207px;\r\n\tmargin: 0 0 10px 0;\r\n\tbackground:#F9F9F9;\r\n\tborder:1px solid #DEDEDE;\r\n\toutline:none;\r\n\tbox-sizing: border-box;\r\n}\r\n#huge_it_videogallery_content_3 #huge_it_videogallery_container_3 .video-element_3.no-video-title{\r\n\theight:162px;\r\n}\r\n#huge_it_videogallery_content_3 #huge_it_videogallery_container_3 .video-element_3 .image-block_3 {\r\n\tposition:relative;\r\n\twidth:100%;\r\n}\r\n\r\n#huge_it_videogallery_content_3 #huge_it_videogallery_container_3 .video-element_3 .image-block_3 img {\r\n\twidth:100% !important;\r\n\tmax-width:277px !important;\r\n\theight:160px !important;\r\n\t\r\n\tdisplay:block;\r\n\tborder-radius: 0 !important;\r\n\tbox-shadow: 0 0 0 rgba(0, 0, 0, 0) !important;\r\n}\r\n\r\n#huge_it_videogallery_content_3 #huge_it_videogallery_container_3 .video-element_3 .image-block_3 .videogallery-image-overlay {\r\n\tposition:absolute;\r\n\ttop: 0;\r\n\tleft: 0;\r\n\twidth:100%;\r\n\theight:100%;\r\n\tbackground: rgba(255,255,255,0.7)  !important;\r\n\tdisplay:none;\r\n}\r\n\r\n#huge_it_videogallery_content_3 #huge_it_videogallery_container_3 .video-element_3:hover .image-block_3  .videogallery-image-overlay {\r\n\tdisplay:block;\r\n}\r\n\r\n#huge_it_videogallery_content_3 #huge_it_videogallery_container_3 .video-element_3 .image-block_3 .videogallery-image-overlay a {\r\n\tposition:absolute;\r\n\ttop: 0;\r\n\tleft: 0;\r\n\tdisplay:block;\r\n\twidth:100%;\r\n\theight:100%;\r\n\tbox-shadow: none !important;\r\n\tbackground:url('https:\/\/fundacionperiodismo.org\/educamedios\/wp-content\/plugins\/gallery-video\/assets\/images\/admin_images\/zoom.light.png') center center no-repeat;\r\n}\r\n\r\n#huge_it_videogallery_content_3 #huge_it_videogallery_container_3 .video-element_3 .title-block_3 {\r\n\tposition:relative;\r\n\theight: 30px;\r\n\tmargin: 0;\r\n\tpadding: 15px 0 15px 0;\r\n\t-webkit-box-shadow: inset 0 1px 0 rgba(0,0,0,.1);\r\n\tbox-shadow: inset 0 1px 0 rgba(0,0,0,.1);\r\n}\r\n\r\n#huge_it_videogallery_content_3 #huge_it_videogallery_container_3 .video-element_3 .title-block_3 h3 {\r\n\tposition:relative;\r\n\tmargin: 0 !important;\r\n\tpadding: 0 1% 5px 1% !important;\r\n\twidth:98%;\r\n\ttext-overflow: ellipsis;\r\n\toverflow: hidden;\r\n\twhite-space:nowrap;\r\n\tfont-weight:normal;\r\n\tfont-size: 18px !important;\r\n\tline-height: 18px !important;\r\n\tcolor:#222222;\r\n}\r\n\r\n#huge_it_videogallery_content_3 #huge_it_videogallery_container_3 .video-element_3 .title-block_3 .button-block {\r\n\tposition:absolute;\r\n\tright: 0;\r\n\ttop: 0;\r\n\tdisplay:none;\r\n\tvertical-align:middle;\r\n\t\/*height:30px;*\/\r\n\tpadding:10px 10px 4px 10px;\r\n\t\/* background: rgba(255,255,255,0.7)  !important; *\/\r\n\tborder-left: 1px solid rgba(0,0,0,.05);\r\n}\r\n.load_more5 {\r\n\tmargin: 10px 0;\r\n\tposition:relative;\r\n\ttext-align:center;\r\n\r\n\twidth:100%;\r\n\r\n\r\n}\r\n\r\n.load_more_button5 {\r\n\tborder-radius: 10px;\r\n\tdisplay:inline-block;\r\n\tpadding:5px 15px;\r\n\tfont-size:22px !important;;\r\n\tcolor:#FFFFFF !important;;\r\n\tbackground:#FF2C2C !important;\r\n\tcursor:pointer;\r\n\r\n}\r\n.load_more_button5:hover{\r\n\tcolor:#F2F2F2 !important;\r\n\tbackground:#991A1A !important;\r\n}\r\n\r\n.loading5 {\r\n\tdisplay:none;\r\n}\r\n.paginate5{\r\n\tfont-size:22px !important;\r\n\tcolor:#222222 !important;\r\n\ttext-align: left;\r\n\tmargin-top:15px;\r\n}\r\n.paginate5 a{\r\n\tborder-bottom: none !important;\r\n\tbox-shadow: none !important;\r\n}\r\n.icon-style5{\r\n\tfont-size: 22px !important;\r\n\tcolor:#FF2C2C !important;\r\n}\r\n.clear{\r\n\tclear:both;\r\n}\r\n\r\n#huge_it_videogallery_content_3 #huge_it_videogallery_container_3 .video-element_3:hover .title-block_3 .button-block {display:block;}\r\n\r\n#huge_it_videogallery_content_3 #huge_it_videogallery_container_3 .video-element_3 .title-block_3 a,.video-element_3 .title-block_3 a:link,.video-element_3 .title-block_3 a:visited,\r\n#huge_it_videogallery_content_3 #huge_it_videogallery_container_3 .video-element_3 .title-block_3 a:hover,.video-element_3 .title-block_3 a:focus,.video-element_3 .title-block_3 a:active {\r\n\tposition:relative;\r\n\tdisplay:block;\r\n\tvertical-align:middle;\r\n\tpadding: 3px 10px 3px 10px;\r\n\tborder-radius:3px;\r\n\tfont-size:14px;\r\n\tbackground:#FF2C2C;\r\n\tcolor:#FFFFFF;\r\n\ttext-decoration:none;\r\n}\r\n\r\n\/*#####POPUP#####*\/\r\n\r\n#huge_it_videogallery_popup_list_3 {\r\n\tposition:fixed;\r\n\tdisplay:table;\r\n\twidth:80%;\r\n\ttop:7%;\r\n\tleft:7%;\r\n\tmargin: 0 !important;\r\n\tpadding: 0 !important;\r\n\tlist-style:none;\r\n\tz-index:999999;\r\n\tdisplay:none;\r\n\theight:85%;\r\n}\r\n\r\n#huge_it_videogallery_popup_list_3.active {display:table;}\r\n\r\n#huge_it_videogallery_popup_list_3 li.pupup-element {\r\n\tposition:relative;\r\n\tdisplay:none;\r\n\twidth:100%;\r\n\tpadding:40px 0 20px 0;\r\n\tmin-height:100%;\r\n\tposition:relative;\r\n\tbackground:#FFFFFF;\r\n}\r\n\r\n#huge_it_videogallery_popup_list_3 li.pupup-element.active {\r\n\tdisplay:block;\r\n}\r\n\r\n#huge_it_videogallery_popup_list_3 .heading-navigation {\r\n\tposition:absolute;\r\n\twidth:100%;\r\n\theight:40px;\r\n\ttop: 0;\r\n\tleft: 0;\r\n\tz-index:2001;\r\n\tbackground:url('https:\/\/fundacionperiodismo.org\/educamedios\/wp-content\/plugins\/gallery-video\/assets\/images\/admin_images\/divider.line.png') center bottom repeat-x;\r\n}\r\n\r\n#huge_it_videogallery_popup_list_3 .heading-navigation .close,#huge_it_videogallery_popup_list_3 .heading-navigation .close:link, #huge_it_videogallery_popup_list_3 .heading-navigation .close:visited {\r\n\tposition:relative;\r\n\tfloat:right;\r\n\twidth:40px;\r\n\theight:40px;\r\n\tdisplay:block;\r\n\tbackground:url('https:\/\/fundacionperiodismo.org\/educamedios\/wp-content\/plugins\/gallery-video\/assets\/images\/admin_images\/close.popup.dark.png') center center no-repeat;\r\n\tborder-left:1px solid #ccc;\r\n\topacity:.65;\r\n}\r\n\r\n#huge_it_videogallery_popup_list_3 .heading-navigation .close:hover, #huge_it_videogallery_popup_list_3 .heading-navigation .close:focus, #huge_it_videogallery_popup_list_3 .heading-navigation .close:active {opacity:1;}\r\n\r\n\r\n#huge_it_videogallery_popup_list_3 li.pupup-element .popup-wrapper_3 {\r\n\tposition:relative;\r\n\twidth: 98%;\r\n\theight: 98%;\r\n\tpadding: 2% 0% 0% 2%;\r\n}\r\n\r\n#huge_it_videogallery_popup_list_3 .popup-wrapper_3 .image-block_3 {\r\n\twidth:55%;\r\n\tposition:relative;\r\n\tfloat:left;\r\n\tmargin-right:2%;\r\n\tborder-right:1px solid #ccc;\r\n\tmin-width:200px;\r\n}\r\n\r\n#huge_it_videogallery_popup_list_3 .popup-wrapper_3 .image-block_3 img {\r\n\twidth:100% !important;\r\n\tdisplay:block;\r\n}\r\n\r\n#huge_it_videogallery_popup_list_3 .popup-wrapper_3 .image-block_3 iframe  {\r\n\twidth:100% !important;\r\n\theight:100%;\r\n\tdisplay:block;\r\n\r\n}\r\n\r\n#huge_it_videogallery_popup_list_3 .popup-wrapper_3 .right-block {\r\n\twidth:42.8%;\r\n\theight: 100%;\r\n\tposition:relative;\r\n\tfloat:left;\r\n}\r\n\r\n#huge_it_videogallery_popup_list_3 li.pupup-element .popup-wrapper_3 .right-block > div {\r\n\tpadding-top: 10px;\r\n\tpadding-right: 4%;\r\n\tmargin-bottom: 10px;\r\n\tbackground:url('https:\/\/fundacionperiodismo.org\/educamedios\/wp-content\/plugins\/gallery-video\/assets\/images\/admin_images\/divider.line.png') center top repeat-x;\r\n}\r\n#huge_it_videogallery_popup_list_3 li.pupup-element .popup-wrapper_3 .right-block > div:last-child {background:none;}\r\n\r\n\r\n#huge_it_videogallery_popup_list_3 .popup-wrapper_3 .right-block .title {\r\n\tposition:relative;\r\n\tdisplay:block;\r\n\tmargin: 0 0 10px 0 !important;\r\n\tfont-size:18px !important;\r\n\tline-height:18px !important;\r\n\tcolor:#222222;\r\n}\r\n\r\n#huge_it_videogallery_popup_list_3 .popup-wrapper_3 .right-block .description {\r\n\tclear:both;\r\n\tposition:relative;\r\n\tfont-weight:normal;\r\n\ttext-align:justify;\r\n\tfont-size:14px !important;\r\n\tcolor:#222222;\r\n}\r\n\r\n#huge_it_videogallery_popup_list_3 .popup-wrapper_3 .right-block .description h1,\r\n#huge_it_videogallery_popup_list_3 .popup-wrapper_3 .right-block .description h2,\r\n#huge_it_videogallery_popup_list_3 .popup-wrapper_3 .right-block .description h3,\r\n#huge_it_videogallery_popup_list_3 .popup-wrapper_3 .right-block .description h4,\r\n#huge_it_videogallery_popup_list_3 .popup-wrapper_3 .right-block .description h5,\r\n#huge_it_videogallery_popup_list_3 .popup-wrapper_3 .right-block .description h6,\r\n#huge_it_videogallery_popup_list_3 .popup-wrapper_3 .right-block .description p,\r\n#huge_it_videogallery_popup_list_3 .popup-wrapper_3 .right-block .description strong,\r\n#huge_it_videogallery_popup_list_3 .popup-wrapper_3 .right-block .description span {\r\n\tpadding:2px !important;\r\n\tmargin: 0 !important;\r\n}\r\n\r\n#huge_it_videogallery_popup_list_3 .popup-wrapper_3 .right-block .description ul,\r\n#huge_it_videogallery_popup_list_3 .popup-wrapper_3 .right-block .description li {\r\n\tpadding:2px 0 2px 5px;\r\n\tmargin: 0 0 0 8px;\r\n}\r\n\r\n#huge_it_videogallery_popup_list_3 .popup-wrapper_3 .right-block ul.thumbs-list {\r\n\tlist-style:none;\r\n\tdisplay:table;\r\n\tposition:relative;\r\n\tclear:both;\r\n\twidth:100%;\r\n\tmargin: 0 auto;\r\n\tpadding: 0;\r\n}\r\n\r\n#huge_it_videogallery_popup_list_3 .popup-wrapper_3 .right-block ul.thumbs-list li {\r\n\tdisplay:block;\r\n\tfloat:left;\r\n\twidth:75px;\r\n\theight:75px;\r\n\tmargin: 0 2% 5px 1% !important;\r\n\topacity:0.45;\r\n}\r\n\r\n#huge_it_videogallery_popup_list_3 .popup-wrapper_3 .right-block ul.thumbs-list li.active,#huge_it_videogallery_popup_list_3 .popup-wrapper_3 .right-block ul.thumbs-list li:hover {\r\n\topacity:1;\r\n}\r\n\r\n#huge_it_videogallery_popup_list_3 .popup-wrapper_3 .right-block ul.thumbs-list li a {\r\n\tdisplay:block;\r\n}\r\n\r\n#huge_it_videogallery_popup_list_3 .popup-wrapper_3 .right-block ul.thumbs-list li img {\r\n\twidth:75px !important;\r\n\theight:75px !important;\r\n}\r\n\/**\/\r\n#huge_it_videogallery_popup_list_3 .heading-navigation .left-change, #huge_it_videogallery_popup_list_3 .heading-navigation .right-change{\r\n\twidth: 40px;\r\n\theight: 39px;\r\n\tfont-size: 25px;\r\n\tdisplay: inline-block;\r\n\ttext-align: center;\r\n\tborder: 1px solid #eee;\r\n\tborder-bottom: none;\r\n\tborder-top: none;\r\n}\r\n#huge_it_videogallery_popup_list_3 .heading-navigation .right-change{\r\n\tposition: relative;\r\n\tmargin-left: -6px;\r\n}\r\n#huge_it_videogallery_popup_list_3 .heading-navigation .right-change:hover, #huge_it_videogallery_popup_list_3 .heading-navigation .left-change:hover{\r\n\tbackground: #ddd;\r\n\tborder-color: #ccc;\r\n\tcolor: #000 !important;\r\n\tcursor: pointer;\r\n}\r\n\r\n#huge_it_videogallery_popup_list_3 .heading-navigation .right-change a, #huge_it_videogallery_popup_list_3 .heading-navigation .left-change a{\r\n\tposition: absolute;\r\n\ttop:50%;\r\n\ttransform: translate(-50%, -50%);\r\n\tcolor: #777;\r\n\ttext-decoration: none;\r\n\twidth: 12px;\r\n\theight: 24px;\r\n\tdisplay: inline-block;\r\n\tline-height:1;\r\n}\r\n\r\n\r\n\/**\/\r\n\r\n.pupup-element .button-block {\r\n\tposition:relative;\r\n}\r\n\r\n.pupup-element .button-block a,.pupup-element .button-block a:link,.pupup-element .button-block a:visited {\r\n\tposition:relative;\r\n\tdisplay:inline-block;\r\n\tpadding:6px 12px;\r\n\tbackground:#FF2C2C;\r\n\tcolor:#FFFFFF;\r\n\tfont-size:14px;\r\n\ttext-decoration:none;\r\n}\r\n\r\n.pupup-element .button-block a:hover,.pupup-element .button-block a:focus,.pupup-element .button-block a:active {\r\n\tbackground:#C02121;\r\n\tcolor:#FFFFFF;\r\n}\r\n\r\n\r\n#huge-popup-overlay {\r\n\tposition:fixed;\r\n\ttop: 0;\r\n\tleft: 0;\r\n\twidth:100%;\r\n\theight:100%;\r\n\tz-index:199;\r\n\tbackground: rgba(0,0,0,0.7)  !important}\r\n\r\n\r\n@media only screen and (max-width: 767px) {\r\n\r\n\t#huge_it_videogallery_popup_list_3 {\r\n\t\tposition:absolute;\r\n\t\tleft: 0;\r\n\t\ttop: 0;\r\n\t\twidth:100%;\r\n\t\theight:auto !important;\r\n\t\tleft: 0;\r\n\t}\r\n\r\n\t#huge_it_videogallery_popup_list_3 li.pupup-element {\r\n\t\tmargin: 0;\r\n\t\theight:auto !important;\r\n\t\tposition:absolute;\r\n\t\tleft: 0;\r\n\t\ttop: 0;\r\n\t}\r\n\r\n\t#huge_it_videogallery_popup_list_3 li.pupup-element .popup-wrapper_3 {\r\n\t\theight:auto !important;\r\n\t}\r\n\r\n\r\n\t#huge_it_videogallery_popup_list_3 .popup-wrapper_3 .image-block_3 {\r\n\t\twidth:100%;\r\n\t\tfloat:none;\r\n\t\tclear:both;\r\n\t\tmargin-right: 0;\r\n\t\tborder-right: 0;\r\n\t}\r\n\r\n\t#huge_it_videogallery_popup_list_3 .popup-wrapper_3 .right-block {\r\n\t\twidth:100%;\r\n\t\tfloat:none;\r\n\t\tclear:both;\r\n\t\tmargin-right: 0;\r\n\t\tborder-right: 0;\r\n\t}\r\n\r\n\t#huge-popup-overlay {\r\n\t\tposition:fixed;\r\n\t\ttop: 0;\r\n\t\tleft: 0;\r\n\t\twidth:100%;\r\n\t\theight:100%;\r\n\t\tz-index:199;\r\n\t}\r\n}\r\n.hg_iframe_class_sub {\r\n\twidth: 100%;\r\n\theight: 100%;\r\n\tposition: absolute;\r\n}\r\n\r\n.hg_display_none_block {\r\n\tdisplay: none;\r\n}\r\n<\/style>\n","protected":false},"excerpt":{"rendered":"","protected":false},"author":1,"featured_media":0,"parent":0,"menu_order":0,"comment_status":"closed","ping_status":"closed","template":"","meta":{"footnotes":""},"class_list":["post-734","page","type-page","status-publish","hentry"],"_links":{"self":[{"href":"https:\/\/fundacionperiodismo.org\/educamedios\/wp-json\/wp\/v2\/pages\/734","targetHints":{"allow":["GET"]}}],"collection":[{"href":"https:\/\/fundacionperiodismo.org\/educamedios\/wp-json\/wp\/v2\/pages"}],"about":[{"href":"https:\/\/fundacionperiodismo.org\/educamedios\/wp-json\/wp\/v2\/types\/page"}],"author":[{"embeddable":true,"href":"https:\/\/fundacionperiodismo.org\/educamedios\/wp-json\/wp\/v2\/users\/1"}],"replies":[{"embeddable":true,"href":"https:\/\/fundacionperiodismo.org\/educamedios\/wp-json\/wp\/v2\/comments?post=734"}],"version-history":[{"count":1,"href":"https:\/\/fundacionperiodismo.org\/educamedios\/wp-json\/wp\/v2\/pages\/734\/revisions"}],"predecessor-version":[{"id":735,"href":"https:\/\/fundacionperiodismo.org\/educamedios\/wp-json\/wp\/v2\/pages\/734\/revisions\/735"}],"wp:attachment":[{"href":"https:\/\/fundacionperiodismo.org\/educamedios\/wp-json\/wp\/v2\/media?parent=734"}],"curies":[{"name":"wp","href":"https:\/\/api.w.org\/{rel}","templated":true}]}}