{"id":180,"date":"2020-11-19T14:49:09","date_gmt":"2020-11-19T14:49:09","guid":{"rendered":"https:\/\/fundacionperiodismo.org\/medialabfpp\/?page_id=180"},"modified":"2023-07-28T20:02:21","modified_gmt":"2023-07-28T20:02:21","slug":"quienes-somos","status":"publish","type":"page","link":"https:\/\/fundacionperiodismo.org\/medialabfpp\/quienes-somos\/","title":{"rendered":"\u00bfQui\u00e9nes somos?"},"content":{"rendered":"<p>La Fundaci\u00f3n para el Periodismo (FPP) impulsa, desde el 2019, una discusi\u00f3n colectiva y participativa sobre la era de la comunicaci\u00f3n que se inicia con la irrupci\u00f3n de las tecnolog\u00edas digitales y sus relaciones con las crisis que experimentan los medios de comunicaci\u00f3n tradicionales. \u00a0Si bien se puede detectar el inicio de la crisis en los primeros a\u00f1os del nuevo siglo, esta se agudiza al concluir la primera d\u00e9cada de los 2000. Las quiebras y cierres de medios as\u00ed como el despido masivo de periodistas y trabajadores de los medios son el resultado de un reacomodo en las estructuras sociales y econ\u00f3micas de esta nueva \u00e9poca, denominada la era de la informaci\u00f3n.<\/p>\n<p>En Bolivia la crisis es similar. Si bien no se ha lamentado el cierre de medios \u2013 lo que si sucedi\u00f3 en las d\u00e9cadas de los 90 y de los 2000 \u2013 se ha despedido a decenas de periodistas y varias empresas est\u00e1n al borde de la quiebra. Cerca al 90% de los medios tradicionales del pa\u00eds subsisten precariamente. Las viejas f\u00f3rmulas de la venta de espacios publicitarios contin\u00faan utiliz\u00e1ndose.<\/p>\n<p>La b\u00fasqueda de nuevas formas que ayuden a superar esta crisis es preocupaci\u00f3n de cientos de especialistas que proponen, por varios caminos, respuestas a una situaci\u00f3n cada d\u00eda m\u00e1s dif\u00edcil. Sin embargo, el problema no se reduce a la merma en los ingresos de los medios, tambi\u00e9n tiene que ver con la deserci\u00f3n de los p\u00fablicos, la generaci\u00f3n de contenidos obsoletos para las nuevas generaciones y el uso de tecnolog\u00edas an\u00e1logas.<\/p>\n<p>En este marco, la FPP ha desarrollado el 2019 el programa IdeaLab en cinco diferentes ciudades del pa\u00eds en el que recogi\u00f3 las opiniones de ciudadanos \u2013 la mayor\u00eda periodistas \u2013 sobre c\u00f3mo los medios podr\u00edan encarar esta crisis. Un a\u00f1o despu\u00e9s este ejercicio se fortaleci\u00f3 con los Laboratorios de Medios Nueva Generaci\u00f3n en los que se discutieron alternativas de soluci\u00f3n en siete diferentes \u00e1reas de crisis en los medios. Los resultados fueron muy alentadores. Los participantes reflexionaron, experimentaron y propusieron f\u00f3rmulas creativas e innovadoras.<\/p>\n<p>El desarrollo de\u00a0 los Laboratorios de Medios Nueva Generaci\u00f3n no s\u00f3lo propone impulsar un proceso creativo e innovador que confluya en una propuesta real y tangible, sino tambi\u00e9n en el desarrollo de una metodolog\u00eda de aprendizaje innovadora, participativa y motivadora. No son f\u00f3rmulas m\u00e1gicas las que se pretenden crear, sino una visi\u00f3n global a la configuraci\u00f3n del rol que desempe\u00f1an medios tradicional y digitales en la era de la comunicaci\u00f3n.<\/p>\n<p>La coordinaci\u00f3n general del programa Laboratorio de Medios: Nueva Generaci\u00f3n est\u00e1 a cargo de Dayana N. C\u00e1rdenas Carranza. La Direcci\u00f3n Ejecutiva de la Fundaci\u00f3n para el Periodismo la ejerce Ren\u00e1n Estenssoro.<\/p>\n<h1><strong>Metodolog\u00eda<\/strong><\/h1>\n<p>Los Laboratorios son espacios pr\u00e1ctico-te\u00f3ricos que desde su inauguraci\u00f3n tendr\u00e1n el firme prop\u00f3sito de elaborar colectivamente productos comunicacionales innovadores y que respondan a las necesidades de un p\u00fablico.<\/p>\n<p>El funcionamiento del laboratorio de medios tiene las siguientes caracter\u00edsticas:<\/p>\n<ol>\n<li>Es una metodolog\u00eda integrada por varias herramientas.<\/li>\n<li>Es un proceso interactivo y propositivo<\/li>\n<li>Es un espacio de aprendizaje colectivo<\/li>\n<li>Es un espacio de reflexi\u00f3n<\/li>\n<li>Es un espacio de experimentaci\u00f3n<\/li>\n<\/ol>\n<p>Si bien el laboratorio de medios es eminentemente un espacio para la experimentaci\u00f3n y la creaci\u00f3n, tambi\u00e9n es un proceso de aprendizaje interactivo que es impulsado por un grupo de especialistas, periodistas, soci\u00f3logos, entre otras personas, que representan a los medios y a la sociedad.<\/p>\n<p>El laboratorio de medios no es una herramienta sino una sumatoria de herramientas \u2013 propias de las ciencias sociales &#8211; que pueden ser utilizadas para resolver problemas inherentes a los medios o para dise\u00f1ar estrategias destinadas a mejorar su funcionamiento. Este espacio se alimenta y funciona a trav\u00e9s de una colaboraci\u00f3n multidisciplinaria en la que los participantes son protagonistas.<\/p>\n<h1><strong>Equipo<\/strong><\/h1>\n<h5><strong>Direcci\u00f3n Ejecutiva Fundaci\u00f3n para el Periodismo:<\/strong><\/h5>\n<p>Ren\u00e1n Estenssoro<\/p>\n<h5><strong>Coordinaci\u00f3n General Laboratorio de Medios: <\/strong><\/h5>\n<p>Tania Frank<\/p>\n","protected":false},"excerpt":{"rendered":"<p>La Fundaci\u00f3n para el Periodismo (FPP) impulsa, desde el 2019, una discusi\u00f3n colectiva y participativa sobre la era de la comunicaci\u00f3n que se inicia con la irrupci\u00f3n de las tecnolog\u00edas&hellip;<\/p>\n","protected":false},"author":1,"featured_media":0,"parent":0,"menu_order":0,"comment_status":"closed","ping_status":"closed","template":"","meta":{"footnotes":""},"class_list":["post-180","page","type-page","status-publish","hentry"],"yoast_head":"<!-- This site is optimized with the Yoast SEO plugin v27.2 - https:\/\/yoast.com\/product\/yoast-seo-wordpress\/ -->\n<title>\u00bfQui\u00e9nes somos? - MediaLab<\/title>\n<meta name=\"robots\" content=\"index, follow, max-snippet:-1, max-image-preview:large, max-video-preview:-1\" \/>\n<link rel=\"canonical\" href=\"https:\/\/fundacionperiodismo.org\/medialabfpp\/quienes-somos\/\" \/>\n<meta property=\"og:locale\" content=\"es_ES\" \/>\n<meta property=\"og:type\" content=\"article\" \/>\n<meta property=\"og:title\" content=\"\u00bfQui\u00e9nes somos? - MediaLab\" \/>\n<meta property=\"og:description\" content=\"La Fundaci\u00f3n para el Periodismo (FPP) impulsa, desde el 2019, una discusi\u00f3n colectiva y participativa sobre la era de la comunicaci\u00f3n que se inicia con la irrupci\u00f3n de las tecnolog\u00edas&hellip;\" \/>\n<meta property=\"og:url\" content=\"https:\/\/fundacionperiodismo.org\/medialabfpp\/quienes-somos\/\" \/>\n<meta property=\"og:site_name\" content=\"MediaLab\" \/>\n<meta property=\"article:modified_time\" content=\"2023-07-28T20:02:21+00:00\" \/>\n<meta name=\"twitter:card\" content=\"summary_large_image\" \/>\n<meta name=\"twitter:label1\" content=\"Tiempo de lectura\" \/>\n\t<meta name=\"twitter:data1\" content=\"3 minutos\" \/>\n<script type=\"application\/ld+json\" class=\"yoast-schema-graph\">{\"@context\":\"https:\/\/schema.org\",\"@graph\":[{\"@type\":\"WebPage\",\"@id\":\"https:\/\/fundacionperiodismo.org\/medialabfpp\/quienes-somos\/\",\"url\":\"https:\/\/fundacionperiodismo.org\/medialabfpp\/quienes-somos\/\",\"name\":\"\u00bfQui\u00e9nes somos? - MediaLab\",\"isPartOf\":{\"@id\":\"https:\/\/fundacionperiodismo.org\/medialabfpp\/#website\"},\"datePublished\":\"2020-11-19T14:49:09+00:00\",\"dateModified\":\"2023-07-28T20:02:21+00:00\",\"breadcrumb\":{\"@id\":\"https:\/\/fundacionperiodismo.org\/medialabfpp\/quienes-somos\/#breadcrumb\"},\"inLanguage\":\"es\",\"potentialAction\":[{\"@type\":\"ReadAction\",\"target\":[\"https:\/\/fundacionperiodismo.org\/medialabfpp\/quienes-somos\/\"]}]},{\"@type\":\"BreadcrumbList\",\"@id\":\"https:\/\/fundacionperiodismo.org\/medialabfpp\/quienes-somos\/#breadcrumb\",\"itemListElement\":[{\"@type\":\"ListItem\",\"position\":1,\"name\":\"Portada\",\"item\":\"https:\/\/fundacionperiodismo.org\/medialabfpp\/\"},{\"@type\":\"ListItem\",\"position\":2,\"name\":\"\u00bfQui\u00e9nes somos?\"}]},{\"@type\":\"WebSite\",\"@id\":\"https:\/\/fundacionperiodismo.org\/medialabfpp\/#website\",\"url\":\"https:\/\/fundacionperiodismo.org\/medialabfpp\/\",\"name\":\"MediaLab\",\"description\":\"Laboratorio de Medios: Nueva Generaci\u00f3n\",\"publisher\":{\"@id\":\"https:\/\/fundacionperiodismo.org\/medialabfpp\/#organization\"},\"potentialAction\":[{\"@type\":\"SearchAction\",\"target\":{\"@type\":\"EntryPoint\",\"urlTemplate\":\"https:\/\/fundacionperiodismo.org\/medialabfpp\/?s={search_term_string}\"},\"query-input\":{\"@type\":\"PropertyValueSpecification\",\"valueRequired\":true,\"valueName\":\"search_term_string\"}}],\"inLanguage\":\"es\"},{\"@type\":\"Organization\",\"@id\":\"https:\/\/fundacionperiodismo.org\/medialabfpp\/#organization\",\"name\":\"MediaLab\",\"url\":\"https:\/\/fundacionperiodismo.org\/medialabfpp\/\",\"logo\":{\"@type\":\"ImageObject\",\"inLanguage\":\"es\",\"@id\":\"https:\/\/fundacionperiodismo.org\/medialabfpp\/#\/schema\/logo\/image\/\",\"url\":\"https:\/\/fundacionperiodismo.org\/medialabfpp\/wp-content\/uploads\/2023\/08\/logo-2023.png\",\"contentUrl\":\"https:\/\/fundacionperiodismo.org\/medialabfpp\/wp-content\/uploads\/2023\/08\/logo-2023.png\",\"width\":500,\"height\":356,\"caption\":\"MediaLab\"},\"image\":{\"@id\":\"https:\/\/fundacionperiodismo.org\/medialabfpp\/#\/schema\/logo\/image\/\"}}]}<\/script>\n<!-- \/ Yoast SEO plugin. -->","yoast_head_json":{"title":"\u00bfQui\u00e9nes somos? - MediaLab","robots":{"index":"index","follow":"follow","max-snippet":"max-snippet:-1","max-image-preview":"max-image-preview:large","max-video-preview":"max-video-preview:-1"},"canonical":"https:\/\/fundacionperiodismo.org\/medialabfpp\/quienes-somos\/","og_locale":"es_ES","og_type":"article","og_title":"\u00bfQui\u00e9nes somos? - MediaLab","og_description":"La Fundaci\u00f3n para el Periodismo (FPP) impulsa, desde el 2019, una discusi\u00f3n colectiva y participativa sobre la era de la comunicaci\u00f3n que se inicia con la irrupci\u00f3n de las tecnolog\u00edas&hellip;","og_url":"https:\/\/fundacionperiodismo.org\/medialabfpp\/quienes-somos\/","og_site_name":"MediaLab","article_modified_time":"2023-07-28T20:02:21+00:00","twitter_card":"summary_large_image","twitter_misc":{"Tiempo de lectura":"3 minutos"},"schema":{"@context":"https:\/\/schema.org","@graph":[{"@type":"WebPage","@id":"https:\/\/fundacionperiodismo.org\/medialabfpp\/quienes-somos\/","url":"https:\/\/fundacionperiodismo.org\/medialabfpp\/quienes-somos\/","name":"\u00bfQui\u00e9nes somos? - MediaLab","isPartOf":{"@id":"https:\/\/fundacionperiodismo.org\/medialabfpp\/#website"},"datePublished":"2020-11-19T14:49:09+00:00","dateModified":"2023-07-28T20:02:21+00:00","breadcrumb":{"@id":"https:\/\/fundacionperiodismo.org\/medialabfpp\/quienes-somos\/#breadcrumb"},"inLanguage":"es","potentialAction":[{"@type":"ReadAction","target":["https:\/\/fundacionperiodismo.org\/medialabfpp\/quienes-somos\/"]}]},{"@type":"BreadcrumbList","@id":"https:\/\/fundacionperiodismo.org\/medialabfpp\/quienes-somos\/#breadcrumb","itemListElement":[{"@type":"ListItem","position":1,"name":"Portada","item":"https:\/\/fundacionperiodismo.org\/medialabfpp\/"},{"@type":"ListItem","position":2,"name":"\u00bfQui\u00e9nes somos?"}]},{"@type":"WebSite","@id":"https:\/\/fundacionperiodismo.org\/medialabfpp\/#website","url":"https:\/\/fundacionperiodismo.org\/medialabfpp\/","name":"MediaLab","description":"Laboratorio de Medios: Nueva Generaci\u00f3n","publisher":{"@id":"https:\/\/fundacionperiodismo.org\/medialabfpp\/#organization"},"potentialAction":[{"@type":"SearchAction","target":{"@type":"EntryPoint","urlTemplate":"https:\/\/fundacionperiodismo.org\/medialabfpp\/?s={search_term_string}"},"query-input":{"@type":"PropertyValueSpecification","valueRequired":true,"valueName":"search_term_string"}}],"inLanguage":"es"},{"@type":"Organization","@id":"https:\/\/fundacionperiodismo.org\/medialabfpp\/#organization","name":"MediaLab","url":"https:\/\/fundacionperiodismo.org\/medialabfpp\/","logo":{"@type":"ImageObject","inLanguage":"es","@id":"https:\/\/fundacionperiodismo.org\/medialabfpp\/#\/schema\/logo\/image\/","url":"https:\/\/fundacionperiodismo.org\/medialabfpp\/wp-content\/uploads\/2023\/08\/logo-2023.png","contentUrl":"https:\/\/fundacionperiodismo.org\/medialabfpp\/wp-content\/uploads\/2023\/08\/logo-2023.png","width":500,"height":356,"caption":"MediaLab"},"image":{"@id":"https:\/\/fundacionperiodismo.org\/medialabfpp\/#\/schema\/logo\/image\/"}}]}},"_links":{"self":[{"href":"https:\/\/fundacionperiodismo.org\/medialabfpp\/wp-json\/wp\/v2\/pages\/180","targetHints":{"allow":["GET"]}}],"collection":[{"href":"https:\/\/fundacionperiodismo.org\/medialabfpp\/wp-json\/wp\/v2\/pages"}],"about":[{"href":"https:\/\/fundacionperiodismo.org\/medialabfpp\/wp-json\/wp\/v2\/types\/page"}],"author":[{"embeddable":true,"href":"https:\/\/fundacionperiodismo.org\/medialabfpp\/wp-json\/wp\/v2\/users\/1"}],"replies":[{"embeddable":true,"href":"https:\/\/fundacionperiodismo.org\/medialabfpp\/wp-json\/wp\/v2\/comments?post=180"}],"version-history":[{"count":6,"href":"https:\/\/fundacionperiodismo.org\/medialabfpp\/wp-json\/wp\/v2\/pages\/180\/revisions"}],"predecessor-version":[{"id":3124,"href":"https:\/\/fundacionperiodismo.org\/medialabfpp\/wp-json\/wp\/v2\/pages\/180\/revisions\/3124"}],"wp:attachment":[{"href":"https:\/\/fundacionperiodismo.org\/medialabfpp\/wp-json\/wp\/v2\/media?parent=180"}],"curies":[{"name":"wp","href":"https:\/\/api.w.org\/{rel}","templated":true}]}}