{"id":26,"date":"2021-04-10T02:58:58","date_gmt":"2021-04-10T02:58:58","guid":{"rendered":"https:\/\/fundacionperiodismo.org\/periodismo-cientifico-covid-19\/?page_id=26"},"modified":"2021-04-26T14:39:58","modified_gmt":"2021-04-26T14:39:58","slug":"presentacion","status":"publish","type":"page","link":"https:\/\/fundacionperiodismo.org\/periodismo-cientifico-covid-19\/presentacion\/","title":{"rendered":"Presentaci\u00f3n"},"content":{"rendered":"<body>\n<p><strong>PERIODISMO POR UNA MEJOR CALIDAD DE VIDA<\/strong><\/p>\n\n\n\n<p>La pandemia del COVID-19 se ha constituido en el suceso informativo m\u00e1s importante en lo que va del Siglo XXI en la llamada aldea global. Su intempestiva aparici\u00f3n, su veloz propagaci\u00f3n y las consecuencias que ha desencadenado representan un enorme reto para el periodismo.<\/p>\n\n\n\n<p>De la misma manera en que las naciones del mundo y la ciencia se enfrentaron a algo desconocido de inicio, periodistas y medios de comunicaci\u00f3n tuvieron que administrar un enorme caudal de datos en un contexto adverso, en procura de informaci\u00f3n contrastada.<\/p>\n\n\n\n<p>La escasa comunicaci\u00f3n oficial y cient\u00edfica disponibles al principio de la pandemia y el alud de contenidos falsos, enga\u00f1osos y distorsionados que circulan, sobre todo por redes sociales, complejizan la misi\u00f3n period\u00edstica. Pese a los esfuerzos realizados por las Redacciones, la crisis sanitaria confirma la importancia y necesidad de un periodismo especializado en ciencia y salud, un privilegio hasta hoy reservado para los grandes medios del orbe.<\/p>\n\n\n\n<p>Con un plan de estudios y de trabajo que condensa los aspectos m\u00e1s importantes de la cobertura y producci\u00f3n period\u00edstica en materia de salud y COVID-19, la Fundaci\u00f3n Para el Periodismo, la Deutsche Welle Akademie y la Universidad Nuestra Se\u00f1ora de La Paz desarrollaron el Diplomado en Periodismo Cient\u00edfico \u2013 Cobertura y Procesamiento de la Informaci\u00f3n COVID-19.<\/p>\n\n\n\n<p>Las sesiones de formaci\u00f3n virtual, sincr\u00f3nica y asincr\u00f3nica, reafirmaron los principios del periodismo: la producci\u00f3n de informaci\u00f3n basada en evidencia, plural, oportuna y \u00e9tica, pero con alta incidencia en los enfoques educativo y preventivo, en procura de una mejor calidad de vida para la poblaci\u00f3n y mejores sistemas de salud.<\/p>\n\n\n\n<p>Fruto de la formaci\u00f3n, un equipo de 12 periodistas y comunicadores de diversas regiones del pa\u00eds proponen tres grandes reportajes multimedia sobre tres temas de inter\u00e9s ciudadano. Por un lado, la vacunaci\u00f3n contra el COVID-19, su limitada disponibilidad y la esperanza que genera. Por otro, las inesperadas secuelas de la infecci\u00f3n en los pacientes recuperados. Y finalmente, la confluencia de la pandemia y la infodemia, un fen\u00f3meno que amenaza a una buena gesti\u00f3n de la crisis sanitaria.<\/p>\n\n\n\n<p>Los reportajes ofrecen al lector informaci\u00f3n abundante, jerarquizada y de fuentes confiables, con \u00e9nfasis en los mecanismos preventivos. Esperamos sean de su inter\u00e9s y utilidad.<\/p>\n\n\n\n<p><em>\u201cLos periodistas tienen el poder de contar historias e inspirar a las personas a actuar de manera colectiva. La solidaridad es necesaria para superar esta pandemia\u201d (OMS\/OPS)<\/em><\/p>\n\n\n\n<hr class=\"wp-block-separator\">\n\n\n\n<p>Este diplomado fue posible gracias al apoyo de:<\/p>\n\n\n\n<figure class=\"wp-block-image size-large\"><img data-recalc-dims=\"1\" decoding=\"async\" width=\"1000\" height=\"261\" src=\"https:\/\/i0.wp.com\/fundacionperiodismo.org\/periodismo-cientifico-covid-19\/wp-content\/uploads\/2021\/04\/WhatsApp-Image-2021-04-26-at-9.59.35-AM.jpeg?resize=1000%2C261&#038;ssl=1\" alt=\"\" class=\"wp-image-125\" loading=\"lazy\" srcset=\"https:\/\/i0.wp.com\/fundacionperiodismo.org\/periodismo-cientifico-covid-19\/wp-content\/uploads\/2021\/04\/WhatsApp-Image-2021-04-26-at-9.59.35-AM.jpeg?resize=1024%2C267&amp;ssl=1 1024w, https:\/\/i0.wp.com\/fundacionperiodismo.org\/periodismo-cientifico-covid-19\/wp-content\/uploads\/2021\/04\/WhatsApp-Image-2021-04-26-at-9.59.35-AM.jpeg?resize=300%2C78&amp;ssl=1 300w, https:\/\/i0.wp.com\/fundacionperiodismo.org\/periodismo-cientifico-covid-19\/wp-content\/uploads\/2021\/04\/WhatsApp-Image-2021-04-26-at-9.59.35-AM.jpeg?resize=768%2C200&amp;ssl=1 768w, https:\/\/i0.wp.com\/fundacionperiodismo.org\/periodismo-cientifico-covid-19\/wp-content\/uploads\/2021\/04\/WhatsApp-Image-2021-04-26-at-9.59.35-AM.jpeg?w=1280&amp;ssl=1 1280w\" sizes=\"auto, (max-width: 1000px) 100vw, 1000px\" \/><\/figure>\n<\/body>","protected":false},"excerpt":{"rendered":"<p>PERIODISMO POR UNA MEJOR CALIDAD DE VIDA La pandemia del COVID-19 se ha constituido en el suceso informativo m\u00e1s importante en lo que va del Siglo XXI en la llamada aldea global. Su intempestiva aparici\u00f3n, su veloz propagaci\u00f3n y las consecuencias que ha desencadenado representan un enorme reto para el periodismo. De la misma manera [&hellip;]<\/p>\n","protected":false},"author":1,"featured_media":0,"parent":0,"menu_order":0,"comment_status":"closed","ping_status":"closed","template":"","meta":{"om_disable_all_campaigns":false,"footnotes":""},"class_list":["post-26","page","type-page","status-publish","hentry"],"jetpack_sharing_enabled":true,"_links":{"self":[{"href":"https:\/\/fundacionperiodismo.org\/periodismo-cientifico-covid-19\/wp-json\/wp\/v2\/pages\/26","targetHints":{"allow":["GET"]}}],"collection":[{"href":"https:\/\/fundacionperiodismo.org\/periodismo-cientifico-covid-19\/wp-json\/wp\/v2\/pages"}],"about":[{"href":"https:\/\/fundacionperiodismo.org\/periodismo-cientifico-covid-19\/wp-json\/wp\/v2\/types\/page"}],"author":[{"embeddable":true,"href":"https:\/\/fundacionperiodismo.org\/periodismo-cientifico-covid-19\/wp-json\/wp\/v2\/users\/1"}],"replies":[{"embeddable":true,"href":"https:\/\/fundacionperiodismo.org\/periodismo-cientifico-covid-19\/wp-json\/wp\/v2\/comments?post=26"}],"version-history":[{"count":6,"href":"https:\/\/fundacionperiodismo.org\/periodismo-cientifico-covid-19\/wp-json\/wp\/v2\/pages\/26\/revisions"}],"predecessor-version":[{"id":158,"href":"https:\/\/fundacionperiodismo.org\/periodismo-cientifico-covid-19\/wp-json\/wp\/v2\/pages\/26\/revisions\/158"}],"wp:attachment":[{"href":"https:\/\/fundacionperiodismo.org\/periodismo-cientifico-covid-19\/wp-json\/wp\/v2\/media?parent=26"}],"curies":[{"name":"wp","href":"https:\/\/api.w.org\/{rel}","templated":true}]}}