{"id":34,"date":"2021-04-25T20:27:16","date_gmt":"2021-04-25T20:27:16","guid":{"rendered":"https:\/\/fundacionperiodismo.org\/periodismo-cientifico-covid-19\/?page_id=34"},"modified":"2021-05-02T22:37:42","modified_gmt":"2021-05-02T22:37:42","slug":"integrantes","status":"publish","type":"page","link":"https:\/\/fundacionperiodismo.org\/periodismo-cientifico-covid-19\/integrantes\/","title":{"rendered":"Integrantes"},"content":{"rendered":"<body>\n<p>Participaron del presente diplomado las siguientes personas: <\/p>\n\n\n\n<div class=\"wp-block-columns is-layout-flex wp-container-core-columns-is-layout-9d6595d7 wp-block-columns-is-layout-flex\">\n<div class=\"wp-block-column is-layout-flow wp-block-column-is-layout-flow\">\n<figure class=\"wp-block-image size-large is-style-rounded\"><img data-recalc-dims=\"1\" decoding=\"async\" width=\"366\" height=\"366\" src=\"https:\/\/i0.wp.com\/fundacionperiodismo.org\/periodismo-cientifico-covid-19\/wp-content\/uploads\/2021\/04\/Victor-Hugo-Perales-1.jpeg?resize=366%2C366&#038;ssl=1\" alt=\"\" class=\"wp-image-85\" loading=\"lazy\" srcset=\"https:\/\/i0.wp.com\/fundacionperiodismo.org\/periodismo-cientifico-covid-19\/wp-content\/uploads\/2021\/04\/Victor-Hugo-Perales-1.jpeg?w=366&amp;ssl=1 366w, https:\/\/i0.wp.com\/fundacionperiodismo.org\/periodismo-cientifico-covid-19\/wp-content\/uploads\/2021\/04\/Victor-Hugo-Perales-1.jpeg?resize=300%2C300&amp;ssl=1 300w, https:\/\/i0.wp.com\/fundacionperiodismo.org\/periodismo-cientifico-covid-19\/wp-content\/uploads\/2021\/04\/Victor-Hugo-Perales-1.jpeg?resize=150%2C150&amp;ssl=1 150w\" sizes=\"auto, (max-width: 366px) 100vw, 366px\" \/><\/figure>\n<\/div>\n\n\n\n<div class=\"wp-block-column is-layout-flow wp-block-column-is-layout-flow\">\n<p><\/p>\n\n\n\n<p><\/p>\n\n\n\n<p><\/p>\n\n\n\n<p class=\"has-text-align-left\">V\u00edctor Hugo Perales Miranda. Soci\u00f3logo. M\u00e1ster en Historia de Am\u00e9rica Latina por la Universidad Pablo de Olavide de Sevilla-Espa\u00f1a. Docente de las carreras de Sociolog\u00eda de la UMSA y UPEA. Investigador social en temas relacionados al agua. E-mail: <a href=\"mailto:victorhugo76@gmail.com\">victorhugo76@gmail.com<\/a><\/p>\n<\/div>\n<\/div>\n\n\n\n<hr class=\"wp-block-separator\">\n\n\n\n<div class=\"wp-block-columns is-layout-flex wp-container-core-columns-is-layout-9d6595d7 wp-block-columns-is-layout-flex\">\n<div class=\"wp-block-column is-layout-flow wp-block-column-is-layout-flow\">\n<p><\/p>\n\n\n\n<p><\/p>\n\n\n\n<p><\/p>\n\n\n\n<p>Ver\u00f3nica Julieta Cuestas Medrano. Licenciada en Ciencias de la Comunicaci\u00f3n de la U.A.G.R.M (Santa Cruz). Magister en Educaci\u00f3n Superior y periodista digital de Kandire.bo<\/p>\n<\/div>\n\n\n\n<div class=\"wp-block-column is-layout-flow wp-block-column-is-layout-flow\">\n<figure class=\"wp-block-image size-large is-style-rounded\"><img data-recalc-dims=\"1\" decoding=\"async\" width=\"366\" height=\"366\" src=\"https:\/\/i0.wp.com\/fundacionperiodismo.org\/periodismo-cientifico-covid-19\/wp-content\/uploads\/2021\/04\/Veronica-Cuestas-1.jpg?resize=366%2C366&#038;ssl=1\" alt=\"\" class=\"wp-image-84\" loading=\"lazy\" srcset=\"https:\/\/i0.wp.com\/fundacionperiodismo.org\/periodismo-cientifico-covid-19\/wp-content\/uploads\/2021\/04\/Veronica-Cuestas-1.jpg?w=366&amp;ssl=1 366w, https:\/\/i0.wp.com\/fundacionperiodismo.org\/periodismo-cientifico-covid-19\/wp-content\/uploads\/2021\/04\/Veronica-Cuestas-1.jpg?resize=300%2C300&amp;ssl=1 300w, https:\/\/i0.wp.com\/fundacionperiodismo.org\/periodismo-cientifico-covid-19\/wp-content\/uploads\/2021\/04\/Veronica-Cuestas-1.jpg?resize=150%2C150&amp;ssl=1 150w\" sizes=\"auto, (max-width: 366px) 100vw, 366px\" \/><\/figure>\n<\/div>\n<\/div>\n\n\n\n<hr class=\"wp-block-separator\">\n\n\n\n<div class=\"wp-block-columns is-layout-flex wp-container-core-columns-is-layout-9d6595d7 wp-block-columns-is-layout-flex\">\n<div class=\"wp-block-column is-layout-flow wp-block-column-is-layout-flow\">\n<figure class=\"wp-block-image size-large is-style-rounded\"><img data-recalc-dims=\"1\" decoding=\"async\" width=\"366\" height=\"366\" src=\"https:\/\/i0.wp.com\/fundacionperiodismo.org\/periodismo-cientifico-covid-19\/wp-content\/uploads\/2021\/04\/Alejandra-Arrien-1.jpeg?resize=366%2C366&#038;ssl=1\" alt=\"\" class=\"wp-image-73\" loading=\"lazy\" srcset=\"https:\/\/i0.wp.com\/fundacionperiodismo.org\/periodismo-cientifico-covid-19\/wp-content\/uploads\/2021\/04\/Alejandra-Arrien-1.jpeg?w=366&amp;ssl=1 366w, https:\/\/i0.wp.com\/fundacionperiodismo.org\/periodismo-cientifico-covid-19\/wp-content\/uploads\/2021\/04\/Alejandra-Arrien-1.jpeg?resize=300%2C300&amp;ssl=1 300w, https:\/\/i0.wp.com\/fundacionperiodismo.org\/periodismo-cientifico-covid-19\/wp-content\/uploads\/2021\/04\/Alejandra-Arrien-1.jpeg?resize=150%2C150&amp;ssl=1 150w\" sizes=\"auto, (max-width: 366px) 100vw, 366px\" \/><\/figure>\n<\/div>\n\n\n\n<div class=\"wp-block-column is-layout-flow wp-block-column-is-layout-flow\">\n<p><\/p>\n\n\n\n<p><\/p>\n\n\n\n<p><\/p>\n\n\n\n<p>Alejandra Arrien del Carpio, periodista con 15 a\u00f1os de trayectoria. Trabaj\u00f3 en el peri\u00f3dico La Raz\u00f3n, en el peri\u00f3dico digital Ox\u00edgeno y desde hace nueve a\u00f1os periodista y productora de noticieros en Unitel.<\/p>\n<\/div>\n<\/div>\n\n\n\n<hr class=\"wp-block-separator\">\n\n\n\n<div class=\"wp-block-columns is-layout-flex wp-container-core-columns-is-layout-9d6595d7 wp-block-columns-is-layout-flex\">\n<div class=\"wp-block-column is-layout-flow wp-block-column-is-layout-flow\">\n<p><\/p>\n\n\n\n<p><\/p>\n\n\n\n<p><\/p>\n\n\n\n<p>Lorena Burgoa Quispe es periodista orure\u00f1a. Trabaj\u00f3 en medios escritos como La Patria y El Fulgor, y en distintas radios. Tambi\u00e9n fue presentadora televisiva de noticias en Oruro. Actualmente periodista en investigaci\u00f3n y directora del medio digital Inforuro.<\/p>\n<\/div>\n\n\n\n<div class=\"wp-block-column is-layout-flow wp-block-column-is-layout-flow\">\n<figure class=\"wp-block-image size-large is-style-rounded\"><img data-recalc-dims=\"1\" decoding=\"async\" width=\"366\" height=\"366\" src=\"https:\/\/i0.wp.com\/fundacionperiodismo.org\/periodismo-cientifico-covid-19\/wp-content\/uploads\/2021\/04\/Lorena-Burgoa-1.jpeg?resize=366%2C366&#038;ssl=1\" alt=\"\" class=\"wp-image-80\" loading=\"lazy\" srcset=\"https:\/\/i0.wp.com\/fundacionperiodismo.org\/periodismo-cientifico-covid-19\/wp-content\/uploads\/2021\/04\/Lorena-Burgoa-1.jpeg?w=366&amp;ssl=1 366w, https:\/\/i0.wp.com\/fundacionperiodismo.org\/periodismo-cientifico-covid-19\/wp-content\/uploads\/2021\/04\/Lorena-Burgoa-1.jpeg?resize=300%2C300&amp;ssl=1 300w, https:\/\/i0.wp.com\/fundacionperiodismo.org\/periodismo-cientifico-covid-19\/wp-content\/uploads\/2021\/04\/Lorena-Burgoa-1.jpeg?resize=150%2C150&amp;ssl=1 150w\" sizes=\"auto, (max-width: 366px) 100vw, 366px\" \/><\/figure>\n<\/div>\n<\/div>\n\n\n\n<hr class=\"wp-block-separator\">\n\n\n\n<div class=\"wp-block-columns is-layout-flex wp-container-core-columns-is-layout-9d6595d7 wp-block-columns-is-layout-flex\">\n<div class=\"wp-block-column is-layout-flow wp-block-column-is-layout-flow\">\n<figure class=\"wp-block-image size-large is-style-rounded\"><img data-recalc-dims=\"1\" decoding=\"async\" width=\"366\" height=\"366\" src=\"https:\/\/i0.wp.com\/fundacionperiodismo.org\/periodismo-cientifico-covid-19\/wp-content\/uploads\/2021\/04\/Aline-Quispe-1.jpeg?resize=366%2C366&#038;ssl=1\" alt=\"\" class=\"wp-image-74\" loading=\"lazy\" srcset=\"https:\/\/i0.wp.com\/fundacionperiodismo.org\/periodismo-cientifico-covid-19\/wp-content\/uploads\/2021\/04\/Aline-Quispe-1.jpeg?w=366&amp;ssl=1 366w, https:\/\/i0.wp.com\/fundacionperiodismo.org\/periodismo-cientifico-covid-19\/wp-content\/uploads\/2021\/04\/Aline-Quispe-1.jpeg?resize=300%2C300&amp;ssl=1 300w, https:\/\/i0.wp.com\/fundacionperiodismo.org\/periodismo-cientifico-covid-19\/wp-content\/uploads\/2021\/04\/Aline-Quispe-1.jpeg?resize=150%2C150&amp;ssl=1 150w\" sizes=\"auto, (max-width: 366px) 100vw, 366px\" \/><\/figure>\n<\/div>\n\n\n\n<div class=\"wp-block-column is-layout-flow wp-block-column-is-layout-flow\">\n<p><\/p>\n\n\n\n<p><\/p>\n\n\n\n<p><\/p>\n\n\n\n<p>Mi nombre es Aline Quispe Zerrillo. Soy periodista desde hace unos a\u00f1os 10 a\u00f1os. Me especializo en las \u00e1reas de Econom\u00eda y Pol\u00edtica. Soy docente y tengo una Maestr\u00eda en Educaci\u00f3n Superior.<\/p>\n<\/div>\n<\/div>\n\n\n\n<hr class=\"wp-block-separator\">\n\n\n\n<div class=\"wp-block-columns is-layout-flex wp-container-core-columns-is-layout-9d6595d7 wp-block-columns-is-layout-flex\">\n<div class=\"wp-block-column is-layout-flow wp-block-column-is-layout-flow\">\n<p><\/p>\n\n\n\n<p><\/p>\n\n\n\n<p><\/p>\n\n\n\n<p>Eduardo J. Rivero Herrera es comunicador social, especialista en planificaci\u00f3n estrat\u00e9gica de la comunicaci\u00f3n social en salud. Fue funcionario y consultor nacional e internacional en instituciones del Estado, ONGs y organismos internacionales dedicados a la salud p\u00fablica.<\/p>\n<\/div>\n\n\n\n<div class=\"wp-block-column is-layout-flow wp-block-column-is-layout-flow\">\n<figure class=\"wp-block-image size-large is-style-rounded\"><img data-recalc-dims=\"1\" decoding=\"async\" width=\"985\" height=\"977\" src=\"https:\/\/i0.wp.com\/fundacionperiodismo.org\/periodismo-cientifico-covid-19\/wp-content\/uploads\/2021\/04\/Eduardo-Rivero.jpeg?resize=985%2C977&#038;ssl=1\" alt=\"\" class=\"wp-image-38\" loading=\"lazy\" srcset=\"https:\/\/i0.wp.com\/fundacionperiodismo.org\/periodismo-cientifico-covid-19\/wp-content\/uploads\/2021\/04\/Eduardo-Rivero.jpeg?w=985&amp;ssl=1 985w, https:\/\/i0.wp.com\/fundacionperiodismo.org\/periodismo-cientifico-covid-19\/wp-content\/uploads\/2021\/04\/Eduardo-Rivero.jpeg?resize=300%2C298&amp;ssl=1 300w, https:\/\/i0.wp.com\/fundacionperiodismo.org\/periodismo-cientifico-covid-19\/wp-content\/uploads\/2021\/04\/Eduardo-Rivero.jpeg?resize=150%2C150&amp;ssl=1 150w, https:\/\/i0.wp.com\/fundacionperiodismo.org\/periodismo-cientifico-covid-19\/wp-content\/uploads\/2021\/04\/Eduardo-Rivero.jpeg?resize=768%2C762&amp;ssl=1 768w, https:\/\/i0.wp.com\/fundacionperiodismo.org\/periodismo-cientifico-covid-19\/wp-content\/uploads\/2021\/04\/Eduardo-Rivero.jpeg?resize=968%2C960&amp;ssl=1 968w\" sizes=\"auto, (max-width: 985px) 100vw, 985px\" \/><\/figure>\n<\/div>\n<\/div>\n\n\n\n<hr class=\"wp-block-separator\">\n\n\n\n<div class=\"wp-block-columns is-layout-flex wp-container-core-columns-is-layout-9d6595d7 wp-block-columns-is-layout-flex\">\n<div class=\"wp-block-column is-layout-flow wp-block-column-is-layout-flow\">\n<figure class=\"wp-block-image size-large is-style-rounded\"><img data-recalc-dims=\"1\" decoding=\"async\" width=\"366\" height=\"366\" src=\"https:\/\/i0.wp.com\/fundacionperiodismo.org\/periodismo-cientifico-covid-19\/wp-content\/uploads\/2021\/04\/Gladys-Dorado-1.jpeg?resize=366%2C366&#038;ssl=1\" alt=\"\" class=\"wp-image-77\" loading=\"lazy\" srcset=\"https:\/\/i0.wp.com\/fundacionperiodismo.org\/periodismo-cientifico-covid-19\/wp-content\/uploads\/2021\/04\/Gladys-Dorado-1.jpeg?w=366&amp;ssl=1 366w, https:\/\/i0.wp.com\/fundacionperiodismo.org\/periodismo-cientifico-covid-19\/wp-content\/uploads\/2021\/04\/Gladys-Dorado-1.jpeg?resize=300%2C300&amp;ssl=1 300w, https:\/\/i0.wp.com\/fundacionperiodismo.org\/periodismo-cientifico-covid-19\/wp-content\/uploads\/2021\/04\/Gladys-Dorado-1.jpeg?resize=150%2C150&amp;ssl=1 150w\" sizes=\"auto, (max-width: 366px) 100vw, 366px\" \/><\/figure>\n<\/div>\n\n\n\n<div class=\"wp-block-column is-layout-flow wp-block-column-is-layout-flow\">\n<p><\/p>\n\n\n\n<p><\/p>\n\n\n\n<p><\/p>\n\n\n\n<p>Gladys Sonia Dorado Alanes es licenciada en Comunicaci\u00f3n Social, con m\u00e1s de 25 a\u00f1os de trabajo en radioemisoras de Oruro. Se desempe\u00f1a como periodista, reportera y coordinadora. Fue directora de las radios: Estrella F.M. (1997-1999) y Capital F.M. (2007-2011). Desde 2013, reportera en RTVU.<\/p>\n<\/div>\n<\/div>\n\n\n\n<hr class=\"wp-block-separator\">\n\n\n\n<div class=\"wp-block-columns is-layout-flex wp-container-core-columns-is-layout-9d6595d7 wp-block-columns-is-layout-flex\">\n<div class=\"wp-block-column is-layout-flow wp-block-column-is-layout-flow\">\n<p><\/p>\n\n\n\n<p><\/p>\n\n\n\n<p><\/p>\n\n\n\n<p>Jos\u00e9 Alejandro Cruz Riva es comunicador social, con especialidad en el \u00e1rea audiovisual y radial y experiencia en locuci\u00f3n.<\/p>\n<\/div>\n\n\n\n<div class=\"wp-block-column is-layout-flow wp-block-column-is-layout-flow\">\n<figure class=\"wp-block-image size-large is-style-rounded\"><img data-recalc-dims=\"1\" decoding=\"async\" width=\"366\" height=\"366\" src=\"https:\/\/i0.wp.com\/fundacionperiodismo.org\/periodismo-cientifico-covid-19\/wp-content\/uploads\/2021\/04\/Jose-Alejandro-Cruz-1.jpeg?resize=366%2C366&#038;ssl=1\" alt=\"\" class=\"wp-image-79\" loading=\"lazy\" srcset=\"https:\/\/i0.wp.com\/fundacionperiodismo.org\/periodismo-cientifico-covid-19\/wp-content\/uploads\/2021\/04\/Jose-Alejandro-Cruz-1.jpeg?w=366&amp;ssl=1 366w, https:\/\/i0.wp.com\/fundacionperiodismo.org\/periodismo-cientifico-covid-19\/wp-content\/uploads\/2021\/04\/Jose-Alejandro-Cruz-1.jpeg?resize=300%2C300&amp;ssl=1 300w, https:\/\/i0.wp.com\/fundacionperiodismo.org\/periodismo-cientifico-covid-19\/wp-content\/uploads\/2021\/04\/Jose-Alejandro-Cruz-1.jpeg?resize=150%2C150&amp;ssl=1 150w\" sizes=\"auto, (max-width: 366px) 100vw, 366px\" \/><\/figure>\n<\/div>\n<\/div>\n\n\n\n<hr class=\"wp-block-separator\">\n\n\n\n<div class=\"wp-block-columns is-layout-flex wp-container-core-columns-is-layout-9d6595d7 wp-block-columns-is-layout-flex\">\n<div class=\"wp-block-column is-layout-flow wp-block-column-is-layout-flow\">\n<figure class=\"wp-block-image size-large is-style-rounded\"><img data-recalc-dims=\"1\" decoding=\"async\" width=\"366\" height=\"366\" src=\"https:\/\/i0.wp.com\/fundacionperiodismo.org\/periodismo-cientifico-covid-19\/wp-content\/uploads\/2021\/04\/Daniel-Zubieta-Olivera-1.jpeg?resize=366%2C366&#038;ssl=1\" alt=\"\" class=\"wp-image-75\" loading=\"lazy\" srcset=\"https:\/\/i0.wp.com\/fundacionperiodismo.org\/periodismo-cientifico-covid-19\/wp-content\/uploads\/2021\/04\/Daniel-Zubieta-Olivera-1.jpeg?w=366&amp;ssl=1 366w, https:\/\/i0.wp.com\/fundacionperiodismo.org\/periodismo-cientifico-covid-19\/wp-content\/uploads\/2021\/04\/Daniel-Zubieta-Olivera-1.jpeg?resize=300%2C300&amp;ssl=1 300w, https:\/\/i0.wp.com\/fundacionperiodismo.org\/periodismo-cientifico-covid-19\/wp-content\/uploads\/2021\/04\/Daniel-Zubieta-Olivera-1.jpeg?resize=150%2C150&amp;ssl=1 150w\" sizes=\"auto, (max-width: 366px) 100vw, 366px\" \/><\/figure>\n<\/div>\n\n\n\n<div class=\"wp-block-column is-layout-flow wp-block-column-is-layout-flow\">\n<p><\/p>\n\n\n\n<p><\/p>\n\n\n\n<p><\/p>\n\n\n\n<p>Daniel Zubieta Olivera. Soy comunicador social. Cochabambino e hincha de Wilstermann, Real Madrid y la Selecci\u00f3n nacional. Apasionado por el deporte\u2026 un hombre de retos. \u201cPerseverando, siempre se llega lejos y donde uno quiere\u201d.<\/p>\n<\/div>\n<\/div>\n\n\n\n<hr class=\"wp-block-separator\">\n\n\n\n<div class=\"wp-block-columns is-layout-flex wp-container-core-columns-is-layout-9d6595d7 wp-block-columns-is-layout-flex\">\n<div class=\"wp-block-column is-layout-flow wp-block-column-is-layout-flow\">\n<p><\/p>\n\n\n\n<p><\/p>\n\n\n\n<p><\/p>\n\n\n\n<p>Mirtha Ayala Castro es licenciada en Ciencias de la Comunicaci\u00f3n Social, presentadora de televisi\u00f3n por m\u00e1s de tres a\u00f1os, periodista digital en el \u00e1rea social, reportera y radialista.<\/p>\n<\/div>\n\n\n\n<div class=\"wp-block-column is-layout-flow wp-block-column-is-layout-flow\">\n<figure class=\"wp-block-image size-large is-style-rounded\"><img data-recalc-dims=\"1\" decoding=\"async\" width=\"366\" height=\"366\" src=\"https:\/\/i0.wp.com\/fundacionperiodismo.org\/periodismo-cientifico-covid-19\/wp-content\/uploads\/2021\/04\/Mirtha-Ayala-1.jpeg?resize=366%2C366&#038;ssl=1\" alt=\"\" class=\"wp-image-82\" loading=\"lazy\" srcset=\"https:\/\/i0.wp.com\/fundacionperiodismo.org\/periodismo-cientifico-covid-19\/wp-content\/uploads\/2021\/04\/Mirtha-Ayala-1.jpeg?w=366&amp;ssl=1 366w, https:\/\/i0.wp.com\/fundacionperiodismo.org\/periodismo-cientifico-covid-19\/wp-content\/uploads\/2021\/04\/Mirtha-Ayala-1.jpeg?resize=300%2C300&amp;ssl=1 300w, https:\/\/i0.wp.com\/fundacionperiodismo.org\/periodismo-cientifico-covid-19\/wp-content\/uploads\/2021\/04\/Mirtha-Ayala-1.jpeg?resize=150%2C150&amp;ssl=1 150w\" sizes=\"auto, (max-width: 366px) 100vw, 366px\" \/><\/figure>\n<\/div>\n<\/div>\n\n\n\n<hr class=\"wp-block-separator\">\n\n\n\n<div class=\"wp-block-columns is-layout-flex wp-container-core-columns-is-layout-9d6595d7 wp-block-columns-is-layout-flex\">\n<div class=\"wp-block-column is-layout-flow wp-block-column-is-layout-flow\">\n<figure class=\"wp-block-image size-large is-style-rounded\"><img data-recalc-dims=\"1\" decoding=\"async\" width=\"366\" height=\"366\" src=\"https:\/\/i0.wp.com\/fundacionperiodismo.org\/periodismo-cientifico-covid-19\/wp-content\/uploads\/2021\/04\/Marco-Antonio-Porco-1.jpeg?resize=366%2C366&#038;ssl=1\" alt=\"\" class=\"wp-image-81\" loading=\"lazy\" srcset=\"https:\/\/i0.wp.com\/fundacionperiodismo.org\/periodismo-cientifico-covid-19\/wp-content\/uploads\/2021\/04\/Marco-Antonio-Porco-1.jpeg?w=366&amp;ssl=1 366w, https:\/\/i0.wp.com\/fundacionperiodismo.org\/periodismo-cientifico-covid-19\/wp-content\/uploads\/2021\/04\/Marco-Antonio-Porco-1.jpeg?resize=300%2C300&amp;ssl=1 300w, https:\/\/i0.wp.com\/fundacionperiodismo.org\/periodismo-cientifico-covid-19\/wp-content\/uploads\/2021\/04\/Marco-Antonio-Porco-1.jpeg?resize=150%2C150&amp;ssl=1 150w\" sizes=\"auto, (max-width: 366px) 100vw, 366px\" \/><\/figure>\n<\/div>\n\n\n\n<div class=\"wp-block-column is-layout-flow wp-block-column-is-layout-flow\">\n<p><\/p>\n\n\n\n<p><\/p>\n\n\n\n<p><\/p>\n\n\n\n<p><\/p>\n\n\n\n<p>Marco Antonio Porco Guti\u00e9rrez es licenciado en Ciencias de la Comunicaci\u00f3n Social. Docente de la Universidad Privada Domingo Savio y Comunicador del proyecto APRAUR.<\/p>\n<\/div>\n<\/div>\n\n\n\n<hr class=\"wp-block-separator\">\n\n\n\n<div class=\"wp-block-columns is-layout-flex wp-container-core-columns-is-layout-9d6595d7 wp-block-columns-is-layout-flex\">\n<div class=\"wp-block-column is-layout-flow wp-block-column-is-layout-flow\">\n<p><\/p>\n\n\n\n<p><\/p>\n\n\n\n<p><\/p>\n\n\n\n<p>H\u00e9ctor Tarqui Gonz\u00e1les es comunicador social. Consultor en comunicaci\u00f3n, estratega de marcas y realiza periodismo en el campo cient\u00edfico y de datos.<\/p>\n<\/div>\n\n\n\n<div class=\"wp-block-column is-layout-flow wp-block-column-is-layout-flow\">\n<figure class=\"wp-block-image size-large is-style-rounded\"><img data-recalc-dims=\"1\" decoding=\"async\" width=\"366\" height=\"366\" src=\"https:\/\/i0.wp.com\/fundacionperiodismo.org\/periodismo-cientifico-covid-19\/wp-content\/uploads\/2021\/04\/Hector-Tarqui-1.jpeg?resize=366%2C366&#038;ssl=1\" alt=\"\" class=\"wp-image-78\" loading=\"lazy\" srcset=\"https:\/\/i0.wp.com\/fundacionperiodismo.org\/periodismo-cientifico-covid-19\/wp-content\/uploads\/2021\/04\/Hector-Tarqui-1.jpeg?w=366&amp;ssl=1 366w, https:\/\/i0.wp.com\/fundacionperiodismo.org\/periodismo-cientifico-covid-19\/wp-content\/uploads\/2021\/04\/Hector-Tarqui-1.jpeg?resize=300%2C300&amp;ssl=1 300w, https:\/\/i0.wp.com\/fundacionperiodismo.org\/periodismo-cientifico-covid-19\/wp-content\/uploads\/2021\/04\/Hector-Tarqui-1.jpeg?resize=150%2C150&amp;ssl=1 150w\" sizes=\"auto, (max-width: 366px) 100vw, 366px\" \/><\/figure>\n<\/div>\n<\/div>\n\n\n\n<hr class=\"wp-block-separator\">\n\n\n\n<p class=\"has-text-align-center\"><strong>Tutora general<\/strong><\/p>\n\n\n\n<div class=\"wp-block-image is-style-rounded\"><figure class=\"aligncenter size-large\"><img data-recalc-dims=\"1\" decoding=\"async\" width=\"366\" height=\"366\" src=\"https:\/\/i0.wp.com\/fundacionperiodismo.org\/periodismo-cientifico-covid-19\/wp-content\/uploads\/2021\/04\/Patricia-Cusianqui-1.jpeg?resize=366%2C366&#038;ssl=1\" alt=\"\" class=\"wp-image-83\" loading=\"lazy\" srcset=\"https:\/\/i0.wp.com\/fundacionperiodismo.org\/periodismo-cientifico-covid-19\/wp-content\/uploads\/2021\/04\/Patricia-Cusianqui-1.jpeg?w=366&amp;ssl=1 366w, https:\/\/i0.wp.com\/fundacionperiodismo.org\/periodismo-cientifico-covid-19\/wp-content\/uploads\/2021\/04\/Patricia-Cusianqui-1.jpeg?resize=300%2C300&amp;ssl=1 300w, https:\/\/i0.wp.com\/fundacionperiodismo.org\/periodismo-cientifico-covid-19\/wp-content\/uploads\/2021\/04\/Patricia-Cusianqui-1.jpeg?resize=150%2C150&amp;ssl=1 150w\" sizes=\"auto, (max-width: 366px) 100vw, 366px\" \/><\/figure><\/div>\n\n\n\n<p>Patricia Cusicanqui Hanssen, periodista con 22 a\u00f1os de experiencia, titulada en Ciencias de la Comunicaci\u00f3n Social de la UMSA, exjefa de Redacci\u00f3n de La Raz\u00f3n y docente de Periodismo. Distinguida por la APLP con la medalla Bautista Saavedra al M\u00e9rito Profesional y la Defensa de los Intereses P\u00fablicos (2007). \u201cCreo en la democracia, la justicia social y la equidad\u201d.<\/p>\n\n\n\n<hr class=\"wp-block-separator\">\n\n\n\n<p class=\"has-text-align-center\"><strong>Dise\u00f1o web<\/strong><\/p>\n\n\n\n<div class=\"wp-block-image is-style-rounded\"><figure class=\"aligncenter size-large is-resized\"><img data-recalc-dims=\"1\" decoding=\"async\" src=\"https:\/\/i0.wp.com\/fundacionperiodismo.org\/periodismo-cientifico-covid-19\/wp-content\/uploads\/2021\/04\/Rodolfo-Huallpa-cuadrado-1.png?resize=322%2C322&#038;ssl=1\" alt=\"\" class=\"wp-image-94\" width=\"322\" height=\"322\" loading=\"lazy\" srcset=\"https:\/\/i0.wp.com\/fundacionperiodismo.org\/periodismo-cientifico-covid-19\/wp-content\/uploads\/2021\/04\/Rodolfo-Huallpa-cuadrado-1.png?w=366&amp;ssl=1 366w, https:\/\/i0.wp.com\/fundacionperiodismo.org\/periodismo-cientifico-covid-19\/wp-content\/uploads\/2021\/04\/Rodolfo-Huallpa-cuadrado-1.png?resize=300%2C300&amp;ssl=1 300w, https:\/\/i0.wp.com\/fundacionperiodismo.org\/periodismo-cientifico-covid-19\/wp-content\/uploads\/2021\/04\/Rodolfo-Huallpa-cuadrado-1.png?resize=150%2C150&amp;ssl=1 150w\" sizes=\"auto, (max-width: 322px) 100vw, 322px\" \/><\/figure><\/div>\n\n\n\n<p>Rodolfo Huallpa, periodista, docente y capacitador en TIC. Me apasiona la tecnolog\u00eda. Gan\u00e9 el premio nacional de Periodismo Digital en 2015 y tambi\u00e9n fui distinguido, ese a\u00f1o, con la medalla Huascar Caj\u00edas Kauffmann al \u201cProfesional Sobresaliente de las Nuevas Generaciones de Periodistas\u201d, ambos otorgados por la APLP.\u00a0<\/p>\n\n\n\n<hr class=\"wp-block-separator\">\n\n\n\n<p class=\"has-text-align-center\"><strong>Coordinaci\u00f3n acad\u00e9mica<\/strong><\/p>\n\n\n\n<div class=\"wp-block-image is-style-rounded\"><figure class=\"aligncenter size-large is-resized\"><img data-recalc-dims=\"1\" decoding=\"async\" src=\"https:\/\/i0.wp.com\/fundacionperiodismo.org\/periodismo-cientifico-covid-19\/wp-content\/uploads\/2021\/04\/Tania-5.jpg?resize=316%2C310&#038;ssl=1\" alt=\"\" class=\"wp-image-165\" width=\"316\" height=\"310\" loading=\"lazy\" srcset=\"https:\/\/i0.wp.com\/fundacionperiodismo.org\/periodismo-cientifico-covid-19\/wp-content\/uploads\/2021\/04\/Tania-5.jpg?w=350&amp;ssl=1 350w, https:\/\/i0.wp.com\/fundacionperiodismo.org\/periodismo-cientifico-covid-19\/wp-content\/uploads\/2021\/04\/Tania-5.jpg?resize=300%2C295&amp;ssl=1 300w\" sizes=\"auto, (max-width: 316px) 100vw, 316px\" \/><\/figure><\/div>\n\n\n\n<p>Tania Frank Torres, Licenciada en Comunicaci\u00f3n Social de la UMSA, periodista y coordinadora acad\u00e9mica de la Fundaci\u00f3n para el Periodismo, con mas de 10 a\u00f1os de experiencia de trabajo en medios televisivos. Creo que la educaci\u00f3n y formaci\u00f3n es el mejor camino para la superaci\u00f3n.<\/p>\n\n\n\n<hr class=\"wp-block-separator\">\n\n\n\n<figure class=\"wp-block-image size-large\"><img data-recalc-dims=\"1\" decoding=\"async\" width=\"1000\" height=\"261\" src=\"https:\/\/i0.wp.com\/fundacionperiodismo.org\/periodismo-cientifico-covid-19\/wp-content\/uploads\/2021\/04\/WhatsApp-Image-2021-04-26-at-9.59.35-AM.jpeg?resize=1000%2C261&#038;ssl=1\" alt=\"\" class=\"wp-image-125\" loading=\"lazy\" srcset=\"https:\/\/i0.wp.com\/fundacionperiodismo.org\/periodismo-cientifico-covid-19\/wp-content\/uploads\/2021\/04\/WhatsApp-Image-2021-04-26-at-9.59.35-AM.jpeg?resize=1024%2C267&amp;ssl=1 1024w, https:\/\/i0.wp.com\/fundacionperiodismo.org\/periodismo-cientifico-covid-19\/wp-content\/uploads\/2021\/04\/WhatsApp-Image-2021-04-26-at-9.59.35-AM.jpeg?resize=300%2C78&amp;ssl=1 300w, https:\/\/i0.wp.com\/fundacionperiodismo.org\/periodismo-cientifico-covid-19\/wp-content\/uploads\/2021\/04\/WhatsApp-Image-2021-04-26-at-9.59.35-AM.jpeg?resize=768%2C200&amp;ssl=1 768w, https:\/\/i0.wp.com\/fundacionperiodismo.org\/periodismo-cientifico-covid-19\/wp-content\/uploads\/2021\/04\/WhatsApp-Image-2021-04-26-at-9.59.35-AM.jpeg?w=1280&amp;ssl=1 1280w\" sizes=\"auto, (max-width: 1000px) 100vw, 1000px\" \/><\/figure>\n<\/body>","protected":false},"excerpt":{"rendered":"<p>Participaron del presente diplomado las siguientes personas: V\u00edctor Hugo Perales Miranda. Soci\u00f3logo. M\u00e1ster en Historia de Am\u00e9rica Latina por la Universidad Pablo de Olavide de Sevilla-Espa\u00f1a. Docente de las carreras de Sociolog\u00eda de la UMSA y UPEA. Investigador social en temas relacionados al agua. E-mail: victorhugo76@gmail.com Ver\u00f3nica Julieta Cuestas Medrano. Licenciada en Ciencias de la [&hellip;]<\/p>\n","protected":false},"author":1,"featured_media":0,"parent":0,"menu_order":0,"comment_status":"closed","ping_status":"closed","template":"","meta":{"om_disable_all_campaigns":false,"footnotes":""},"class_list":["post-34","page","type-page","status-publish","hentry"],"jetpack_sharing_enabled":true,"_links":{"self":[{"href":"https:\/\/fundacionperiodismo.org\/periodismo-cientifico-covid-19\/wp-json\/wp\/v2\/pages\/34","targetHints":{"allow":["GET"]}}],"collection":[{"href":"https:\/\/fundacionperiodismo.org\/periodismo-cientifico-covid-19\/wp-json\/wp\/v2\/pages"}],"about":[{"href":"https:\/\/fundacionperiodismo.org\/periodismo-cientifico-covid-19\/wp-json\/wp\/v2\/types\/page"}],"author":[{"embeddable":true,"href":"https:\/\/fundacionperiodismo.org\/periodismo-cientifico-covid-19\/wp-json\/wp\/v2\/users\/1"}],"replies":[{"embeddable":true,"href":"https:\/\/fundacionperiodismo.org\/periodismo-cientifico-covid-19\/wp-json\/wp\/v2\/comments?post=34"}],"version-history":[{"count":34,"href":"https:\/\/fundacionperiodismo.org\/periodismo-cientifico-covid-19\/wp-json\/wp\/v2\/pages\/34\/revisions"}],"predecessor-version":[{"id":169,"href":"https:\/\/fundacionperiodismo.org\/periodismo-cientifico-covid-19\/wp-json\/wp\/v2\/pages\/34\/revisions\/169"}],"wp:attachment":[{"href":"https:\/\/fundacionperiodismo.org\/periodismo-cientifico-covid-19\/wp-json\/wp\/v2\/media?parent=34"}],"curies":[{"name":"wp","href":"https:\/\/api.w.org\/{rel}","templated":true}]}}