{"id":36,"date":"2021-09-07T04:20:19","date_gmt":"2021-09-07T04:20:19","guid":{"rendered":"https:\/\/fundacionperiodismo.org\/periodismo-de-investigacion-2021\/?page_id=36"},"modified":"2021-10-07T17:05:04","modified_gmt":"2021-10-07T17:05:04","slug":"presentacion","status":"publish","type":"page","link":"https:\/\/fundacionperiodismo.org\/periodismo-de-investigacion-2021\/presentacion\/","title":{"rendered":"Corregir, castigar y resolver, la misi\u00f3n del Periodismo de investigaci\u00f3n"},"content":{"rendered":"<body><p>The Missouri Group, un equipo conformado por cuatro destacados periodistas y profesores de la Universidad de Columbia (Estados Unidos), expone tres argumentos para el desarrollo del periodismo de investigaci\u00f3n y de profundidad: corregir las injusticias, castigar la corrupci\u00f3n y resolver los problemas sociales.<\/p>\n<p>Con estos faros como gu\u00eda y con los conocimientos adquiridos en su proceso formativo, las y los participantes del diplomado de Periodismo de Investigaci\u00f3n, desarrollado por la Fundaci\u00f3n para el Periodismo (FPP) con el apoyo de la DW Akademie, pusieron en pr\u00e1ctica lo aprendido y produjeron una serie de reportajes que escarban en lo profundo de diversas problem\u00e1ticas coyunturales.<\/p>\n<p>Una primera indagaci\u00f3n nos aproxima al drama que viven cientos de haitianos que huyen de su pa\u00eds en una coyuntura muy dram\u00e1tica convirti\u00e9ndose en v\u00edctimas de abusos y usura o, lo que es peor, en v\u00edctimas de redes de tr\u00e1fico humano a su paso por el territorio boliviano.<\/p>\n<p>Otra entrega devela las m\u00faltiples violencias que sufren ni\u00f1os, ni\u00f1as y adolescentes que viven en centros de acogida de Tarija, donde no hay mecanismos para darles voz y donde el sistema es d\u00e9bil como para proporcionarles seguridad integral.<\/p>\n<p>Tambi\u00e9n se abordan las causas y el impacto de la aparici\u00f3n de miles de comerciantes callejeros en el coraz\u00f3n de La Paz, un fen\u00f3meno social que combina el impacto de la crisis econ\u00f3mica derivada del covid-19 con el \u201cloteamiento\u201d de las aceras y las pugnas de poder pol\u00edticas y entre entidades gremiales.<\/p>\n<p>Otro tema explora las formas en que delincuentes de El Abra operan desde dentro del penal para estafar y extorsionar a poblaci\u00f3n indefensa que cae en sus enga\u00f1os pese a los sistemas de control de R\u00e9gimen Penitenciario, que terminan siendo vulnerables.<\/p>\n<p>Asimismo, veremos los tropiezos en el cumplimiento de la oferta gubernamental de programas de vivienda social para las personas con alguna discapacidad, una deuda pendiente con este sector tras la violencia desatada en su contra en 2016.<\/p>\n<p>Y finalmente, sentiremos de cerca la angustia de cientos de familias v\u00edctimas del feminicidio, que deambulan por los tribunales en busca de justicia, enfrentadas a un sistema judicial indiferente, ineficiente y corrupto.<\/p>\n<p>En m\u00e1s de dos meses de formaci\u00f3n, cerca de 30 diplomantes adquirieron nuevos conocimientos y profundizaron sus habilidades period\u00edsticas de la mano de destacados tutores de Bolivia y el exterior, quienes incidieron en el valor del periodismo de investigaci\u00f3n para la vida en democracia, con justicia, dignidad y respeto a los derechos humanos.<\/p>\n<p>Daniel Santoro, Miguel Wi\u00f1azki, Olaya Arg\u00fcezo, Franco Gamboa y Harold Olmos compartieron con las y los participantes los conceptos, m\u00e9todos, estrategias, t\u00e9cnicas y principios \u00e9ticos para desarrollar un mejor periodismo de investigaci\u00f3n.<\/p>\n<p>La metodolog\u00eda empleada fue el aprender haciendo, por tanto, las investigaciones se desarrollaron en paralelo al proceso formativo.<\/p>\n<p>Ahora, les invitamos a hacer click y a leer y ver cada uno de estos trabajos period\u00edsticos.<\/p>\n<\/body>","protected":false},"excerpt":{"rendered":"<p>The Missouri Group, un equipo conformado por cuatro destacados periodistas y profesores de la Universidad de Columbia (Estados Unidos), expone tres argumentos para el desarrollo del periodismo de investigaci\u00f3n y de profundidad: corregir las injusticias, castigar la corrupci\u00f3n y resolver los problemas sociales. Con estos faros como gu\u00eda y con los conocimientos adquiridos en su &hellip; <\/p>\n<p class=\"link-more\"><a href=\"https:\/\/fundacionperiodismo.org\/periodismo-de-investigacion-2021\/presentacion\/\" class=\"more-link\">Seguir leyendo<span class=\"screen-reader-text\"> \u00abCorregir, castigar y resolver, la misi\u00f3n del Periodismo de investigaci\u00f3n\u00bb<\/span><\/a><\/p>\n","protected":false},"author":1,"featured_media":0,"parent":0,"menu_order":0,"comment_status":"closed","ping_status":"closed","template":"","meta":{"om_disable_all_campaigns":false,"footnotes":""},"class_list":["post-36","page","type-page","status-publish","hentry","entry"],"_links":{"self":[{"href":"https:\/\/fundacionperiodismo.org\/periodismo-de-investigacion-2021\/wp-json\/wp\/v2\/pages\/36","targetHints":{"allow":["GET"]}}],"collection":[{"href":"https:\/\/fundacionperiodismo.org\/periodismo-de-investigacion-2021\/wp-json\/wp\/v2\/pages"}],"about":[{"href":"https:\/\/fundacionperiodismo.org\/periodismo-de-investigacion-2021\/wp-json\/wp\/v2\/types\/page"}],"author":[{"embeddable":true,"href":"https:\/\/fundacionperiodismo.org\/periodismo-de-investigacion-2021\/wp-json\/wp\/v2\/users\/1"}],"replies":[{"embeddable":true,"href":"https:\/\/fundacionperiodismo.org\/periodismo-de-investigacion-2021\/wp-json\/wp\/v2\/comments?post=36"}],"version-history":[{"count":9,"href":"https:\/\/fundacionperiodismo.org\/periodismo-de-investigacion-2021\/wp-json\/wp\/v2\/pages\/36\/revisions"}],"predecessor-version":[{"id":182,"href":"https:\/\/fundacionperiodismo.org\/periodismo-de-investigacion-2021\/wp-json\/wp\/v2\/pages\/36\/revisions\/182"}],"wp:attachment":[{"href":"https:\/\/fundacionperiodismo.org\/periodismo-de-investigacion-2021\/wp-json\/wp\/v2\/media?parent=36"}],"curies":[{"name":"wp","href":"https:\/\/api.w.org\/{rel}","templated":true}]}}