{"id":40,"date":"2021-09-07T04:20:19","date_gmt":"2021-09-07T04:20:19","guid":{"rendered":"https:\/\/fundacionperiodismo.org\/periodismo-de-investigacion-2021\/?page_id=40"},"modified":"2021-10-13T22:54:39","modified_gmt":"2021-10-13T22:54:39","slug":"el-nuevo-umoma-abre-sus-puertas-2","status":"publish","type":"page","link":"https:\/\/fundacionperiodismo.org\/periodismo-de-investigacion-2021\/","title":{"rendered":"Diplomado Periodismo de Investigaci\u00f3n"},"content":{"rendered":"<body>\n<div class=\"wp-block-group alignwide\">\n<div class=\"wp-block-group__inner-container is-layout-flow wp-block-group-is-layout-flow\">\n<blockquote>\n<h5 class=\"has-text-align-center wp-block-heading\" style=\"text-align: center;\"><span style=\"color: #297e8a;\"><em>\u201cEl periodismo de investigaci\u00f3n no es solamente un producto, sino un servicio que contribuye a fortalecer y mejorar la vida de las personas\u201d<\/em>\u00a0 \u00a0 \u00a0 \u00a0 \u00a0 \u00a0 \u00a0 \u00a0 \u00a0 \u00a0 \u00a0 \u00a0 \u00a0 \u00a0 \u00a0 \u00a0 (Mark Lee Hunter, periodista de investigaci\u00f3n)<\/span><\/h5>\n<\/blockquote>\n<\/div>\n<\/div>\n\n\n\n<div class=\"wp-block-columns alignwide is-layout-flex wp-container-core-columns-is-layout-9d6595d7 wp-block-columns-is-layout-flex\">\n<div class=\"wp-block-column\">\n<div class=\"wp-block-group\">\n<div class=\"wp-block-group__inner-container\">\n<figure class=\"wp-block-image alignfull size-full\"><img decoding=\"async\" class=\"alignnone wp-image-131 size-large\" src=\"https:\/\/fundacionperiodismo.org\/periodismo-de-investigacion-2021\/wp-content\/uploads\/2021\/09\/trabajo1-1024x768.jpg\" alt=\"\" width=\"640\" height=\"480\" loading=\"lazy\" srcset=\"https:\/\/fundacionperiodismo.org\/periodismo-de-investigacion-2021\/wp-content\/uploads\/2021\/09\/trabajo1-1024x768.jpg 1024w, https:\/\/fundacionperiodismo.org\/periodismo-de-investigacion-2021\/wp-content\/uploads\/2021\/09\/trabajo1-300x225.jpg 300w, https:\/\/fundacionperiodismo.org\/periodismo-de-investigacion-2021\/wp-content\/uploads\/2021\/09\/trabajo1-768x576.jpg 768w, https:\/\/fundacionperiodismo.org\/periodismo-de-investigacion-2021\/wp-content\/uploads\/2021\/09\/trabajo1-1536x1152.jpg 1536w, https:\/\/fundacionperiodismo.org\/periodismo-de-investigacion-2021\/wp-content\/uploads\/2021\/09\/trabajo1-2048x1536.jpg 2048w, https:\/\/fundacionperiodismo.org\/periodismo-de-investigacion-2021\/wp-content\/uploads\/2021\/09\/trabajo1-1568x1176.jpg 1568w\" sizes=\"auto, (max-width: 640px) 100vw, 640px\" \/><\/figure>\n<h3><span style=\"color: #1da6c2;\">Sin acceso a vivienda<\/span><\/h3>\n<p>\u00a0<\/p>\n<p>Para cientos de personas con alguna discapacidad, el anhelo de poseer un techo se diluye; la norma les ampara, pero en las ciudades, la mayor\u00eda carece de un terreno donde beneficiarse de una construcci\u00f3n gratuita.<\/p>\n<div class=\"wp-block-button is-style-outline\"><a class=\"wp-block-button__link\" href=\"https:\/\/fundacionperiodismo.org\/periodismo-de-investigacion-2021\/2021\/09\/07\/sin-acceso-vivienda\/\">Leer m\u00e1s<\/a><\/div>\n<div>\u00a0<\/div>\n<div>\u00a0<\/div>\n<\/div>\n<\/div>\n<div class=\"wp-block-group\">\n<div class=\"wp-block-group__inner-container\">\n<figure class=\"wp-block-image alignfull size-full\"><img decoding=\"async\" class=\"alignnone wp-image-141 size-large\" src=\"https:\/\/fundacionperiodismo.org\/periodismo-de-investigacion-2021\/wp-content\/uploads\/2021\/09\/trabajo3-1024x768.jpg\" alt=\"\" width=\"640\" height=\"480\" loading=\"lazy\" srcset=\"https:\/\/fundacionperiodismo.org\/periodismo-de-investigacion-2021\/wp-content\/uploads\/2021\/09\/trabajo3-1024x768.jpg 1024w, https:\/\/fundacionperiodismo.org\/periodismo-de-investigacion-2021\/wp-content\/uploads\/2021\/09\/trabajo3-300x225.jpg 300w, https:\/\/fundacionperiodismo.org\/periodismo-de-investigacion-2021\/wp-content\/uploads\/2021\/09\/trabajo3-768x576.jpg 768w, https:\/\/fundacionperiodismo.org\/periodismo-de-investigacion-2021\/wp-content\/uploads\/2021\/09\/trabajo3-1536x1152.jpg 1536w, https:\/\/fundacionperiodismo.org\/periodismo-de-investigacion-2021\/wp-content\/uploads\/2021\/09\/trabajo3-2048x1536.jpg 2048w, https:\/\/fundacionperiodismo.org\/periodismo-de-investigacion-2021\/wp-content\/uploads\/2021\/09\/trabajo3-1568x1176.jpg 1568w\" sizes=\"auto, (max-width: 640px) 100vw, 640px\" \/><\/figure>\n<h3><span style=\"color: #1da6c2;\">Feminicidas sin castigo<\/span><\/h3>\n<p>Cientos de asesinatos de mujeres est\u00e1n en la impunidad. Los feminicidas arrebatan vidas y con su ineficiencia y dilaci\u00f3n, el sistema judicial castiga a las familias sobrevivientes de la violencia de g\u00e9nero.<\/p>\n<div class=\"wp-block-button is-style-outline\"><a class=\"wp-block-button__link\" href=\"https:\/\/fundacionperiodismo.org\/periodismo-de-investigacion-2021\/2021\/10\/01\/feminicidas-sin-castigo\/\">Leer m\u00e1s<\/a><\/div>\n<div>\u00a0<\/div>\n<\/div>\n<\/div>\n<\/div>\n<div class=\"wp-block-column\">\n<div class=\"wp-block-group\">\n<div class=\"wp-block-group__inner-container\">\n<figure class=\"wp-block-image alignfull size-full\"><img decoding=\"async\" class=\"alignnone wp-image-135 size-large\" src=\"https:\/\/fundacionperiodismo.org\/periodismo-de-investigacion-2021\/wp-content\/uploads\/2021\/09\/trabajo2-1-1024x768.jpg\" alt=\"\" width=\"640\" height=\"480\" loading=\"lazy\" srcset=\"https:\/\/fundacionperiodismo.org\/periodismo-de-investigacion-2021\/wp-content\/uploads\/2021\/09\/trabajo2-1-1024x768.jpg 1024w, https:\/\/fundacionperiodismo.org\/periodismo-de-investigacion-2021\/wp-content\/uploads\/2021\/09\/trabajo2-1-300x225.jpg 300w, https:\/\/fundacionperiodismo.org\/periodismo-de-investigacion-2021\/wp-content\/uploads\/2021\/09\/trabajo2-1-768x576.jpg 768w, https:\/\/fundacionperiodismo.org\/periodismo-de-investigacion-2021\/wp-content\/uploads\/2021\/09\/trabajo2-1-1536x1152.jpg 1536w, https:\/\/fundacionperiodismo.org\/periodismo-de-investigacion-2021\/wp-content\/uploads\/2021\/09\/trabajo2-1-2048x1536.jpg 2048w, https:\/\/fundacionperiodismo.org\/periodismo-de-investigacion-2021\/wp-content\/uploads\/2021\/09\/trabajo2-1-1568x1176.jpg 1568w\" sizes=\"auto, (max-width: 640px) 100vw, 640px\" \/><\/figure>\n<h3><span style=\"color: #1da6c2;\">El centro pace\u00f1o sucumbe al comercio callejero<\/span><\/h3>\n<p>Cada d\u00eda, hay m\u00e1s gente ofertando productos en el coraz\u00f3n de la urbe pace\u00f1a. Se apunta al menos a dos causas: el desempleo, fruto de la pandemia, y el \u201cloteamiento\u201d del espacio p\u00fablico en medio de las pugnas que sostienen diversas organizaciones de gremiales.<\/p>\n<div class=\"wp-block-button is-style-outline\"><a class=\"wp-block-button__link\" href=\"https:\/\/fundacionperiodismo.org\/periodismo-de-investigacion-2021\/2021\/10\/01\/el-centro-paceno-sucumbe-al-comercio-callejero\/\">Leer m\u00e1s<\/a><\/div>\n<div>\u00a0<\/div>\n<\/div>\n<\/div>\n<div class=\"wp-block-group\">\n<div class=\"wp-block-group__inner-container\">\n<figure class=\"wp-block-image alignfull size-full\"><img decoding=\"async\" class=\"alignnone wp-image-142 size-large\" src=\"https:\/\/fundacionperiodismo.org\/periodismo-de-investigacion-2021\/wp-content\/uploads\/2021\/09\/trabajo4-1024x768.jpg\" alt=\"\" width=\"640\" height=\"480\" loading=\"lazy\" srcset=\"https:\/\/fundacionperiodismo.org\/periodismo-de-investigacion-2021\/wp-content\/uploads\/2021\/09\/trabajo4-1024x768.jpg 1024w, https:\/\/fundacionperiodismo.org\/periodismo-de-investigacion-2021\/wp-content\/uploads\/2021\/09\/trabajo4-300x225.jpg 300w, https:\/\/fundacionperiodismo.org\/periodismo-de-investigacion-2021\/wp-content\/uploads\/2021\/09\/trabajo4-768x576.jpg 768w, https:\/\/fundacionperiodismo.org\/periodismo-de-investigacion-2021\/wp-content\/uploads\/2021\/09\/trabajo4-1536x1152.jpg 1536w, https:\/\/fundacionperiodismo.org\/periodismo-de-investigacion-2021\/wp-content\/uploads\/2021\/09\/trabajo4-2048x1536.jpg 2048w, https:\/\/fundacionperiodismo.org\/periodismo-de-investigacion-2021\/wp-content\/uploads\/2021\/09\/trabajo4-1568x1176.jpg 1568w\" sizes=\"auto, (max-width: 640px) 100vw, 640px\" \/><\/figure>\n<h3><span style=\"color: #1da6c2;\">\u201cEgz\u00f2d\u201d haitiano hacia el norte<\/span><\/h3>\n<p>A su paso por Bolivia, los migrantes haitianos son v\u00edctimas de tr\u00e1fico, estafas y usura. Ante su indefensi\u00f3n, el suelo boliviano se constituye en un terreno f\u00e9rtil para los abusos. Pueden llegar a pagar hasta $us 500 por persona para llegar a desaguadero (Per\u00fa) a fin de seguir su viaje hacia Estados Unidos<\/p>\n<div class=\"wp-block-button is-style-outline\"><a class=\"wp-block-button__link\" href=\"https:\/\/fundacionperiodismo.org\/periodismo-de-investigacion-2021\/2021\/10\/01\/egzod-haitiano-hacia-el-norte\/\">Leer m\u00e1s<\/a><\/div>\n<\/div>\n<\/div>\n<\/div>\n<\/div>\n<div class=\"wp-block-columns alignwide\">\n<div class=\"wp-block-column\">\n<div class=\"wp-block-group\">\n<div class=\"wp-block-group__inner-container\">\n<figure class=\"wp-block-image alignfull size-full\"><img decoding=\"async\" class=\"alignnone wp-image-147 size-large\" src=\"https:\/\/fundacionperiodismo.org\/periodismo-de-investigacion-2021\/wp-content\/uploads\/2021\/09\/trabajo5-1-1024x768.jpg\" alt=\"\" width=\"640\" height=\"480\" loading=\"lazy\" srcset=\"https:\/\/fundacionperiodismo.org\/periodismo-de-investigacion-2021\/wp-content\/uploads\/2021\/09\/trabajo5-1-1024x768.jpg 1024w, https:\/\/fundacionperiodismo.org\/periodismo-de-investigacion-2021\/wp-content\/uploads\/2021\/09\/trabajo5-1-300x225.jpg 300w, https:\/\/fundacionperiodismo.org\/periodismo-de-investigacion-2021\/wp-content\/uploads\/2021\/09\/trabajo5-1-768x576.jpg 768w, https:\/\/fundacionperiodismo.org\/periodismo-de-investigacion-2021\/wp-content\/uploads\/2021\/09\/trabajo5-1-1536x1152.jpg 1536w, https:\/\/fundacionperiodismo.org\/periodismo-de-investigacion-2021\/wp-content\/uploads\/2021\/09\/trabajo5-1-2048x1536.jpg 2048w, https:\/\/fundacionperiodismo.org\/periodismo-de-investigacion-2021\/wp-content\/uploads\/2021\/09\/trabajo5-1-1568x1176.jpg 1568w\" sizes=\"auto, (max-width: 640px) 100vw, 640px\" \/><\/figure>\n<h3><span style=\"color: #1da6c2;\">Ni\u00f1ez sin voz<\/span><\/h3>\n<p>Ni\u00f1os, ni\u00f1as y adolescentes que viven en entidades del Estado carecen de protecci\u00f3n integral y los mecanismos de denuncia son casi nulos. En Tarija se revel\u00f3 que algunos son v\u00edctimas de diversos tipos de violencias, desde malos tratos hasta vejaciones. Y al salir, cumplida la mayor\u00eda de edad, su destino tambi\u00e9n es incierto.<\/p>\n<div class=\"wp-block-button is-style-outline\"><a class=\"wp-block-button__link\" href=\"https:\/\/fundacionperiodismo.org\/periodismo-de-investigacion-2021\/2021\/10\/01\/ninez-sin-voz\/\">Leer m\u00e1s<\/a><\/div>\n<\/div>\n<\/div>\n<div class=\"wp-block-group\">\n<div class=\"wp-block-group__inner-container\">\n<div>\u00a0<\/div>\n<\/div>\n<\/div>\n<\/div>\n<div class=\"wp-block-column\">\n<div class=\"wp-block-group\">\n<div class=\"wp-block-group__inner-container\">\n<figure class=\"wp-block-image alignfull size-full\"><img decoding=\"async\" class=\"alignnone wp-image-144 size-large\" src=\"https:\/\/fundacionperiodismo.org\/periodismo-de-investigacion-2021\/wp-content\/uploads\/2021\/09\/trabajo6-1024x768.jpg\" alt=\"\" width=\"640\" height=\"480\" loading=\"lazy\" srcset=\"https:\/\/fundacionperiodismo.org\/periodismo-de-investigacion-2021\/wp-content\/uploads\/2021\/09\/trabajo6-1024x768.jpg 1024w, https:\/\/fundacionperiodismo.org\/periodismo-de-investigacion-2021\/wp-content\/uploads\/2021\/09\/trabajo6-300x225.jpg 300w, https:\/\/fundacionperiodismo.org\/periodismo-de-investigacion-2021\/wp-content\/uploads\/2021\/09\/trabajo6-768x576.jpg 768w, https:\/\/fundacionperiodismo.org\/periodismo-de-investigacion-2021\/wp-content\/uploads\/2021\/09\/trabajo6-1536x1152.jpg 1536w, https:\/\/fundacionperiodismo.org\/periodismo-de-investigacion-2021\/wp-content\/uploads\/2021\/09\/trabajo6-2048x1536.jpg 2048w, https:\/\/fundacionperiodismo.org\/periodismo-de-investigacion-2021\/wp-content\/uploads\/2021\/09\/trabajo6-1568x1176.jpg 1568w\" sizes=\"auto, (max-width: 640px) 100vw, 640px\" \/><\/figure>\n<h3><span style=\"color: #1da6c2;\">Estafas desde la c\u00e1rcel<\/span><\/h3>\n<p>El encierro no impide que los delincuentes enviados a El Abra y otros recintos penitenciarios sigan haciendo de las suyas. Juegan con el dolor ajeno y piden recompensas a cambio de una supuesta buena acci\u00f3n, se aprovechan de la ingenuidad y buena fe de las personas. Los controles resultan insuficientes e incluso negligentes.<\/p>\n<div class=\"wp-block-button is-style-outline\"><a class=\"wp-block-button__link\" href=\"https:\/\/fundacionperiodismo.org\/periodismo-de-investigacion-2021\/2021\/10\/01\/la-carcel-no-es-una-barrera-para-la-delincuencia\/\">Leer m\u00e1s<\/a><\/div>\n<\/div>\n<\/div>\n<div class=\"wp-block-group\">\n<div class=\"wp-block-group__inner-container\">\n<div class=\"wp-block-button is-style-outline\">\u00a0<\/div>\n<\/div>\n<\/div>\n<\/div>\n<\/div>\n<div class=\"wp-block-column\">\n<div class=\"wp-block-group\">\n<div class=\"wp-block-group__inner-container\">\n<div class=\"wp-block-button is-style-outline\">\u00a0<\/div>\n<div>\u00a0<\/div>\n<\/div>\n<\/div>\n<figure class=\"wp-block-gallery alignwide columns-2 is-cropped\">\n<figure><\/figure>\n<\/figure>\n<\/div><\/body>","protected":false},"excerpt":{"rendered":"<p>\u201cEl periodismo de investigaci\u00f3n no es solamente un producto, sino un servicio que contribuye a fortalecer y mejorar la vida de las personas\u201d\u00a0 \u00a0 \u00a0 \u00a0 \u00a0 \u00a0 \u00a0 \u00a0 \u00a0 \u00a0 \u00a0 \u00a0 \u00a0 \u00a0 \u00a0 \u00a0 (Mark Lee Hunter, periodista de investigaci\u00f3n) Sin acceso a vivienda \u00a0 Para cientos de personas con alguna &hellip; <\/p>\n<p class=\"link-more\"><a href=\"https:\/\/fundacionperiodismo.org\/periodismo-de-investigacion-2021\/\" class=\"more-link\">Seguir leyendo<span class=\"screen-reader-text\"> \u00abDiplomado Periodismo de Investigaci\u00f3n\u00bb<\/span><\/a><\/p>\n","protected":false},"author":1,"featured_media":69,"parent":0,"menu_order":0,"comment_status":"closed","ping_status":"closed","template":"","meta":{"om_disable_all_campaigns":false,"footnotes":""},"class_list":["post-40","page","type-page","status-publish","has-post-thumbnail","hentry","entry"],"_links":{"self":[{"href":"https:\/\/fundacionperiodismo.org\/periodismo-de-investigacion-2021\/wp-json\/wp\/v2\/pages\/40","targetHints":{"allow":["GET"]}}],"collection":[{"href":"https:\/\/fundacionperiodismo.org\/periodismo-de-investigacion-2021\/wp-json\/wp\/v2\/pages"}],"about":[{"href":"https:\/\/fundacionperiodismo.org\/periodismo-de-investigacion-2021\/wp-json\/wp\/v2\/types\/page"}],"author":[{"embeddable":true,"href":"https:\/\/fundacionperiodismo.org\/periodismo-de-investigacion-2021\/wp-json\/wp\/v2\/users\/1"}],"replies":[{"embeddable":true,"href":"https:\/\/fundacionperiodismo.org\/periodismo-de-investigacion-2021\/wp-json\/wp\/v2\/comments?post=40"}],"version-history":[{"count":56,"href":"https:\/\/fundacionperiodismo.org\/periodismo-de-investigacion-2021\/wp-json\/wp\/v2\/pages\/40\/revisions"}],"predecessor-version":[{"id":190,"href":"https:\/\/fundacionperiodismo.org\/periodismo-de-investigacion-2021\/wp-json\/wp\/v2\/pages\/40\/revisions\/190"}],"wp:featuredmedia":[{"embeddable":true,"href":"https:\/\/fundacionperiodismo.org\/periodismo-de-investigacion-2021\/wp-json\/wp\/v2\/media\/69"}],"wp:attachment":[{"href":"https:\/\/fundacionperiodismo.org\/periodismo-de-investigacion-2021\/wp-json\/wp\/v2\/media?parent=40"}],"curies":[{"name":"wp","href":"https:\/\/api.w.org\/{rel}","templated":true}]}}