{"id":265,"date":"2021-11-23T15:59:50","date_gmt":"2021-11-23T15:59:50","guid":{"rendered":"https:\/\/fundacionperiodismo.org\/periodismo-por-una-vida-sin-violencia\/?page_id=265"},"modified":"2022-01-11T20:11:40","modified_gmt":"2022-01-11T20:11:40","slug":"entrevistas","status":"publish","type":"page","link":"https:\/\/fundacionperiodismo.org\/periodismo-por-una-vida-sin-violencia\/entrevistas\/","title":{"rendered":"Entrevistas"},"content":{"rendered":"<body><p>\u00a0<\/p>\n<p style=\"text-align: center;\"><!-- Widget Shortcode --><div id=\"srpw_widget-5\" class=\"widget widget_smart_recent_entries smart_recent_posts widget-shortcode area-arbitrary \"><div class=\"srpw-block srpw-default-style \"><style>.srpw-block li:first-child {\r\n    width: 100%;\r\n}\r\n.srpw-block li {\r\n    width: 48%;\r\n    float: left;\r\n    margin-right: 1%;\r\n}\r\nspan.wpp-meta.post-stats {\r\n    color: #650f9b;\r\n}\r\n.srpw-meta {\r\n    color: #650f9b;\r\n}<\/style><ul class=\"srpw-ul\"><li class=\"srpw-li srpw-clearfix\"><a class=\"srpw-img srpw-aligncenter\" href=\"https:\/\/fundacionperiodismo.org\/periodismo-por-una-vida-sin-violencia\/como-cineastas-nuestras-propuestas-no-deben-ser-moralistas-y-limitadas-sino-rebeldes-y-cuestionadoras\/\" target=\"_self\"><body><img decoding=\"async\" width=\"750\" height=\"360\" src=\"https:\/\/i0.wp.com\/fundacionperiodismo.org\/periodismo-por-una-vida-sin-violencia\/wp-content\/uploads\/2022\/05\/Denisse-ok.jpg?resize=750%2C360&amp;ssl=1\" class=\" srpw-thumbnail wp-post-image\" alt=\"\u201cComo cineastas, nuestras propuestas no deben ser moralistas y limitadas, sino rebeldes y cuestionadoras\u201d\" loading=\"lazy\"><\/body><\/a><div class=\"srpw-content\"><a class=\"srpw-title\" href=\"https:\/\/fundacionperiodismo.org\/periodismo-por-una-vida-sin-violencia\/como-cineastas-nuestras-propuestas-no-deben-ser-moralistas-y-limitadas-sino-rebeldes-y-cuestionadoras\/\" target=\"_self\">&#8220;Como cineastas, nuestras propuestas no deben ser moralistas y limitadas, sino rebeldes y cuestionadoras&#8221;<\/a><div class=\"srpw-meta\"><time class=\"srpw-time published\" datetime=\"2022-05-30T04:31:18+00:00\">mayo 30, 2022<\/time><\/div><\/div><\/li><li class=\"srpw-li srpw-clearfix\"><a class=\"srpw-img srpw-aligncenter\" href=\"https:\/\/fundacionperiodismo.org\/periodismo-por-una-vida-sin-violencia\/la-autonomia-economica-de-la-mujer-le-permite-tomar-el-control-de-su-vida-su-tiempo-su-cuerpo\/\" target=\"_self\"><body><img decoding=\"async\" width=\"750\" height=\"360\" src=\"https:\/\/i0.wp.com\/fundacionperiodismo.org\/periodismo-por-una-vida-sin-violencia\/wp-content\/uploads\/2022\/05\/ahora-si.jpeg?resize=750%2C360&amp;ssl=1\" class=\" srpw-thumbnail wp-post-image\" alt=\"\u2018La autonom\u00eda econ\u00f3mica de la mujer le permite tomar el control de su vida, su tiempo, su cuerpo\u2019\" loading=\"lazy\"><\/body><\/a><div class=\"srpw-content\"><a class=\"srpw-title\" href=\"https:\/\/fundacionperiodismo.org\/periodismo-por-una-vida-sin-violencia\/la-autonomia-economica-de-la-mujer-le-permite-tomar-el-control-de-su-vida-su-tiempo-su-cuerpo\/\" target=\"_self\">&#8216;La autonom\u00eda econ\u00f3mica de la mujer le permite tomar el control de su vida, su tiempo, su cuerpo&#8217;<\/a><div class=\"srpw-meta\"><time class=\"srpw-time published\" datetime=\"2022-05-06T19:55:00+00:00\">mayo 6, 2022<\/time><\/div><\/div><\/li><li class=\"srpw-li srpw-clearfix\"><a class=\"srpw-img srpw-aligncenter\" href=\"https:\/\/fundacionperiodismo.org\/periodismo-por-una-vida-sin-violencia\/los-hombres-debemos-romper-el-pacto-y-traicionar-al-patriarcado\/\" target=\"_self\"><body><img decoding=\"async\" width=\"750\" height=\"360\" src=\"https:\/\/i0.wp.com\/fundacionperiodismo.org\/periodismo-por-una-vida-sin-violencia\/wp-content\/uploads\/2022\/04\/yanez-3.jpg?resize=750%2C360&amp;ssl=1\" class=\" srpw-thumbnail wp-post-image\" alt=\"\u201cLos hombres debemos romper el pacto y traicionar al patriarcado\u201d\" loading=\"lazy\"><\/body><\/a><div class=\"srpw-content\"><a class=\"srpw-title\" href=\"https:\/\/fundacionperiodismo.org\/periodismo-por-una-vida-sin-violencia\/los-hombres-debemos-romper-el-pacto-y-traicionar-al-patriarcado\/\" target=\"_self\">\u201cLos hombres debemos romper el pacto y traicionar al patriarcado\u201d<\/a><div class=\"srpw-meta\"><time class=\"srpw-time published\" datetime=\"2022-04-14T14:37:54+00:00\">abril 14, 2022<\/time><\/div><\/div><\/li><li class=\"srpw-li srpw-clearfix\"><a class=\"srpw-img srpw-aligncenter\" href=\"https:\/\/fundacionperiodismo.org\/periodismo-por-una-vida-sin-violencia\/senadora-quispe-a-mi-me-toco-dejar-los-estudios-por-ser-mujer-y-por-falta-de-recursos\/\" target=\"_self\"><body><img decoding=\"async\" width=\"750\" height=\"360\" src=\"https:\/\/i0.wp.com\/fundacionperiodismo.org\/periodismo-por-una-vida-sin-violencia\/wp-content\/uploads\/2022\/03\/Senadora-quispe.jpeg?resize=750%2C360&amp;ssl=1\" class=\" srpw-thumbnail wp-post-image\" alt=\"Senadora Quispe: A m\u00ed me toc\u00f3 dejar los estudios por ser mujer y por falta de recursos\" loading=\"lazy\"><\/body><\/a><div class=\"srpw-content\"><a class=\"srpw-title\" href=\"https:\/\/fundacionperiodismo.org\/periodismo-por-una-vida-sin-violencia\/senadora-quispe-a-mi-me-toco-dejar-los-estudios-por-ser-mujer-y-por-falta-de-recursos\/\" target=\"_self\">Senadora Quispe: A m\u00ed me toc\u00f3 dejar los estudios por ser mujer y por falta de recursos<\/a><div class=\"srpw-meta\"><time class=\"srpw-time published\" datetime=\"2022-03-21T22:57:15+00:00\">marzo 21, 2022<\/time><\/div><\/div><\/li><li class=\"srpw-li srpw-clearfix\"><a class=\"srpw-img srpw-aligncenter\" href=\"https:\/\/fundacionperiodismo.org\/periodismo-por-una-vida-sin-violencia\/huacani-el-fin-es-tener-una-ley-348-muy-consensuada\/\" target=\"_self\"><body><img decoding=\"async\" width=\"750\" height=\"360\" src=\"https:\/\/i0.wp.com\/fundacionperiodismo.org\/periodismo-por-una-vida-sin-violencia\/wp-content\/uploads\/2022\/01\/Huacani.jpeg?resize=750%2C360&amp;ssl=1\" class=\" srpw-thumbnail wp-post-image\" alt=\"Huacani: \u201cEl fin es tener una Ley 348 muy consensuada\u201d\" loading=\"lazy\"><\/body><\/a><div class=\"srpw-content\"><a class=\"srpw-title\" href=\"https:\/\/fundacionperiodismo.org\/periodismo-por-una-vida-sin-violencia\/huacani-el-fin-es-tener-una-ley-348-muy-consensuada\/\" target=\"_self\">Huacani: \u201cEl fin es tener una Ley 348 muy consensuada\u201d<\/a><div class=\"srpw-meta\"><time class=\"srpw-time published\" datetime=\"2022-01-18T17:10:38+00:00\">enero 18, 2022<\/time><\/div><\/div><\/li><li class=\"srpw-li srpw-clearfix\"><a class=\"srpw-img srpw-aligncenter\" href=\"https:\/\/fundacionperiodismo.org\/periodismo-por-una-vida-sin-violencia\/guarachi-el-lenguaje-es-capaz-de-patentizar-las-practicas-machistas-y-reproducir-los-estereotipos\/\" target=\"_self\"><body><img decoding=\"async\" width=\"621\" height=\"360\" src=\"https:\/\/i0.wp.com\/fundacionperiodismo.org\/periodismo-por-una-vida-sin-violencia\/wp-content\/uploads\/2021\/12\/Teito-1.png?resize=621%2C360&amp;ssl=1\" class=\" srpw-thumbnail wp-post-image\" alt=\"Guarachi: El lenguaje es capaz de patentizar las pr\u00e1cticas machistas y reproducir los estereotipos\" loading=\"lazy\"><\/body><\/a><div class=\"srpw-content\"><a class=\"srpw-title\" href=\"https:\/\/fundacionperiodismo.org\/periodismo-por-una-vida-sin-violencia\/guarachi-el-lenguaje-es-capaz-de-patentizar-las-practicas-machistas-y-reproducir-los-estereotipos\/\" target=\"_self\">Guarachi: El lenguaje es capaz de patentizar las pr\u00e1cticas machistas y reproducir los estereotipos<\/a><div class=\"srpw-meta\"><time class=\"srpw-time published\" datetime=\"2021-12-14T02:40:45+00:00\">diciembre 14, 2021<\/time><\/div><\/div><\/li><li class=\"srpw-li srpw-clearfix\"><a class=\"srpw-img srpw-aligncenter\" href=\"https:\/\/fundacionperiodismo.org\/periodismo-por-una-vida-sin-violencia\/el-poder-se-manifiesta-contra-las-personas-mas-debiles-los-hombres-descargan-su-impotencia-en-mujeres-ninas-ninos-y-adolescentes\/\" target=\"_self\"><body><img decoding=\"async\" width=\"750\" height=\"360\" src=\"https:\/\/i0.wp.com\/fundacionperiodismo.org\/periodismo-por-una-vida-sin-violencia\/wp-content\/uploads\/2021\/11\/Marynes-3.png?resize=750%2C360&amp;ssl=1\" class=\" srpw-thumbnail wp-post-image\" alt=\"\u201cEl poder se manifiesta contra las personas m\u00e1s d\u00e9biles; los hombres descargan su impotencia en mujeres, ni\u00f1as, ni\u00f1os y adolescentes\u201d\" loading=\"lazy\"><\/body><\/a><div class=\"srpw-content\"><a class=\"srpw-title\" href=\"https:\/\/fundacionperiodismo.org\/periodismo-por-una-vida-sin-violencia\/el-poder-se-manifiesta-contra-las-personas-mas-debiles-los-hombres-descargan-su-impotencia-en-mujeres-ninas-ninos-y-adolescentes\/\" target=\"_self\">&#8220;El poder se manifiesta contra las personas m\u00e1s d\u00e9biles; los hombres descargan su impotencia en mujeres, ni\u00f1as, ni\u00f1os y adolescentes&#8221;<\/a><div class=\"srpw-meta\"><time class=\"srpw-time published\" datetime=\"2021-11-19T19:08:37+00:00\">noviembre 19, 2021<\/time><\/div><\/div><\/li><\/ul><\/div><!-- Generated by http:\/\/wordpress.org\/plugins\/smart-recent-posts-widget\/ --><\/div><!-- \/Widget Shortcode --><\/p>\n<\/body>","protected":false},"excerpt":{"rendered":"<p>\u00a0<\/p>\n","protected":false},"author":1,"featured_media":0,"parent":0,"menu_order":0,"comment_status":"closed","ping_status":"closed","template":"","meta":{"om_disable_all_campaigns":false,"footnotes":""},"class_list":["post-265","page","type-page","status-publish","hentry"],"jetpack_sharing_enabled":true,"_links":{"self":[{"href":"https:\/\/fundacionperiodismo.org\/periodismo-por-una-vida-sin-violencia\/wp-json\/wp\/v2\/pages\/265","targetHints":{"allow":["GET"]}}],"collection":[{"href":"https:\/\/fundacionperiodismo.org\/periodismo-por-una-vida-sin-violencia\/wp-json\/wp\/v2\/pages"}],"about":[{"href":"https:\/\/fundacionperiodismo.org\/periodismo-por-una-vida-sin-violencia\/wp-json\/wp\/v2\/types\/page"}],"author":[{"embeddable":true,"href":"https:\/\/fundacionperiodismo.org\/periodismo-por-una-vida-sin-violencia\/wp-json\/wp\/v2\/users\/1"}],"replies":[{"embeddable":true,"href":"https:\/\/fundacionperiodismo.org\/periodismo-por-una-vida-sin-violencia\/wp-json\/wp\/v2\/comments?post=265"}],"version-history":[{"count":3,"href":"https:\/\/fundacionperiodismo.org\/periodismo-por-una-vida-sin-violencia\/wp-json\/wp\/v2\/pages\/265\/revisions"}],"predecessor-version":[{"id":463,"href":"https:\/\/fundacionperiodismo.org\/periodismo-por-una-vida-sin-violencia\/wp-json\/wp\/v2\/pages\/265\/revisions\/463"}],"wp:attachment":[{"href":"https:\/\/fundacionperiodismo.org\/periodismo-por-una-vida-sin-violencia\/wp-json\/wp\/v2\/media?parent=265"}],"curies":[{"name":"wp","href":"https:\/\/api.w.org\/{rel}","templated":true}]}}