{"id":269,"date":"2021-11-23T16:06:32","date_gmt":"2021-11-23T16:06:32","guid":{"rendered":"https:\/\/fundacionperiodismo.org\/periodismo-por-una-vida-sin-violencia\/?page_id=269"},"modified":"2022-03-10T19:36:38","modified_gmt":"2022-03-10T19:36:38","slug":"podcast","status":"publish","type":"page","link":"https:\/\/fundacionperiodismo.org\/periodismo-por-una-vida-sin-violencia\/podcast\/","title":{"rendered":"Podcast"},"content":{"rendered":"<body><p>\u00a0<\/p>\n<p><em><strong>Los podcast publicados en esta secci\u00f3n fueron elaborados por las y los periodistas del Diplomado Violencia de G\u00e9nero, Derechos de las Mujeres y Periodismo. Los trabajos fueron dise\u00f1ados y elaborados siguiendo las recomendaciones de la perspectiva de g\u00e9nero.<\/strong><\/em><\/p>\n<p>\u00a0<\/p>\n<p>\u00a0<\/p>\n<h4><span style=\"color: #ff9900;\"><em><strong>Podcast \u2013 Mujeres que luchan por las mujeres, acoso y violencia contra colectivas feministas<\/strong><\/em><\/span><br>\nPeriodistas:<br>\nSilvia Renter\u00eda<br>\nMar\u00eda Silvia Trigo<br>\nMichelle Nogales<\/h4>\n<p><iframe loading=\"lazy\" title=\"Mujeres que luchan por las mujeres, acoso y violencia contra colectivas feministas by Michelle Nogales Cardozo\" width=\"640\" height=\"400\" scrolling=\"no\" frameborder=\"no\" src=\"https:\/\/w.soundcloud.com\/player\/?visual=true&amp;url=https%3A%2F%2Fapi.soundcloud.com%2Ftracks%2F1206292453&amp;show_artwork=true&amp;maxheight=960&amp;maxwidth=640\"><\/iframe><\/p>\n<p>\u00a0<\/p>\n<h4><em><span style=\"color: #ff9900;\"><strong>Podcast \u2013 Fantasmas en bocamina, las guardas del Cerro Rico<\/strong><\/span><\/em><br>\nPeriodistas:<br>\nCarlos Iporre<br>\nJorge Vidaurre<br>\nMar\u00eda Ren\u00e9 Duch\u00e9n<br>\nClaudia Quenallata<\/h4>\n<p><iframe loading=\"lazy\" title=\"FANTASMAS EN BOCAMINA by Tania Frank\" width=\"640\" height=\"400\" scrolling=\"no\" frameborder=\"no\" src=\"https:\/\/w.soundcloud.com\/player\/?visual=true&amp;url=https%3A%2F%2Fapi.soundcloud.com%2Ftracks%2F1228329682&amp;show_artwork=true&amp;maxheight=960&amp;maxwidth=640\"><\/iframe><\/p>\n<p>\u00a0<\/p>\n<h4><strong><em><span style=\"color: #ff9900;\">Podcast \u2013 Debate sobre el aborto en Bolivia<\/span><\/em><\/strong><br>\nPeriodistas:<br>\nDiana Doria Medina<br>\nIrguen Past\u00e9n<br>\nRen\u00e9 Vargas<br>\nRamiro Charcas<\/h4>\n<p><iframe title=\"Spotify Embed: Hay que debatir sobre el aborto en Bolivia\" style=\"border-radius: 12px\" width=\"100%\" height=\"152\" frameborder=\"0\" allowfullscreen allow=\"autoplay; clipboard-write; encrypted-media; fullscreen; picture-in-picture\" loading=\"lazy\" src=\"https:\/\/open.spotify.com\/embed\/episode\/6lFa87omVPcd109pXS6XlP?si=HxyM9dDFTBKm0B-YFdb1MA&amp;utm_source=oembed&amp;nd=1\"><\/iframe><\/p>\n<p>\u00a0<\/p>\n<h4><strong><em><span style=\"color: #ff9900;\">Podcast \u2013 Jenny, la derribadora de campeones<\/span><\/em><\/strong><br>\nPeriodistas:<br>\nEsther Mamami<br>\nErick Ortega<br>\nCarmen Maldonado<br>\nMar\u00eda Ulo<br>\nEduardo Medina<\/h4>\n<p><iframe loading=\"lazy\" title=\"Podcast - Jenny Derribadora De Campeones by cedumedina\" width=\"640\" height=\"400\" scrolling=\"no\" frameborder=\"no\" src=\"https:\/\/w.soundcloud.com\/player\/?visual=true&amp;url=https%3A%2F%2Fapi.soundcloud.com%2Ftracks%2F1210657843&amp;show_artwork=true&amp;maxheight=960&amp;maxwidth=640\"><\/iframe><\/p>\n<p>\u00a0<\/p>\n<h4><strong><em><span style=\"color: #ff9900;\">Podcast \u2013 Vasectom\u00eda, derechos sexuales y reproductivos compartidos<\/span><\/em><\/strong><br>\nPeriodistas:<br>\nAlejandra Arrien<br>\nM\u00f3nica Arrien<br>\nC\u00e9sar del Castillo<\/h4>\n<p><iframe title=\"Spotify Embed: Es cuesti\u00f3n de dos\" style=\"border-radius: 12px\" width=\"100%\" height=\"152\" frameborder=\"0\" allowfullscreen allow=\"autoplay; clipboard-write; encrypted-media; fullscreen; picture-in-picture\" loading=\"lazy\" src=\"https:\/\/open.spotify.com\/embed\/show\/4NopuQjKtJe64bzda5oiez?si=1kUO_1-hRqWAmHW8Yc-2XQ&amp;nd=1&amp;utm_source=oembed\"><\/iframe><\/p>\n<p>\u00a0<\/p>\n<p>\u00a0<\/p>\n<h4><strong><span style=\"color: #ff9900;\"><em>Podcast \u2013 Palmasola: la c\u00e1rcel de hombres que tambi\u00e9n encierra mujeres<\/em><\/span><\/strong><br>\nPeriodistas:<br>\nFabiola Llanos<br>\nIan S\u00e1nchez<br>\nClaudia Pardo<br>\nJosu\u00e9 Daza<\/h4>\n<p><iframe loading=\"lazy\" title=\"Podcast ''Izquierdos &amp; Derechos&quot; Cap. 1 by Izquierdos &amp; Derechos\" width=\"640\" height=\"400\" scrolling=\"no\" frameborder=\"no\" src=\"https:\/\/w.soundcloud.com\/player\/?visual=true&amp;url=https%3A%2F%2Fapi.soundcloud.com%2Ftracks%2F1206656341&amp;show_artwork=true&amp;maxheight=960&amp;maxwidth=640\"><\/iframe><\/p>\n<h3><\/h3>\n<h4><span style=\"color: #ff9900;\"><em><strong>Podcast \u2013 La l\u00ednea lila, el transporte de mujeres que desaf\u00eda al machismo en El Alto<\/strong><\/em><\/span><br>\nPeriodistas:<br>\nYenny Ticona<br>\nJuan Cancari<\/h4>\n<p><iframe title=\"Spotify Embed: Mujeres Revolucionando El Alto\" style=\"border-radius: 12px\" width=\"100%\" height=\"152\" frameborder=\"0\" allowfullscreen allow=\"autoplay; clipboard-write; encrypted-media; fullscreen; picture-in-picture\" loading=\"lazy\" src=\"https:\/\/open.spotify.com\/embed\/show\/7k2ouOmaVD5vIWivQeRlB5?utm_source=oembed\"><\/iframe><\/p>\n<h3><\/h3>\n<h4><em><strong><span style=\"color: #ff9900;\">Podcast \u2013 Pol\u00edtica en zapatos de mujer<\/span><\/strong><\/em><br>\nPeriodistas:<br>\nJorge Salom\u00f3n<br>\nAnabel Vaca<br>\nYobana Knaudt<\/h4>\n<p><iframe loading=\"lazy\" title=\"POL\u00cdTICA EN ZAPATOS DE MUJER by Ana\" width=\"640\" height=\"400\" scrolling=\"no\" frameborder=\"no\" src=\"https:\/\/w.soundcloud.com\/player\/?visual=true&amp;url=https%3A%2F%2Fapi.soundcloud.com%2Ftracks%2F1206912778&amp;show_artwork=true&amp;maxheight=960&amp;maxwidth=640\"><\/iframe><\/p>\n<h3><\/h3>\n<h4><em><strong><span style=\"color: #ff9900;\">Podcast \u2013 Mujeres del \u00e1rea rural tienen t\u00edtulos propietarios, pero no son due\u00f1as de sus tierras<\/span><\/strong><\/em><br>\nPeriodistas:<br>\nEleuteria Ortiz<br>\nGladys Tinta<br>\nRudy Guarachi<br>\nMary Tuco<\/h4>\n<p><iframe loading=\"lazy\" title=\"Mujeres del \u00e1rea rural tienen t\u00edtulos propietarios, pero no son due\u00f1as de sus tierras by Rudy Guarachi Cota\" width=\"640\" height=\"400\" scrolling=\"no\" frameborder=\"no\" src=\"https:\/\/w.soundcloud.com\/player\/?visual=true&amp;url=https%3A%2F%2Fapi.soundcloud.com%2Ftracks%2F1206662953&amp;show_artwork=true&amp;maxheight=960&amp;maxwidth=640\"><\/iframe><\/p>\n<h3><\/h3>\n<h4><span style=\"color: #ff9900;\"><em><strong>Podcast \u2013 Caseras madrugadoras<\/strong><\/em><\/span><br>\nPeriodistas:<br>\nAleja Cuevas<br>\nMirna Echave<br>\nJorge Quispe<\/h4>\n<p><iframe loading=\"lazy\" title=\"M\u00edrenme - Caseras Madrugadoras by Mirna Echave Mallea\" width=\"640\" height=\"400\" scrolling=\"no\" frameborder=\"no\" src=\"https:\/\/w.soundcloud.com\/player\/?visual=true&amp;url=https%3A%2F%2Fapi.soundcloud.com%2Ftracks%2F1207163734&amp;show_artwork=true&amp;maxheight=960&amp;maxwidth=640\"><\/iframe><\/p>\n<h3><\/h3>\n<h4><strong><em><span style=\"color: #ff9900;\">Podcast \u2013 Esclavas sin cadenas<\/span><\/em><\/strong><br>\nPeriodistas:<br>\nPaola Apaza<br>\nThalia Zabala<br>\nNeyda Quispe<\/h4>\n<p><iframe loading=\"lazy\" title=\"Esclavas sin cadena.  Revista. by Tania Frank\" width=\"640\" height=\"400\" scrolling=\"no\" frameborder=\"no\" src=\"https:\/\/w.soundcloud.com\/player\/?visual=true&amp;url=https%3A%2F%2Fapi.soundcloud.com%2Ftracks%2F1228349611&amp;show_artwork=true&amp;maxheight=960&amp;maxwidth=640\"><\/iframe><\/p>\n<h3><\/h3>\n<h4><strong><em><span style=\"color: #ff9900;\">Podcast \u2013 Revictimizaci\u00f3n en busca de justicia<\/span><\/em><\/strong><br>\nPeriodistas:<br>\nJulieta Nina<br>\nMariela Portugal<\/h4>\n<p><iframe loading=\"lazy\" style=\"border: 1px solid #FFFFFF;\" src=\"https:\/\/www.ivoox.com\/player_es_podcast_1454748_zp_1.html\" width=\"100%\" height=\"400\" frameborder=\"0\" scrolling=\"no\" allowfullscreen=\"allowfullscreen\"><\/iframe><\/p>\n<h3><\/h3>\n<h4><span style=\"color: #ff9900;\"><strong><em>Podcast \u2013 Hu\u00e9rfanos, las v\u00edctimas olvidadas del feminicidio<\/em><\/strong><\/span><br>\nPeriodistas:<br>\nWilmer Fern\u00e1ndez<br>\nMariela Evelyn Laura<br>\nTania Noem\u00ed Magne<\/h4>\n<p><iframe title=\"Spotify Embed: Victimas olvidadas del feminicidio\" style=\"border-radius: 12px\" width=\"100%\" height=\"152\" frameborder=\"0\" allowfullscreen allow=\"autoplay; clipboard-write; encrypted-media; fullscreen; picture-in-picture\" loading=\"lazy\" src=\"https:\/\/open.spotify.com\/embed\/episode\/6P6WwOrOGIjF4QHTJw8y4M?si=txJB8JzRQjK7qz3Ykr98vg&amp;utm_source=oembed\"><\/iframe><\/p>\n<h3><\/h3>\n<h4><span style=\"color: #ff9900;\"><strong><em>Podcast \u2013 La justicia a distancia \u00bfno cuenta? Feminicidas siguen libres<\/em><\/strong><\/span><br>\nPeriodista:<br>\nCinthia Altamirano<\/h4>\n<p><iframe loading=\"lazy\" title=\"LA JUSTICIA A DISTANCIA \u00bfNO CUENTA? LOS FEMINICIDAS SIGUEN LIBRES by Cinthia Altamirano\" width=\"640\" height=\"400\" scrolling=\"no\" frameborder=\"no\" src=\"https:\/\/w.soundcloud.com\/player\/?visual=true&amp;url=https%3A%2F%2Fapi.soundcloud.com%2Ftracks%2F1207019347&amp;show_artwork=true&amp;maxheight=960&amp;maxwidth=640\"><\/iframe><\/p>\n<h5><\/h5>\n<h4><span style=\"color: #ff9900;\"><strong><em>Podcast \u2013 Ch\u2019amampi. Historias de vida contra la violencia a la mujer<\/em><\/strong><\/span><br>\nPeriodista:<br>\nSantos Colque<\/h4>\n<p><iframe loading=\"lazy\" title=\"Ch'amampi. Historias de vida. Cap 01 by Tania Frank\" width=\"640\" height=\"400\" scrolling=\"no\" frameborder=\"no\" src=\"https:\/\/w.soundcloud.com\/player\/?visual=true&amp;url=https%3A%2F%2Fapi.soundcloud.com%2Ftracks%2F1228353091&amp;show_artwork=true&amp;maxheight=960&amp;maxwidth=640\"><\/iframe><\/p>\n<h3><\/h3>\n<h4><span style=\"color: #ff9900;\"><strong><em>Podcast \u2013 Mascunilidades: charla con un experto<\/em><\/strong><\/span><br>\nPeriodista:<br>\nAnah\u00ed Cazas<\/h4>\n<p><iframe loading=\"lazy\" title=\"Mascunilidades.  Entrevista Con Un Experto. by Tania Frank\" width=\"640\" height=\"400\" scrolling=\"no\" frameborder=\"no\" src=\"https:\/\/w.soundcloud.com\/player\/?visual=true&amp;url=https%3A%2F%2Fapi.soundcloud.com%2Ftracks%2F1228344376&amp;show_artwork=true&amp;maxheight=960&amp;maxwidth=640\"><\/iframe><\/p>\n<h3><\/h3>\n<h4><em><strong><span style=\"color: #ff9900;\">Podcast \u2013 \u201cMujer bella\u201d, el estereotipo que se sostiene en la TV boliviana<\/span><\/strong><\/em><br>\nPeriodistas:<br>\nGuadalupe Castillo<br>\nMariana T\u00f3rrez<br>\nAlba Mendieta<br>\nYenny Escalante<br>\nCarmen Rosa Mamani<\/h4>\n<p><iframe title=\"Spotify Embed: &quot;Mujer Bella&quot; El estereotipo que se sostiene en la TV boliviana\" style=\"border-radius: 12px\" width=\"100%\" height=\"152\" frameborder=\"0\" allowfullscreen allow=\"autoplay; clipboard-write; encrypted-media; fullscreen; picture-in-picture\" loading=\"lazy\" src=\"https:\/\/open.spotify.com\/embed\/episode\/3KGqc7kkuGnqpTuwracipj?si=VMspe_DvT26Q0xfB74GXkQ&amp;utm_source=oembed\"><\/iframe><\/p>\n<\/body>","protected":false},"excerpt":{"rendered":"<p>\u00a0 Los podcast publicados en esta secci\u00f3n fueron elaborados por las y los periodistas del Diplomado Violencia de G\u00e9nero, Derechos de las Mujeres y Periodismo. Los trabajos fueron dise\u00f1ados y elaborados siguiendo las recomendaciones de la perspectiva de g\u00e9nero. \u00a0 \u00a0 Podcast \u2013 Mujeres que luchan por las mujeres, acoso y violencia contra colectivas feministas [&hellip;]<\/p>\n","protected":false},"author":1,"featured_media":0,"parent":0,"menu_order":0,"comment_status":"closed","ping_status":"closed","template":"","meta":{"om_disable_all_campaigns":false,"footnotes":""},"class_list":["post-269","page","type-page","status-publish","hentry"],"jetpack_sharing_enabled":true,"_links":{"self":[{"href":"https:\/\/fundacionperiodismo.org\/periodismo-por-una-vida-sin-violencia\/wp-json\/wp\/v2\/pages\/269","targetHints":{"allow":["GET"]}}],"collection":[{"href":"https:\/\/fundacionperiodismo.org\/periodismo-por-una-vida-sin-violencia\/wp-json\/wp\/v2\/pages"}],"about":[{"href":"https:\/\/fundacionperiodismo.org\/periodismo-por-una-vida-sin-violencia\/wp-json\/wp\/v2\/types\/page"}],"author":[{"embeddable":true,"href":"https:\/\/fundacionperiodismo.org\/periodismo-por-una-vida-sin-violencia\/wp-json\/wp\/v2\/users\/1"}],"replies":[{"embeddable":true,"href":"https:\/\/fundacionperiodismo.org\/periodismo-por-una-vida-sin-violencia\/wp-json\/wp\/v2\/comments?post=269"}],"version-history":[{"count":28,"href":"https:\/\/fundacionperiodismo.org\/periodismo-por-una-vida-sin-violencia\/wp-json\/wp\/v2\/pages\/269\/revisions"}],"predecessor-version":[{"id":809,"href":"https:\/\/fundacionperiodismo.org\/periodismo-por-una-vida-sin-violencia\/wp-json\/wp\/v2\/pages\/269\/revisions\/809"}],"wp:attachment":[{"href":"https:\/\/fundacionperiodismo.org\/periodismo-por-una-vida-sin-violencia\/wp-json\/wp\/v2\/media?parent=269"}],"curies":[{"name":"wp","href":"https:\/\/api.w.org\/{rel}","templated":true}]}}