{"id":521,"date":"2022-01-20T15:55:44","date_gmt":"2022-01-20T15:55:44","guid":{"rendered":"https:\/\/fundacionperiodismo.org\/periodismo-por-una-vida-sin-violencia\/?page_id=521"},"modified":"2022-01-25T04:15:32","modified_gmt":"2022-01-25T04:15:32","slug":"mision-vision","status":"publish","type":"page","link":"https:\/\/fundacionperiodismo.org\/periodismo-por-una-vida-sin-violencia\/mision-vision\/","title":{"rendered":"Misi\u00f3n &#8211; Visi\u00f3n"},"content":{"rendered":"<body><p><\/p>\u00a0\n<p><img data-recalc-dims=\"1\" decoding=\"async\" class=\"size-full wp-image-464 aligncenter\" src=\"https:\/\/i0.wp.com\/fundacionperiodismo.org\/periodismo-por-una-vida-sin-violencia\/wp-content\/uploads\/2022\/01\/vida-sin-violencia.jpg?resize=500%2C374&#038;ssl=1\" alt=\"Vida sin violenia\" width=\"500\" height=\"374\" loading=\"lazy\" srcset=\"https:\/\/i0.wp.com\/fundacionperiodismo.org\/periodismo-por-una-vida-sin-violencia\/wp-content\/uploads\/2022\/01\/vida-sin-violencia.jpg?w=500&amp;ssl=1 500w, https:\/\/i0.wp.com\/fundacionperiodismo.org\/periodismo-por-una-vida-sin-violencia\/wp-content\/uploads\/2022\/01\/vida-sin-violencia.jpg?resize=300%2C224&amp;ssl=1 300w\" sizes=\"auto, (max-width: 500px) 100vw, 500px\" \/><\/p>\n<p style=\"text-align: center;\">Ilustraci\u00f3n: Comunidad Virtual #VidaSinViolencia<\/p>\n<p>\u00a0<\/p>\n<p>La <span style=\"color: #800080;\"><strong>RED DE PERIODISMO PARA UNA VIDA SIN VIOLENCIA<\/strong><\/span> es un espacio de informaci\u00f3n, reflexi\u00f3n, cr\u00edtica, conocimiento, formaci\u00f3n y apoyo para la producci\u00f3n de material informativo con enfoque de g\u00e9nero.<\/p>\n<p>Est\u00e1 conformada por periodistas de toda Bolivia comprometidos con la justicia social y los derechos de las mujeres. La Red ha sido creada a partir de intereses comunes y voluntades compartidas. Contamos con estructuras simples de funcionamiento que nos posibilitan trabajar una de manera conjunta y colaborativa.<\/p>\n<p>\u00a0<\/p>\n<p><span style=\"color: #800080;\"><strong>MISI\u00d3N<\/strong><\/span><\/p>\n<p>Impulsar una agenda informativa con enfoque de g\u00e9nero que promueva la erradicaci\u00f3n de todo tipo de violencia hacia las mujeres y el ejercicio pleno de sus derechos humanos en igualdad y equidad de condiciones.<\/p>\n<p>\u00a0<\/p>\n<p><span style=\"color: #800080;\"><strong>VISI\u00d3N<\/strong><\/span><\/p>\n<p>Las y los periodistas de la Red de Periodismo para una Vida sin Violencia trabajamos por una transformaci\u00f3n de fondo de la sociedad boliviana, donde todas y cada una de las mujeres y las ni\u00f1as puedan desarrollarse de manera integral.<\/p>\n<\/body>","protected":false},"excerpt":{"rendered":"<p>\u00a0 Ilustraci\u00f3n: Comunidad Virtual #VidaSinViolencia \u00a0 La RED DE PERIODISMO PARA UNA VIDA SIN VIOLENCIA es un espacio de informaci\u00f3n, reflexi\u00f3n, cr\u00edtica, conocimiento, formaci\u00f3n y apoyo para la producci\u00f3n de material informativo con enfoque de g\u00e9nero. Est\u00e1 conformada por periodistas de toda Bolivia comprometidos con la justicia social y los derechos de las mujeres. La [&hellip;]<\/p>\n","protected":false},"author":1,"featured_media":0,"parent":0,"menu_order":0,"comment_status":"closed","ping_status":"closed","template":"","meta":{"om_disable_all_campaigns":false,"footnotes":""},"class_list":["post-521","page","type-page","status-publish","hentry"],"jetpack_sharing_enabled":true,"_links":{"self":[{"href":"https:\/\/fundacionperiodismo.org\/periodismo-por-una-vida-sin-violencia\/wp-json\/wp\/v2\/pages\/521","targetHints":{"allow":["GET"]}}],"collection":[{"href":"https:\/\/fundacionperiodismo.org\/periodismo-por-una-vida-sin-violencia\/wp-json\/wp\/v2\/pages"}],"about":[{"href":"https:\/\/fundacionperiodismo.org\/periodismo-por-una-vida-sin-violencia\/wp-json\/wp\/v2\/types\/page"}],"author":[{"embeddable":true,"href":"https:\/\/fundacionperiodismo.org\/periodismo-por-una-vida-sin-violencia\/wp-json\/wp\/v2\/users\/1"}],"replies":[{"embeddable":true,"href":"https:\/\/fundacionperiodismo.org\/periodismo-por-una-vida-sin-violencia\/wp-json\/wp\/v2\/comments?post=521"}],"version-history":[{"count":8,"href":"https:\/\/fundacionperiodismo.org\/periodismo-por-una-vida-sin-violencia\/wp-json\/wp\/v2\/pages\/521\/revisions"}],"predecessor-version":[{"id":563,"href":"https:\/\/fundacionperiodismo.org\/periodismo-por-una-vida-sin-violencia\/wp-json\/wp\/v2\/pages\/521\/revisions\/563"}],"wp:attachment":[{"href":"https:\/\/fundacionperiodismo.org\/periodismo-por-una-vida-sin-violencia\/wp-json\/wp\/v2\/media?parent=521"}],"curies":[{"name":"wp","href":"https:\/\/api.w.org\/{rel}","templated":true}]}}