{"id":101,"date":"2025-04-01T18:43:50","date_gmt":"2025-04-01T18:43:50","guid":{"rendered":"https:\/\/fundacionperiodismo.org\/premio-nacional-de-periodismo-con-perspectiva-de-genero\/?page_id=101"},"modified":"2025-04-04T15:30:05","modified_gmt":"2025-04-04T15:30:05","slug":"prensa-escrita","status":"publish","type":"page","link":"https:\/\/fundacionperiodismo.org\/premio-nacional-de-periodismo-con-perspectiva-de-genero\/prensa-escrita\/","title":{"rendered":"Prensa Escrita"},"content":{"rendered":"\n<h1>\n\t\tCATEGOR\u00cdA PRENSA ESCRITA\n\t<\/h1>\n<h3>\n\t\tPRIMER LUGAR\n\t<\/h3>\n\t\t\t\t<a href=\"https:\/\/www.opinion.com.bo\/articulo\/escena-del-crimen\/ninas-madres-lia-247-mas-interrupcion-embarazo-derecho-obstaculos\/20230902195627919504.html\"  target=\"_blank\" rel=\"noopener\"  itemprop=\"url\">\n\t\t\t\t<img loading=\"lazy\" decoding=\"async\" src=\"https:\/\/fundacionperiodismo.org\/premio-nacional-de-periodismo-con-perspectiva-de-genero\/wp-content\/uploads\/2025\/04\/b1.jpg\" alt=\"b1\" itemprop=\"image\" height=\"300\" width=\"500\" title=\"b1\" onerror=\"this.style.display='none'\"  \/>\n\t\t\t\t<\/a>\n<h5>\n\t\tMariela Cossio Mercado\n\t<\/h5>\n<h4>\n\t\t\u00abNi\u00f1as, no madres\u00bb: l\u00eda y 247 m\u00e1s ante la interrupci\u00f3n del embarazo: un derecho con obst\u00e1culos\n\t<\/h4>\n\t<p>L\u00eda (nombre cambiado) es una ni\u00f1a de 11 a\u00f1os que lleg\u00f3 a un hospital de Sacaba, en Cochabamba con un embarazo de 22 semanas, fruto de una agresi\u00f3n sexual perpetrada por su primo de 15. Despu\u00e9s de gestiones, accedi\u00f3 a la Interrupci\u00f3n Legal del Embarazo (ILE). Tanto el embarazo producto de una violaci\u00f3n como la peregrinaci\u00f3n o negaci\u00f3n del acceso a la ILE en casos permitidos por ley se considera situaciones de violencia de g\u00e9nero, ya que afecta la autonom\u00eda y la integridad de la mujer.<\/p>\n<p>Medio de comunicaci\u00f3n: <strong>Opini\u00f3n<\/strong><\/p>\n\t\t\t<a href=\"https:\/\/www.opinion.com.bo\/articulo\/escena-del-crimen\/ninas-madres-lia-247-mas-interrupcion-embarazo-derecho-obstaculos\/20230902195627919504.html\" target=\"_blank\" rel=\"noopener\">\n\t\t\t\t\t\t\tVER REPORTAJE\n\t\t\t\t\t<\/a>\n<h3>\n\t\tSEGUNDO LUGAR\n\t<\/h3>\n\t\t\t\t<a href=\"https:\/\/soundcloud.com\/user-301473184\/con-sus-esposos-presos-el-peso-de-la-vida-recae-sobre-ellas\"  target=\"_blank\" rel=\"noopener\"  itemprop=\"url\">\n\t\t\t\t<img loading=\"lazy\" decoding=\"async\" src=\"https:\/\/fundacionperiodismo.org\/premio-nacional-de-periodismo-con-perspectiva-de-genero\/wp-content\/uploads\/2025\/04\/b3.jpg\" alt=\"b3\" itemprop=\"image\" height=\"300\" width=\"500\" title=\"b3\" onerror=\"this.style.display='none'\"  \/>\n\t\t\t\t<\/a>\n<h5>\n\t\tJorge Salom\u00f3n Zarate, Yobana Graciela Knaudt, Anabel Vaca\n\t<\/h5>\n<h4>\n\t\tCon sus esposos presos, el peso de la vida recae sobre ellas\n\t<\/h4>\n\t<p>Con el relato de 9 mam\u00e1s de ni\u00f1os y ni\u00f1as que tienen a sus padres privados de libertad, se evidencia por qu\u00e9 necesitan que el Estado y las instituciones de la sociedad dejen de mirar para otro lado y como enuncia la ley 348 se les garantice una vida libre de violencia. En las 9 historias abordadas en primera persona se corrobora las m\u00faltiples violencias a las que est\u00e1n expuestas, siendo la presi\u00f3n sicol\u00f3gica de sus maridos en la c\u00e1rcel y la responsabilidad de que los hijos puedan comer y estudiar sus mayores preocupaciones. Con la investigaci\u00f3n se constat\u00f3 que no existe ning\u00fan programa de apoyo o ayuda directa del Gobierno para que ellas puedan generar recursos y tener mejores condiciones de vida.<\/p>\n<p>Medio de comunicaci\u00f3n: <strong>P7<\/strong><\/p>\n\t\t\t<a href=\"https:\/\/soundcloud.com\/user-301473184\/con-sus-esposos-presos-el-peso-de-la-vida-recae-sobre-ellas\" target=\"_blank\" rel=\"noopener\">\n\t\t\t\t\t\t\tVER REPORTAJE\n\t\t\t\t\t<\/a>\n<h3>\n\t\tTERCER LUGAR\n\t<\/h3>\n\t\t\t\t<a href=\"https:\/\/www.opinion.com.bo\/articulo\/revista-asi\/revolucion-chola-mujeres-pollera-resisten-pie\/20220409000706862213.html\"  target=\"_blank\" rel=\"noopener\"  itemprop=\"url\">\n\t\t\t\t<img loading=\"lazy\" decoding=\"async\" src=\"https:\/\/fundacionperiodismo.org\/premio-nacional-de-periodismo-con-perspectiva-de-genero\/wp-content\/uploads\/2025\/04\/b2.jpg\" alt=\"b2\" itemprop=\"image\" height=\"300\" width=\"500\" title=\"b2\" onerror=\"this.style.display='none'\"  \/>\n\t\t\t\t<\/a>\n<h5>\n\t\tSantiago Agust\u00edn Espinoza Antezana\n\t<\/h5>\n<h4>\n\t\tLa revoluci\u00f3n chola: Las mujeres de pollera resisten de pie\n\t<\/h4>\n\t<p>\u00abLa revoluci\u00f3n chola: Las mujeres de pollera resisten de pie\u00bb es un reportaje publicado en dos entregas, en la revista dominical As\u00ed, del peri\u00f3dico Opini\u00f3n (Cochabamba), que ofrece un fresco sobre la vitalidad pol\u00edtica, cultural y econ\u00f3mica de las cholas bolivianas en la vida p\u00fablica del pa\u00eds de los \u00faltimos a\u00f1os.<\/p>\n<p>Medio de comunicaci\u00f3n:\u00a0<strong>Opini\u00f3n<\/strong><\/p>\n\t\t\t<a href=\"https:\/\/www.opinion.com.bo\/articulo\/revista-asi\/revolucion-chola-mujeres-pollera-resisten-pie\/20220409000706862213.html\" target=\"_blank\" rel=\"noopener\">\n\t\t\t\t\t\t\tVER REPORTAJE\n\t\t\t\t\t<\/a>\n\n","protected":false},"excerpt":{"rendered":"<p>CATEGOR\u00cdA PRENSA ESCRITA PRIMER LUGAR Mariela Cossio Mercado \u00abNi\u00f1as, no madres\u00bb: l\u00eda y 247 m\u00e1s ante la interrupci\u00f3n del embarazo: un derecho con obst\u00e1culos L\u00eda (nombre cambiado) es una ni\u00f1a&hellip;<\/p>\n","protected":false},"author":1,"featured_media":0,"parent":0,"menu_order":0,"comment_status":"closed","ping_status":"closed","template":"","meta":{"footnotes":""},"class_list":["post-101","page","type-page","status-publish","hentry"],"_links":{"self":[{"href":"https:\/\/fundacionperiodismo.org\/premio-nacional-de-periodismo-con-perspectiva-de-genero\/wp-json\/wp\/v2\/pages\/101","targetHints":{"allow":["GET"]}}],"collection":[{"href":"https:\/\/fundacionperiodismo.org\/premio-nacional-de-periodismo-con-perspectiva-de-genero\/wp-json\/wp\/v2\/pages"}],"about":[{"href":"https:\/\/fundacionperiodismo.org\/premio-nacional-de-periodismo-con-perspectiva-de-genero\/wp-json\/wp\/v2\/types\/page"}],"author":[{"embeddable":true,"href":"https:\/\/fundacionperiodismo.org\/premio-nacional-de-periodismo-con-perspectiva-de-genero\/wp-json\/wp\/v2\/users\/1"}],"replies":[{"embeddable":true,"href":"https:\/\/fundacionperiodismo.org\/premio-nacional-de-periodismo-con-perspectiva-de-genero\/wp-json\/wp\/v2\/comments?post=101"}],"version-history":[{"count":12,"href":"https:\/\/fundacionperiodismo.org\/premio-nacional-de-periodismo-con-perspectiva-de-genero\/wp-json\/wp\/v2\/pages\/101\/revisions"}],"predecessor-version":[{"id":188,"href":"https:\/\/fundacionperiodismo.org\/premio-nacional-de-periodismo-con-perspectiva-de-genero\/wp-json\/wp\/v2\/pages\/101\/revisions\/188"}],"wp:attachment":[{"href":"https:\/\/fundacionperiodismo.org\/premio-nacional-de-periodismo-con-perspectiva-de-genero\/wp-json\/wp\/v2\/media?parent=101"}],"curies":[{"name":"wp","href":"https:\/\/api.w.org\/{rel}","templated":true}]}}