{"id":114,"date":"2025-04-02T19:14:33","date_gmt":"2025-04-02T19:14:33","guid":{"rendered":"https:\/\/fundacionperiodismo.org\/premio-nacional-de-periodismo-con-perspectiva-de-genero\/?page_id=114"},"modified":"2025-04-04T15:37:30","modified_gmt":"2025-04-04T15:37:30","slug":"prensa-televisiva","status":"publish","type":"page","link":"https:\/\/fundacionperiodismo.org\/premio-nacional-de-periodismo-con-perspectiva-de-genero\/prensa-televisiva\/","title":{"rendered":"Prensa Televisiva"},"content":{"rendered":"\n<h1>\n\t\tCategor\u00eda Prensa Televisiva\n\t<\/h1>\n<h3>\n\t\tPRIMER LUGAR\n\t<\/h3>\n\t\t\t\t<a href=\"https:\/\/www.facebook.com\/share\/p\/UQiGb9c6wRnJzbsh\/?mibextid=oFDknk%20\"  target=\"_self\" itemprop=\"url\">\n\t\t\t\t<img loading=\"lazy\" decoding=\"async\" src=\"https:\/\/fundacionperiodismo.org\/premio-nacional-de-periodismo-con-perspectiva-de-genero\/wp-content\/uploads\/2025\/04\/d1.jpg\" alt=\"d1\" itemprop=\"image\" height=\"300\" width=\"500\" title=\"d1\" onerror=\"this.style.display='none'\"  \/>\n\t\t\t\t<\/a>\n<h5>\n\t\tMar\u00eda Ulo Choquehuanca\n\t<\/h5>\n<h4>\n\t\tM\u00e9dicas del Hospital de Cl\u00ednicas denuncian acoso y violencia por parte de un colega\n\t<\/h4>\n\t<p>Violencia laboral, violencia psicol\u00f3gica, discriminaci\u00f3n en raz\u00f3n de g\u00e9nero y violencia contra la honra y el nombre. Este conjunto de violaciones a los derechos humanos de las mujeres fue denunciado por m\u00e9dicas del hospital de cl\u00ednicas que sufrieron los ataques sistem\u00e1ticos de parte de uno de sus colegas. la defensa del implicado lo niega y la burocracia y negligencia del sistema judicial orillaron a la v\u00edctima a una salida conciliada luego de meses de tortura y revictimizaci\u00f3n.<\/p>\nMedio de comunicaci\u00f3n: <strong>ATB<br \/>\n<\/strong>\n\t\t\t<a href=\"https:\/\/www.facebook.com\/share\/p\/UQiGb9c6wRnJzbsh\/?mibextid=oFDknk%20\" target=\"_blank\" rel=\"noopener\">\n\t\t\t\t\t\t\tVER REPORTAJE\n\t\t\t\t\t<\/a>\n<h3>\n\t\tSEGUNDO LUGAR\n\t<\/h3>\n\t\t\t\t<a href=\"https:\/\/youtu.be\/OIyD2Dd6Z54?si=0LugRatfoSC7XxUq\"  target=\"_self\" itemprop=\"url\">\n\t\t\t\t<img loading=\"lazy\" decoding=\"async\" src=\"https:\/\/fundacionperiodismo.org\/premio-nacional-de-periodismo-con-perspectiva-de-genero\/wp-content\/uploads\/2025\/04\/d2.jpg\" alt=\"d2\" itemprop=\"image\" height=\"300\" width=\"500\" title=\"d2\" onerror=\"this.style.display='none'\"  \/>\n\t\t\t\t<\/a>\n<h5>\n\t\tMaria Luz Vaca &#8211; Carlos Fernando Hinojosa Deheza\n\t<\/h5>\n<h4>\n\t\tAsistencia Familiar en Bolivia\n\t<\/h4>\n\t<p>El calvario que algunas madres de familia pasan para recibir una pensi\u00f3n alimenticia para los ni\u00f1os. Al menos dos propuestas dadas buscan garantizar que los hijos e hijas cuenten una manutenci\u00f3n por parte de los progenitores, ante la alta tasa de incumplimiento.<\/p>\nMedio de comunicaci\u00f3n: <strong>Abya Yala<br \/>\n<\/strong>\n\t\t\t<a href=\"https:\/\/youtu.be\/OIyD2Dd6Z54?si=0LugRatfoSC7XxUq\" target=\"_blank\" rel=\"noopener\">\n\t\t\t\t\t\t\tVER REPORTAJE\n\t\t\t\t\t<\/a>\n<h3>\n\t\tTERCER LUGAR\n\t<\/h3>\n\t\t\t\t<a href=\"https:\/\/youtu.be\/Sn8JAFvJX8M\"  target=\"_blank\" rel=\"noopener\"  itemprop=\"url\">\n\t\t\t\t<img loading=\"lazy\" decoding=\"async\" src=\"https:\/\/fundacionperiodismo.org\/premio-nacional-de-periodismo-con-perspectiva-de-genero\/wp-content\/uploads\/2025\/04\/d3.jpg\" alt=\"d3\" itemprop=\"image\" height=\"300\" width=\"500\" title=\"d3\" onerror=\"this.style.display='none'\"  \/>\n\t\t\t\t<\/a>\n<h5>\n\t\tDaniel Bernardo Bedoya Laura \n\t<\/h5>\n<h4>\n\t\tSecretos que matan\n\t<\/h4>\n\t<p>El reportaje relata el feminicidio de vania trujillo y el seguimiento de un caso donde el presunto autor del crimen intent\u00f3 que la muerte de su pareja pase como un suicidio<\/p>\n<p>Medio de comunicaci\u00f3n:\u00a0<strong>BTV<\/strong><\/p>\n\t\t\t<a href=\"https:\/\/youtu.be\/Sn8JAFvJX8M\" target=\"_blank\" rel=\"noopener\">\n\t\t\t\t\t\t\tVER REPORTAJE\n\t\t\t\t\t<\/a>\n\n","protected":false},"excerpt":{"rendered":"<p>Categor\u00eda Prensa Televisiva PRIMER LUGAR Mar\u00eda Ulo Choquehuanca M\u00e9dicas del Hospital de Cl\u00ednicas denuncian acoso y violencia por parte de un colega Violencia laboral, violencia psicol\u00f3gica, discriminaci\u00f3n en raz\u00f3n de&hellip;<\/p>\n","protected":false},"author":1,"featured_media":0,"parent":0,"menu_order":0,"comment_status":"closed","ping_status":"closed","template":"","meta":{"footnotes":""},"class_list":["post-114","page","type-page","status-publish","hentry"],"_links":{"self":[{"href":"https:\/\/fundacionperiodismo.org\/premio-nacional-de-periodismo-con-perspectiva-de-genero\/wp-json\/wp\/v2\/pages\/114","targetHints":{"allow":["GET"]}}],"collection":[{"href":"https:\/\/fundacionperiodismo.org\/premio-nacional-de-periodismo-con-perspectiva-de-genero\/wp-json\/wp\/v2\/pages"}],"about":[{"href":"https:\/\/fundacionperiodismo.org\/premio-nacional-de-periodismo-con-perspectiva-de-genero\/wp-json\/wp\/v2\/types\/page"}],"author":[{"embeddable":true,"href":"https:\/\/fundacionperiodismo.org\/premio-nacional-de-periodismo-con-perspectiva-de-genero\/wp-json\/wp\/v2\/users\/1"}],"replies":[{"embeddable":true,"href":"https:\/\/fundacionperiodismo.org\/premio-nacional-de-periodismo-con-perspectiva-de-genero\/wp-json\/wp\/v2\/comments?post=114"}],"version-history":[{"count":6,"href":"https:\/\/fundacionperiodismo.org\/premio-nacional-de-periodismo-con-perspectiva-de-genero\/wp-json\/wp\/v2\/pages\/114\/revisions"}],"predecessor-version":[{"id":191,"href":"https:\/\/fundacionperiodismo.org\/premio-nacional-de-periodismo-con-perspectiva-de-genero\/wp-json\/wp\/v2\/pages\/114\/revisions\/191"}],"wp:attachment":[{"href":"https:\/\/fundacionperiodismo.org\/premio-nacional-de-periodismo-con-perspectiva-de-genero\/wp-json\/wp\/v2\/media?parent=114"}],"curies":[{"name":"wp","href":"https:\/\/api.w.org\/{rel}","templated":true}]}}