{"id":126,"date":"2025-04-02T20:18:40","date_gmt":"2025-04-02T20:18:40","guid":{"rendered":"https:\/\/fundacionperiodismo.org\/premio-nacional-de-periodismo-con-perspectiva-de-genero\/?page_id=126"},"modified":"2025-04-04T15:34:37","modified_gmt":"2025-04-04T15:34:37","slug":"prensa-radial","status":"publish","type":"page","link":"https:\/\/fundacionperiodismo.org\/premio-nacional-de-periodismo-con-perspectiva-de-genero\/prensa-radial\/","title":{"rendered":"Prensa Radial"},"content":{"rendered":"\n<h1>\n\t\tCATEGOR\u00cdA PRENSA RADIAL\n\t<\/h1>\n<h3>\n\t\tPRIMER LUGAR\n\t<\/h3>\n\t\t\t\t<a href=\"https:\/\/www.youtube.com\/watch?v=JgEGUksCGOQ\"  target=\"_blank\" rel=\"noopener\"  itemprop=\"url\">\n\t\t\t\t<img loading=\"lazy\" decoding=\"async\" src=\"https:\/\/fundacionperiodismo.org\/premio-nacional-de-periodismo-con-perspectiva-de-genero\/wp-content\/uploads\/2025\/04\/c1.jpg\" alt=\"c1\" itemprop=\"image\" height=\"300\" width=\"500\" title=\"c1\" onerror=\"this.style.display='none'\"  \/>\n\t\t\t\t<\/a>\n<h5>\n\t\tIv\u00e1n David Ramos Parada\n\t<\/h5>\n<h4>\n\t\tMil ni\u00f1os sin amor&#8230; Noches y d\u00edas sin hogar\n\t<\/h4>\n\t<p>En los \u00faltimos 11 a\u00f1os, desde la promulgaci\u00f3n de la Ley Integral para Garantizar a las Mujeres una Vida libre de Violencia el 9 de marzo de 2013, m\u00e1s de mil ni\u00f1os bolivianos han quedado hu\u00e9rfanos debido al feminicidio, seg\u00fan un exhaustivo rastrillaje realizado por el Observatorio para los Derechos de las Mujeres. Estos peque\u00f1os, en su mayor\u00eda, enfrentan noches y d\u00edas sin hogar, privados del amor y cuidado parental.<\/p>\n<p>Medio de comunicaci\u00f3n: <strong>Erbol &#8211; periodismo que cuenta<\/strong><\/p>\n\t\t\t<a href=\"https:\/\/www.youtube.com\/watch?v=JgEGUksCGOQ\" target=\"_blank\" rel=\"noopener\">\n\t\t\t\t\t\t\tVER REPORTAJE\n\t\t\t\t\t<\/a>\n<h3>\n\t\tSEGUNDO LUGAR\n\t<\/h3>\n\t\t\t\t<a href=\"https:\/\/drive.google.com\/file\/d\/1wv3Nbifk_dhhCU7aZv90lAjpAL9teTWF\/view?usp=sharing\"  target=\"_blank\" rel=\"noopener\"  itemprop=\"url\">\n\t\t\t\t<img loading=\"lazy\" decoding=\"async\" src=\"https:\/\/fundacionperiodismo.org\/premio-nacional-de-periodismo-con-perspectiva-de-genero\/wp-content\/uploads\/2025\/04\/c2.jpg\" alt=\"c2\" itemprop=\"image\" height=\"300\" width=\"500\" title=\"c2\" onerror=\"this.style.display='none'\"  \/>\n\t\t\t\t<\/a>\n<h5>\n\t\tDavid Arnaldo Chiri Ascencio\n\t<\/h5>\n<h4>\n\t\tJusticiai para una mujer\n\t<\/h4>\n\t<p>\u00abEs el caso una joven que fue abusada sexualmente y asesinada, las instancias del estado no logran hacer justicia por falta de normas, falta de preparaci\u00f3n en los abogados y de una interpretaci\u00f3n de la ley que busque justicia, el crimen hasta la fecha quedo en la impunidad.<\/p>\n<p>Una pandilla abusa sexualmente y asesina a una joven de 16 a\u00f1os en el municipio de Cliza, el novio y cabecilla de esta pandilla es capturado y llevado a juicio, condenado a 30 a\u00f1os de prisi\u00f3n sin embargo hasta que la condena sea ejecutoriada logra a trav\u00e9s de su abogada que la juez le otorgue detenci\u00f3n domiciliaria y sin custodios, lo que es aprovechado por el sujeto quien huye fuera del pa\u00eds y hasta el d\u00eda de hoy a pesa de la condena no esta preso.\u00bb<\/p>\n<p>Medio de comunicaci\u00f3n:\u00a0<strong>Radio Pio XII &#8211; Erbol<\/strong><\/p>\n\t\t\t<a href=\"https:\/\/drive.google.com\/file\/d\/1wv3Nbifk_dhhCU7aZv90lAjpAL9teTWF\/view?usp=sharing\" target=\"_blank\" rel=\"noopener\">\n\t\t\t\t\t\t\tVER REPORTAJE\n\t\t\t\t\t<\/a>\n<h3>\n\t\tTERCER LUGAR\n\t<\/h3>\n\t\t\t\t<a href=\"https:\/\/drive.google.com\/open?id=1dUMIrie4W-lkcpJMVfhGQZKnErx1Pw0P\"  target=\"_blank\" rel=\"noopener\"  itemprop=\"url\">\n\t\t\t\t<img loading=\"lazy\" decoding=\"async\" src=\"https:\/\/fundacionperiodismo.org\/premio-nacional-de-periodismo-con-perspectiva-de-genero\/wp-content\/uploads\/2025\/04\/c3.jpg\" alt=\"c3\" itemprop=\"image\" height=\"300\" width=\"500\" title=\"c3\" onerror=\"this.style.display='none'\"  \/>\n\t\t\t\t<\/a>\n<h5>\n\t\tAlejandro Mamani Quispe\n\t<\/h5>\n<h4>\n\t\tReportaje \u00abLa calidad humana con equidad de g\u00e9nero\u00bb\n\t<\/h4>\n\t\u00abRecoge las buenas pr\u00e1cticas pedag\u00f3gicas desde la perspectiva de g\u00e9nero, realizadas en las Unidades Educativas Cachilaya, Chua Cocani, Cohana y Pucarani, donde diferentes actores educativos expresan sus puntos de vista sobre c\u00f3mo se promueve acciones puntuales para fortalecer la pedagog\u00eda de la ternura desde la perspectiva de g\u00e9nero.<br \/>\nEl reportaje muestra de que la violencia es un problema social universal enraizada en la sociedad patriarcal actual, sin embargo, visibiliza lo que ocurre en las escuelas rurales y sugiere acciones educativas y comunicacionales concretas para disminuir la discriminaci\u00f3n y la violencia, siempre predicando la igualdad de derechos fundamentales entre hombres y mujeres. En esa linea Radio Tawantinsuyo y el Centro Juvenil de Mujeres Aymaras plantean realizar una educaci\u00f3n permanente desde la perspectiva de g\u00e9nero en base a la Cartilla adjunta.\u00bb\n<p>Medio de comunicaci\u00f3n:\u00a0<strong>Radio Comunitaria Tawantinsuyo<\/strong><\/p>\n\t\t\t<a href=\"https:\/\/drive.google.com\/open?id=1dUMIrie4W-lkcpJMVfhGQZKnErx1Pw0P\" target=\"_blank\" rel=\"noopener\">\n\t\t\t\t\t\t\tVER REPORTAJE\n\t\t\t\t\t<\/a>\n\n","protected":false},"excerpt":{"rendered":"<p>CATEGOR\u00cdA PRENSA RADIAL PRIMER LUGAR Iv\u00e1n David Ramos Parada Mil ni\u00f1os sin amor&#8230; Noches y d\u00edas sin hogar En los \u00faltimos 11 a\u00f1os, desde la promulgaci\u00f3n de la Ley Integral&hellip;<\/p>\n","protected":false},"author":1,"featured_media":0,"parent":0,"menu_order":0,"comment_status":"closed","ping_status":"closed","template":"","meta":{"footnotes":""},"class_list":["post-126","page","type-page","status-publish","hentry"],"_links":{"self":[{"href":"https:\/\/fundacionperiodismo.org\/premio-nacional-de-periodismo-con-perspectiva-de-genero\/wp-json\/wp\/v2\/pages\/126","targetHints":{"allow":["GET"]}}],"collection":[{"href":"https:\/\/fundacionperiodismo.org\/premio-nacional-de-periodismo-con-perspectiva-de-genero\/wp-json\/wp\/v2\/pages"}],"about":[{"href":"https:\/\/fundacionperiodismo.org\/premio-nacional-de-periodismo-con-perspectiva-de-genero\/wp-json\/wp\/v2\/types\/page"}],"author":[{"embeddable":true,"href":"https:\/\/fundacionperiodismo.org\/premio-nacional-de-periodismo-con-perspectiva-de-genero\/wp-json\/wp\/v2\/users\/1"}],"replies":[{"embeddable":true,"href":"https:\/\/fundacionperiodismo.org\/premio-nacional-de-periodismo-con-perspectiva-de-genero\/wp-json\/wp\/v2\/comments?post=126"}],"version-history":[{"count":4,"href":"https:\/\/fundacionperiodismo.org\/premio-nacional-de-periodismo-con-perspectiva-de-genero\/wp-json\/wp\/v2\/pages\/126\/revisions"}],"predecessor-version":[{"id":190,"href":"https:\/\/fundacionperiodismo.org\/premio-nacional-de-periodismo-con-perspectiva-de-genero\/wp-json\/wp\/v2\/pages\/126\/revisions\/190"}],"wp:attachment":[{"href":"https:\/\/fundacionperiodismo.org\/premio-nacional-de-periodismo-con-perspectiva-de-genero\/wp-json\/wp\/v2\/media?parent=126"}],"curies":[{"name":"wp","href":"https:\/\/api.w.org\/{rel}","templated":true}]}}