{"id":274,"date":"2025-05-20T21:17:27","date_gmt":"2025-05-20T21:17:27","guid":{"rendered":"https:\/\/fundacionperiodismo.org\/premio-nacional-de-periodismo-con-perspectiva-de-genero\/?page_id=274"},"modified":"2025-05-20T21:22:09","modified_gmt":"2025-05-20T21:22:09","slug":"medios-digitales-2025","status":"publish","type":"page","link":"https:\/\/fundacionperiodismo.org\/premio-nacional-de-periodismo-con-perspectiva-de-genero\/medios-digitales-2025\/","title":{"rendered":"Medios Digitales 2025"},"content":{"rendered":"\r\n<h1>\r\n\t\tCATEGOR\u00cdA MEDIOS DIGITALES\r\n\t<\/h1>\r\n<h3>\r\n\t\tPRIMER LUGAR\r\n\t<\/h3>\r\n\t\t\t\t<a href=\"https:\/\/revistanomadas.com\/la-agonia-de-las-mujeres-chiquitanas-y-el-bosque-ante-el-cambio-climatico-y-los-incendios-forestales\/\"  target=\"_blank\" rel=\"noopener\"  itemprop=\"url\">\r\n\t\t\t\t<img loading=\"lazy\" decoding=\"async\" src=\"https:\/\/fundacionperiodismo.org\/premio-nacional-de-periodismo-con-perspectiva-de-genero\/wp-content\/uploads\/2025\/05\/la-agonia-de-las-mujeres-chiquitanas-00.jpg\" alt=\"la-agonia-de-las-mujeres-chiquitanas-00\" itemprop=\"image\" height=\"768\" width=\"1024\" title=\"la-agonia-de-las-mujeres-chiquitanas-00\" onerror=\"this.style.display='none'\"  \/>\r\n\t\t\t\t<\/a>\r\n<h5>\r\n\t\tLisa Mirella Corti\r\n\t<\/h5>\r\n<h4>\r\n\t\tLa agon\u00eda de las mujeres chiquitanas y el bosque ante el cambio clim\u00e1tico y los incendios forestales\r\n\t<\/h4>\r\n\t<p>\u00abEl reportaje \u00ab\u00bbLa agon\u00eda de las mujeres chiquitanas y el bosque ante el cambio clim\u00e1tico y los incendios forestales\u00bb\u00bb, publicado en Revista N\u00f3madas, documenta c\u00f3mo el cambio clim\u00e1tico, la deforestaci\u00f3n y los incendios provocados afectan profundamente a las comunidades ind\u00edgenas chiquitanas del municipio de Robor\u00e9, en la regi\u00f3n de la Chiquitania boliviana. A trav\u00e9s de testimonios de mujeres como Sandra Tace\u00f3, Roxana Moreno y Nardy Velasco, se retrata una realidad marcada por la escasez de agua, la degradaci\u00f3n del bosque y la p\u00e9rdida de medios de vida tradicionales como la agricultura y la recolecci\u00f3n. El entorno natural que las sosten\u00eda est\u00e1 en peligro, y con \u00e9l, su cultura y su forma de vida.<\/p>\r\n<p>El reportaje se centra en las mujeres porque ellas asumen gran parte de las consecuencias de esta crisis. Son quienes deben caminar largas distancias para conseguir agua, reorganizar la econom\u00eda familiar y buscar soluciones comunitarias en un contexto de abandono estatal. Al mismo tiempo, son protagonistas de la resistencia: lideran iniciativas de defensa del bosque, forman redes de apoyo y transmiten saberes ancestrales que son clave para la resiliencia comunitaria. El enfoque de g\u00e9nero del reportaje permite visibilizar estas desigualdades estructurales y mostrar c\u00f3mo el impacto ambiental se entrecruza con la discriminaci\u00f3n por g\u00e9nero, clase y etnicidad. Con una narrativa sensible y basada en testimonios reales, la cr\u00f3nica da voz a mujeres que resisten desde sus territorios, convirti\u00e9ndose en guardianas del bosque y pilares de la reconstrucci\u00f3n comunitaria ante la crisis clim\u00e1tica.\u00bb<\/p>\r\n<p>Medio de comunicaci\u00f3n: <strong>Revista N\u00f3madas<\/strong><\/p>\r\n\t\t\t<a href=\"https:\/\/revistanomadas.com\/la-agonia-de-las-mujeres-chiquitanas-y-el-bosque-ante-el-cambio-climatico-y-los-incendios-forestales\/\" target=\"_blank\" rel=\"noopener\">\r\n\t\t\t\t\t\t\tVER REPORTAJE\r\n\t\t\t\t\t<\/a>\r\n<h3>\r\n\t\tSEGUNDO LUGAR\r\n\t<\/h3>\r\n\t\t\t\t<a href=\"https:\/\/www.noticiasfides.com\/derechos-humanos\/el-estigma-que-condena-cuando-ser-trabajadora-sexual-es-razon-para-negar-justicia\"  target=\"_blank\" rel=\"noopener\"  itemprop=\"url\">\r\n\t\t\t\t<img loading=\"lazy\" decoding=\"async\" src=\"https:\/\/fundacionperiodismo.org\/premio-nacional-de-periodismo-con-perspectiva-de-genero\/wp-content\/uploads\/2025\/05\/image-15.jpg\" alt=\"image (15)\" itemprop=\"image\" height=\"371\" width=\"666\" title=\"image (15)\" onerror=\"this.style.display='none'\"  \/>\r\n\t\t\t\t<\/a>\r\n<h5>\r\n\t\tLuis Fernando Cantoral Benavides y Claudia Villca Ugarte\r\n\t<\/h5>\r\n<h4>\r\n\t\tEl estigma que condena: Cuando ser trabajadora sexual es raz\u00f3n para negar justicia\r\n\t<\/h4>\r\n\t<p>El reportaje \u00abEl estigma que condena: Cuando ser trabajadora sexual es raz\u00f3n para negar justicia\u00bb expone la violencia estructural que sufren las trabajadoras sexuales en Bolivia. Casos como los de Karina, Sof\u00eda, Carmen y Rebeca muestran agresiones impunes y una sistem\u00e1tica desprotecci\u00f3n. Aunque el trabajo sexual no est\u00e1 prohibido en el pa\u00eds, persiste una estigmatizaci\u00f3n que niega su dignidad y derechos humanos. La justicia y la polic\u00eda, influenciadas por prejuicios patriarcales, desestiman sus denuncias o las responsabilizan de la violencia que sufren. Muestra de esto es que entre 2020 y 2024, solo dos de 139 denuncias presentadas por trabajadoras sexuales lograron sentencia, reflejando una impunidad del 98,5%. Organizaciones como la Casa de la Mujer denuncian que el acceso a la justicia para las trabajadoras es casi nulo y que la falta de consentimiento, que debe ser tomado en cuenta en las denuncias de violencia sexual, sigue siendo malinterpretado por las autoridades. A esto se suma el aislamiento social, la discriminaci\u00f3n en salud y educaci\u00f3n, y el riesgo de violencia f\u00edsica y psicol\u00f3gica. Muchas viven una doble vida para evitar el rechazo familiar y social, soportando altos niveles de estr\u00e9s, ansiedad y adicciones. Sin leyes espec\u00edficas que reconozcan su trabajo ni una aplicaci\u00f3n efectiva de la Ley 348, estas mujeres quedan atrapadas en un ciclo de invisibilidad y violencia. La Defensor\u00eda del Pueblo propone crear protocolos y programas de sensibilizaci\u00f3n, pero la falta de voluntad estatal sigue conden\u00e1ndolas a la marginaci\u00f3n. Mientras no se erradiquen los prejuicios, su lucha por respeto y justicia continuar\u00e1 siendo ignorada.<\/p>\r\n<p>Medio de comunicaci\u00f3n:\u00a0<strong>Agencia de Noticias Fides<\/strong><\/p>\r\n\t\t\t<a href=\"https:\/\/www.noticiasfides.com\/derechos-humanos\/el-estigma-que-condena-cuando-ser-trabajadora-sexual-es-razon-para-negar-justicia\" target=\"_blank\" rel=\"noopener\">\r\n\t\t\t\t\t\t\tVER REPORTAJE\r\n\t\t\t\t\t<\/a>\r\n<h3>\r\n\t\tTERCER LUGAR\r\n\t<\/h3>\r\n\t\t\t\t<a href=\"https:\/\/www.vision360.bo\/noticias\/2024\/12\/02\/16124-la-deuda-del-estado-con-las-mujeres-hay-un-deficit-de-guarderias-publicas-en-cinco-ciudades-de-bolivia\"  target=\"_blank\" rel=\"noopener\"  itemprop=\"url\">\r\n\t\t\t\t<img loading=\"lazy\" decoding=\"async\" src=\"https:\/\/fundacionperiodismo.org\/premio-nacional-de-periodismo-con-perspectiva-de-genero\/wp-content\/uploads\/2025\/05\/md.webp\" alt=\"md\" itemprop=\"image\" height=\"656\" width=\"992\" title=\"md\" onerror=\"this.style.display='none'\"  \/>\r\n\t\t\t\t<\/a>\r\n<h5>\r\n\t\tAnah\u00ed Cazas Alvarez\r\n\t<\/h5>\r\n<h4>\r\n\t\tLa deuda del Estado con las mujeres: hay un d\u00e9ficit de guarder\u00edas p\u00fablicas en cinco ciudades de Bolivia\r\n\t<\/h4>\r\n\t<p>Este reportaje de investigaci\u00f3n hace una radiograf\u00eda de la situaci\u00f3n de las guarder\u00edas p\u00fablicas en las cinco ciudades m\u00e1s pobladas de Bolivia. Seg\u00fan la elaboraci\u00f3n de una base de datos, solo hay 196 guarder\u00edas p\u00fablicas, las cuales tienen la capacidad de atender al 1,9% de la poblaci\u00f3n menor de cuatro a\u00f1os en cinco urbes: Santa Cruz de la Sierra, La Paz, Cochabamba, El Alto y Sucre. Este d\u00e9ficit, causado por la falta de \u00edtems y presupuesto -problemas que a\u00fan no resuelve el Estado-, provoca peregrinaci\u00f3n por cupos, listas de espera y precariedad de vida de las mujeres, quienes asumen el trabajo del cuidado en el hogar, una responsabilidad impuesta por la sociedad y que constituye una de las principales causas de la desigualdad entre hombres y mujeres. <\/p>\r\nMedio de comunicaci\u00f3n:\u00a0<strong>Visi\u00f3n 360<br \/>\r\n<\/strong>\r\n\t\t\t<a href=\"https:\/\/www.vision360.bo\/noticias\/2024\/12\/02\/16124-la-deuda-del-estado-con-las-mujeres-hay-un-deficit-de-guarderias-publicas-en-cinco-ciudades-de-bolivia\" target=\"_blank\" rel=\"noopener\">\r\n\t\t\t\t\t\t\tVER REPORTAJE\r\n\t\t\t\t\t<\/a>\r\n\r\n","protected":false},"excerpt":{"rendered":"<p>CATEGOR\u00cdA MEDIOS DIGITALES PRIMER LUGAR Lisa Mirella Corti La agon\u00eda de las mujeres chiquitanas y el bosque ante el cambio clim\u00e1tico y los incendios forestales \u00abEl reportaje \u00ab\u00bbLa agon\u00eda de&hellip;<\/p>\n","protected":false},"author":1,"featured_media":0,"parent":0,"menu_order":0,"comment_status":"closed","ping_status":"closed","template":"","meta":{"footnotes":""},"class_list":["post-274","page","type-page","status-publish","hentry"],"_links":{"self":[{"href":"https:\/\/fundacionperiodismo.org\/premio-nacional-de-periodismo-con-perspectiva-de-genero\/wp-json\/wp\/v2\/pages\/274","targetHints":{"allow":["GET"]}}],"collection":[{"href":"https:\/\/fundacionperiodismo.org\/premio-nacional-de-periodismo-con-perspectiva-de-genero\/wp-json\/wp\/v2\/pages"}],"about":[{"href":"https:\/\/fundacionperiodismo.org\/premio-nacional-de-periodismo-con-perspectiva-de-genero\/wp-json\/wp\/v2\/types\/page"}],"author":[{"embeddable":true,"href":"https:\/\/fundacionperiodismo.org\/premio-nacional-de-periodismo-con-perspectiva-de-genero\/wp-json\/wp\/v2\/users\/1"}],"replies":[{"embeddable":true,"href":"https:\/\/fundacionperiodismo.org\/premio-nacional-de-periodismo-con-perspectiva-de-genero\/wp-json\/wp\/v2\/comments?post=274"}],"version-history":[{"count":2,"href":"https:\/\/fundacionperiodismo.org\/premio-nacional-de-periodismo-con-perspectiva-de-genero\/wp-json\/wp\/v2\/pages\/274\/revisions"}],"predecessor-version":[{"id":280,"href":"https:\/\/fundacionperiodismo.org\/premio-nacional-de-periodismo-con-perspectiva-de-genero\/wp-json\/wp\/v2\/pages\/274\/revisions\/280"}],"wp:attachment":[{"href":"https:\/\/fundacionperiodismo.org\/premio-nacional-de-periodismo-con-perspectiva-de-genero\/wp-json\/wp\/v2\/media?parent=274"}],"curies":[{"name":"wp","href":"https:\/\/api.w.org\/{rel}","templated":true}]}}