{"id":282,"date":"2025-05-21T14:23:09","date_gmt":"2025-05-21T14:23:09","guid":{"rendered":"https:\/\/fundacionperiodismo.org\/premio-nacional-de-periodismo-con-perspectiva-de-genero\/?page_id=282"},"modified":"2025-05-21T20:26:41","modified_gmt":"2025-05-21T20:26:41","slug":"prensa-televisiva-2025","status":"publish","type":"page","link":"https:\/\/fundacionperiodismo.org\/premio-nacional-de-periodismo-con-perspectiva-de-genero\/prensa-televisiva-2025\/","title":{"rendered":"Prensa Televisiva 2025"},"content":{"rendered":"\n<h1>\n\t\tCategor\u00eda Prensa Televisiva\n\t<\/h1>\n<h3>\n\t\tPRIMER LUGAR\n\t<\/h3>\n\t\t\t\t<a href=\"https:\/\/www.facebook.com\/watch\/?v=1350867479362185&#038;rdid=gKNqCtCz7FqFDbUs\"  target=\"_self\" itemprop=\"url\">\n\t\t\t\t<img loading=\"lazy\" decoding=\"async\" src=\"https:\/\/fundacionperiodismo.org\/premio-nacional-de-periodismo-con-perspectiva-de-genero\/wp-content\/uploads\/2025\/05\/image-19-e1747837318151.jpg\" alt=\"image (19)\" itemprop=\"image\" height=\"301\" width=\"500\" title=\"image (19)\" onerror=\"this.style.display='none'\"  \/>\n\t\t\t\t<\/a>\n<h5>\n\t\tTatiana Miranda (periodista), Ovidio Paz (camar\u00f3grafo)\n\t<\/h5>\n<h4>\n\t\tRompiendo moldes: Mujeres en oficios \u00abno tradicionales\u00bb\n\t<\/h4>\n\t<p>\u00abEl reportaje: Rompiendo moldes, mujeres en trabajos #no tradicionales\u00bb, tiene como objetivo principal visibilizar y poner en valor las historias de mujeres que, con determinaci\u00f3n y valent\u00eda, han decidido romper con los estereotipos de g\u00e9nero impuestos hist\u00f3ricamente en el mundo laboral. A trav\u00e9s de un enfoque de g\u00e9nero, la periodista da voz a mujeres que han ingresado a oficios tradicionalmente asociados al rol masculino, como conducir una cisterna, realizar revoques de techos y paredes, o ejercer como quiropr\u00e1ctica en el \u00e1mbito deportivo.<\/p>\n<p>Estas mujeres relatan los m\u00faltiples desaf\u00edos a los que se enfrentaron: desde la falta de oportunidades y el descr\u00e9dito de sus capacidades hasta actos de discriminaci\u00f3n por razones de g\u00e9nero. El reportaje no solo documenta sus experiencias, sino que tambi\u00e9n denuncia las barreras estructurales y culturales que perpet\u00faan la desigualdad en el acceso al trabajo y al reconocimiento profesional.<\/p>\n<p>El enfoque de g\u00e9nero permite contextualizar estas vivencias dentro de un sistema que hist\u00f3ricamente ha invisibilizado y limitado la participaci\u00f3n plena de las mujeres en ciertos espacios laborales. Al mostrar estos relatos, el reportaje contribuye a la reflexi\u00f3n social, promueve la equidad y alienta a futuras generaciones de mujeres a ocupar el lugar que les corresponde en cualquier \u00e1mbito profesional, sin ser condicionadas por estereotipos ni prejuicios. A\u00fan existe una brecha salarial entre hombres y mujeres que realizan el mismo trabajo. El ministerio de Trabajo recibe m\u00e1s denuncias de mujeres, cuyos derechos laborales son vulnerados.\u00bb<\/p>\n<p>Medio de comunicaci\u00f3n: <strong>Red Bolivisi\u00f3n<\/strong><\/p>\n\t\t\t<a href=\"https:\/\/www.facebook.com\/watch\/?v=1350867479362185&#038;rdid=gKNqCtCz7FqFDbUs\" target=\"_blank\" rel=\"noopener\">\n\t\t\t\t\t\t\tVER REPORTAJE\n\t\t\t\t\t<\/a>\n<h3>\n\t\tSEGUNDO LUGAR\n\t<\/h3>\n\t\t\t\t<a href=\"https:\/\/www.facebook.com\/share\/v\/1ES54YyevZ\/\"  target=\"_self\" itemprop=\"url\">\n\t\t\t\t<img loading=\"lazy\" decoding=\"async\" src=\"https:\/\/fundacionperiodismo.org\/premio-nacional-de-periodismo-con-perspectiva-de-genero\/wp-content\/uploads\/2025\/05\/image-21.jpg\" alt=\"image (21)\" itemprop=\"image\" height=\"188\" width=\"325\" title=\"image (21)\" onerror=\"this.style.display='none'\"  \/>\n\t\t\t\t<\/a>\n<h5>\n\t\tMaria Luz Vaca &#8211; periodista, Carlos Fernando Hinojosa &#8211; Camar\u00f3grafo editor\n\t<\/h5>\n<h4>\n\t\tParidad en los Binomios presidenciales \n\t<\/h4>\n\t<p>En Bolivia, la lucha por la paridad en los binomios presidenciales sigue siendo una promesa incumplida. aunque la igualdad est\u00e1 en la ley, la realidad electoral muestra que las mujeres a\u00fan enfrentan barreras para acceder al \u00d3rgano Ejecutivo. A meses de una nueva elecci\u00f3n, el pa\u00eds sigue sin garantizar que una f\u00f3rmula presidencial pueda, por fin, estar encabezada por una mujer.<\/p>\nMedio de comunicaci\u00f3n: <strong>Abya Yala Tv<br \/>\n<\/strong>\n\t\t\t<a href=\"https:\/\/www.facebook.com\/share\/v\/1ES54YyevZ\/\" target=\"_blank\" rel=\"noopener\">\n\t\t\t\t\t\t\tVER REPORTAJE\n\t\t\t\t\t<\/a>\n<h3>\n\t\tTERCER LUGAR\n\t<\/h3>\n\t\t\t\t<a href=\"https:\/\/www.facebook.com\/watch\/?v=1312806943342836&#038;rdid=Xq4Lia2YOizQLbm7\"  target=\"_blank\" rel=\"noopener\"  itemprop=\"url\">\n\t\t\t\t<img loading=\"lazy\" decoding=\"async\" src=\"https:\/\/fundacionperiodismo.org\/premio-nacional-de-periodismo-con-perspectiva-de-genero\/wp-content\/uploads\/2025\/05\/image-20-e1747837367523.jpg\" alt=\"image (20)\" itemprop=\"image\" height=\"300\" width=\"503\" title=\"image (20)\" onerror=\"this.style.display='none'\"  \/>\n\t\t\t\t<\/a>\n<h5>\n\t\t\u00c1lvaro Colque, Periodista y Ruddy Montenegro, Camar\u00f3grafo\n\t<\/h5>\n<h4>\n\t\tEl comercio tiene rostro de mujer; son las due\u00f1as del comercio popular\n\t<\/h4>\n\t<p>\u00bb En la ciudad de Cochabamba, m\u00e1s de 45 mil mujeres gremiales no solo ocupan un espacio vital en la econom\u00eda popular, sino que tambi\u00e9n representan el principal sustento de sus familias. A pesar de su rol protag\u00f3nico en el comercio informal, estas mujeres enfrentan m\u00faltiples desaf\u00edos estructurales que rara vez son visibilizados. Este reportaje nace de la necesidad de contar sus historias, darles rostro y voz a quienes, desde tempranas horas del d\u00eda, construyen con esfuerzo y perseverancia el tejido econ\u00f3mico y social de la ciudad.<\/p>\n<p>El 80% del sector gremial est\u00e1 conformado por mujeres. Muchas comenzaron vendiendo en las calles, con canastas o peque\u00f1os puestos ambulantes, y con el tiempo lograron establecerse en mercados o ferias. Sin embargo, ese recorrido ha estado marcado por obst\u00e1culos como la falta de acceso a cr\u00e9ditos bancarios, exigencias de avales masculinos, discriminaci\u00f3n de g\u00e9nero y sobrecarga laboral. Aun as\u00ed, ellas se han consolidado como l\u00edderes en sus gremios, organizando, representando y defendiendo los derechos de su sector con firmeza.<\/p>\n<p>Este reportaje busca visibilizar esas luchas cotidianas y poner en discusi\u00f3n la inequidad que persiste en torno al trabajo informal femenino. La historia de estas mujeres no es solo una historia de comercio: es una historia de resistencia, autonom\u00eda y poder popular, en un contexto donde la informalidad crece.\u00bb<\/p>\nMedio de comunicaci\u00f3n:\u00a0<strong>Red Bolivisi\u00f3n<br \/>\n<\/strong>\n\t\t\t<a href=\"https:\/\/www.facebook.com\/watch\/?v=1312806943342836&#038;rdid=Xq4Lia2YOizQLbm7\" target=\"_blank\" rel=\"noopener\">\n\t\t\t\t\t\t\tVER REPORTAJE\n\t\t\t\t\t<\/a>\n\n","protected":false},"excerpt":{"rendered":"<p>Categor\u00eda Prensa Televisiva PRIMER LUGAR Tatiana Miranda (periodista), Ovidio Paz (camar\u00f3grafo) Rompiendo moldes: Mujeres en oficios \u00abno tradicionales\u00bb \u00abEl reportaje: Rompiendo moldes, mujeres en trabajos #no tradicionales\u00bb, tiene como objetivo&hellip;<\/p>\n","protected":false},"author":1,"featured_media":0,"parent":0,"menu_order":0,"comment_status":"closed","ping_status":"closed","template":"","meta":{"footnotes":""},"class_list":["post-282","page","type-page","status-publish","hentry"],"_links":{"self":[{"href":"https:\/\/fundacionperiodismo.org\/premio-nacional-de-periodismo-con-perspectiva-de-genero\/wp-json\/wp\/v2\/pages\/282","targetHints":{"allow":["GET"]}}],"collection":[{"href":"https:\/\/fundacionperiodismo.org\/premio-nacional-de-periodismo-con-perspectiva-de-genero\/wp-json\/wp\/v2\/pages"}],"about":[{"href":"https:\/\/fundacionperiodismo.org\/premio-nacional-de-periodismo-con-perspectiva-de-genero\/wp-json\/wp\/v2\/types\/page"}],"author":[{"embeddable":true,"href":"https:\/\/fundacionperiodismo.org\/premio-nacional-de-periodismo-con-perspectiva-de-genero\/wp-json\/wp\/v2\/users\/1"}],"replies":[{"embeddable":true,"href":"https:\/\/fundacionperiodismo.org\/premio-nacional-de-periodismo-con-perspectiva-de-genero\/wp-json\/wp\/v2\/comments?post=282"}],"version-history":[{"count":5,"href":"https:\/\/fundacionperiodismo.org\/premio-nacional-de-periodismo-con-perspectiva-de-genero\/wp-json\/wp\/v2\/pages\/282\/revisions"}],"predecessor-version":[{"id":327,"href":"https:\/\/fundacionperiodismo.org\/premio-nacional-de-periodismo-con-perspectiva-de-genero\/wp-json\/wp\/v2\/pages\/282\/revisions\/327"}],"wp:attachment":[{"href":"https:\/\/fundacionperiodismo.org\/premio-nacional-de-periodismo-con-perspectiva-de-genero\/wp-json\/wp\/v2\/media?parent=282"}],"curies":[{"name":"wp","href":"https:\/\/api.w.org\/{rel}","templated":true}]}}