{"id":284,"date":"2025-05-21T14:03:05","date_gmt":"2025-05-21T14:03:05","guid":{"rendered":"https:\/\/fundacionperiodismo.org\/premio-nacional-de-periodismo-con-perspectiva-de-genero\/?page_id=284"},"modified":"2025-05-21T15:36:45","modified_gmt":"2025-05-21T15:36:45","slug":"prensa-radial-2025","status":"publish","type":"page","link":"https:\/\/fundacionperiodismo.org\/premio-nacional-de-periodismo-con-perspectiva-de-genero\/prensa-radial-2025\/","title":{"rendered":"Prensa Radial 2025"},"content":{"rendered":"\n<h1>\n\t\tCATEGOR\u00cdA PRENSA RADIAL\n\t<\/h1>\n<h3>\n\t\tPRIMER LUGAR\n\t<\/h3>\n\t\t\t\t<a href=\"https:\/\/open.spotify.com\/episode\/3rjALMPyGuSl99uWGMeVze\"  target=\"_blank\" rel=\"noopener\"  itemprop=\"url\">\n\t\t\t\t<img loading=\"lazy\" decoding=\"async\" src=\"https:\/\/fundacionperiodismo.org\/premio-nacional-de-periodismo-con-perspectiva-de-genero\/wp-content\/uploads\/2025\/05\/image-16-e1747841793178.jpg\" alt=\"image (16)\" itemprop=\"image\" height=\"302\" width=\"500\" title=\"image (16)\" onerror=\"this.style.display='none'\"  \/>\n\t\t\t\t<\/a>\n<h5>\n\t\tElizabeth Rendiz Farfan\n\t<\/h5>\n<h4>\n\t\tLa ruta de la denuncia un tortuoso camino para las v\u00edctimas de violencia\n\t<\/h4>\n\t<p>\u00abEste reportaje narra la experiencia de Ilusi\u00f3n (nombre ficticio), una mujer joven estudiante de la Escuela Superior de Formaci\u00f3n de Maestros \u00abJuan Misael Saracho, que denuncia acoso sexual amparada en la Ley 348 ley integral para garantizar a las mujeres una vida libre de violencia. <\/p>\nDespu\u00e9s que en la Escuela de Maestros se declaran incompetentes de atenderla. Ella acude al Servicio Legal Integral Municipal (SLIM), donde se supone que debe recibir orientaci\u00f3n y acompa\u00f1amiento, pero en cambio debe exigir ser atendida en tres oportunidades y solo con la ayuda de un voluntario de Derechos Humanos logra ser atendida.<br \/>\nFue acompa\u00f1ada a presentar la denuncia en la Fiscal\u00eda donde presencia una pelea entre las funcionarias del Slim y la fiscal\u00eda, despu\u00e9s de poner la denuncia, a falta de respuestas ella vuelve al SLIM y la mandan por infamaci\u00f3n de caso su caso a la fiscal\u00eda.\n<p>Entonces, consigue el nombre de fiscal asignado a su caso, pero tambi\u00e9n debe saber sobre el polic\u00eda investigados asignado, al que busca en la oficina central de la FELV, y lo encuentra al final del d\u00eda en la EPI de su barrio. \u00abyo tuve que encontrar al investigador en vez de que el me encuentra a m\u00ed\u00bb.<\/p>\n<p>Finalmente, la denuncia de Ilusi\u00f3n fue destinada, en esta historia tratamos de reflejar el tortuoso camino que es la ruta de la denuncia para las v\u00edctimas de violencia.\u00bb<\/p>\nMedio de comunicaci\u00f3n: <strong>Red ERBOL<br \/>\n<\/strong>\n\t\t\t<a href=\"https:\/\/open.spotify.com\/episode\/3rjALMPyGuSl99uWGMeVze\" target=\"_blank\" rel=\"noopener\">\n\t\t\t\t\t\t\tVER REPORTAJE\n\t\t\t\t\t<\/a>\n<h3>\n\t\tSEGUNDO LUGAR\n\t<\/h3>\n\t\t\t\t<a href=\"https:\/\/www.facebook.com\/watch\/live\/?ref=watch_permalink&#038;v=2060474984474072&#038;rdid=AqVtjrOvR2oWIdOO\"  target=\"_blank\" rel=\"noopener\"  itemprop=\"url\">\n\t\t\t\t<img loading=\"lazy\" decoding=\"async\" src=\"https:\/\/fundacionperiodismo.org\/premio-nacional-de-periodismo-con-perspectiva-de-genero\/wp-content\/uploads\/2025\/05\/image-17-e1747841697910.jpg\" alt=\"image (17)\" itemprop=\"image\" height=\"300\" width=\"500\" title=\"image (17)\" onerror=\"this.style.display='none'\"  \/>\n\t\t\t\t<\/a>\n<h5>\n\t\tNayra Isabel Miranda Copana \n\t<\/h5>\n<h4>\n\t\tMujeres que rompen barreras y alcanzan sue\u00f1os.\n\t<\/h4>\n\t<p>Este trabajo intenta ser un aporte para visibilizar a mujeres que salen adelante, en un contexto un tanto adverso. Sin embargo, ellas luchan por sus sue\u00f1os y con esa fuerza pueden tomar sus propias decisiones tambi\u00e9n en el aspecto econ\u00f3mico, lo que se convierte en una cadena que beneficia a la sociedad.<\/p>\n<p>Medio de comunicaci\u00f3n:\u00a0<strong>Radio Exito Bolivia 93.1 FM<\/strong><\/p>\n\t\t\t<a href=\"https:\/\/www.facebook.com\/watch\/live\/?ref=watch_permalink&#038;v=2060474984474072&#038;rdid=AqVtjrOvR2oWIdOO\" target=\"_blank\" rel=\"noopener\">\n\t\t\t\t\t\t\tVER REPORTAJE\n\t\t\t\t\t<\/a>\n<h3>\n\t\tTERCER LUGAR\n\t<\/h3>\n\t\t\t\t<a href=\"https:\/\/www.youtube.com\/watch?v=AOwmzEI1Y00\"  target=\"_blank\" rel=\"noopener\"  itemprop=\"url\">\n\t\t\t\t<img loading=\"lazy\" decoding=\"async\" src=\"https:\/\/fundacionperiodismo.org\/premio-nacional-de-periodismo-con-perspectiva-de-genero\/wp-content\/uploads\/2025\/05\/image-18-e1747841728684.jpg\" alt=\"image (18)\" itemprop=\"image\" height=\"300\" width=\"500\" title=\"image (18)\" onerror=\"this.style.display='none'\"  \/>\n\t\t\t\t<\/a>\n<h5>\n\t\tIv\u00e1n David Ramos Parada\n\t<\/h5>\n<h4>\n\t\tTrenzas de fuego contra el dolor \n\t<\/h4>\n\t<p>\u00abTRENZAS DE FUEGO CONTRA EL DOLOR cuenta la historia real de Aurora, Cecilia y Estela, tres mujeres de Chuquisaca, nacidas en Tomina, Camargo y Yampar\u00e1ez. Desde ni\u00f1as so\u00f1aron con ser profesoras, pero antes de ense\u00f1ar, tuvieron que sobrevivir.<\/p>\n<p>A trav\u00e9s de un relato \u00edntimo y sensible, este podcast recorre sus vidas marcadas por la violencia machista. Las tres enfrentaron el miedo, miraron de cerca a la muerte y, aun as\u00ed, eligieron la vida. La independencia econ\u00f3mica fue la trenza que empez\u00f3 a unir sus historias, d\u00e1ndoles fuerza para romper los ciclos de violencia y para tender la mano a otras mujeres.<\/p>\n<p>Hoy, Aurora, Cecilia y Estela no solo han superado el dolor; se han convertido en gu\u00edas y protectoras. Ense\u00f1an, acogen y salvan a mujeres que atraviesan el mismo infierno del que ellas lograron salir. Sus voces se entrelazan en este relato como cabellos en una trenza, llevando consigo cicatrices, sue\u00f1os y esperanza.<\/p>\nTrenzas de Fuego contra el Dolor es una narraci\u00f3n que abraza, conmueve y da testimonio del fuego que no destruye, sino que ilumina. Una historia de resiliencia femenina que muestra que la violencia no tiene la \u00faltima palabra: la tienen ellas, con cada mujer que ense\u00f1an a vivir libre.<br \/>\nhttps:\/\/youtu.be\/AOwmzEI1Y00&#8243;\n<p>Medio de comunicaci\u00f3n:\u00a0<strong>Red Erbol, adem\u00e1s de ser difundido en Sucre, en Radio La Plata y en los espacios de 1.2.3 Periodismo Que Cuenta.<\/strong><\/p>\n\t\t\t<a href=\"https:\/\/www.youtube.com\/watch?v=AOwmzEI1Y00\" target=\"_blank\" rel=\"noopener\">\n\t\t\t\t\t\t\tVER REPORTAJE\n\t\t\t\t\t<\/a>\n\n","protected":false},"excerpt":{"rendered":"<p>CATEGOR\u00cdA PRENSA RADIAL PRIMER LUGAR Elizabeth Rendiz Farfan La ruta de la denuncia un tortuoso camino para las v\u00edctimas de violencia \u00abEste reportaje narra la experiencia de Ilusi\u00f3n (nombre ficticio),&hellip;<\/p>\n","protected":false},"author":1,"featured_media":0,"parent":0,"menu_order":0,"comment_status":"closed","ping_status":"closed","template":"","meta":{"footnotes":""},"class_list":["post-284","page","type-page","status-publish","hentry"],"_links":{"self":[{"href":"https:\/\/fundacionperiodismo.org\/premio-nacional-de-periodismo-con-perspectiva-de-genero\/wp-json\/wp\/v2\/pages\/284","targetHints":{"allow":["GET"]}}],"collection":[{"href":"https:\/\/fundacionperiodismo.org\/premio-nacional-de-periodismo-con-perspectiva-de-genero\/wp-json\/wp\/v2\/pages"}],"about":[{"href":"https:\/\/fundacionperiodismo.org\/premio-nacional-de-periodismo-con-perspectiva-de-genero\/wp-json\/wp\/v2\/types\/page"}],"author":[{"embeddable":true,"href":"https:\/\/fundacionperiodismo.org\/premio-nacional-de-periodismo-con-perspectiva-de-genero\/wp-json\/wp\/v2\/users\/1"}],"replies":[{"embeddable":true,"href":"https:\/\/fundacionperiodismo.org\/premio-nacional-de-periodismo-con-perspectiva-de-genero\/wp-json\/wp\/v2\/comments?post=284"}],"version-history":[{"count":3,"href":"https:\/\/fundacionperiodismo.org\/premio-nacional-de-periodismo-con-perspectiva-de-genero\/wp-json\/wp\/v2\/pages\/284\/revisions"}],"predecessor-version":[{"id":323,"href":"https:\/\/fundacionperiodismo.org\/premio-nacional-de-periodismo-con-perspectiva-de-genero\/wp-json\/wp\/v2\/pages\/284\/revisions\/323"}],"wp:attachment":[{"href":"https:\/\/fundacionperiodismo.org\/premio-nacional-de-periodismo-con-perspectiva-de-genero\/wp-json\/wp\/v2\/media?parent=284"}],"curies":[{"name":"wp","href":"https:\/\/api.w.org\/{rel}","templated":true}]}}