{"id":299,"date":"2025-05-21T15:10:29","date_gmt":"2025-05-21T15:10:29","guid":{"rendered":"https:\/\/fundacionperiodismo.org\/premio-nacional-de-periodismo-con-perspectiva-de-genero\/?page_id=299"},"modified":"2025-05-21T15:27:00","modified_gmt":"2025-05-21T15:27:00","slug":"jurados-2025","status":"publish","type":"page","link":"https:\/\/fundacionperiodismo.org\/premio-nacional-de-periodismo-con-perspectiva-de-genero\/jurados-2025\/","title":{"rendered":"Jurados 2025"},"content":{"rendered":"\n<h1>\n\t\tJURADOS 2025\n\t<\/h1>\n<h3>\n\t\tCATEGOR\u00cdA MEDIOS DIGITALES\n\t<\/h3>\n\t\t\t\t<img loading=\"lazy\" decoding=\"async\" src=\"https:\/\/fundacionperiodismo.org\/premio-nacional-de-periodismo-con-perspectiva-de-genero\/wp-content\/uploads\/2025\/05\/Patricia-Flores.jpg\" alt=\"Patricia Flores\" itemprop=\"image\" height=\"1193\" width=\"1160\" title=\"Patricia Flores\" onerror=\"this.style.display='none'\"  \/>\n\t<p><strong>Patricia Flores<\/strong><\/p>\n\t<p>Patricia Flores Palacios Mgs. Ciencias Sociales, Lic. Comunicaci\u00f3n Social, Diplomada en Estudios Andinos y Educaci\u00f3n Superior, activista de los derechos humanos y feminista queer.<\/p>\n\t\t\t\t<img loading=\"lazy\" decoding=\"async\" src=\"https:\/\/fundacionperiodismo.org\/premio-nacional-de-periodismo-con-perspectiva-de-genero\/wp-content\/uploads\/2025\/05\/Andrea-Pasten.jpg\" alt=\"Andrea Paste\u0301n\" itemprop=\"image\" height=\"684\" width=\"684\" title=\"Andrea Paste\u0301n\" onerror=\"this.style.display='none'\"  \/>\n\t<p><strong>Andrea Past\u00e9n<\/strong><\/p>\n\t<p>Licenciada en Psicopedagog\u00eda, feminista y defensora de derechos humanos, especializada en comunicaci\u00f3n estrat\u00e9gica, neuromarketing e innovaci\u00f3n social. Con m\u00e1s de 10 a\u00f1os de experiencia, he liderado proyectos de fortalecimiento de capacidades, campa\u00f1as multimedia y procesos formativos inclusivos, siempre desde un enfoque de g\u00e9nero, derechos humanos y justicia social.<\/p>\n\t\t\t\t<img loading=\"lazy\" decoding=\"async\" src=\"https:\/\/fundacionperiodismo.org\/premio-nacional-de-periodismo-con-perspectiva-de-genero\/wp-content\/uploads\/2025\/05\/Yesica-Velarde1.jpeg\" alt=\"Yesica Velarde1\" itemprop=\"image\" height=\"1600\" width=\"1200\" title=\"Yesica Velarde1\" onerror=\"this.style.display='none'\"  \/>\n\t<p><strong>Yesica Velarde<\/strong><\/p>\n\t<p>Activista digital, cofundadora del colectivo feminista \u00abCiberwarmis, mujeres ayudando a mujeres\u00bb.<\/p>\n<p>Cuenta con m\u00e1s de 10 a\u00f1os de experiencia impulsando derechos de las mujeres, promoviendo causas contra la trata de personas, violencias digitales en mujeres y j\u00f3venes; creadora del Observatorio de Trata de personas en Bolivia, creadora de campa\u00f1as digitales en derechos humanos y generadora de contenido digital.<\/p>\n<h3>\n\t\tCATEGOR\u00cdA TELEVISI\u00d3N\n\t<\/h3>\n\t\t\t\t<img loading=\"lazy\" decoding=\"async\" src=\"https:\/\/fundacionperiodismo.org\/premio-nacional-de-periodismo-con-perspectiva-de-genero\/wp-content\/uploads\/2025\/05\/Nidya-Pesantez.jpg\" alt=\"Nidya Pesa\u0301ntez\" itemprop=\"image\" height=\"300\" width=\"300\" title=\"Nidya Pesa\u0301ntez\" onerror=\"this.style.display='none'\"  \/>\n\t<p><strong>Nidya Pes\u00e1ntez<\/strong><\/p>\n\t<p>Nidya Pes\u00e1ntez cuenta con m\u00e1s de 25 a\u00f1os de experiencia en defensa de los derechos humanos, derechos de las mujeres y en la acci\u00f3n por el desarrollo de los pueblos.<\/p>\n<p>En cuanto a su formaci\u00f3n, cuenta con un MBA sobre Gesti\u00f3n Integrada de la Calidad, Seguridad y Ambiente; es Licenciada en Ciencias de la Informaci\u00f3n, realiz\u00f3 un Diplomado en Presupuestos P\u00fablicos para la Erradicaci\u00f3n de la Pobreza y por la Igualdad de G\u00e9nero en Am\u00e9rica Latina; tiene un Posgrado en Antropolog\u00eda y Conflictos Sociales con \u00e9nfasis en cuestiones de G\u00e9nero. Adem\u00e1s, ha realizado dos especializaciones post universitarias, Acompa\u00f1amiento Organizacional y Sistematizaci\u00f3n de Experiencias en procesos de desarrollo.<\/p>\n\t\t\t\t<img loading=\"lazy\" decoding=\"async\" src=\"https:\/\/fundacionperiodismo.org\/premio-nacional-de-periodismo-con-perspectiva-de-genero\/wp-content\/uploads\/2025\/05\/fabiola-calvo-1.jpg\" alt=\"fabiola-calvo-1\" itemprop=\"image\" height=\"600\" width=\"600\" title=\"fabiola-calvo-1\" onerror=\"this.style.display='none'\"  \/>\n\t<p><strong>Fabiola Calvo Ocampo<\/strong><\/p>\n<p><\/p>\n\t<p>Doctora en Ciencias pol\u00edticas y sociolog\u00eda por la Universidad Complutense de Madrid y Licenciada en Ciencias sociales por la Universidad Tecnol\u00f3gica de Pereira. Es periodista, escritora y poeta. Coordinadora de la Red Colombiana de Periodistas e integrante de la coordinaci\u00f3n colegiada de la Red internacional. Directora del programa de TV \u00abNi reinas Ni cenicientas\u00bb de Canal Capital de Bogot\u00e1. Autora y coautora de varios libros sobre la violencia en Colombia, comunicaci\u00f3n, redes y g\u00e9nero. Premio period\u00edstico 2003 \u00abLa mujer en la Uni\u00f3n Europea\u00bb. Reconocimientos en 2011 por la Universidad Mohamed Ben Abdellah, de Fez, Marruecos; reconocimiento por trayectoria profesional en 2014 por la Corporaci\u00f3n Unificada Nacional de Educaci\u00f3n Superior y en el mismo a\u00f1o por el PNUD, Red de G\u00e9nero de Tunja, Alcald\u00eda de Tunja y otros, por la promoci\u00f3n de la igualdad de g\u00e9nero y empoderamiento de las mujeres<\/p>\n\t\t\t\t<img loading=\"lazy\" decoding=\"async\" src=\"https:\/\/fundacionperiodismo.org\/premio-nacional-de-periodismo-con-perspectiva-de-genero\/wp-content\/uploads\/2025\/05\/Monica-Olmos.jpg\" alt=\"Mo\u0301nica Olmos\" itemprop=\"image\" height=\"1000\" width=\"1000\" title=\"Mo\u0301nica Olmos\" onerror=\"this.style.display='none'\"  \/>\n\t<p><strong>M\u00f3nica Olmos<\/strong><\/p>\n\t<p>M\u00f3nica Olmos Campos es Licenciada en Ciencias de la Comunicaci\u00f3n Social por la Universidad Cat\u00f3lica Boliviana San Pablo; cuenta con un Diplomado en Docencia Universitaria y una Maestr\u00eda y Doctorado en Ciencias de la Educaci\u00f3n. Su experiencia en medios de comunicaci\u00f3n se remite a la conducci\u00f3n y coordinaci\u00f3n de la revista televisiva Facetas, programa de producci\u00f3n nacional que estuvo al aire 18 a\u00f1os y en los que M\u00f3nica particip\u00f3 15; tambi\u00e9n fue presentadora y directora de programas como El Conversatorio, S\u00edntesis, Tele Salud, Noticieros Bolivisi\u00f3n y Matinata. Escribi\u00f3 para Los Tiempos durante m\u00e1s de una d\u00e9cada con sus columnas de opini\u00f3n Sin pelos en la lengua y S\u00edstole y Di\u00e1stole; tambi\u00e9n ha escrito para los matutinos nacionales El Deber, Tal Cual.bo, P\u00e1gina Siete y revistas bolivianas. Durante varios a\u00f1os ha nutrido El blog de la molmitos con cientos de art\u00edculos sobre Periodismo y Comunicaci\u00f3n, Pol\u00edtica, Educaci\u00f3n y otras tem\u00e1ticas de su inter\u00e9s.<\/p>\n<h3>\n\t\tCATEGOR\u00cdA RADIO\n\t<\/h3>\n\t\t\t\t<img loading=\"lazy\" decoding=\"async\" src=\"https:\/\/fundacionperiodismo.org\/premio-nacional-de-periodismo-con-perspectiva-de-genero\/wp-content\/uploads\/2025\/05\/fabiola-calvo-1.jpg\" alt=\"fabiola-calvo-1\" itemprop=\"image\" height=\"600\" width=\"600\" title=\"fabiola-calvo-1\" onerror=\"this.style.display='none'\"  \/>\n\t<p><strong>Fabiola Calvo Ocampo<\/strong><\/p>\n<p><\/p>\n\t<p>Doctora en Ciencias pol\u00edticas y sociolog\u00eda por la Universidad Complutense de Madrid y Licenciada en Ciencias sociales por la Universidad Tecnol\u00f3gica de Pereira. Es periodista, escritora y poeta. Coordinadora de la Red Colombiana de Periodistas e integrante de la coordinaci\u00f3n colegiada de la Red internacional. Directora del programa de TV \u00abNi reinas Ni cenicientas\u00bb de Canal Capital de Bogot\u00e1. Autora y coautora de varios libros sobre la violencia en Colombia, comunicaci\u00f3n, redes y g\u00e9nero. Premio period\u00edstico 2003 \u00abLa mujer en la Uni\u00f3n Europea\u00bb. Reconocimientos en 2011 por la Universidad Mohamed Ben Abdellah, de Fez, Marruecos; reconocimiento por trayectoria profesional en 2014 por la Corporaci\u00f3n Unificada Nacional de Educaci\u00f3n Superior y en el mismo a\u00f1o por el PNUD, Red de G\u00e9nero de Tunja, Alcald\u00eda de Tunja y otros, por la promoci\u00f3n de la igualdad de g\u00e9nero y empoderamiento de las mujeres<\/p>\n\t\t\t\t<img loading=\"lazy\" decoding=\"async\" src=\"https:\/\/fundacionperiodismo.org\/premio-nacional-de-periodismo-con-perspectiva-de-genero\/wp-content\/uploads\/2025\/05\/Ines-Gonsalez.jpg\" alt=\"Ines Gonsalez\" itemprop=\"image\" height=\"244\" width=\"207\" title=\"Ines Gonsalez\" onerror=\"this.style.display='none'\"  \/>\n\t<p><strong>In\u00e9s Gonzales<\/strong><\/p>\n\t<p>Directora ejecutiva de ERBOL <\/p>\n\t\t\t\t<img loading=\"lazy\" decoding=\"async\" src=\"https:\/\/fundacionperiodismo.org\/premio-nacional-de-periodismo-con-perspectiva-de-genero\/wp-content\/uploads\/2025\/05\/Augusto-Yanez.jpg\" alt=\"Augusto Yan\u0303ez\" itemprop=\"image\" height=\"1280\" width=\"853\" title=\"Augusto Yan\u0303ez\" onerror=\"this.style.display='none'\"  \/>\n\t<p><strong>J. Augusto Ya\u00f1ez Vargas<\/strong><\/p>\n\tSoci\u00f3logo investigador por la Universidad Mayor de San Sim\u00f3n, con maestr\u00eda en Poblaci\u00f3n y Desarrollo (Becario de UNFPA). Cuenta con varios posgrados donde destacan: Diplomado en Educaci\u00f3n Superior, Diplomado en Derechos Humanos y Prevenci\u00f3n de Violencia contra las Mujeres, Diplomado en Herramientas Legales para la Defensa Legal del Derecho a Defender los Derechos Humanos. Profesor universitario de pre y posgrado, en universidades p\u00fablicas y privadas.<br \/>\nCon 12 a\u00f1os de experiencia de trabajo en temas de g\u00e9nero y masculinidades. Articulista y columnista en diferentes medios escritos, autor de varias publicaciones en libros y revistas especializadas. Merecedor de varios reconocimientos y agradecimientos, destacando el \u00abDiploma de Honor en Reconocimiento al Alto Esp\u00edritu de Colaboraci\u00f3n y Desprendimiento impartiendo el Taller de Capacitaci\u00f3n en Derechos Humanos en el \u00c1rea de Nuevas Masculinidades en Derechos Sexuales y Reproductivos\u00bb otorgado por la Fuerza de Tarea A\u00e9rea \u00abDiablos Negros\u00bb de la Fuerza A\u00e9rea Boliviana.\n<h3>\n\t\tCATEGOR\u00cdA PRENSA ESCRITA\n\t<\/h3>\n\t\t\t\t<img loading=\"lazy\" decoding=\"async\" src=\"https:\/\/fundacionperiodismo.org\/premio-nacional-de-periodismo-con-perspectiva-de-genero\/wp-content\/uploads\/2025\/05\/Monica-Baya.jpeg\" alt=\"Mo\u0301nica Baya\" itemprop=\"image\" height=\"766\" width=\"1036\" title=\"Mo\u0301nica Baya\" onerror=\"this.style.display='none'\"  \/>\n\t<p><strong>M\u00f3nica Baya<\/strong><\/p>\n\tSecretar\u00eda T\u00e9cnica de la Comunidad de Derechos Humanos, se titul\u00f3 como bogada en la Universidad Cat\u00f3lica Boliviana \u00abSan Pablo\u00bb, tiene post grados en Ciencias Penales (UMSA), Protecci\u00f3n Internacional de los Derechos Humanos de las Mujeres (Universidad Austral), Derechos Humanos de la Ni\u00f1ez y la Adolescencia (EGPP), Defensa Internacional de los Derechos Humanos (Universidad Austral); Dise\u00f1o de Pol\u00edticas P\u00fablicas (Universidad de Zaragoza y el Centro Latinoamericano de DDHH); Violencia Sexual Feminicida de Ni\u00f1as y Adolescentes (CLADEM). Ha sido docente de pre y postgrado en varias universidades del pa\u00eds. Ha dirigido importantes proyectos desde la sociedad civil sobre acceso a la justicia, igualdad y no discriminaci\u00f3n, derechos sexuales y derechos reproductivos y erradicaci\u00f3n de la violencia. Ha realizado varias investigaciones y publicaciones en materia de derechos humanos y cuenta con amplia experiencia en el uso de mecanismos internacionales de protecci\u00f3n de los derechos humanos.<br \/>\nFue impulsora de la creaci\u00f3n del primer Consejo de Derechos Humanos en Bolivia (2004), la elaboraci\u00f3n de los Planes de Derechos Humanos, la ratificaci\u00f3n de importantes instrumentos internacionales de derechos humanos, la incorporaci\u00f3n de la materia de derechos humanos en el curr\u00edculo de formaci\u00f3n policial y militar, la elaboraci\u00f3n de propuestas legislativas en materia de derechos humanos, en especial de las mujeres y el fortalecimiento de servicios de atenci\u00f3n a v\u00edctimas de violencia.\n\t\t\t\t<img loading=\"lazy\" decoding=\"async\" src=\"https:\/\/fundacionperiodismo.org\/premio-nacional-de-periodismo-con-perspectiva-de-genero\/wp-content\/uploads\/2025\/05\/ABDEL-PADILLA.jpeg\" alt=\"ABDEL PADILLA\" itemprop=\"image\" height=\"1575\" width=\"1600\" title=\"ABDEL PADILLA\" onerror=\"this.style.display='none'\"  \/>\n\t<p><strong>Abdel Padilla<\/strong><\/p>\n\t<p>Abdel Padilla Vargas es comunicador y periodista, titulado de la carrera de Comunicaci\u00f3n Social de la UMSA. Como comunicador, trabaj\u00f3 en organismos de cooperaci\u00f3n internacional y actualmente es responsable del Programa de Apoyo al Desarrollo Municipal (PADEM)  de Solidar Suiza. Como periodista, form\u00f3 parte de varios medios de cobertura nacional y fue corresponsal internacional. Recibi\u00f3 galardones dentro y fuera del pa\u00eds como los premios nacionales de prensa y radio, la medalla Hu\u00e1scar Caj\u00edas a los periodistas destacados de las nuevas generaciones y el Premio Iberoamericano Rey de Espa\u00f1a. Docente de pre y postgrado, y maestrante de la Maestr\u00eda de Comunicaci\u00f3n Transmedia de la Universidad Andina del Ecuador.<\/p>\n\t\t\t\t<img loading=\"lazy\" decoding=\"async\" src=\"https:\/\/fundacionperiodismo.org\/premio-nacional-de-periodismo-con-perspectiva-de-genero\/wp-content\/uploads\/2025\/05\/Veronica-Arteaga31.jpeg\" alt=\"Veronica Arteaga31\" itemprop=\"image\" height=\"1578\" width=\"1600\" title=\"Veronica Arteaga31\" onerror=\"this.style.display='none'\"  \/>\n\t<p><strong>Ver\u00f3nica Arteaga<\/strong><\/p>\n\tGerente de Gesti\u00f3n Comercial de la Bolsa Boliviana de Valores, con 15 a\u00f1os de experiencia en el mercado de valores. Desde 2019, se ha enfocado en promover las finanzas sostenibles, contribuyendo con herramientas como la Gu\u00eda de Bonos Tem\u00e1ticos y la Gu\u00eda de incorporaci\u00f3n de Criterios ASG, que han fortalecido el compromiso del mercado con la sostenibilidad.<br \/>\nHa liderado la participaci\u00f3n de la BBV en temas de g\u00e9nero e impulsado su rol en el mercado de valores a trav\u00e9s de la participaci\u00f3n del Toque de Campana por la Igualdad de G\u00e9nero, celebrado en las plazas financieras de todo el mundo en conmemoraci\u00f3n al 8 de Marzo \u00abDia Internacional de la Mujer\u00bb.<br \/>\nEs Licenciada en Administraci\u00f3n de Empresas por la Universidad Cat\u00f3lica Boliviana, cuenta con una Maestr\u00eda en Finanzas Empresariales de Maestr\u00edas para el Desarrollo (MPD), y un diplomado en Bolsa de Valores por la NYSE, complementado por la Sociedad de Altos Estudios Jur\u00eddicos y Empresariales Euro Americanos en Espa\u00f1a.\n\n","protected":false},"excerpt":{"rendered":"<p>JURADOS 2025 CATEGOR\u00cdA MEDIOS DIGITALES Patricia Flores Patricia Flores Palacios Mgs. Ciencias Sociales, Lic. Comunicaci\u00f3n Social, Diplomada en Estudios Andinos y Educaci\u00f3n Superior, activista de los derechos humanos y feminista&hellip;<\/p>\n","protected":false},"author":1,"featured_media":0,"parent":0,"menu_order":0,"comment_status":"closed","ping_status":"closed","template":"","meta":{"footnotes":""},"class_list":["post-299","page","type-page","status-publish","hentry"],"_links":{"self":[{"href":"https:\/\/fundacionperiodismo.org\/premio-nacional-de-periodismo-con-perspectiva-de-genero\/wp-json\/wp\/v2\/pages\/299","targetHints":{"allow":["GET"]}}],"collection":[{"href":"https:\/\/fundacionperiodismo.org\/premio-nacional-de-periodismo-con-perspectiva-de-genero\/wp-json\/wp\/v2\/pages"}],"about":[{"href":"https:\/\/fundacionperiodismo.org\/premio-nacional-de-periodismo-con-perspectiva-de-genero\/wp-json\/wp\/v2\/types\/page"}],"author":[{"embeddable":true,"href":"https:\/\/fundacionperiodismo.org\/premio-nacional-de-periodismo-con-perspectiva-de-genero\/wp-json\/wp\/v2\/users\/1"}],"replies":[{"embeddable":true,"href":"https:\/\/fundacionperiodismo.org\/premio-nacional-de-periodismo-con-perspectiva-de-genero\/wp-json\/wp\/v2\/comments?post=299"}],"version-history":[{"count":5,"href":"https:\/\/fundacionperiodismo.org\/premio-nacional-de-periodismo-con-perspectiva-de-genero\/wp-json\/wp\/v2\/pages\/299\/revisions"}],"predecessor-version":[{"id":318,"href":"https:\/\/fundacionperiodismo.org\/premio-nacional-de-periodismo-con-perspectiva-de-genero\/wp-json\/wp\/v2\/pages\/299\/revisions\/318"}],"wp:attachment":[{"href":"https:\/\/fundacionperiodismo.org\/premio-nacional-de-periodismo-con-perspectiva-de-genero\/wp-json\/wp\/v2\/media?parent=299"}],"curies":[{"name":"wp","href":"https:\/\/api.w.org\/{rel}","templated":true}]}}