{"id":4,"date":"2018-01-16T16:50:25","date_gmt":"2018-01-16T16:50:25","guid":{"rendered":"http:\/\/fundacionperiodismo.org\/primera-plana\/one-page-express\/"},"modified":"2020-12-04T15:50:35","modified_gmt":"2020-12-04T15:50:35","slug":"one-page-express","status":"publish","type":"page","link":"https:\/\/fundacionperiodismo.org\/primera-plana\/","title":{"rendered":"Inicio"},"content":{"rendered":"<div  data-label=\"Overlapable\" data-id=\"stripped-features-overlapped-icons-section\" data-category=\"overlapable\" class=\"features-overlapped-icons-section stripped-features-overlapped-icons-section\" data-overlap=\"true\" id=\"overlapable-4\" style=\"background-color: #ffffff;\">\n<div  class=\"gridContainer\">\n<div  class=\"features-overlapped-icons-featuresrow flexbox-list\" data-type=\"row\">\n<div  class=\"features-large-icons-featcol cp3cols cp6cols-tablet\">\n<div  class=\"features-overlapped-icons-featinnerrow\">\n<div  class=\"features-icon-container\"><i  class=\"font-icon-features-icon-container fa fa-university\" data-cp-fa=\"true\"><\/i><\/div>\n<div  data-type=\"column\" class=\"\">\n<h4  class=\"\">Competencia de universidades<\/h4>\n<p  class=\"\">18 estudiantes de comunicaci\u00f3n de 9 universidades llegar\u00e1n a ser parte de Primera Plana Online<\/p>\n\n<\/div>\n<\/div>\n<\/div>\n<div  class=\"features-large-icons-featcol cp3cols cp6cols-tablet\">\n<div  class=\"features-overlapped-icons-featinnerrow\">\n<div  class=\"features-icon-container\"><i  class=\"font-icon-features-icon-container fa fa-search\" data-cp-fa=\"true\"><\/i><\/div>\n<div  data-type=\"column\" class=\"\">\n<h4  class=\"\">Buscamos<\/h4>\nque se destaquen entre los dem\u00e1s\n<p  class=\"\">El objetivo es revelar una realidad oculta y demostrar su conocimiento.<\/p>\n\n<\/div>\n<\/div>\n<\/div>\n<div  class=\"features-large-icons-featcol cp3cols cp6cols-tablet\">\n<div  class=\"features-overlapped-icons-featinnerrow\">\n<div  class=\"features-icon-container\"><i  class=\"font-icon-features-icon-container fa fa-file-video-o\" data-cp-fa=\"true\"><\/i><\/div>\n<div  data-type=\"column\" class=\"\">\n<h4  class=\"\">T\u00e9cnicas de investigaci\u00f3n<\/h4>\n<p  class=\"\">Preguntar, escuchar, indagar y escribir con calidad un gran reportaje todo con las herramientas de las nuevas tecnolog\u00edas<\/p>\n\n<\/div>\n<\/div>\n<\/div>\n<div  class=\"features-large-icons-featcol cp3cols cp6cols-tablet\">\n<div  class=\"features-overlapped-icons-featinnerrow\">\n<div  class=\"features-icon-container\"><i  class=\"font-icon-features-icon-container fa fa-tv\" data-cp-fa=\"true\"><\/i><\/div>\n<div  data-type=\"column\" class=\"\">\n<h4  class=\"\">&nbsp;Episodios de calidad<\/h4>\n<p  class=\"\">Episodios de una hora registrada en HD de la siguiente cuarta versi\u00f3n\n\u00bfQuieres ver la anterior versi\u00f3n?\nEntra <a  href=\"https:\/\/fundacionperiodismo.org\/primera-plana\/primera-plana-2019-capitulos-1-al-13-3ra-version\" class=\"\">aqu\u00ed<\/a><\/p>\n\n<\/div>\n<\/div>\n<\/div>\n<\/div>\n<\/div>\n<\/div><div  data-label=\"Clients\" data-id=\"clients-strip-section\" data-category=\"clients\" class=\"clients-strip-section\" id=\"clients-2\" style=\"background-color: #ffffff;\">\n<h3  style=\"text-align: center;\" class=\"gridContainer\">\u00bfQuienes participar\u00e1n en la cuarta versi\u00f3n \u2013 o<em >nline<\/em>?\nMuy pronto lo sabremos.<\/h3>\n<div  class=\"row_187 gridContainer\" data-type=\"row\" data-add-content=\"false\">\n\n\n\n<div  class=\"clients-strip-itemcol cp4cols\">\n<div  class=\"middle_align1\"><a href=\"http:\/\/www.uabjb.edu.bo\/uabjb\" target=\"_blank\" class=\"\" rel=\"noopener noreferrer\"><img decoding=\"async\"  class=\"clients-strip-itemimg\" src=\"http:\/\/fundacionperiodismo.org\/primera-plana\/wp-content\/uploads\/2018\/01\/logo-ueb-e1516203308287.png\"><\/a><\/div>\n<\/div><div  class=\"clients-strip-itemcol cp4cols\">\n<div  class=\"middle_align1\"><a href=\"#\" target=\"_blank\" class=\"\" rel=\"noopener noreferrer\"><img decoding=\"async\"  class=\"clients-strip-itemimg\" src=\"http:\/\/fundacionperiodismo.org\/primera-plana\/wp-content\/uploads\/2019\/09\/WhatsApp-Image-2019-08-27-at-11.16.51.jpeg\"><\/a><\/div>\n<\/div>\n\n\n\n\n\n<div  class=\"clients-strip-itemcol cp4cols\">\n<div  class=\"middle_align1\"><a href=\"https:\/\/fundacionperiodismo.org\/primera-plana\" target=\"_self\" class=\"\" rel=\"noopener noreferrer\"><img decoding=\"async\"  class=\"clients-strip-itemimg\" src=\"http:\/\/fundacionperiodismo.org\/primera-plana\/wp-content\/uploads\/2020\/11\/ucb-cochabamba-1.png\"><\/a><\/div>\n<\/div><div  class=\"clients-strip-itemcol cp4cols\">\n<div  class=\"middle_align1\"><a href=\"#\" target=\"_blank\" class=\"\" rel=\"noopener noreferrer\"><\/a><a href=\"#\" target=\"_blank\" class=\"\" rel=\"noopener noreferrer\" style=\"font-size: 18px; display: inline !important;\">\n<img decoding=\"async\"  class=\"clients-strip-itemimg\" src=\"http:\/\/fundacionperiodismo.org\/primera-plana\/wp-content\/uploads\/2019\/09\/univalle.png\"><\/a><img decoding=\"async\"  class=\"clients-strip-itemimg\" src=\"http:\/\/fundacionperiodismo.org\/primera-plana\/wp-content\/uploads\/2018\/09\/unifranz2.png\"><\/div>\n<\/div><div  class=\"clients-strip-itemcol cp4cols\">\n<div  class=\"middle_align1\"><a href=\"https:\/\/fundacionperiodismo.org\/primera-plana\" target=\"_self\" class=\"\" rel=\"noopener noreferrer\"><img decoding=\"async\"  class=\"clients-strip-itemimg\" src=\"http:\/\/fundacionperiodismo.org\/primera-plana\/wp-content\/uploads\/2020\/11\/ucb-tarija.png\"><\/a><\/div>\n<\/div><div  class=\"clients-strip-itemcol cp4cols\">\n<div  class=\"middle_align1\"><a href=\"https:\/\/fundacionperiodismo.org\/primera-plana\" target=\"_self\" class=\"\" rel=\"noopener noreferrer\"><img decoding=\"async\"  class=\"clients-strip-itemimg\" src=\"http:\/\/fundacionperiodismo.org\/primera-plana\/wp-content\/uploads\/2020\/11\/logo-nur2.png\"><\/a><\/div>\n<\/div><div  class=\"clients-strip-itemcol cp4cols\">\n<div  class=\"middle_align1\"><a href=\"#\" target=\"_blank\" class=\"\" rel=\"noopener noreferrer\"><img decoding=\"async\"  class=\"clients-strip-itemimg\" src=\"http:\/\/fundacionperiodismo.org\/primera-plana\/wp-content\/uploads\/2020\/11\/universidad-domingo-savio.png\"><\/a><\/div>\n<\/div><div  class=\"clients-strip-itemcol cp4cols\">\n<div  class=\"middle_align1\"><a href=\"https:\/\/utb.edu.bo\" target=\"_blank\" class=\"\" rel=\"noopener noreferrer\"><img decoding=\"async\"  class=\"clients-strip-itemimg\" src=\"http:\/\/fundacionperiodismo.org\/primera-plana\/wp-content\/uploads\/2020\/11\/logoutb-3.png\"><\/a><\/div>\n<\/div><div  class=\"clients-strip-itemcol cp4cols\">\n<div  class=\"middle_align1\"><a href=\"https:\/\/www.upea.edu.bo\" target=\"_blank\" class=\"\" rel=\"noopener noreferrer\"><img decoding=\"async\"  class=\"clients-strip-itemimg\" src=\"http:\/\/fundacionperiodismo.org\/primera-plana\/wp-content\/uploads\/2018\/01\/LogoUPEAcolorfuerte.png\"><\/a><\/div>\n<\/div><\/div>\n<div  class=\"spacer gridContainer\" data-type=\"group\"><span  class=\"fa before\"><\/span><i  class=\"fa fa-bandcamp\"><\/i><span  class=\"fa after\"><\/span><\/div>\n<\/div><div  data-label=\"Features\" data-id=\"features-small-icon-cards-section\" data-category=\"features\" class=\"features-small-icon-cards-section\" id=\"features-5\" style=\"background-color: #f6f6f6;\">\n<div  class=\"gridContainer\">\n<div  class=\"features-small-icon-cards-textrow\">\n<div  class=\"features-small-icon-cards-textcol dynamic-color\" data-type=\"column\">\n<h2  class=\"\">Investigaci\u00f3n <em >online<\/em> es el nuevo desaf\u00edo para los futuros periodistas<\/h2>\n<p  class=\"\">Primera Plana\u2026&nbsp; Un programa de calidad en formato de entretenimiento<\/p>\n\n<\/div>\n<\/div>\n<div  class=\"features-small-icon-cards-featuresrow dark-text\" data-type=\"row\">\n<div  class=\"features-small-icon-cards-featcol cp4cols\">\n<div  class=\"features-small-icon-cards-featinnerrow\">\n<div  class=\"features-small-icon-cards-iconcol\"><i  class=\"font-icon-23 fa fa-check-square-o\" data-cp-fa=\"true\"><\/i><\/div>\n<div  class=\"features-small-icon-cards-feattextcol\" data-type=\"column\">\n<h4  class=\"\">Busca la verdad<\/h4>\n<p  class=\"\">La clave es encontrar el hilo para desenredar el ovillo\u2026 Ocho equipos lo intentan.<\/p>\n\n<\/div>\n<\/div>\n<\/div>\n<div  class=\"features-small-icon-cards-featcol cp4cols\">\n<div  class=\"features-small-icon-cards-featinnerrow\">\n<div  class=\"features-small-icon-cards-iconcol\"><i  class=\"font-icon-23 fa fa-check-square-o\" data-cp-fa=\"true\"><\/i><\/div>\n<div  class=\"features-small-icon-cards-feattextcol\" data-type=\"column\">\n<h4  class=\"\">Sigue la pista<\/h4>\n<p  class=\"\">En el camino se encuentran con varios retos, deben vencer cada uno para llegar a la final.<\/p>\n\n<\/div>\n<\/div>\n<\/div>\n<div  class=\"features-small-icon-cards-featcol cp4cols\">\n<div  class=\"features-small-icon-cards-featinnerrow\">\n<div  class=\"features-small-icon-cards-iconcol\"><i  class=\"font-icon-23 fa fa-check-square-o\" data-cp-fa=\"true\"><\/i><\/div>\n<div  class=\"features-small-icon-cards-feattextcol\" data-type=\"column\">\n<h4  class=\"\">Comprueba los datos<\/h4>\n<p  class=\"\">Un apasionante y divertido programa acad\u00e9mico<\/p>\n\n<\/div>\n<\/div>\n<\/div>\n<div  class=\"features-small-icon-cards-featcol cp4cols\">\n<div  class=\"features-small-icon-cards-featinnerrow\">\n<div  class=\"features-small-icon-cards-iconcol\"><i  class=\"font-icon-23 fa fa-check-square-o\" data-cp-fa=\"true\"><\/i><\/div>\n<div  class=\"features-small-icon-cards-feattextcol\" data-type=\"column\">\n<h4  class=\"\">Usa las t\u00e9cnicas de investigaci\u00f3n<\/h4>\n<p  class=\"\">Sus armas son las t\u00e9cnicas de la investigaci\u00f3n period\u00edstica:\nPreguntar, escuchar, indagar y escribir con calidad un gran reportaje<\/p>\n\n<\/div>\n<\/div>\n<\/div>\n<div  class=\"features-small-icon-cards-featcol cp4cols\">\n<div  class=\"features-small-icon-cards-featinnerrow\">\n<div  class=\"features-small-icon-cards-iconcol\"><i  class=\"font-icon-23 fa fa-check-square-o\" data-cp-fa=\"true\"><\/i><\/div>\n<div  class=\"features-small-icon-cards-feattextcol\" data-type=\"column\">\n<h4  class=\"\">Te espera la recompensa<\/h4>\n<p  class=\"\">Una computadora de \u00faltima generaci\u00f3n para cada integrante del qeuipos.<\/p>\n\n<\/div>\n<\/div>\n<\/div>\n<div  class=\"features-small-icon-cards-featcol cp4cols\">\n<div  class=\"features-small-icon-cards-featinnerrow\">\n<div  class=\"features-small-icon-cards-iconcol\"><i  class=\"font-icon-23 fa fa-check-square-o\" data-cp-fa=\"true\"><\/i><\/div>\n<div  class=\"features-small-icon-cards-feattextcol\" data-type=\"column\">\n<h4  class=\"\">La recompensa<\/h4>\n<p  class=\"\">Participar del programa de mayor influencia a nivel nacional y con testigos internacionales.<\/p>\n\n<\/div>\n<\/div>\n<\/div>\n<\/div>\n<\/div>\n<\/div><div  id=\"numbers\" data-label=\"Numbers\" data-id=\"numbers-section\" data-category=\"numbers\" data-bg=\"transparent\" class=\"numbers-section\" data-parallax-depth=\"20\" style=\"background-image: url('http:\/\/fundacionperiodismo.org\/primera-plana\/wp-content\/uploads\/2018\/01\/bg2.jpg'); background-size: auto 662px; background-repeat: no-repeat; background-position: center top 82.752%;\">\n<div  class=\"dynamic-color\">\n<div  class=\"numbers-itemcol\">\n<h2  class=\"numbers-numbertext\">9<\/h2>\n<h3  class=\"numbers-titletext\">UNIVERSIDADES<\/h3>\n<\/div>\n<div  class=\"numbers-itemcol\">\n<h2  class=\"numbers-numbertext\">18<\/h2>\n<h3  class=\"numbers-titletext\">ESTUDIANTES<\/h3>\n<\/div>\n<div  class=\"numbers-itemcol-last\">\n<h2  class=\"numbers-numbertext\">9<\/h2>\n<h3  class=\"numbers-titletext\">EQUIPOS<\/h3>\n<\/div>\n<\/div>\n<\/div><div  id=\"latest-posts\" style=\"background-color: #ffffff;\" data-label=\"Latest posts\" data-id=\"blog-section\" data-category=\"latest_news\" class=\"blog-section\">\n<div  class=\"gridContainer\">\n<div  class=\"blog-textrow\">\n<div  class=\"blog-textcol dynamic-color\" data-type=\"column\">\n<h2  class=\"\">Primera Plana \u2013 Retos<\/h2>\n<p  class=\"\">Primera Plana es el primer reality show en periodismo de investigaci\u00f3n dirigido a estudiantes de la carrera de comunicaci\u00f3n social.<\/p>\n\n<\/div>\n<\/div>\n<div  class=\"blog-postsrow dark-text\" data-type=\"row\" data-dynamic-columns=\"one_page_express_latest_news_columns\" data-content-shortcode=\"one_page_express_latest_news\">            <div id=\"post-1311\" class=\"blog-postcol cp4cols\">\r\n            <div class=\"post-content\">\r\n                                    <a class=\"post-list-item-thumb\" href=\"https:\/\/fundacionperiodismo.org\/primera-plana\/reto-final-analisis-de-discurso-universidad-catolica-boliviana-cochabamba\/\">\r\n                        <img loading=\"lazy\" decoding=\"async\" width=\"1000\" height=\"562\" src=\"https:\/\/fundacionperiodismo.org\/primera-plana\/wp-content\/uploads\/2020\/12\/ucb1.jpg\" class=\"attachment-post-thumbnail size-post-thumbnail wp-post-image\" alt=\"\" srcset=\"https:\/\/fundacionperiodismo.org\/primera-plana\/wp-content\/uploads\/2020\/12\/ucb1.jpg 1000w, https:\/\/fundacionperiodismo.org\/primera-plana\/wp-content\/uploads\/2020\/12\/ucb1-300x169.jpg 300w, https:\/\/fundacionperiodismo.org\/primera-plana\/wp-content\/uploads\/2020\/12\/ucb1-768x432.jpg 768w\" sizes=\"auto, (max-width: 1000px) 100vw, 1000px\" \/>                    <\/a>\r\n                                <div class=\"row_345\">\r\n                    <h3 class=\"blog-title\">\r\n                        <a href=\"https:\/\/fundacionperiodismo.org\/primera-plana\/reto-final-analisis-de-discurso-universidad-catolica-boliviana-cochabamba\/\" rel=\"bookmark\">\r\n                            RETO FINAL \u2013 AN\u00c1LISIS DE DISCURSO \u2013 UNIVERSIDAD CAT\u00d3LICA BOLIVIANA COCHABAMBA                        <\/a>\r\n                    <\/h3>\r\n                    <p>PRIMERA PLANA: PERIODISMO DE INVESTIGACI\u00d3N EQUIPO: LINEA ACTUAL<\/p>\n                    <a class=\"button blue small\" href=\"https:\/\/fundacionperiodismo.org\/primera-plana\/reto-final-analisis-de-discurso-universidad-catolica-boliviana-cochabamba\/\">\r\n                        <span data-theme=\"one_page_express_latest_news_read_more\">Read more<\/span>\r\n                    <\/a>\r\n                    <hr class=\"blog-separator\">\n<div class=\"post-header\">\n    <i class=\"font-icon-post fa fa-user\"><\/i>\n    <a href=\"https:\/\/fundacionperiodismo.org\/primera-plana\/author\/paul\/\" title=\"Entradas de Paul Etienne\" rel=\"author\">Paul Etienne<\/a>    <i class=\"font-icon-post fa fa-calendar\"><\/i>\n    <span class=\"span12\">diciembre 4, 2020<\/span>\n\n    <i class=\"font-icon-post fa fa-comment-o\"><\/i>\n    <span>0<\/span>\n<\/div>                <\/div>\r\n            <\/div>\r\n        <\/div>\r\n                <div id=\"post-1304\" class=\"blog-postcol cp4cols\">\r\n            <div class=\"post-content\">\r\n                                    <a class=\"post-list-item-thumb\" href=\"https:\/\/fundacionperiodismo.org\/primera-plana\/reto-final-analisis-de-discurso-universidad-publica-de-el-alto\/\">\r\n                        <img loading=\"lazy\" decoding=\"async\" width=\"1000\" height=\"562\" src=\"https:\/\/fundacionperiodismo.org\/primera-plana\/wp-content\/uploads\/2020\/12\/upea1.jpg\" class=\"attachment-post-thumbnail size-post-thumbnail wp-post-image\" alt=\"\" srcset=\"https:\/\/fundacionperiodismo.org\/primera-plana\/wp-content\/uploads\/2020\/12\/upea1.jpg 1000w, https:\/\/fundacionperiodismo.org\/primera-plana\/wp-content\/uploads\/2020\/12\/upea1-300x169.jpg 300w, https:\/\/fundacionperiodismo.org\/primera-plana\/wp-content\/uploads\/2020\/12\/upea1-768x432.jpg 768w\" sizes=\"auto, (max-width: 1000px) 100vw, 1000px\" \/>                    <\/a>\r\n                                <div class=\"row_345\">\r\n                    <h3 class=\"blog-title\">\r\n                        <a href=\"https:\/\/fundacionperiodismo.org\/primera-plana\/reto-final-analisis-de-discurso-universidad-publica-de-el-alto\/\" rel=\"bookmark\">\r\n                            RETO FINAL \u2013 AN\u00c1LISIS DE DISCURSO \u2013 UNIVERSIDAD P\u00daBLICA DE EL ALTO                        <\/a>\r\n                    <\/h3>\r\n                    <p>PRIMERA PLANA: PERIODISMO DE INVESTIGACI\u00d3N EQUIPO: Corresponsales con Altura<\/p>\n                    <a class=\"button blue small\" href=\"https:\/\/fundacionperiodismo.org\/primera-plana\/reto-final-analisis-de-discurso-universidad-publica-de-el-alto\/\">\r\n                        <span data-theme=\"one_page_express_latest_news_read_more\">Read more<\/span>\r\n                    <\/a>\r\n                    <hr class=\"blog-separator\">\n<div class=\"post-header\">\n    <i class=\"font-icon-post fa fa-user\"><\/i>\n    <a href=\"https:\/\/fundacionperiodismo.org\/primera-plana\/author\/paul\/\" title=\"Entradas de Paul Etienne\" rel=\"author\">Paul Etienne<\/a>    <i class=\"font-icon-post fa fa-calendar\"><\/i>\n    <span class=\"span12\">diciembre 4, 2020<\/span>\n\n    <i class=\"font-icon-post fa fa-comment-o\"><\/i>\n    <span>0<\/span>\n<\/div>                <\/div>\r\n            <\/div>\r\n        <\/div>\r\n                <div id=\"post-1300\" class=\"blog-postcol cp4cols\">\r\n            <div class=\"post-content\">\r\n                                    <a class=\"post-list-item-thumb\" href=\"https:\/\/fundacionperiodismo.org\/primera-plana\/reto-final-analisis-de-discurso-universidad-tecnologica-boliviana\/\">\r\n                        <img loading=\"lazy\" decoding=\"async\" width=\"1000\" height=\"562\" src=\"https:\/\/fundacionperiodismo.org\/primera-plana\/wp-content\/uploads\/2020\/12\/utb1.jpg\" class=\"attachment-post-thumbnail size-post-thumbnail wp-post-image\" alt=\"\" srcset=\"https:\/\/fundacionperiodismo.org\/primera-plana\/wp-content\/uploads\/2020\/12\/utb1.jpg 1000w, https:\/\/fundacionperiodismo.org\/primera-plana\/wp-content\/uploads\/2020\/12\/utb1-300x169.jpg 300w, https:\/\/fundacionperiodismo.org\/primera-plana\/wp-content\/uploads\/2020\/12\/utb1-768x432.jpg 768w\" sizes=\"auto, (max-width: 1000px) 100vw, 1000px\" \/>                    <\/a>\r\n                                <div class=\"row_345\">\r\n                    <h3 class=\"blog-title\">\r\n                        <a href=\"https:\/\/fundacionperiodismo.org\/primera-plana\/reto-final-analisis-de-discurso-universidad-tecnologica-boliviana\/\" rel=\"bookmark\">\r\n                            RETO FINAL &#8211; AN\u00c1LISIS DE DISCURSO &#8211; UNIVERSIDAD  TECNOL\u00d3GICA BOLIVIANA                        <\/a>\r\n                    <\/h3>\r\n                    <p>PRIMERA PLANA: PERIODISMO DE INVESTIGACI\u00d3N EQUIPO: On the Record &nbsp;<\/p>\n                    <a class=\"button blue small\" href=\"https:\/\/fundacionperiodismo.org\/primera-plana\/reto-final-analisis-de-discurso-universidad-tecnologica-boliviana\/\">\r\n                        <span data-theme=\"one_page_express_latest_news_read_more\">Read more<\/span>\r\n                    <\/a>\r\n                    <hr class=\"blog-separator\">\n<div class=\"post-header\">\n    <i class=\"font-icon-post fa fa-user\"><\/i>\n    <a href=\"https:\/\/fundacionperiodismo.org\/primera-plana\/author\/paul\/\" title=\"Entradas de Paul Etienne\" rel=\"author\">Paul Etienne<\/a>    <i class=\"font-icon-post fa fa-calendar\"><\/i>\n    <span class=\"span12\">diciembre 4, 2020<\/span>\n\n    <i class=\"font-icon-post fa fa-comment-o\"><\/i>\n    <span>0<\/span>\n<\/div>                <\/div>\r\n            <\/div>\r\n        <\/div>\r\n        <\/div>\n<div  class=\"blog-textcol\"><a class=\"button blue\" data-attr-shortcode=\"href:one_page_express_blog_link\" href=\"https:\/\/fundacionperiodismo.org\/primera-plana\/blog\/\" target=\"_self\" rel=\"noopener noreferrer\">VER TODAS LAS ENTRADAS<\/a><\/div>\n<\/div>\n<\/div><div  data-label=\"Clients\" data-id=\"clients-grid-section\" data-category=\"clients\" class=\"clients-grid-section\" id=\"clients-1\" style=\"background-color: #f6f6f6;\">\n<div  class=\"gridContainer\">\n<h2  class=\"\" style=\"text-align: center;\">Agradecemos el apoyo de:<\/h2>\n<div  class=\"row\" data-type=\"row\" data-add-content=\"false\">\n<div  class=\"clients-grid-itemcol cp3cols-tablet cp2cols\">\n<div  class=\"middle_align5\"><a href=\"http:\/\/ejc.net\" target=\"_blank\" class=\"\" rel=\"noopener noreferrer\"><img decoding=\"async\"  class=\"clients-grid-itemimg\" src=\"http:\/\/fundacionperiodismo.org\/primera-plana\/wp-content\/uploads\/2018\/01\/ejc-2017.jpg\"><\/a><\/div>\n<\/div>\n<div  class=\"clients-grid-itemcol cp3cols-tablet cp2cols\">\n<div  class=\"middle_align5\"><a href=\"https:\/\/fundacionperiodismo.org\" target=\"_self\" class=\"\" rel=\"noopener noreferrer\"><img decoding=\"async\"  class=\"clients-grid-itemimg\" src=\"http:\/\/fundacionperiodismo.org\/primera-plana\/wp-content\/uploads\/2018\/01\/logo-fpp-horizontal.png\"><\/a><\/div>\n<\/div>\n<div  class=\"clients-grid-itemcol cp3cols-tablet cp2cols\">\n<div  class=\"middle_align5\"><a  href=\"#\"><img decoding=\"async\"  class=\"clients-grid-itemimg\" src=\"http:\/\/fundacionperiodismo.org\/primera-plana\/wp-content\/uploads\/2018\/01\/logo-casa-de-la-cultura-copia-3.png\"><\/a><\/div>\n<\/div>\n<div  class=\"clients-grid-itemcol cp3cols-tablet cp2cols\">\n<div  class=\"middle_align5\"><a  href=\"#\"><img decoding=\"async\"  class=\"clients-grid-itemimg\" src=\"http:\/\/fundacionperiodismo.org\/primera-plana\/wp-content\/uploads\/2018\/01\/gobierno-municipal-tarija.jpg\"><\/a><\/div>\n<\/div>\n<div  class=\"clients-grid-itemcol cp3cols-tablet cp2cols\">\n<div  class=\"middle_align5\"><a  href=\"#\"><img decoding=\"async\"  class=\"clients-grid-itemimg\" src=\"http:\/\/fundacionperiodismo.org\/primera-plana\/wp-content\/uploads\/2018\/01\/logo_gobernacion2.jpg\"> <\/a><\/div>\n<a href=\"#\" target=\"blank\" class=\"\" rel=\"noopener noreferrer\"> <\/a>\n\n<\/div>\n<a href=\"#\" target=\"blank\" rel=\"noopener noreferrer\"> <\/a>\n<div  class=\"clients-grid-itemcol cp3cols-tablet cp2cols\">\n<div  class=\"middle_align5\"><a href=\"#\" target=\"_self\" rel=\"noopener noreferrer\"><img decoding=\"async\"  class=\"clients-grid-itemimg\" src=\"http:\/\/fundacionperiodismo.org\/primera-plana\/wp-content\/uploads\/2018\/01\/ucb-tarija.jpg\"><\/a><\/div>\n<\/div>\n<\/div>\n<\/div>\n<div  class=\"spacer\" data-type=\"group\"><span  class=\"fa before\"><\/span><i  class=\"fa fa-bandcamp\"><\/i><span  class=\"fa after\"><\/span><\/div>\n<\/div>","protected":false},"excerpt":{"rendered":"<p>Competencia de universidades 18 estudiantes de comunicaci\u00f3n de 9 universidades llegar\u00e1n a ser parte de Primera Plana Online Buscamos que se destaquen entre los dem\u00e1s El objetivo es revelar una realidad oculta y demostrar su conocimiento. T\u00e9cnicas de investigaci\u00f3n Preguntar, escuchar, indagar y escribir con calidad un gran reportaje todo con las herramientas de las&hellip; <br \/> <a class=\"button small blue\" href=\"https:\/\/fundacionperiodismo.org\/primera-plana\/reto-final-analisis-de-discurso-universidad-tecnologica-boliviana\/\">Leer m\u00e1s<\/a><\/p>\n","protected":false},"author":1,"featured_media":0,"parent":0,"menu_order":0,"comment_status":"closed","ping_status":"closed","template":"","meta":{"footnotes":""},"class_list":["post-4","page","type-page","status-publish","hentry"],"_links":{"self":[{"href":"https:\/\/fundacionperiodismo.org\/primera-plana\/wp-json\/wp\/v2\/pages\/4","targetHints":{"allow":["GET"]}}],"collection":[{"href":"https:\/\/fundacionperiodismo.org\/primera-plana\/wp-json\/wp\/v2\/pages"}],"about":[{"href":"https:\/\/fundacionperiodismo.org\/primera-plana\/wp-json\/wp\/v2\/types\/page"}],"author":[{"embeddable":true,"href":"https:\/\/fundacionperiodismo.org\/primera-plana\/wp-json\/wp\/v2\/users\/1"}],"replies":[{"embeddable":true,"href":"https:\/\/fundacionperiodismo.org\/primera-plana\/wp-json\/wp\/v2\/comments?post=4"}],"version-history":[{"count":7,"href":"https:\/\/fundacionperiodismo.org\/primera-plana\/wp-json\/wp\/v2\/pages\/4\/revisions"}],"predecessor-version":[{"id":1238,"href":"https:\/\/fundacionperiodismo.org\/primera-plana\/wp-json\/wp\/v2\/pages\/4\/revisions\/1238"}],"wp:attachment":[{"href":"https:\/\/fundacionperiodismo.org\/primera-plana\/wp-json\/wp\/v2\/media?parent=4"}],"curies":[{"name":"wp","href":"https:\/\/api.w.org\/{rel}","templated":true}]}}