{"id":58,"date":"2021-08-27T00:05:46","date_gmt":"2021-08-27T00:05:46","guid":{"rendered":"https:\/\/fundacionperiodismo.org\/violencia-de-genero-derechos-de-las-mujeres-y-periodismo\/?page_id=58"},"modified":"2021-09-30T22:42:36","modified_gmt":"2021-09-30T22:42:36","slug":"creditos","status":"publish","type":"page","link":"https:\/\/fundacionperiodismo.org\/violencia-de-genero-derechos-de-las-mujeres-y-periodismo\/creditos\/","title":{"rendered":"Cr\u00e9ditos"},"content":{"rendered":"<body>\n<div class=\"wp-block-group\"><div class=\"wp-block-group__inner-container is-layout-flow wp-block-group-is-layout-flow\">\n<div class=\"wp-block-columns is-layout-flex wp-container-core-columns-is-layout-9d6595d7 wp-block-columns-is-layout-flex\">\n<div class=\"wp-block-column is-vertically-aligned-top is-layout-flow wp-block-column-is-layout-flow\" style=\"flex-basis:100%\">\n<div class=\"wp-block-group\"><div class=\"wp-block-group__inner-container is-layout-flow wp-block-group-is-layout-flow\">\n<blockquote class=\"wp-block-quote is-layout-flow wp-block-quote-is-layout-flow\"><p><strong>Grupo 1<\/strong><\/p><\/blockquote>\n\n\n\n<div class=\"wp-block-media-text alignwide is-stacked-on-mobile\"><figure class=\"wp-block-media-text__media\"><img data-recalc-dims=\"1\" decoding=\"async\" width=\"860\" height=\"688\" src=\"https:\/\/i0.wp.com\/fundacionperiodismo.org\/violencia-de-genero-derechos-de-las-mujeres-y-periodismo\/wp-content\/uploads\/2021\/09\/1-1.png?resize=860%2C688&#038;ssl=1\" alt=\"\" class=\"wp-image-415 size-full\" loading=\"lazy\" srcset=\"https:\/\/i0.wp.com\/fundacionperiodismo.org\/violencia-de-genero-derechos-de-las-mujeres-y-periodismo\/wp-content\/uploads\/2021\/09\/1-1.png?resize=1024%2C819&amp;ssl=1 1024w, https:\/\/i0.wp.com\/fundacionperiodismo.org\/violencia-de-genero-derechos-de-las-mujeres-y-periodismo\/wp-content\/uploads\/2021\/09\/1-1.png?resize=300%2C240&amp;ssl=1 300w, https:\/\/i0.wp.com\/fundacionperiodismo.org\/violencia-de-genero-derechos-de-las-mujeres-y-periodismo\/wp-content\/uploads\/2021\/09\/1-1.png?resize=768%2C614&amp;ssl=1 768w, https:\/\/i0.wp.com\/fundacionperiodismo.org\/violencia-de-genero-derechos-de-las-mujeres-y-periodismo\/wp-content\/uploads\/2021\/09\/1-1.png?resize=1536%2C1229&amp;ssl=1 1536w, https:\/\/i0.wp.com\/fundacionperiodismo.org\/violencia-de-genero-derechos-de-las-mujeres-y-periodismo\/wp-content\/uploads\/2021\/09\/1-1.png?w=2000&amp;ssl=1 2000w, https:\/\/i0.wp.com\/fundacionperiodismo.org\/violencia-de-genero-derechos-de-las-mujeres-y-periodismo\/wp-content\/uploads\/2021\/09\/1-1.png?w=1720&amp;ssl=1 1720w\" sizes=\"auto, (max-width: 860px) 100vw, 860px\" \/><\/figure><div class=\"wp-block-media-text__content\">\n<p><strong style=\"font-size: 1em;\"><em>Mirian Ortiz Farf\u00e1n<\/em><\/strong> <strong style=\"font-size: 1em;\"><em>Daysy Ponce Quiroga<\/em><\/strong><\/p>\n\n\n\n<p><span style=\"font-size: 1em;\">Periodista<\/span><\/p>\n\n\n\n<p><a rel=\"noreferrer noopener\" style=\"font-size: 1em;\" href=\"mailto:daysy.11.36@gmail.com\" target=\"_blank\">daysy.11.36@gmail.com<\/a><\/p>\n\n\n\n<p><span style=\"font-size: 1em;\">Comunicadora Social<\/span><\/p>\n\n\n\n<p><em style=\"font-size: 1em;\"><strong>Jocelyn Giovanna Chipana L\u00f3pez<\/strong><\/em><span style=\"font-size: 1em;\"> <\/span><\/p>\n\n\n\n<p><a rel=\"noreferrer noopener\" style=\"font-size: 1em;\" href=\"mailto:giovyjocy@gmail.com\" target=\"_blank\">giovyjocy@gmail.com<\/a><\/p>\n\n\n\n<p><strong style=\"font-size: 1em;\"><em>Karen Carrillo Florero<\/em><\/strong><\/p>\n\n\n\n<p><span style=\"font-size: 1em;\">Comunicadora Social<\/span><\/p>\n\n\n\n<p><span style=\"font-size: 1em;\">\u00a0<\/span><a rel=\"noreferrer noopener\" style=\"font-size: 1em;\" href=\"mailto:carrilloflorerokaren4@gmail.com\" target=\"_blank\">carrilloflorerokaren4@gmail.com<\/a><\/p>\n\n\n\n<p><strong style=\"font-size: 1em;\"><em>Jessica Gabriela Vaca \u00c1lvarez<\/em><\/strong><\/p>\n\n\n\n<p><span style=\"font-size: 1em;\">Comunicadora Social<\/span><\/p>\n\n\n\n<p><a rel=\"noreferrer noopener\" style=\"font-size: 1em;\" href=\"mailto:jessicavacaa0907@gmail.com\" target=\"_blank\">jessicavacaa0907@gmail.com<\/a><span style=\"font-size: 1em;\"> <\/span> <\/p>\n<\/div><\/div>\n\n\n\n<p><\/p>\n<\/div><\/div>\n\n\n\n<blockquote class=\"wp-block-quote is-layout-flow wp-block-quote-is-layout-flow\"><p><strong>Grupo 2 <\/strong><\/p><\/blockquote>\n<\/div>\n<\/div>\n<\/div><\/div>\n\n\n\n<div class=\"wp-block-media-text alignwide is-stacked-on-mobile\"><figure class=\"wp-block-media-text__media\"><img data-recalc-dims=\"1\" decoding=\"async\" width=\"860\" height=\"688\" src=\"https:\/\/i0.wp.com\/fundacionperiodismo.org\/violencia-de-genero-derechos-de-las-mujeres-y-periodismo\/wp-content\/uploads\/2021\/09\/2-2.png?resize=860%2C688&#038;ssl=1\" alt=\"\" class=\"wp-image-746 size-full\" loading=\"lazy\" srcset=\"https:\/\/i0.wp.com\/fundacionperiodismo.org\/violencia-de-genero-derechos-de-las-mujeres-y-periodismo\/wp-content\/uploads\/2021\/09\/2-2.png?resize=1024%2C819&amp;ssl=1 1024w, https:\/\/i0.wp.com\/fundacionperiodismo.org\/violencia-de-genero-derechos-de-las-mujeres-y-periodismo\/wp-content\/uploads\/2021\/09\/2-2.png?resize=300%2C240&amp;ssl=1 300w, https:\/\/i0.wp.com\/fundacionperiodismo.org\/violencia-de-genero-derechos-de-las-mujeres-y-periodismo\/wp-content\/uploads\/2021\/09\/2-2.png?resize=768%2C614&amp;ssl=1 768w, https:\/\/i0.wp.com\/fundacionperiodismo.org\/violencia-de-genero-derechos-de-las-mujeres-y-periodismo\/wp-content\/uploads\/2021\/09\/2-2.png?resize=1536%2C1229&amp;ssl=1 1536w, https:\/\/i0.wp.com\/fundacionperiodismo.org\/violencia-de-genero-derechos-de-las-mujeres-y-periodismo\/wp-content\/uploads\/2021\/09\/2-2.png?w=2000&amp;ssl=1 2000w, https:\/\/i0.wp.com\/fundacionperiodismo.org\/violencia-de-genero-derechos-de-las-mujeres-y-periodismo\/wp-content\/uploads\/2021\/09\/2-2.png?w=1720&amp;ssl=1 1720w\" sizes=\"auto, (max-width: 860px) 100vw, 860px\" \/><\/figure><div class=\"wp-block-media-text__content\">\n<ol class=\"wp-block-list\"><li><strong><em>Mirian Ortiz Farf\u00e1n<\/em><\/strong>                          Comunicadora Social <a rel=\"noreferrer noopener\" href=\"mailto:mirian.of1994@gmail.com\" target=\"_blank\">mirian.of1994@gmail.com<\/a><\/li><li><strong><em>Ariel Norman Buitrago Viorel<\/em><\/strong>                                               Periodista\/Comunicador Social                              <a href=\"mailto:aryelbuitragoviorel@gmail.com\">aryelbuitragoviorel@gmail.com<\/a>                     <\/li><\/ol>\n\n\n\n<p><\/p>\n<\/div><\/div>\n\n\n\n<p><\/p>\n\n\n\n<blockquote class=\"wp-block-quote is-layout-flow wp-block-quote-is-layout-flow\"><p><strong>Grupo 3<\/strong><\/p><\/blockquote>\n\n\n\n<div class=\"wp-block-media-text alignwide is-stacked-on-mobile\"><figure class=\"wp-block-media-text__media\"><img data-recalc-dims=\"1\" decoding=\"async\" width=\"860\" height=\"688\" src=\"https:\/\/i0.wp.com\/fundacionperiodismo.org\/violencia-de-genero-derechos-de-las-mujeres-y-periodismo\/wp-content\/uploads\/2021\/09\/3-2.png?resize=860%2C688&#038;ssl=1\" alt=\"\" class=\"wp-image-749 size-full\" loading=\"lazy\" srcset=\"https:\/\/i0.wp.com\/fundacionperiodismo.org\/violencia-de-genero-derechos-de-las-mujeres-y-periodismo\/wp-content\/uploads\/2021\/09\/3-2.png?resize=1024%2C819&amp;ssl=1 1024w, https:\/\/i0.wp.com\/fundacionperiodismo.org\/violencia-de-genero-derechos-de-las-mujeres-y-periodismo\/wp-content\/uploads\/2021\/09\/3-2.png?resize=300%2C240&amp;ssl=1 300w, https:\/\/i0.wp.com\/fundacionperiodismo.org\/violencia-de-genero-derechos-de-las-mujeres-y-periodismo\/wp-content\/uploads\/2021\/09\/3-2.png?resize=768%2C614&amp;ssl=1 768w, https:\/\/i0.wp.com\/fundacionperiodismo.org\/violencia-de-genero-derechos-de-las-mujeres-y-periodismo\/wp-content\/uploads\/2021\/09\/3-2.png?resize=1536%2C1229&amp;ssl=1 1536w, https:\/\/i0.wp.com\/fundacionperiodismo.org\/violencia-de-genero-derechos-de-las-mujeres-y-periodismo\/wp-content\/uploads\/2021\/09\/3-2.png?w=2000&amp;ssl=1 2000w, https:\/\/i0.wp.com\/fundacionperiodismo.org\/violencia-de-genero-derechos-de-las-mujeres-y-periodismo\/wp-content\/uploads\/2021\/09\/3-2.png?w=1720&amp;ssl=1 1720w\" sizes=\"auto, (max-width: 860px) 100vw, 860px\" \/><\/figure><div class=\"wp-block-media-text__content\">\n<ol class=\"wp-block-list\"><li><strong><em>Andrea Alejandra Enr\u00edquez Ramallo<\/em><\/strong> Abogada, Comunicadora Social y Secretaria Ejecutiva. <a href=\"andyenriquezramallo@hotmail.com\" data-type=\"URL\" data-id=\"andyenriquezramallo@hotmail.com\">andyenriquezramallo@hotmail.com\u00a0<\/a><\/li><li><strong><em>Iris Pamela Murillo Velasco   <\/em><\/strong>       Comunicadora Social  <a href=\"mailto:diva_pamela@hotmail.com\">diva_pamela@hotmail.com<\/a><\/li><li><strong><em>Wendy R\u00edos Montalvo    <\/em><\/strong>                Comunicadora Social      <a href=\"mailto:wendrio@hotmail.com\">wendrio@hotmail.com<\/a><\/li><li><strong><em>David Luis Balderrama Machicado<\/em><\/strong>                                               Abogado \u2013 Periodista                                                                <a href=\"mailto:lexcom77@gmail.com\">lexcom77@gmail.com<\/a><\/li><\/ol>\n\n\n\n<p><\/p>\n<\/div><\/div>\n\n\n\n<blockquote class=\"wp-block-quote is-layout-flow wp-block-quote-is-layout-flow\"><p><strong>Grupo 4<\/strong><\/p><p><\/p><\/blockquote>\n\n\n\n<div class=\"wp-block-media-text alignwide is-stacked-on-mobile\"><figure class=\"wp-block-media-text__media\"><img data-recalc-dims=\"1\" decoding=\"async\" width=\"860\" height=\"688\" src=\"https:\/\/i0.wp.com\/fundacionperiodismo.org\/violencia-de-genero-derechos-de-las-mujeres-y-periodismo\/wp-content\/uploads\/2021\/09\/Grupo-4-4.png?resize=860%2C688&#038;ssl=1\" alt=\"\" class=\"wp-image-417 size-full\" loading=\"lazy\" srcset=\"https:\/\/i0.wp.com\/fundacionperiodismo.org\/violencia-de-genero-derechos-de-las-mujeres-y-periodismo\/wp-content\/uploads\/2021\/09\/Grupo-4-4.png?resize=1024%2C819&amp;ssl=1 1024w, https:\/\/i0.wp.com\/fundacionperiodismo.org\/violencia-de-genero-derechos-de-las-mujeres-y-periodismo\/wp-content\/uploads\/2021\/09\/Grupo-4-4.png?resize=300%2C240&amp;ssl=1 300w, https:\/\/i0.wp.com\/fundacionperiodismo.org\/violencia-de-genero-derechos-de-las-mujeres-y-periodismo\/wp-content\/uploads\/2021\/09\/Grupo-4-4.png?resize=768%2C614&amp;ssl=1 768w, https:\/\/i0.wp.com\/fundacionperiodismo.org\/violencia-de-genero-derechos-de-las-mujeres-y-periodismo\/wp-content\/uploads\/2021\/09\/Grupo-4-4.png?resize=1536%2C1229&amp;ssl=1 1536w, https:\/\/i0.wp.com\/fundacionperiodismo.org\/violencia-de-genero-derechos-de-las-mujeres-y-periodismo\/wp-content\/uploads\/2021\/09\/Grupo-4-4.png?w=2000&amp;ssl=1 2000w, https:\/\/i0.wp.com\/fundacionperiodismo.org\/violencia-de-genero-derechos-de-las-mujeres-y-periodismo\/wp-content\/uploads\/2021\/09\/Grupo-4-4.png?w=1720&amp;ssl=1 1720w\" sizes=\"auto, (max-width: 860px) 100vw, 860px\" \/><\/figure><div class=\"wp-block-media-text__content\">\n<ol class=\"wp-block-list\"><li><strong><em>Susana Patricia Casas Tola<\/em><\/strong><br>Comunicadora Social<br><a href=\"mailto:susanacasast@gmail.com\">susanacasast@gmail.com<\/a><\/li><li><em><strong>Mariela Coss\u00edo Mercado    <\/strong><\/em>             Comunicadora Social\/Periodista <a href=\"mailto:maricitacossiomercado@gmail.com\">maricitacossiomercado@gmail.com<\/a><\/li><li><strong><em>Luc\u00eda Sabina Zurita<\/em><\/strong>                            Comunicadora Social <a href=\"mailto:luzurita1461@gmail.com\">luzurita1461@gmail.com<\/a><\/li><li><strong><em>Marco Antonio Porco Guti\u00e9rrez  <\/em><\/strong>                                  Comunicador Social                                                                         <a href=\"mailto:marcoapg12@gmail.com\">marcoapg12@gmail.com<\/a><\/li><\/ol>\n<\/div><\/div>\n\n\n\n<blockquote class=\"wp-block-quote is-layout-flow wp-block-quote-is-layout-flow\"><p><strong>Grupo 5<\/strong><\/p><\/blockquote>\n\n\n\n<div class=\"wp-block-media-text alignwide is-stacked-on-mobile\"><figure class=\"wp-block-media-text__media\"><img data-recalc-dims=\"1\" decoding=\"async\" width=\"860\" height=\"688\" src=\"https:\/\/i0.wp.com\/fundacionperiodismo.org\/violencia-de-genero-derechos-de-las-mujeres-y-periodismo\/wp-content\/uploads\/2021\/09\/Grupo-4-3.png?resize=860%2C688&#038;ssl=1\" alt=\"\" class=\"wp-image-885 size-full\" loading=\"lazy\" srcset=\"https:\/\/i0.wp.com\/fundacionperiodismo.org\/violencia-de-genero-derechos-de-las-mujeres-y-periodismo\/wp-content\/uploads\/2021\/09\/Grupo-4-3.png?resize=1024%2C819&amp;ssl=1 1024w, https:\/\/i0.wp.com\/fundacionperiodismo.org\/violencia-de-genero-derechos-de-las-mujeres-y-periodismo\/wp-content\/uploads\/2021\/09\/Grupo-4-3.png?resize=300%2C240&amp;ssl=1 300w, https:\/\/i0.wp.com\/fundacionperiodismo.org\/violencia-de-genero-derechos-de-las-mujeres-y-periodismo\/wp-content\/uploads\/2021\/09\/Grupo-4-3.png?resize=768%2C614&amp;ssl=1 768w, https:\/\/i0.wp.com\/fundacionperiodismo.org\/violencia-de-genero-derechos-de-las-mujeres-y-periodismo\/wp-content\/uploads\/2021\/09\/Grupo-4-3.png?resize=1536%2C1229&amp;ssl=1 1536w, https:\/\/i0.wp.com\/fundacionperiodismo.org\/violencia-de-genero-derechos-de-las-mujeres-y-periodismo\/wp-content\/uploads\/2021\/09\/Grupo-4-3.png?w=2000&amp;ssl=1 2000w, https:\/\/i0.wp.com\/fundacionperiodismo.org\/violencia-de-genero-derechos-de-las-mujeres-y-periodismo\/wp-content\/uploads\/2021\/09\/Grupo-4-3.png?w=1720&amp;ssl=1 1720w\" sizes=\"auto, (max-width: 860px) 100vw, 860px\" \/><\/figure><div class=\"wp-block-media-text__content\">\n<ol class=\"wp-block-list\"><li><strong><em>Lizette Capurata Acarapi    <\/em><\/strong>                   Estudiante de Comunicaci\u00f3n  <a rel=\"noreferrer noopener\" href=\"mailto:capurataliz123@gmail.com\" target=\"_blank\">capurataliz123@gmail.com<\/a><\/li><li><strong><em>Raquel Halkyer Revollo<\/em><\/strong>                 Comunicaci\u00f3n Corporativa <a rel=\"noreferrer noopener\" href=\"mailto:raquel.halkyer@gmail.com\" target=\"_blank\">raquel.halkyer@gmail.com<\/a><\/li><li><strong><em>Vanessa M\u00e9ndez<\/em><\/strong> <em><strong>Br\u00fan<\/strong>                                         <\/em>       Comunicadora Social                                                                 <a href=\"mailto:vanessamendezbrun222@gmail.com\">vanessamendezbrun222@gmail.com<\/a><\/li><li><em><strong>Ximena Narda Argote Tarachi<\/strong><\/em>                                               Polit\u00f3loga \/ Gestora Comunitaria                                          <a href=\"mailto:xina.arte@gmail.com\">xina.arte@gmail.com<\/a><\/li><li><strong>Viviana Saavedra Pereira  <\/strong>                         Comunicadora Social \/ Abogada                                           <a href=\"mailto:vivi25saavedra@gmail.com\">vivi25saavedra@gmail.com<\/a><\/li><\/ol>\n<\/div><\/div>\n\n\n\n<blockquote class=\"wp-block-quote is-layout-flow wp-block-quote-is-layout-flow\"><p><strong>Grupo 6<\/strong><\/p><\/blockquote>\n\n\n\n<div class=\"wp-block-media-text alignwide is-stacked-on-mobile\"><figure class=\"wp-block-media-text__media\"><img data-recalc-dims=\"1\" decoding=\"async\" width=\"860\" height=\"688\" src=\"https:\/\/i0.wp.com\/fundacionperiodismo.org\/violencia-de-genero-derechos-de-las-mujeres-y-periodismo\/wp-content\/uploads\/2021\/09\/5-1.png?resize=860%2C688&#038;ssl=1\" alt=\"\" class=\"wp-image-752 size-full\" loading=\"lazy\" srcset=\"https:\/\/i0.wp.com\/fundacionperiodismo.org\/violencia-de-genero-derechos-de-las-mujeres-y-periodismo\/wp-content\/uploads\/2021\/09\/5-1.png?resize=1024%2C819&amp;ssl=1 1024w, https:\/\/i0.wp.com\/fundacionperiodismo.org\/violencia-de-genero-derechos-de-las-mujeres-y-periodismo\/wp-content\/uploads\/2021\/09\/5-1.png?resize=300%2C240&amp;ssl=1 300w, https:\/\/i0.wp.com\/fundacionperiodismo.org\/violencia-de-genero-derechos-de-las-mujeres-y-periodismo\/wp-content\/uploads\/2021\/09\/5-1.png?resize=768%2C614&amp;ssl=1 768w, https:\/\/i0.wp.com\/fundacionperiodismo.org\/violencia-de-genero-derechos-de-las-mujeres-y-periodismo\/wp-content\/uploads\/2021\/09\/5-1.png?resize=1536%2C1229&amp;ssl=1 1536w, https:\/\/i0.wp.com\/fundacionperiodismo.org\/violencia-de-genero-derechos-de-las-mujeres-y-periodismo\/wp-content\/uploads\/2021\/09\/5-1.png?w=2000&amp;ssl=1 2000w, https:\/\/i0.wp.com\/fundacionperiodismo.org\/violencia-de-genero-derechos-de-las-mujeres-y-periodismo\/wp-content\/uploads\/2021\/09\/5-1.png?w=1720&amp;ssl=1 1720w\" sizes=\"auto, (max-width: 860px) 100vw, 860px\" \/><\/figure><div class=\"wp-block-media-text__content\">\n<ol class=\"wp-block-list\"><li><strong><em>Viviana Ruth Coronado Tirado <\/em><\/strong>     Comunicadora Social             <a rel=\"noreferrer noopener\" href=\"mailto:vivlavic@gmail.com\" target=\"_blank\">vivlavic@gmail.com<\/a><\/li><li><strong><em>Mariola Arlandis P\u00e9rez<\/em><\/strong>                 Comunicadora Social      <a rel=\"noreferrer noopener\" href=\"mailto:arlandismariola@gmail.com\" target=\"_blank\">arlandismariola@gmail.com<\/a><\/li><\/ol>\n<\/div><\/div>\n\n\n\n<blockquote class=\"wp-block-quote is-layout-flow wp-block-quote-is-layout-flow\"><p><strong>Equipo de la Fundaci\u00f3n para el Periodismo<\/strong><\/p><\/blockquote>\n\n\n\n<div class=\"wp-block-media-text alignwide is-stacked-on-mobile\"><figure class=\"wp-block-media-text__media\"><img data-recalc-dims=\"1\" decoding=\"async\" width=\"860\" height=\"688\" src=\"https:\/\/i0.wp.com\/fundacionperiodismo.org\/violencia-de-genero-derechos-de-las-mujeres-y-periodismo\/wp-content\/uploads\/2021\/09\/Grupo-4-4-1.png?resize=860%2C688&#038;ssl=1\" alt=\"\" class=\"wp-image-887 size-full\" loading=\"lazy\" srcset=\"https:\/\/i0.wp.com\/fundacionperiodismo.org\/violencia-de-genero-derechos-de-las-mujeres-y-periodismo\/wp-content\/uploads\/2021\/09\/Grupo-4-4-1.png?resize=1024%2C819&amp;ssl=1 1024w, https:\/\/i0.wp.com\/fundacionperiodismo.org\/violencia-de-genero-derechos-de-las-mujeres-y-periodismo\/wp-content\/uploads\/2021\/09\/Grupo-4-4-1.png?resize=300%2C240&amp;ssl=1 300w, https:\/\/i0.wp.com\/fundacionperiodismo.org\/violencia-de-genero-derechos-de-las-mujeres-y-periodismo\/wp-content\/uploads\/2021\/09\/Grupo-4-4-1.png?resize=768%2C614&amp;ssl=1 768w, https:\/\/i0.wp.com\/fundacionperiodismo.org\/violencia-de-genero-derechos-de-las-mujeres-y-periodismo\/wp-content\/uploads\/2021\/09\/Grupo-4-4-1.png?resize=1536%2C1229&amp;ssl=1 1536w, https:\/\/i0.wp.com\/fundacionperiodismo.org\/violencia-de-genero-derechos-de-las-mujeres-y-periodismo\/wp-content\/uploads\/2021\/09\/Grupo-4-4-1.png?w=2000&amp;ssl=1 2000w, https:\/\/i0.wp.com\/fundacionperiodismo.org\/violencia-de-genero-derechos-de-las-mujeres-y-periodismo\/wp-content\/uploads\/2021\/09\/Grupo-4-4-1.png?w=1720&amp;ssl=1 1720w\" sizes=\"auto, (max-width: 860px) 100vw, 860px\" \/><\/figure><div class=\"wp-block-media-text__content\">\n<ol class=\"wp-block-list\"><li><strong><em>Ren\u00e1n Estenssoro Valdez<\/em><\/strong>                         Director Ejecutivo Fundaci\u00f3n para el Periodismo  <a href=\"mailto:renanestenssoro@fundacionperiodismo.org\">renanestenssoro@fundacionperiodismo.org<\/a><\/li><li><strong><em>Tania Frank Torrez       <\/em><\/strong>                              Direcci\u00f3n Acad\u00e9mica Fundaci\u00f3n para el Periodismo     <a href=\"mailto:taniaf@fundacionperiodismo.org\">taniaf@fundacionperiodismo.org<\/a><\/li><li><strong><em>M\u00f3nica Olmos<\/em><\/strong>                                                            Tutora Diplomado Violencia de G\u00e9nero, Derechos de las Mujeres y Periodismo 2021<\/li><li>\u00a0<strong><em>Rodolfo Huallpa Condori       <\/em><\/strong>                                                Periodista, docente y capacitador en TIC                               <a href=\"mailto:rodolfohuallpa7@gmail.com\">rodolfohuallpa7@gmail.com<\/a><\/li><\/ol>\n\n\n\n<p>    <\/p>\n<\/div><\/div>\n\n\n\n<p><\/p>\n<\/body>","protected":false},"excerpt":{"rendered":"<p>Grupo 1 Mirian Ortiz Farf\u00e1n Daysy Ponce Quiroga Periodista daysy.11.36@gmail.com Comunicadora Social Jocelyn Giovanna Chipana L\u00f3pez giovyjocy@gmail.com Karen Carrillo Florero Comunicadora Social \u00a0carrilloflorerokaren4@gmail.com Jessica Gabriela Vaca \u00c1lvarez Comunicadora Social jessicavacaa0907@gmail.com Grupo 2 Mirian Ortiz Farf\u00e1n Comunicadora Social mirian.of1994@gmail.com Ariel Norman [&#8230;]<\/p>\n","protected":false},"author":9,"featured_media":0,"parent":0,"menu_order":0,"comment_status":"closed","ping_status":"closed","template":"","meta":{"om_disable_all_campaigns":false,"footnotes":""},"class_list":["post-58","page","type-page","status-publish","hentry"],"jetpack_sharing_enabled":true,"_links":{"self":[{"href":"https:\/\/fundacionperiodismo.org\/violencia-de-genero-derechos-de-las-mujeres-y-periodismo\/wp-json\/wp\/v2\/pages\/58","targetHints":{"allow":["GET"]}}],"collection":[{"href":"https:\/\/fundacionperiodismo.org\/violencia-de-genero-derechos-de-las-mujeres-y-periodismo\/wp-json\/wp\/v2\/pages"}],"about":[{"href":"https:\/\/fundacionperiodismo.org\/violencia-de-genero-derechos-de-las-mujeres-y-periodismo\/wp-json\/wp\/v2\/types\/page"}],"author":[{"embeddable":true,"href":"https:\/\/fundacionperiodismo.org\/violencia-de-genero-derechos-de-las-mujeres-y-periodismo\/wp-json\/wp\/v2\/users\/9"}],"replies":[{"embeddable":true,"href":"https:\/\/fundacionperiodismo.org\/violencia-de-genero-derechos-de-las-mujeres-y-periodismo\/wp-json\/wp\/v2\/comments?post=58"}],"version-history":[{"count":22,"href":"https:\/\/fundacionperiodismo.org\/violencia-de-genero-derechos-de-las-mujeres-y-periodismo\/wp-json\/wp\/v2\/pages\/58\/revisions"}],"predecessor-version":[{"id":891,"href":"https:\/\/fundacionperiodismo.org\/violencia-de-genero-derechos-de-las-mujeres-y-periodismo\/wp-json\/wp\/v2\/pages\/58\/revisions\/891"}],"wp:attachment":[{"href":"https:\/\/fundacionperiodismo.org\/violencia-de-genero-derechos-de-las-mujeres-y-periodismo\/wp-json\/wp\/v2\/media?parent=58"}],"curies":[{"name":"wp","href":"https:\/\/api.w.org\/{rel}","templated":true}]}}