{"id":63,"date":"2021-08-27T00:08:59","date_gmt":"2021-08-27T00:08:59","guid":{"rendered":"https:\/\/fundacionperiodismo.org\/violencia-de-genero-derechos-de-las-mujeres-y-periodismo\/?page_id=63"},"modified":"2021-09-30T04:17:21","modified_gmt":"2021-09-30T04:17:21","slug":"editorial","status":"publish","type":"page","link":"https:\/\/fundacionperiodismo.org\/violencia-de-genero-derechos-de-las-mujeres-y-periodismo\/editorial\/","title":{"rendered":"Editorial"},"content":{"rendered":"<body>\n<p>El  blog \u201cMirada Inclusiva\u201d, es un espacio que permite difundir el aprendizaje desarrollado en  el marco del Diplomado \u201cViolencia de G\u00e9nero, Derechos de las Mujeres y Periodismo\u201d, el resultado es fruto del trabajo individual y grupal desarrollado durante este proceso de formaci\u00f3n especializada en la perspectiva de g\u00e9nero.<\/p>\n\n\n\n<p>Nuestro prop\u00f3sito es aportar a la poblaci\u00f3n de una forma positiva para promover la igualdad de g\u00e9nero e impulsar el reconocimiento de los derechos de las mujeres para prevenir la violencia y la discriminaci\u00f3n. <\/p>\n\n\n\n<p>Con un firme compromiso y un profundo inter\u00e9s en la tem\u00e1tica relacionada con la violencia de g\u00e9nero, tras la convocatoria a la versi\u00f3n virtual del \u201cDiplomado Violencia de G\u00e9nero, los Derechos de las Mujeres y Periodismo\u201d organizada por la Fundaci\u00f3n para el Periodismo en colaboraci\u00f3n con la Universidad Privada Latinoamericana y el Banco FIE, postulamos a becas de estudio con el objeto de actualizar nuestros conocimientos y tener mayores herramientas para aplicarlas en el trabajo cotidiano, conscientes de la importancia que implica la labor de los trabajadores de la Comunicaci\u00f3n Social y su impacto en la sociedad boliviana.<\/p>\n\n\n\n<div class=\"wp-block-group\"><div class=\"wp-block-group__inner-container is-layout-flow wp-block-group-is-layout-flow\">\n<div class=\"wp-block-columns is-layout-flex wp-container-core-columns-is-layout-9d6595d7 wp-block-columns-is-layout-flex\">\n<div class=\"wp-block-column is-layout-flow wp-block-column-is-layout-flow\" style=\"flex-basis:100%\">\n<div class=\"wp-block-image\"><figure class=\"aligncenter size-large is-resized\"><img data-recalc-dims=\"1\" decoding=\"async\" src=\"https:\/\/i0.wp.com\/fundacionperiodismo.org\/violencia-de-genero-derechos-de-las-mujeres-y-periodismo\/wp-content\/uploads\/2021\/09\/WhatsApp-Image-2021-09-24-at-9.27.31-PM-e1632612735165-1024x492.jpeg?resize=665%2C319&#038;ssl=1\" alt=\"\" class=\"wp-image-570\" width=\"665\" height=\"319\" loading=\"lazy\" srcset=\"https:\/\/i0.wp.com\/fundacionperiodismo.org\/violencia-de-genero-derechos-de-las-mujeres-y-periodismo\/wp-content\/uploads\/2021\/09\/WhatsApp-Image-2021-09-24-at-9.27.31-PM-e1632612735165.jpeg?resize=1024%2C492&amp;ssl=1 1024w, https:\/\/i0.wp.com\/fundacionperiodismo.org\/violencia-de-genero-derechos-de-las-mujeres-y-periodismo\/wp-content\/uploads\/2021\/09\/WhatsApp-Image-2021-09-24-at-9.27.31-PM-e1632612735165.jpeg?resize=300%2C144&amp;ssl=1 300w, https:\/\/i0.wp.com\/fundacionperiodismo.org\/violencia-de-genero-derechos-de-las-mujeres-y-periodismo\/wp-content\/uploads\/2021\/09\/WhatsApp-Image-2021-09-24-at-9.27.31-PM-e1632612735165.jpeg?resize=768%2C369&amp;ssl=1 768w, https:\/\/i0.wp.com\/fundacionperiodismo.org\/violencia-de-genero-derechos-de-las-mujeres-y-periodismo\/wp-content\/uploads\/2021\/09\/WhatsApp-Image-2021-09-24-at-9.27.31-PM-e1632612735165.jpeg?w=1244&amp;ssl=1 1244w\" sizes=\"auto, (max-width: 665px) 100vw, 665px\" \/><figcaption><em>Estudiantes del Diplomado en Violencia de G\u00e9nero, Derechos de las Mujeres y Periodismo <\/em><\/figcaption><\/figure><\/div>\n<\/div>\n<\/div>\n<\/div><\/div>\n\n\n\n<p>Diecinueve comunicadores sociales y una cientista pol\u00edtica, de diferentes departamentos del pa\u00eds, aprovechamos la virtualidad propuesta por temas sanitarios y nos adentramos en los escabrosos caminos de la violencia de g\u00e9nero, transitamos en una suerte de remembranza por algunos casos que nos trasladaron a parajes poco gratos, nos estacionamos por unos d\u00edas en un c\u00famulo de legislaciones nacionales e internacionales, reflexionamos la tarea de la aletargada justicia y trabajamos en productos period\u00edsticos audiovisuales que esperamos sean referente para quienes a\u00fan deambulan perdidos por los senderos del irreverente morbo. \u00a0\u00a0<\/p>\n\n\n\n<p>Sin lugar a dudas la lucha contra la violencia de g\u00e9nero es prioritaria en la medida en que se busque salvaguardar los derechos humanos de poblaciones vulnerables, sin embargo, no recibe la atenci\u00f3n que merece de parte de los actores llamados a crear e implementar pol\u00edticas de acci\u00f3n que generen cambios reales. Si bien todos los miembros de la sociedad debemos trabajar de forma aunada para lograrlo, no es menos cierto que es deber de los periodistas pensar en las formas de llegar a la poblaci\u00f3n con mensajes de prevenci\u00f3n y lograr un adecuado manejo informativo de las noticias que involucren el tema de g\u00e9nero, porque los medios de comunicaci\u00f3n son capaces de transformar la sociedad. \u00a0Este espacio comunicacional busca hacer uso de varias herramientas para la visibilizaci\u00f3n de tem\u00e1ticas que atingen a la violencia de g\u00e9nero con el \u00e1nimo de difundir nuestras diversas formas de analizar las problem\u00e1ticas de nuestro entorno.<\/p>\n<\/body>","protected":false},"excerpt":{"rendered":"<p>El blog \u201cMirada Inclusiva\u201d, es un espacio que permite difundir el aprendizaje desarrollado en el marco del Diplomado \u201cViolencia de G\u00e9nero, Derechos de las Mujeres y Periodismo\u201d, el resultado es fruto del trabajo individual y grupal desarrollado durante este proceso [&#8230;]<\/p>\n","protected":false},"author":1,"featured_media":570,"parent":0,"menu_order":0,"comment_status":"closed","ping_status":"closed","template":"","meta":{"om_disable_all_campaigns":false,"footnotes":""},"class_list":["post-63","page","type-page","status-publish","has-post-thumbnail","hentry"],"jetpack_sharing_enabled":true,"_links":{"self":[{"href":"https:\/\/fundacionperiodismo.org\/violencia-de-genero-derechos-de-las-mujeres-y-periodismo\/wp-json\/wp\/v2\/pages\/63","targetHints":{"allow":["GET"]}}],"collection":[{"href":"https:\/\/fundacionperiodismo.org\/violencia-de-genero-derechos-de-las-mujeres-y-periodismo\/wp-json\/wp\/v2\/pages"}],"about":[{"href":"https:\/\/fundacionperiodismo.org\/violencia-de-genero-derechos-de-las-mujeres-y-periodismo\/wp-json\/wp\/v2\/types\/page"}],"author":[{"embeddable":true,"href":"https:\/\/fundacionperiodismo.org\/violencia-de-genero-derechos-de-las-mujeres-y-periodismo\/wp-json\/wp\/v2\/users\/1"}],"replies":[{"embeddable":true,"href":"https:\/\/fundacionperiodismo.org\/violencia-de-genero-derechos-de-las-mujeres-y-periodismo\/wp-json\/wp\/v2\/comments?post=63"}],"version-history":[{"count":15,"href":"https:\/\/fundacionperiodismo.org\/violencia-de-genero-derechos-de-las-mujeres-y-periodismo\/wp-json\/wp\/v2\/pages\/63\/revisions"}],"predecessor-version":[{"id":826,"href":"https:\/\/fundacionperiodismo.org\/violencia-de-genero-derechos-de-las-mujeres-y-periodismo\/wp-json\/wp\/v2\/pages\/63\/revisions\/826"}],"wp:featuredmedia":[{"embeddable":true,"href":"https:\/\/fundacionperiodismo.org\/violencia-de-genero-derechos-de-las-mujeres-y-periodismo\/wp-json\/wp\/v2\/media\/570"}],"wp:attachment":[{"href":"https:\/\/fundacionperiodismo.org\/violencia-de-genero-derechos-de-las-mujeres-y-periodismo\/wp-json\/wp\/v2\/media?parent=63"}],"curies":[{"name":"wp","href":"https:\/\/api.w.org\/{rel}","templated":true}]}}